{"id":2167,"date":"2017-12-30T21:02:00","date_gmt":"2017-12-30T21:02:00","guid":{"rendered":"http:\/\/biblian.is\/biblian\/s%c2%87lmarnir-72-kafli\/"},"modified":"2020-05-30T18:12:47","modified_gmt":"2020-05-30T18:12:47","slug":"salmarnir-72-kafli","status":"publish","type":"page","link":"https:\/\/biblian.is\/biblian\/salmarnir-72-kafli\/","title":{"rendered":"S\u00e1lmarnir 72. kafli"},"content":{"rendered":"<p><a name=\"1\"><span class=\"versanumer_2007\">1<\/span><\/a> Eftir Sal\u00f3mon. <br \/> <span class=\"ljodatexti\"> Gu\u00f0, fel konungi d\u00f3ma \u00fe\u00edna<br \/>og konungssyni r\u00e9ttl\u00e6ti \u00feitt<br \/> <\/span> <span class=\"ljodatexti\"> <a name=\"2\"><span class=\"versanumer_ljod\">2<\/span><\/a>svo a\u00f0 hann d\u00e6mi l\u00fd\u00f0 \u00feinn \u00ed r\u00e9ttl\u00e6ti<br \/>og \u00fe\u00edna \u00fej\u00e1\u00f0u me\u00f0 sanngirni.<br \/> <\/span> <span class=\"ljodatexti\"> <a name=\"3\"><span class=\"versanumer_ljod\">3<\/span><\/a>Fj\u00f6llin beri \u00fej\u00f3\u00f0inni fri\u00f0<br \/>og h\u00e6\u00f0irnar r\u00e9ttl\u00e6ti.<br \/> <\/span> <span class=\"ljodatexti\"> <a name=\"4\"><span class=\"versanumer_ljod\">4<\/span><\/a>Hann l\u00e1ti hina \u00fej\u00e1\u00f0u me\u00f0al \u00fej\u00f3\u00f0arinnar n\u00e1 r\u00e9tti s\u00ednum<br \/>og veiti hinum snau\u00f0u hj\u00e1lp<br \/>og kremji k\u00fagarann.<br \/> <\/span> <span class=\"ljodatexti\"> <a name=\"5\"><span class=\"versanumer_ljod\">5<\/span><\/a>\u00de\u00e1 mun hann lifa me\u00f0an s\u00f3lin sk\u00edn <br \/>og tungli\u00f0 ber birtu fr\u00e1 kyni til kyns.<br \/> <\/span> <span class=\"ljodatexti\"> <a name=\"6\"><span class=\"versanumer_ljod\">6<\/span><\/a>Hann falli sem regn \u00e1 sl\u00e6gjuland,<br \/>gr\u00f3\u00f0rarsk\u00far sem v\u00e6tir landi\u00f0.<br \/> <\/span> <span class=\"ljodatexti\"> <a name=\"7\"><span class=\"versanumer_ljod\">7<\/span><\/a>Um daga hans mun hinn r\u00e9ttl\u00e1ti bl\u00f3mstra<br \/>og fri\u00f0ur og fars\u00e6ld uns tungli\u00f0 er ekki framar til.<br \/> <\/span> <span class=\"ljodatexti\"> <a name=\"8\"><span class=\"versanumer_ljod\">8<\/span><\/a>Hann mun r\u00edkja fr\u00e1 hafi til hafs<br \/>og fr\u00e1 Flj\u00f3tinu til endimarka jar\u00f0ar.<br \/> <\/span> <span class=\"ljodatexti\"> <a name=\"9\"><span class=\"versanumer_ljod\">9<\/span><\/a>Fjandmenn hans munu falla \u00e1 kn\u00e9 fyrir honum<br \/>og \u00f3vinir hans sleikja dufti\u00f0.<br \/> <\/span> <span class=\"ljodatexti\"> <a name=\"10\"><span class=\"versanumer_ljod\">10<\/span><\/a>Konungar fr\u00e1 Tarsis og fr\u00e1 fjarl\u00e6gum eyl\u00f6ndum<br \/>koma f\u00e6randi hendi,<br \/>konungarnir fr\u00e1 Saba og Seba<br \/>munu f\u00e6ra honum skatt.<br \/> <\/span> <span class=\"ljodatexti\"> <a name=\"11\"><span class=\"versanumer_ljod\">11<\/span><\/a>Allir konungar skulu l\u00fata honum,<br \/>allar \u00fej\u00f3\u00f0ir heims \u00fej\u00f3na honum<br \/> <\/span> <span class=\"ljodatexti\"> <a name=\"12\"><span class=\"versanumer_ljod\">12<\/span><\/a>\u00fev\u00ed a\u00f0 hann bjargar hinum snau\u00f0a, sem hr\u00f3par \u00e1 hj\u00e1lp,<br \/>og l\u00edtilmagnanum sem enginn hj\u00e1lpar.<br \/> <\/span> <span class=\"ljodatexti\"> <a name=\"13\"><span class=\"versanumer_ljod\">13<\/span><\/a>Hann miskunnar sig yfir b\u00e1gstadda og snau\u00f0a<br \/>og bjargar l\u00edfi hinna f\u00e1t\u00e6ku,<br \/> <\/span> <span class=\"ljodatexti\"> <a name=\"14\"><span class=\"versanumer_ljod\">14<\/span><\/a>fr\u00e1 ofbeldi og ofr\u00edki leysir hann \u00fe\u00e1<br \/>\u00fev\u00ed a\u00f0 bl\u00f3\u00f0 \u00feeirra er d\u00fdrm\u00e6tt \u00ed augum hans.<br \/> <\/span> <span class=\"ljodatexti\"> <a name=\"15\"><span class=\"versanumer_ljod\">15<\/span><\/a>Megi hann lifa og hlj\u00f3ti hann gull fr\u00e1 Saba,<br \/>s\u00edfellt bi\u00f0ji menn fyrir honum<br \/>og blessi hann li\u00f0langan daginn.<br \/> <\/span> <span class=\"ljodatexti\"> <a name=\"16\"><span class=\"versanumer_ljod\">16<\/span><\/a>Gn\u00f3ttir korns ver\u00f0i \u00ed landinu, <br \/>bylgist \u00fea\u00f0 \u00e1 fjallatindunum. <br \/>Ver\u00f0i afrakstur \u00feess l\u00edkur L\u00edbanonssk\u00f3gi <br \/>og spretti menn upp \u00ed borgum eins og gras \u00e1 velli.<br \/> <\/span> <span class=\"ljodatexti\"> <a name=\"17\"><span class=\"versanumer_ljod\">17<\/span><\/a>Nafn hans vari a\u00f0 eil\u00edfu, <br \/>megi nafn hans gr\u00f3a me\u00f0an s\u00f3lin sk\u00edn, <br \/>allar \u00fej\u00f3\u00f0ir jar\u00f0ar \u00f3ski s\u00e9r blessunar me\u00f0 honum <br \/>og segi hann s\u00e6lan. <br \/> <\/span> <span class=\"ljodatexti\"> <a name=\"18\"><span class=\"versanumer_ljod\">18<\/span><\/a>Lofa\u00f0ur s\u00e9 Drottinn, Gu\u00f0 \u00cdsraels,<br \/>sem einn vinnur m\u00e1ttarverk.<br \/> <\/span> <span class=\"ljodatexti\"> <a name=\"19\"><span class=\"versanumer_ljod\">19<\/span><\/a>Lofa\u00f0 s\u00e9 hans d\u00fdrlega nafn um aldur og \u00e6vi<br \/>og \u00f6ll j\u00f6r\u00f0in fyllist d\u00fdr\u00f0 hans!<br \/>Amen, amen.<\/p>\n<p>H\u00e9r l\u00fdkur b\u00e6num Dav\u00ed\u00f0s \u00cdsa\u00edsonar. <\/span> <\/p>\n","protected":false},"excerpt":{"rendered":"<p>1 Eftir Sal\u00f3mon. Gu\u00f0, fel konungi d\u00f3ma \u00fe\u00ednaog konungssyni r\u00e9ttl\u00e6ti \u00feitt 2svo a\u00f0 hann d\u00e6mi l\u00fd\u00f0 \u00feinn \u00ed r\u00e9ttl\u00e6tiog \u00fe\u00edna \u00fej\u00e1\u00f0u me\u00f0 sanngirni. 3Fj\u00f6llin beri \u00fej\u00f3\u00f0inni fri\u00f0og h\u00e6\u00f0irnar r\u00e9ttl\u00e6ti. 4Hann l\u00e1ti hina \u00fej\u00e1\u00f0u me\u00f0al \u00fej\u00f3\u00f0arinnar n\u00e1 r\u00e9tti s\u00ednumog veiti hinum snau\u00f0u hj\u00e1lpog kremji k\u00fagarann. 5\u00de\u00e1 mun hann lifa me\u00f0an s\u00f3lin sk\u00edn og tungli\u00f0 ber birtu fr\u00e1 kyni til kyns. 6Hann falli sem regn \u00e1 sl\u00e6gjuland,gr\u00f3\u00f0rarsk\u00far sem v\u00e6tir landi\u00f0. 7Um daga hans mun hinn r\u00e9ttl\u00e1ti bl\u00f3mstraog fri\u00f0ur og fars\u00e6ld uns tungli\u00f0 er ekki framar til. 8Hann mun r\u00edkja fr\u00e1 hafi til hafsog fr\u00e1 Flj\u00f3tinu til endimarka jar\u00f0ar. 9Fjandmenn hans munu falla <a href=\"https:\/\/biblian.is\/biblian\/salmarnir-72-kafli\/\"> [&#8230;]<\/a><\/p>\n","protected":false},"author":1,"featured_media":0,"parent":0,"menu_order":0,"comment_status":"open","ping_status":"open","template":"bibliukaflar_salmarnir.php","meta":{"footnotes":""},"class_list":["post-2167","page","type-page","status-publish","hentry"],"_links":{"self":[{"href":"https:\/\/biblian.is\/biblian\/wp-json\/wp\/v2\/pages\/2167","targetHints":{"allow":["GET"]}}],"collection":[{"href":"https:\/\/biblian.is\/biblian\/wp-json\/wp\/v2\/pages"}],"about":[{"href":"https:\/\/biblian.is\/biblian\/wp-json\/wp\/v2\/types\/page"}],"author":[{"embeddable":true,"href":"https:\/\/biblian.is\/biblian\/wp-json\/wp\/v2\/users\/1"}],"replies":[{"embeddable":true,"href":"https:\/\/biblian.is\/biblian\/wp-json\/wp\/v2\/comments?post=2167"}],"version-history":[{"count":0,"href":"https:\/\/biblian.is\/biblian\/wp-json\/wp\/v2\/pages\/2167\/revisions"}],"wp:attachment":[{"href":"https:\/\/biblian.is\/biblian\/wp-json\/wp\/v2\/media?parent=2167"}],"curies":[{"name":"wp","href":"https:\/\/api.w.org\/{rel}","templated":true}]}}