{"id":2166,"date":"2017-12-30T21:02:00","date_gmt":"2017-12-30T21:02:00","guid":{"rendered":"http:\/\/biblian.is\/biblian\/s%c2%87lmarnir-71-kafli\/"},"modified":"2020-05-30T18:12:46","modified_gmt":"2020-05-30T18:12:46","slug":"salmarnir-71-kafli","status":"publish","type":"page","link":"https:\/\/biblian.is\/biblian\/salmarnir-71-kafli\/","title":{"rendered":"S\u00e1lmarnir 71. kafli"},"content":{"rendered":"<p><span class=\"ljodatexti\"> <a name=\"1\"><span class=\"versanumer_ljod\">1<\/span><\/a>Hj\u00e1 \u00fe\u00e9r, Drottinn, leita \u00e9g h\u00e6lis,<br \/>l\u00e1t mig aldrei ver\u00f0a til skammar.<br \/> <\/span> <span class=\"ljodatexti\"> <a name=\"2\"><span class=\"versanumer_ljod\">2<\/span><\/a>Frelsa mig, bjarga m\u00e9r eftir r\u00e9ttl\u00e6ti \u00fe\u00ednu,<br \/>hneig eyra \u00feitt a\u00f0 m\u00e9r og hj\u00e1lpa m\u00e9r.<br \/> <\/span> <span class=\"ljodatexti\"> <a name=\"3\"><span class=\"versanumer_ljod\">3<\/span><\/a>Ver m\u00e9r verndarbjarg,<br \/>v\u00edgi m\u00e9r til hj\u00e1lpar<br \/>\u00fev\u00ed a\u00f0 \u00fe\u00fa ert bjarg mitt og v\u00edgi. <br \/> <\/span> <span class=\"ljodatexti\"> <a name=\"4\"><span class=\"versanumer_ljod\">4<\/span><\/a>Gu\u00f0 minn, bjarga m\u00e9r \u00far hendi gu\u00f0lausra,<br \/>\u00far greipum k\u00fagara og har\u00f0stj\u00f3ra.<br \/> <\/span> <span class=\"ljodatexti\"> <a name=\"5\"><span class=\"versanumer_ljod\">5<\/span><\/a>\u00de\u00fa ert von m\u00edn, Drottinn,<br \/>\u00fe\u00fa, Drottinn, ert athvarf mitt fr\u00e1 \u00e6sku,<br \/> <\/span> <span class=\"ljodatexti\"> <a name=\"6\"><span class=\"versanumer_ljod\">6<\/span><\/a>fr\u00e1 m\u00f3\u00f0url\u00edfi hef \u00e9g stu\u00f0st vi\u00f0 \u00feig,<br \/>fr\u00e1 m\u00f3\u00f0urskauti hefur \u00fe\u00fa vernda\u00f0 mig, <br \/>um \u00feig hlj\u00f3mar \u00e6t\u00ed\u00f0 lofs\u00f6ngur minn.<br \/> <\/span> <span class=\"ljodatexti\"> <a name=\"7\"><span class=\"versanumer_ljod\">7<\/span><\/a>\u00c9g er or\u00f0inn m\u00f6rgum sem teikn<br \/>en \u00fe\u00fa ert m\u00e9r \u00f6ruggt h\u00e6li.<br \/> <\/span> <span class=\"ljodatexti\"> <a name=\"8\"><span class=\"versanumer_ljod\">8<\/span><\/a>Munnur minn er fullur lofgj\u00f6r\u00f0ar um \u00feig,<br \/>af lofs\u00f6ng um d\u00fdr\u00f0 \u00fe\u00edna allan daginn.<br \/> <\/span> <span class=\"ljodatexti\"> <a name=\"9\"><span class=\"versanumer_ljod\">9<\/span><\/a>\u00datsk\u00fafa m\u00e9r ekki \u00ed elli minni,<br \/>yfirgef mig eigi er \u00fer\u00f3ttur minn \u00feverr.<br \/> <\/span> <span class=\"ljodatexti\"> <a name=\"10\"><span class=\"versanumer_ljod\">10<\/span><\/a>\u00dev\u00ed a\u00f0 \u00f3vinir m\u00ednir tala um mig,<br \/>\u00feeir sem sitja um l\u00edf mitt r\u00e1\u00f0a r\u00e1\u00f0um s\u00ednum<br \/> <\/span> <span class=\"ljodatexti\"> <a name=\"11\"><span class=\"versanumer_ljod\">11<\/span><\/a>og segja: \u201eGu\u00f0 hefur yfirgefi\u00f0 hann.<br \/>Elti\u00f0 hann og gr\u00edpi\u00f0 \u00fev\u00ed a\u00f0 enginn bjargar honum.\u201c<br \/> <\/span> <span class=\"ljodatexti\"> <a name=\"12\"><span class=\"versanumer_ljod\">12<\/span><\/a>Gu\u00f0, ver eigi fjarri m\u00e9r,<br \/>Gu\u00f0 minn, skunda m\u00e9r til hj\u00e1lpar.<br \/> <\/span> <span class=\"ljodatexti\"> <a name=\"13\"><span class=\"versanumer_ljod\">13<\/span><\/a>\u00deeir sem \u00f3gna m\u00e9r farist me\u00f0 sk\u00f6mm,<br \/>\u00feeir sem \u00f3ska m\u00e9r \u00f3g\u00e6fu <br \/>hlj\u00f3ti h\u00e1\u00f0ung og sm\u00e1n.<br \/> <\/span> <span class=\"ljodatexti\"> <a name=\"14\"><span class=\"versanumer_ljod\">14<\/span><\/a>En \u00e9g mun s\u00edfellt vona<br \/>og auka enn \u00e1 lofst\u00edr \u00feinn.<br \/> <\/span> <span class=\"ljodatexti\"> <a name=\"15\"><span class=\"versanumer_ljod\">15<\/span><\/a>Munnur minn mun bo\u00f0a r\u00e9ttl\u00e6ti \u00feitt<br \/>og allan daginn velgj\u00f6r\u00f0ir \u00fe\u00ednar<br \/>sem \u00e9g hef eigi t\u00f6lu \u00e1.<br \/> <\/span> <span class=\"ljodatexti\"> <a name=\"16\"><span class=\"versanumer_ljod\">16<\/span><\/a>\u00c9g vil lofsyngja m\u00e1ttarverk \u00fe\u00edn, Drottinn Gu\u00f0, <br \/>og lofa r\u00e9ttl\u00e6ti \u00feitt, \u00fea\u00f0 eitt. <br \/> <\/span> <span class=\"ljodatexti\"> <a name=\"17\"><span class=\"versanumer_ljod\">17<\/span><\/a>Gu\u00f0, \u00fe\u00fa hefur kennt m\u00e9r fr\u00e1 \u00e6sku<br \/>og allt til \u00feessa kunngj\u00f6ri \u00e9g d\u00e1semdarverk \u00fe\u00edn.<br \/> <\/span> <span class=\"ljodatexti\"> <a name=\"18\"><span class=\"versanumer_ljod\">18<\/span><\/a>Yfirgef mig eigi, Gu\u00f0,<br \/>\u00fe\u00f3 a\u00f0 \u00e9g ver\u00f0i gamall og gr\u00e1r fyrir h\u00e6rum, <br \/>a\u00f0 \u00e9g megi kunngj\u00f6ra styrkleik \u00feinn komandi kynsl\u00f3\u00f0 <br \/>og m\u00e1tt \u00feinn \u00f6llum \u00f3bornum.<br \/> <\/span> <span class=\"ljodatexti\"> <a name=\"19\"><span class=\"versanumer_ljod\">19<\/span><\/a>M\u00e1ttur \u00feinn og r\u00e9ttl\u00e6ti, \u00f3 Gu\u00f0, n\u00e6r til himins.<br \/>\u00de\u00fa hefur unni\u00f0 st\u00f3rvirki,<br \/>Gu\u00f0 minn, hver er sem \u00fe\u00fa?<br \/> <\/span> <span class=\"ljodatexti\"> <a name=\"20\"><span class=\"versanumer_ljod\">20<\/span><\/a>\u00de\u00fa, sem l\u00e9st mig reyna miklar \u00ferautir og \u00ferengingar,<br \/>munt l\u00edfga mig a\u00f0 n\u00fdju<br \/>og hefja mig aftur \u00far undirdj\u00fapum jar\u00f0ar.<br \/> <\/span> <span class=\"ljodatexti\"> <a name=\"21\"><span class=\"versanumer_ljod\">21<\/span><\/a>Veit m\u00e9r uppreisn \u00e6ru<br \/>og sn\u00fa \u00fe\u00e9r til m\u00edn og hugga mig.<br \/> <\/span> <span class=\"ljodatexti\"> <a name=\"22\"><span class=\"versanumer_ljod\">22<\/span><\/a> \u00de\u00e1 mun \u00e9g lofa tr\u00fafesti \u00fe\u00edna me\u00f0 h\u00f6rpuleik, Gu\u00f0 minn,<br \/>og leika \u00e1 g\u00edgju \u00fe\u00e9r til lofs,<br \/>\u00fe\u00fa Hinn heilagi \u00ed \u00cdsrael.<br \/> <\/span> <span class=\"ljodatexti\"> <a name=\"23\"><span class=\"versanumer_ljod\">23<\/span><\/a> Varir m\u00ednar skulu fagna<br \/>\u00feegar \u00e9g leik fyrir \u00fe\u00e9r<br \/>og s\u00e1l m\u00edn sem \u00fe\u00fa hefur endurleyst.<br \/> <\/span> <span class=\"ljodatexti\"> <a name=\"24\"><span class=\"versanumer_ljod\">24<\/span><\/a> Daglangt skal tunga m\u00edn vitna um r\u00e9ttl\u00e6ti \u00feitt<br \/>\u00fev\u00ed a\u00f0 \u00feeir sem vildu m\u00e9r illt<br \/>ur\u00f0u til skammar og hlutu sm\u00e1n. <\/span> <\/p>\n","protected":false},"excerpt":{"rendered":"<p>1Hj\u00e1 \u00fe\u00e9r, Drottinn, leita \u00e9g h\u00e6lis,l\u00e1t mig aldrei ver\u00f0a til skammar. 2Frelsa mig, bjarga m\u00e9r eftir r\u00e9ttl\u00e6ti \u00fe\u00ednu,hneig eyra \u00feitt a\u00f0 m\u00e9r og hj\u00e1lpa m\u00e9r. 3Ver m\u00e9r verndarbjarg,v\u00edgi m\u00e9r til hj\u00e1lpar\u00fev\u00ed a\u00f0 \u00fe\u00fa ert bjarg mitt og v\u00edgi. 4Gu\u00f0 minn, bjarga m\u00e9r \u00far hendi gu\u00f0lausra,\u00far greipum k\u00fagara og har\u00f0stj\u00f3ra. 5\u00de\u00fa ert von m\u00edn, Drottinn,\u00fe\u00fa, Drottinn, ert athvarf mitt fr\u00e1 \u00e6sku, 6fr\u00e1 m\u00f3\u00f0url\u00edfi hef \u00e9g stu\u00f0st vi\u00f0 \u00feig,fr\u00e1 m\u00f3\u00f0urskauti hefur \u00fe\u00fa vernda\u00f0 mig, um \u00feig hlj\u00f3mar \u00e6t\u00ed\u00f0 lofs\u00f6ngur minn. 7\u00c9g er or\u00f0inn m\u00f6rgum sem teiknen \u00fe\u00fa ert m\u00e9r \u00f6ruggt h\u00e6li. 8Munnur minn er fullur lofgj\u00f6r\u00f0ar um \u00feig,af lofs\u00f6ng um d\u00fdr\u00f0 \u00fe\u00edna <a href=\"https:\/\/biblian.is\/biblian\/salmarnir-71-kafli\/\"> [&#8230;]<\/a><\/p>\n","protected":false},"author":1,"featured_media":0,"parent":0,"menu_order":0,"comment_status":"open","ping_status":"open","template":"bibliukaflar_salmarnir.php","meta":{"footnotes":""},"class_list":["post-2166","page","type-page","status-publish","hentry"],"_links":{"self":[{"href":"https:\/\/biblian.is\/biblian\/wp-json\/wp\/v2\/pages\/2166","targetHints":{"allow":["GET"]}}],"collection":[{"href":"https:\/\/biblian.is\/biblian\/wp-json\/wp\/v2\/pages"}],"about":[{"href":"https:\/\/biblian.is\/biblian\/wp-json\/wp\/v2\/types\/page"}],"author":[{"embeddable":true,"href":"https:\/\/biblian.is\/biblian\/wp-json\/wp\/v2\/users\/1"}],"replies":[{"embeddable":true,"href":"https:\/\/biblian.is\/biblian\/wp-json\/wp\/v2\/comments?post=2166"}],"version-history":[{"count":0,"href":"https:\/\/biblian.is\/biblian\/wp-json\/wp\/v2\/pages\/2166\/revisions"}],"wp:attachment":[{"href":"https:\/\/biblian.is\/biblian\/wp-json\/wp\/v2\/media?parent=2166"}],"curies":[{"name":"wp","href":"https:\/\/api.w.org\/{rel}","templated":true}]}}