{"id":2165,"date":"2017-12-30T21:02:00","date_gmt":"2017-12-30T21:02:00","guid":{"rendered":"http:\/\/biblian.is\/biblian\/s%c2%87lmarnir-70-kafli\/"},"modified":"2020-05-30T18:12:46","modified_gmt":"2020-05-30T18:12:46","slug":"salmarnir-70-kafli","status":"publish","type":"page","link":"https:\/\/biblian.is\/biblian\/salmarnir-70-kafli\/","title":{"rendered":"S\u00e1lmarnir 70. kafli"},"content":{"rendered":"<p><a name=\"1\"><span class=\"versanumer_2007\">1<\/span><\/a> Til s\u00f6ngstj\u00f3rans. Dav\u00ed\u00f0ss\u00e1lmur. Minningarlj\u00f3\u00f0. <br \/> <span class=\"ljodatexti\"> <a name=\"2\"><span class=\"versanumer_ljod\">2<\/span><\/a>Gu\u00f0, l\u00e1t \u00fe\u00e9r \u00fe\u00f3knast a\u00f0 frelsa mig, <br \/>Drottinn, skunda m\u00e9r til hj\u00e1lpar.<br \/> <\/span> <span class=\"ljodatexti\"> <a name=\"3\"><span class=\"versanumer_ljod\">3<\/span><\/a>L\u00e1t \u00fe\u00e1 ver\u00f0a til skammar og hlj\u00f3ta kinnro\u00f0a<br \/>er sitja um l\u00edf mitt,<br \/>l\u00e1t \u00fe\u00e1 hverfa aftur me\u00f0 sk\u00f6mm<br \/>er \u00f3ska m\u00e9r \u00f3g\u00e6fu.<br \/> <\/span> <span class=\"ljodatexti\"> <a name=\"4\"><span class=\"versanumer_ljod\">4<\/span><\/a>L\u00e1t \u00fe\u00e1 h\u00f6rfa undan sakir sm\u00e1nar sinnar<br \/>er hr\u00f3pa h\u00e1\u00f0 og sp\u00e9.<br \/> <\/span> <span class=\"ljodatexti\"> <a name=\"5\"><span class=\"versanumer_ljod\">5<\/span><\/a>En allir sem leita \u00fe\u00edn skulu gle\u00f0jast og fagna yfir \u00fe\u00e9r.<br \/>\u00deeir er unna hj\u00e1lpr\u00e6\u00f0i \u00fe\u00ednu skulu s\u00edfellt segja: <br \/>\u201eVegsama\u00f0ur s\u00e9 Gu\u00f0.\u201c <br \/> <\/span> <span class=\"ljodatexti\"> <a name=\"6\"><span class=\"versanumer_ljod\">6<\/span><\/a>\u00c9g er hrj\u00e1\u00f0ur og snau\u00f0ur, <br \/>hra\u00f0a \u00fe\u00e9r til m\u00edn, \u00f3 Gu\u00f0. <br \/>\u00de\u00fa ert fulltingi mitt og frelsari, <br \/>tef eigi, Drottinn. <\/span> <\/p>\n","protected":false},"excerpt":{"rendered":"<p>1 Til s\u00f6ngstj\u00f3rans. Dav\u00ed\u00f0ss\u00e1lmur. Minningarlj\u00f3\u00f0. 2Gu\u00f0, l\u00e1t \u00fe\u00e9r \u00fe\u00f3knast a\u00f0 frelsa mig, Drottinn, skunda m\u00e9r til hj\u00e1lpar. 3L\u00e1t \u00fe\u00e1 ver\u00f0a til skammar og hlj\u00f3ta kinnro\u00f0aer sitja um l\u00edf mitt,l\u00e1t \u00fe\u00e1 hverfa aftur me\u00f0 sk\u00f6mmer \u00f3ska m\u00e9r \u00f3g\u00e6fu. 4L\u00e1t \u00fe\u00e1 h\u00f6rfa undan sakir sm\u00e1nar sinnarer hr\u00f3pa h\u00e1\u00f0 og sp\u00e9. 5En allir sem leita \u00fe\u00edn skulu gle\u00f0jast og fagna yfir \u00fe\u00e9r.\u00deeir er unna hj\u00e1lpr\u00e6\u00f0i \u00fe\u00ednu skulu s\u00edfellt segja: \u201eVegsama\u00f0ur s\u00e9 Gu\u00f0.\u201c 6\u00c9g er hrj\u00e1\u00f0ur og snau\u00f0ur, hra\u00f0a \u00fe\u00e9r til m\u00edn, \u00f3 Gu\u00f0. \u00de\u00fa ert fulltingi mitt og frelsari, tef eigi, Drottinn.<\/p>\n","protected":false},"author":1,"featured_media":0,"parent":0,"menu_order":0,"comment_status":"open","ping_status":"open","template":"bibliukaflar_salmarnir.php","meta":{"footnotes":""},"class_list":["post-2165","page","type-page","status-publish","hentry"],"_links":{"self":[{"href":"https:\/\/biblian.is\/biblian\/wp-json\/wp\/v2\/pages\/2165","targetHints":{"allow":["GET"]}}],"collection":[{"href":"https:\/\/biblian.is\/biblian\/wp-json\/wp\/v2\/pages"}],"about":[{"href":"https:\/\/biblian.is\/biblian\/wp-json\/wp\/v2\/types\/page"}],"author":[{"embeddable":true,"href":"https:\/\/biblian.is\/biblian\/wp-json\/wp\/v2\/users\/1"}],"replies":[{"embeddable":true,"href":"https:\/\/biblian.is\/biblian\/wp-json\/wp\/v2\/comments?post=2165"}],"version-history":[{"count":0,"href":"https:\/\/biblian.is\/biblian\/wp-json\/wp\/v2\/pages\/2165\/revisions"}],"wp:attachment":[{"href":"https:\/\/biblian.is\/biblian\/wp-json\/wp\/v2\/media?parent=2165"}],"curies":[{"name":"wp","href":"https:\/\/api.w.org\/{rel}","templated":true}]}}