{"id":2162,"date":"2017-12-30T21:02:00","date_gmt":"2017-12-30T21:02:00","guid":{"rendered":"http:\/\/biblian.is\/biblian\/s%c2%87lmarnir-67-kafli\/"},"modified":"2020-05-30T18:12:45","modified_gmt":"2020-05-30T18:12:45","slug":"salmarnir-67-kafli","status":"publish","type":"page","link":"https:\/\/biblian.is\/biblian\/salmarnir-67-kafli\/","title":{"rendered":"S\u00e1lmarnir 67. kafli"},"content":{"rendered":"<p><a name=\"1\"><span class=\"versanumer_2007\">1<\/span><\/a> Til s\u00f6ngstj\u00f3rans. Me\u00f0 strengjaleik. S\u00e1lmur. Lj\u00f3\u00f0.<br \/> <span class=\"ljodatexti\"> <a name=\"2\"><span class=\"versanumer_ljod\">2<\/span><\/a>Gu\u00f0 s\u00e9 oss n\u00e1\u00f0ugur og blessi oss, <br \/>hann l\u00e1ti \u00e1sj\u00f3nu s\u00edna l\u00fdsa me\u00f0al vor (Sela)<br \/> <\/span> <span class=\"ljodatexti\"> <a name=\"3\"><span class=\"versanumer_ljod\">3<\/span><\/a>svo a\u00f0 \u00feekkja megi veg \u00feinn \u00e1 j\u00f6r\u00f0inni <br \/>og hj\u00e1lpr\u00e6\u00f0i \u00feitt me\u00f0al allra \u00fej\u00f3\u00f0a.<br \/> <\/span> <span class=\"ljodatexti\"> <a name=\"4\"><span class=\"versanumer_ljod\">4<\/span><\/a>L\u00fd\u00f0ir skulu lofa \u00feig, Gu\u00f0, <br \/>\u00feig skulu allar \u00fej\u00f3\u00f0ir lofa. <br \/> <\/span> <span class=\"ljodatexti\"> <a name=\"5\"><span class=\"versanumer_ljod\">5<\/span><\/a>L\u00fd\u00f0ir skulu gle\u00f0jast og fagna<br \/>\u00fev\u00ed a\u00f0 \u00fe\u00fa d\u00e6mir \u00fej\u00f3\u00f0irnar r\u00e9ttv\u00edslega<br \/>og lei\u00f0ir l\u00fd\u00f0i \u00e1 j\u00f6r\u00f0inni. (Sela)<br \/> <\/span> <span class=\"ljodatexti\"> <a name=\"6\"><span class=\"versanumer_ljod\">6<\/span><\/a>L\u00fd\u00f0ir skulu lofa \u00feig, Gu\u00f0, <br \/>\u00feig skulu allar \u00fej\u00f3\u00f0ir lofa. <br \/> <\/span> <span class=\"ljodatexti\"> <a name=\"7\"><span class=\"versanumer_ljod\">7<\/span><\/a>J\u00f6r\u00f0in hefur gefi\u00f0 \u00e1v\u00f6xt sinn,<br \/>Gu\u00f0, vor Gu\u00f0, blessi oss,<br \/>Gu\u00f0 blessi oss<br \/>svo a\u00f0 \u00f6ll endim\u00f6rk jar\u00f0ar megi \u00f3ttast hann. <\/span> <\/p>\n","protected":false},"excerpt":{"rendered":"<p>1 Til s\u00f6ngstj\u00f3rans. Me\u00f0 strengjaleik. S\u00e1lmur. Lj\u00f3\u00f0. 2Gu\u00f0 s\u00e9 oss n\u00e1\u00f0ugur og blessi oss, hann l\u00e1ti \u00e1sj\u00f3nu s\u00edna l\u00fdsa me\u00f0al vor (Sela) 3svo a\u00f0 \u00feekkja megi veg \u00feinn \u00e1 j\u00f6r\u00f0inni og hj\u00e1lpr\u00e6\u00f0i \u00feitt me\u00f0al allra \u00fej\u00f3\u00f0a. 4L\u00fd\u00f0ir skulu lofa \u00feig, Gu\u00f0, \u00feig skulu allar \u00fej\u00f3\u00f0ir lofa. 5L\u00fd\u00f0ir skulu gle\u00f0jast og fagna\u00fev\u00ed a\u00f0 \u00fe\u00fa d\u00e6mir \u00fej\u00f3\u00f0irnar r\u00e9ttv\u00edslegaog lei\u00f0ir l\u00fd\u00f0i \u00e1 j\u00f6r\u00f0inni. (Sela) 6L\u00fd\u00f0ir skulu lofa \u00feig, Gu\u00f0, \u00feig skulu allar \u00fej\u00f3\u00f0ir lofa. 7J\u00f6r\u00f0in hefur gefi\u00f0 \u00e1v\u00f6xt sinn,Gu\u00f0, vor Gu\u00f0, blessi oss,Gu\u00f0 blessi osssvo a\u00f0 \u00f6ll endim\u00f6rk jar\u00f0ar megi \u00f3ttast hann.<\/p>\n","protected":false},"author":1,"featured_media":0,"parent":0,"menu_order":0,"comment_status":"open","ping_status":"open","template":"bibliukaflar_salmarnir.php","meta":{"footnotes":""},"class_list":["post-2162","page","type-page","status-publish","hentry"],"_links":{"self":[{"href":"https:\/\/biblian.is\/biblian\/wp-json\/wp\/v2\/pages\/2162","targetHints":{"allow":["GET"]}}],"collection":[{"href":"https:\/\/biblian.is\/biblian\/wp-json\/wp\/v2\/pages"}],"about":[{"href":"https:\/\/biblian.is\/biblian\/wp-json\/wp\/v2\/types\/page"}],"author":[{"embeddable":true,"href":"https:\/\/biblian.is\/biblian\/wp-json\/wp\/v2\/users\/1"}],"replies":[{"embeddable":true,"href":"https:\/\/biblian.is\/biblian\/wp-json\/wp\/v2\/comments?post=2162"}],"version-history":[{"count":0,"href":"https:\/\/biblian.is\/biblian\/wp-json\/wp\/v2\/pages\/2162\/revisions"}],"wp:attachment":[{"href":"https:\/\/biblian.is\/biblian\/wp-json\/wp\/v2\/media?parent=2162"}],"curies":[{"name":"wp","href":"https:\/\/api.w.org\/{rel}","templated":true}]}}