{"id":2161,"date":"2017-12-30T21:02:00","date_gmt":"2017-12-30T21:02:00","guid":{"rendered":"http:\/\/biblian.is\/biblian\/s%c2%87lmarnir-66-kafli\/"},"modified":"2020-05-30T18:12:45","modified_gmt":"2020-05-30T18:12:45","slug":"salmarnir-66-kafli","status":"publish","type":"page","link":"https:\/\/biblian.is\/biblian\/salmarnir-66-kafli\/","title":{"rendered":"S\u00e1lmarnir 66. kafli"},"content":{"rendered":"<p><a name=\"1\"><span class=\"versanumer_2007\">1<\/span><\/a> Til s\u00f6ngstj\u00f3rans. Lj\u00f3\u00f0. S\u00e1lmur.<br \/> <span class=\"ljodatexti\"> Fagni\u00f0 fyrir Gu\u00f0i, gj\u00f6rvallt jar\u00f0r\u00edki, <br \/> <\/span> <span class=\"ljodatexti\"> <a name=\"2\"><span class=\"versanumer_ljod\">2<\/span><\/a>syngi\u00f0 um hans d\u00fdrlega nafn,<br \/>hylli\u00f0 hann me\u00f0 lofgj\u00f6r\u00f0,<br \/> <\/span> <span class=\"ljodatexti\"> <a name=\"3\"><span class=\"versanumer_ljod\">3<\/span><\/a>segi\u00f0 vi\u00f0 Gu\u00f0: Hversu \u00f3ttaleg eru verk \u00fe\u00edn.<br \/>Sakir mikilleiks m\u00e1ttar \u00fe\u00edns hr\u00e6sna \u00f3vinir \u00fe\u00ednir fyrir \u00fe\u00e9r.<br \/> <\/span> <span class=\"ljodatexti\"> <a name=\"4\"><span class=\"versanumer_ljod\">4<\/span><\/a>\u00d6ll j\u00f6r\u00f0in l\u00fdtur \u00fe\u00e9r og lofsyngur \u00fe\u00e9r, lofsyngur nafni \u00fe\u00ednu. (Sela)<br \/> <\/span> <span class=\"ljodatexti\"> <a name=\"5\"><span class=\"versanumer_ljod\">5<\/span><\/a>Komi\u00f0 og sj\u00e1i\u00f0 verk Gu\u00f0s,<br \/>undursamleg verk hans me\u00f0al manna: <br \/> <\/span> <span class=\"ljodatexti\"> <a name=\"6\"><span class=\"versanumer_ljod\">6<\/span><\/a>Hann breytti hafinu \u00ed \u00feurrlendi,<br \/>\u00feeir h\u00e9ldu f\u00f3tgangandi yfir flj\u00f3ti\u00f0,<br \/>\u00fe\u00e1 gl\u00f6ddumst v\u00e9r yfir honum. <br \/> <\/span> <span class=\"ljodatexti\"> <a name=\"7\"><span class=\"versanumer_ljod\">7<\/span><\/a>Hann r\u00edkir um eil\u00edf\u00f0 vegna m\u00e1ttar s\u00edns, <br \/>augu hans gefa g\u00e6tur a\u00f0 \u00fej\u00f3\u00f0unum, <br \/>uppreisnarmenn geta ekki sta\u00f0i\u00f0 gegn honum. (Sela)<br \/> <\/span> <span class=\"ljodatexti\"> <a name=\"8\"><span class=\"versanumer_ljod\">8<\/span><\/a>\u00de\u00e9r l\u00fd\u00f0ir, lofi\u00f0 Gu\u00f0 vorn <br \/>og l\u00e1ti\u00f0 hlj\u00f3ma lofs\u00f6ng um hann.<br \/> <\/span> <span class=\"ljodatexti\"> <a name=\"9\"><span class=\"versanumer_ljod\">9<\/span><\/a>Hann h\u00e9lt oss \u00e1 l\u00edfi,<br \/>var\u00f0i f\u00e6tur vora falli.<br \/> <\/span> <span class=\"ljodatexti\"> <a name=\"10\"><span class=\"versanumer_ljod\">10<\/span><\/a>\u00de\u00fa reyndir oss, Gu\u00f0,<br \/>hreinsa\u00f0ir oss eins og \u00feegar silfur er hreinsa\u00f0,<br \/> <\/span> <span class=\"ljodatexti\"> <a name=\"11\"><span class=\"versanumer_ljod\">11<\/span><\/a>\u00fe\u00fa leiddir oss \u00ed gildru, <br \/>lag\u00f0ir \u00feunga byr\u00f0i \u00e1 lendar vorar, <br \/> <\/span> <span class=\"ljodatexti\"> <a name=\"12\"><span class=\"versanumer_ljod\">12<\/span><\/a>l\u00e9st menn r\u00ed\u00f0a yfir h\u00f6fu\u00f0 vor.<br \/>V\u00e9r h\u00f6fum fari\u00f0 gegnum eld og vatn <br \/>en \u00fe\u00fa leiddir oss til allsn\u00e6gta. <br \/> <\/span> <span class=\"ljodatexti\"> <a name=\"13\"><span class=\"versanumer_ljod\">13<\/span><\/a>\u00c9g kem me\u00f0 alf\u00f3rnir \u00ed h\u00fas \u00feitt,<br \/>efni \u00feau heit m\u00edn vi\u00f0 \u00feig<br \/> <\/span> <span class=\"ljodatexti\"> <a name=\"14\"><span class=\"versanumer_ljod\">14<\/span><\/a>sem varir m\u00ednar guldu<br \/>og munnur minn nefndi \u00fe\u00e1 er \u00e9g var \u00ed nau\u00f0um staddur.<br \/> <\/span> <span class=\"ljodatexti\"> <a name=\"15\"><span class=\"versanumer_ljod\">15<\/span><\/a>\u00c9g f\u00e6ri \u00fe\u00e9r alf\u00f3rnir af feitum d\u00fdrum<br \/>\u00e1samt f\u00f3rnarreyk af hr\u00fatum,<br \/>\u00e9g f\u00f3rna nautum og h\u00f6frum. (Sela)<br \/> <\/span> <span class=\"ljodatexti\"> <a name=\"16\"><span class=\"versanumer_ljod\">16<\/span><\/a>Komi\u00f0, hlusti\u00f0, allir \u00fe\u00e9r er \u00f3ttist Gu\u00f0,<br \/>\u00e9g mun segja fr\u00e1 \u00f6llu sem hann ger\u00f0i fyrir mig.<br \/> <\/span> <span class=\"ljodatexti\"> <a name=\"17\"><span class=\"versanumer_ljod\">17<\/span><\/a>Til hans hr\u00f3pa\u00f0i \u00e9g me\u00f0 munni m\u00ednum <br \/>en lofgj\u00f6r\u00f0 l\u00e1 m\u00e9r \u00e1 tungu. <br \/> <\/span> <span class=\"ljodatexti\"> <a name=\"18\"><span class=\"versanumer_ljod\">18<\/span><\/a>Hef\u00f0i \u00e9g haft illt \u00ed huga<br \/>hef\u00f0i Drottinn ekki hlusta\u00f0<br \/> <\/span> <span class=\"ljodatexti\"> <a name=\"19\"><span class=\"versanumer_ljod\">19<\/span><\/a>en Gu\u00f0 b\u00e6nheyr\u00f0i mig,<br \/>hann hlusta\u00f0i \u00e1 b\u00e6narkall mitt.<br \/> <\/span> <span class=\"ljodatexti\"> <a name=\"20\"><span class=\"versanumer_ljod\">20<\/span><\/a>Lofa\u00f0ur s\u00e9 Gu\u00f0<br \/>er hvorki v\u00edsa\u00f0i b\u00e6n minni \u00e1 bug <br \/>n\u00e9 t\u00f3k fr\u00e1 m\u00e9r miskunn s\u00edna. <\/span> <\/p>\n","protected":false},"excerpt":{"rendered":"<p>1 Til s\u00f6ngstj\u00f3rans. Lj\u00f3\u00f0. S\u00e1lmur. Fagni\u00f0 fyrir Gu\u00f0i, gj\u00f6rvallt jar\u00f0r\u00edki, 2syngi\u00f0 um hans d\u00fdrlega nafn,hylli\u00f0 hann me\u00f0 lofgj\u00f6r\u00f0, 3segi\u00f0 vi\u00f0 Gu\u00f0: Hversu \u00f3ttaleg eru verk \u00fe\u00edn.Sakir mikilleiks m\u00e1ttar \u00fe\u00edns hr\u00e6sna \u00f3vinir \u00fe\u00ednir fyrir \u00fe\u00e9r. 4\u00d6ll j\u00f6r\u00f0in l\u00fdtur \u00fe\u00e9r og lofsyngur \u00fe\u00e9r, lofsyngur nafni \u00fe\u00ednu. (Sela) 5Komi\u00f0 og sj\u00e1i\u00f0 verk Gu\u00f0s,undursamleg verk hans me\u00f0al manna: 6Hann breytti hafinu \u00ed \u00feurrlendi,\u00feeir h\u00e9ldu f\u00f3tgangandi yfir flj\u00f3ti\u00f0,\u00fe\u00e1 gl\u00f6ddumst v\u00e9r yfir honum. 7Hann r\u00edkir um eil\u00edf\u00f0 vegna m\u00e1ttar s\u00edns, augu hans gefa g\u00e6tur a\u00f0 \u00fej\u00f3\u00f0unum, uppreisnarmenn geta ekki sta\u00f0i\u00f0 gegn honum. (Sela) 8\u00de\u00e9r l\u00fd\u00f0ir, lofi\u00f0 Gu\u00f0 vorn og l\u00e1ti\u00f0 hlj\u00f3ma lofs\u00f6ng um hann. 9Hann h\u00e9lt <a href=\"https:\/\/biblian.is\/biblian\/salmarnir-66-kafli\/\"> [&#8230;]<\/a><\/p>\n","protected":false},"author":1,"featured_media":0,"parent":0,"menu_order":0,"comment_status":"open","ping_status":"open","template":"bibliukaflar_salmarnir.php","meta":{"footnotes":""},"class_list":["post-2161","page","type-page","status-publish","hentry"],"_links":{"self":[{"href":"https:\/\/biblian.is\/biblian\/wp-json\/wp\/v2\/pages\/2161","targetHints":{"allow":["GET"]}}],"collection":[{"href":"https:\/\/biblian.is\/biblian\/wp-json\/wp\/v2\/pages"}],"about":[{"href":"https:\/\/biblian.is\/biblian\/wp-json\/wp\/v2\/types\/page"}],"author":[{"embeddable":true,"href":"https:\/\/biblian.is\/biblian\/wp-json\/wp\/v2\/users\/1"}],"replies":[{"embeddable":true,"href":"https:\/\/biblian.is\/biblian\/wp-json\/wp\/v2\/comments?post=2161"}],"version-history":[{"count":0,"href":"https:\/\/biblian.is\/biblian\/wp-json\/wp\/v2\/pages\/2161\/revisions"}],"wp:attachment":[{"href":"https:\/\/biblian.is\/biblian\/wp-json\/wp\/v2\/media?parent=2161"}],"curies":[{"name":"wp","href":"https:\/\/api.w.org\/{rel}","templated":true}]}}