{"id":2160,"date":"2017-12-30T21:02:00","date_gmt":"2017-12-30T21:02:00","guid":{"rendered":"http:\/\/biblian.is\/biblian\/s%c2%87lmarnir-65-kafli\/"},"modified":"2020-05-30T18:12:44","modified_gmt":"2020-05-30T18:12:44","slug":"salmarnir-65-kafli","status":"publish","type":"page","link":"https:\/\/biblian.is\/biblian\/salmarnir-65-kafli\/","title":{"rendered":"S\u00e1lmarnir 65. kafli"},"content":{"rendered":"<p><a name=\"1\"><span class=\"versanumer_2007\">1<\/span><\/a> Til s\u00f6ngstj\u00f3rans. Dav\u00ed\u00f0ss\u00e1lmur. Lj\u00f3\u00f0. <br \/> <span class=\"ljodatexti\"> <a name=\"2\"><span class=\"versanumer_ljod\">2<\/span><\/a>\u00de\u00e9r ber lofs\u00f6ngur, Gu\u00f0 \u00e1 S\u00edon,<br \/>og vi\u00f0 \u00feig s\u00e9u heitin efnd. <br \/> <\/span> <span class=\"ljodatexti\"> <a name=\"3\"><span class=\"versanumer_ljod\">3<\/span><\/a>\u00de\u00fa, sem heyrir b\u00e6nir,<br \/>til \u00fe\u00edn leita allir menn. <br \/> <\/span> <span class=\"ljodatexti\"> <a name=\"4\"><span class=\"versanumer_ljod\">4<\/span><\/a>\u00deegar misgj\u00f6r\u00f0ir vorar ver\u00f0a oss um megn<br \/>fyrirgefur \u00fe\u00fa oss.<br \/> <\/span> <span class=\"ljodatexti\"> <a name=\"5\"><span class=\"versanumer_ljod\">5<\/span><\/a>S\u00e6ll er s\u00e1 sem \u00fe\u00fa velur og l\u00e6tur n\u00e1lgast \u00feig, <br \/>hann f\u00e6r a\u00f0 dveljast \u00ed forg\u00f6r\u00f0um \u00fe\u00ednum.<br \/>V\u00e9r mettumst af g\u00e6\u00f0um h\u00fass \u00fe\u00edns, <br \/>heilagleik musteris \u00fe\u00edns.<br \/> <\/span> <span class=\"ljodatexti\"> <a name=\"6\"><span class=\"versanumer_ljod\">6<\/span><\/a>\u00de\u00fa b\u00e6nheyrir oss af r\u00e9ttl\u00e6ti <br \/>me\u00f0 \u00f3gnvekjandi verkum,<br \/>\u00fe\u00fa Gu\u00f0 hj\u00e1lpr\u00e6\u00f0is vors,<br \/>\u00fe\u00fa athvarf allra endimarka jar\u00f0arinnar <br \/>og fjarl\u00e6gra stranda,<br \/> <\/span> <span class=\"ljodatexti\"> <a name=\"7\"><span class=\"versanumer_ljod\">7<\/span><\/a>\u00fe\u00fa sem festir fj\u00f6llin me\u00f0 krafti \u00fe\u00ednum, <br \/>gyrtur styrkleika,<br \/> <\/span> <span class=\"ljodatexti\"> <a name=\"8\"><span class=\"versanumer_ljod\">8<\/span><\/a>\u00fe\u00fa l\u00e6gir brimgn\u00fd hafanna,<br \/>\u00f6ldugn\u00fdinn og h\u00e1reysti \u00fej\u00f3\u00f0anna.<br \/> <\/span> <span class=\"ljodatexti\"> <a name=\"9\"><span class=\"versanumer_ljod\">9<\/span><\/a>\u00deeir sem b\u00faa vi\u00f0 endim\u00f6rk jar\u00f0ar<br \/>skelfast m\u00e1ttarverk \u00fe\u00edn,<br \/>austri\u00f0 og vestri\u00f0 l\u00e6tur \u00fe\u00fa fagna. <br \/> <\/span> <span class=\"ljodatexti\"> <a name=\"10\"><span class=\"versanumer_ljod\">10<\/span><\/a>\u00de\u00fa annast landi\u00f0 og v\u00f6kvar \u00fea\u00f0,<br \/>fyllir \u00fea\u00f0 au\u00f0leg\u00f0.<br \/>L\u00e6kur Gu\u00f0s er bakkafullur,<br \/>\u00fe\u00fa s\u00e9r\u00f0 m\u00f6nnum fyrir korni <br \/>\u00fev\u00ed a\u00f0 \u00feannig hefur \u00fe\u00fa gert landi\u00f0 \u00far gar\u00f0i.<br \/> <\/span> <span class=\"ljodatexti\"> <a name=\"11\"><span class=\"versanumer_ljod\">11<\/span><\/a>Pl\u00f3gf\u00f6rin \u00e1 j\u00f6r\u00f0inni gegnv\u00e6tir \u00fe\u00fa, <br \/>sl\u00e9ttar pl\u00e6gt land, <br \/>m\u00fdkir jar\u00f0veginn me\u00f0 regnsk\u00farum,<br \/>blessar \u00fea\u00f0 sem \u00far honum vex.<br \/> <\/span> <span class=\"ljodatexti\"> <a name=\"12\"><span class=\"versanumer_ljod\">12<\/span><\/a>\u00de\u00fa kr\u00fdndir \u00e1ri\u00f0 me\u00f0 g\u00e6sku \u00feinni, <br \/>vagnspor \u00fe\u00edn drj\u00fapa af feiti. <br \/> <\/span> <span class=\"ljodatexti\"> <a name=\"13\"><span class=\"versanumer_ljod\">13<\/span><\/a>Beitil\u00f6ndin \u00ed au\u00f0ninni gle\u00f0jast, <br \/>h\u00e6\u00f0irnar gyr\u00f0ast f\u00f6gnu\u00f0i,<br \/> <\/span> <span class=\"ljodatexti\"> <a name=\"14\"><span class=\"versanumer_ljod\">14<\/span><\/a>hagarnir kl\u00e6\u00f0ast hj\u00f6r\u00f0um<br \/>og dalirnir \u00feekjast korni,<br \/>allt fagnar og syngur. <\/span> <\/p>\n","protected":false},"excerpt":{"rendered":"<p>1 Til s\u00f6ngstj\u00f3rans. Dav\u00ed\u00f0ss\u00e1lmur. Lj\u00f3\u00f0. 2\u00de\u00e9r ber lofs\u00f6ngur, Gu\u00f0 \u00e1 S\u00edon,og vi\u00f0 \u00feig s\u00e9u heitin efnd. 3\u00de\u00fa, sem heyrir b\u00e6nir,til \u00fe\u00edn leita allir menn. 4\u00deegar misgj\u00f6r\u00f0ir vorar ver\u00f0a oss um megnfyrirgefur \u00fe\u00fa oss. 5S\u00e6ll er s\u00e1 sem \u00fe\u00fa velur og l\u00e6tur n\u00e1lgast \u00feig, hann f\u00e6r a\u00f0 dveljast \u00ed forg\u00f6r\u00f0um \u00fe\u00ednum.V\u00e9r mettumst af g\u00e6\u00f0um h\u00fass \u00fe\u00edns, heilagleik musteris \u00fe\u00edns. 6\u00de\u00fa b\u00e6nheyrir oss af r\u00e9ttl\u00e6ti me\u00f0 \u00f3gnvekjandi verkum,\u00fe\u00fa Gu\u00f0 hj\u00e1lpr\u00e6\u00f0is vors,\u00fe\u00fa athvarf allra endimarka jar\u00f0arinnar og fjarl\u00e6gra stranda, 7\u00fe\u00fa sem festir fj\u00f6llin me\u00f0 krafti \u00fe\u00ednum, gyrtur styrkleika, 8\u00fe\u00fa l\u00e6gir brimgn\u00fd hafanna,\u00f6ldugn\u00fdinn og h\u00e1reysti \u00fej\u00f3\u00f0anna. 9\u00deeir sem b\u00faa vi\u00f0 endim\u00f6rk jar\u00f0arskelfast m\u00e1ttarverk \u00fe\u00edn,austri\u00f0 <a href=\"https:\/\/biblian.is\/biblian\/salmarnir-65-kafli\/\"> [&#8230;]<\/a><\/p>\n","protected":false},"author":1,"featured_media":0,"parent":0,"menu_order":0,"comment_status":"open","ping_status":"open","template":"bibliukaflar_salmarnir.php","meta":{"footnotes":""},"class_list":["post-2160","page","type-page","status-publish","hentry"],"_links":{"self":[{"href":"https:\/\/biblian.is\/biblian\/wp-json\/wp\/v2\/pages\/2160","targetHints":{"allow":["GET"]}}],"collection":[{"href":"https:\/\/biblian.is\/biblian\/wp-json\/wp\/v2\/pages"}],"about":[{"href":"https:\/\/biblian.is\/biblian\/wp-json\/wp\/v2\/types\/page"}],"author":[{"embeddable":true,"href":"https:\/\/biblian.is\/biblian\/wp-json\/wp\/v2\/users\/1"}],"replies":[{"embeddable":true,"href":"https:\/\/biblian.is\/biblian\/wp-json\/wp\/v2\/comments?post=2160"}],"version-history":[{"count":0,"href":"https:\/\/biblian.is\/biblian\/wp-json\/wp\/v2\/pages\/2160\/revisions"}],"wp:attachment":[{"href":"https:\/\/biblian.is\/biblian\/wp-json\/wp\/v2\/media?parent=2160"}],"curies":[{"name":"wp","href":"https:\/\/api.w.org\/{rel}","templated":true}]}}