{"id":2159,"date":"2017-12-30T21:02:00","date_gmt":"2017-12-30T21:02:00","guid":{"rendered":"http:\/\/biblian.is\/biblian\/s%c2%87lmarnir-64-kafli\/"},"modified":"2020-05-30T18:12:44","modified_gmt":"2020-05-30T18:12:44","slug":"salmarnir-64-kafli","status":"publish","type":"page","link":"https:\/\/biblian.is\/biblian\/salmarnir-64-kafli\/","title":{"rendered":"S\u00e1lmarnir 64. kafli"},"content":{"rendered":"<p><a name=\"1\"><span class=\"versanumer_2007\">1<\/span><\/a> Til s\u00f6ngstj\u00f3rans. Dav\u00ed\u00f0ss\u00e1lmur.<br \/> <span class=\"ljodatexti\"> <a name=\"2\"><span class=\"versanumer_ljod\">2<\/span><\/a>Heyr, Gu\u00f0, raust m\u00edna er \u00e9g kveina,<br \/>var\u00f0veit l\u00edf mitt fyrir \u00f3gnum \u00f3vinarins,<br \/> <\/span> <span class=\"ljodatexti\"> <a name=\"3\"><span class=\"versanumer_ljod\">3<\/span><\/a>sk\u00fdl m\u00e9r fyrir flokki illmenna,<br \/>fyrir illvirkjam\u00fag<br \/> <\/span> <span class=\"ljodatexti\"> <a name=\"4\"><span class=\"versanumer_ljod\">4<\/span><\/a>er hvetur tungur s\u00ednar sem sver\u00f0,<br \/>mi\u00f0ar eitru\u00f0um or\u00f0um l\u00edkt og \u00f6rvum<br \/> <\/span> <span class=\"ljodatexti\"> <a name=\"5\"><span class=\"versanumer_ljod\">5<\/span><\/a>til \u00feess a\u00f0 skj\u00f3ta \u00far launs\u00e1tri \u00e1 hinn r\u00e1\u00f0vanda,<br \/>\u00feeir h\u00e6fa hann \u00f3v\u00e6nt, hvergi hr\u00e6ddir.<br \/> <\/span> <span class=\"ljodatexti\"> <a name=\"6\"><span class=\"versanumer_ljod\">6<\/span><\/a>\u00deeir eggja hver annan me\u00f0 illyr\u00f0um,<br \/>r\u00e1\u00f0gast um a\u00f0 leggja sn\u00f6rur,<br \/>spyrja: \u201eHver getur s\u00e9\u00f0 oss?\u201c<br \/> <\/span> <span class=\"ljodatexti\"> <a name=\"7\"><span class=\"versanumer_ljod\">7<\/span><\/a>\u00deeir \u00e1forma gl\u00e6pi, <br \/>leyna l\u00e6v\u00edsum br\u00f6g\u00f0um.<br \/>Hyld\u00fdpi er hugur manns og hjarta.<br \/> <\/span> <span class=\"ljodatexti\"> <a name=\"8\"><span class=\"versanumer_ljod\">8<\/span><\/a>\u00de\u00e1 sk\u00fdtur Gu\u00f0 \u00f6r gegn \u00feeim,<br \/>\u00f3v\u00e6nt ver\u00f0a \u00feeir s\u00e1rir<br \/> <\/span> <span class=\"ljodatexti\"> <a name=\"9\"><span class=\"versanumer_ljod\">9<\/span><\/a>og tunga \u00feeirra ver\u00f0ur \u00feeim a\u00f0 falli.<br \/>Hver sem s\u00e9r \u00fe\u00e1 hristir h\u00f6fu\u00f0i\u00f0<br \/>og allir fyllast skelfingu.<br \/> <\/span> <span class=\"ljodatexti\"> <a name=\"10\"><span class=\"versanumer_ljod\">10<\/span><\/a>\u00de\u00e1 mun hver ma\u00f0ur \u00f3ttast, <br \/>kunngj\u00f6ra d\u00e1\u00f0ir Gu\u00f0s <br \/>og gefa g\u00e6tur a\u00f0 verkum hans.<br \/> <\/span> <span class=\"ljodatexti\"> <a name=\"11\"><span class=\"versanumer_ljod\">11<\/span><\/a>Hinn r\u00e9ttl\u00e1ti gle\u00f0st yfir Drottni <br \/>og leitar h\u00e6lis hj\u00e1 honum<br \/>og allir hjartahreinir munu sigri hr\u00f3sa. <\/span> <\/p>\n","protected":false},"excerpt":{"rendered":"<p>1 Til s\u00f6ngstj\u00f3rans. Dav\u00ed\u00f0ss\u00e1lmur. 2Heyr, Gu\u00f0, raust m\u00edna er \u00e9g kveina,var\u00f0veit l\u00edf mitt fyrir \u00f3gnum \u00f3vinarins, 3sk\u00fdl m\u00e9r fyrir flokki illmenna,fyrir illvirkjam\u00fag 4er hvetur tungur s\u00ednar sem sver\u00f0,mi\u00f0ar eitru\u00f0um or\u00f0um l\u00edkt og \u00f6rvum 5til \u00feess a\u00f0 skj\u00f3ta \u00far launs\u00e1tri \u00e1 hinn r\u00e1\u00f0vanda,\u00feeir h\u00e6fa hann \u00f3v\u00e6nt, hvergi hr\u00e6ddir. 6\u00deeir eggja hver annan me\u00f0 illyr\u00f0um,r\u00e1\u00f0gast um a\u00f0 leggja sn\u00f6rur,spyrja: \u201eHver getur s\u00e9\u00f0 oss?\u201c 7\u00deeir \u00e1forma gl\u00e6pi, leyna l\u00e6v\u00edsum br\u00f6g\u00f0um.Hyld\u00fdpi er hugur manns og hjarta. 8\u00de\u00e1 sk\u00fdtur Gu\u00f0 \u00f6r gegn \u00feeim,\u00f3v\u00e6nt ver\u00f0a \u00feeir s\u00e1rir 9og tunga \u00feeirra ver\u00f0ur \u00feeim a\u00f0 falli.Hver sem s\u00e9r \u00fe\u00e1 hristir h\u00f6fu\u00f0i\u00f0og allir fyllast skelfingu. 10\u00de\u00e1 mun hver ma\u00f0ur <a href=\"https:\/\/biblian.is\/biblian\/salmarnir-64-kafli\/\"> [&#8230;]<\/a><\/p>\n","protected":false},"author":1,"featured_media":0,"parent":0,"menu_order":0,"comment_status":"open","ping_status":"open","template":"bibliukaflar_salmarnir.php","meta":{"footnotes":""},"class_list":["post-2159","page","type-page","status-publish","hentry"],"_links":{"self":[{"href":"https:\/\/biblian.is\/biblian\/wp-json\/wp\/v2\/pages\/2159","targetHints":{"allow":["GET"]}}],"collection":[{"href":"https:\/\/biblian.is\/biblian\/wp-json\/wp\/v2\/pages"}],"about":[{"href":"https:\/\/biblian.is\/biblian\/wp-json\/wp\/v2\/types\/page"}],"author":[{"embeddable":true,"href":"https:\/\/biblian.is\/biblian\/wp-json\/wp\/v2\/users\/1"}],"replies":[{"embeddable":true,"href":"https:\/\/biblian.is\/biblian\/wp-json\/wp\/v2\/comments?post=2159"}],"version-history":[{"count":0,"href":"https:\/\/biblian.is\/biblian\/wp-json\/wp\/v2\/pages\/2159\/revisions"}],"wp:attachment":[{"href":"https:\/\/biblian.is\/biblian\/wp-json\/wp\/v2\/media?parent=2159"}],"curies":[{"name":"wp","href":"https:\/\/api.w.org\/{rel}","templated":true}]}}