{"id":2156,"date":"2017-12-30T21:01:55","date_gmt":"2017-12-30T21:01:55","guid":{"rendered":"http:\/\/biblian.is\/biblian\/s%c2%87lmarnir-61-kafli\/"},"modified":"2020-05-30T18:12:44","modified_gmt":"2020-05-30T18:12:44","slug":"salmarnir-61-kafli","status":"publish","type":"page","link":"https:\/\/biblian.is\/biblian\/salmarnir-61-kafli\/","title":{"rendered":"S\u00e1lmarnir 61. kafli"},"content":{"rendered":"<p><a name=\"1\"><span class=\"versanumer_2007\">1<\/span><\/a> Til s\u00f6ngstj\u00f3rans. Me\u00f0 strengjaleik. Eftir Dav\u00ed\u00f0.<br \/> <span class=\"ljodatexti\"> <a name=\"2\"><span class=\"versanumer_ljod\">2<\/span><\/a>Heyr kvein mitt, Gu\u00f0,<br \/>hlusta \u00e1 b\u00e6n m\u00edna.<br \/> <\/span> <span class=\"ljodatexti\"> <a name=\"3\"><span class=\"versanumer_ljod\">3<\/span><\/a>\u00c9g hr\u00f3pa til \u00fe\u00edn fr\u00e1 endim\u00f6rkum jar\u00f0ar<br \/>\u00fev\u00ed a\u00f0 hjarta mitt \u00f6rv\u00e6ntir.<br \/> <\/span> <span class=\"ljodatexti\"> <a name=\"4\"><span class=\"versanumer_ljod\">4<\/span><\/a>Hef mig upp \u00e1 bjarg \u00fea\u00f0 sem m\u00e9r er of h\u00e1tt<br \/>\u00fev\u00ed a\u00f0 \u00fe\u00fa ert m\u00e9r h\u00e6li, <br \/>traust v\u00edgi gegn \u00f3vinum. <br \/> <\/span> <span class=\"ljodatexti\"> <a name=\"5\"><span class=\"versanumer_ljod\">5<\/span><\/a>L\u00e1t mig gista \u00ed tjaldi \u00fe\u00ednu um eil\u00edf\u00f0, <br \/>eiga athvarf \u00ed skj\u00f3li v\u00e6ngja \u00feinna (Sela)<br \/> <\/span> <span class=\"ljodatexti\"> <a name=\"6\"><span class=\"versanumer_ljod\">6<\/span><\/a>\u00fev\u00ed a\u00f0 \u00fe\u00fa, Gu\u00f0, hefur heyrt heit mitt,<br \/>fengi\u00f0 \u00feeim erf\u00f0ahlut sem \u00f3ttast nafn \u00feitt.<br \/> <\/span> <span class=\"ljodatexti\"> <a name=\"7\"><span class=\"versanumer_ljod\">7<\/span><\/a>\u00de\u00fa lengir l\u00edfdaga konungs, <br \/>l\u00e1t \u00e1r hans vara fr\u00e1 kyni til kyns. <br \/> <\/span> <span class=\"ljodatexti\"> <a name=\"8\"><span class=\"versanumer_ljod\">8<\/span><\/a>Hann skal um eil\u00edf\u00f0 sitja \u00ed h\u00e1s\u00e6ti frammi fyrir Gu\u00f0i, <br \/>l\u00e1t miskunn og tr\u00fafesti var\u00f0veita hann. <br \/> <\/span> <span class=\"ljodatexti\"> <a name=\"9\"><span class=\"versanumer_ljod\">9<\/span><\/a>\u00de\u00e1 vil \u00e9g syngja nafni \u00fe\u00ednu lof um aldur, <br \/>efna heit m\u00edn alla daga. <\/span> <\/p>\n","protected":false},"excerpt":{"rendered":"<p>1 Til s\u00f6ngstj\u00f3rans. Me\u00f0 strengjaleik. Eftir Dav\u00ed\u00f0. 2Heyr kvein mitt, Gu\u00f0,hlusta \u00e1 b\u00e6n m\u00edna. 3\u00c9g hr\u00f3pa til \u00fe\u00edn fr\u00e1 endim\u00f6rkum jar\u00f0ar\u00fev\u00ed a\u00f0 hjarta mitt \u00f6rv\u00e6ntir. 4Hef mig upp \u00e1 bjarg \u00fea\u00f0 sem m\u00e9r er of h\u00e1tt\u00fev\u00ed a\u00f0 \u00fe\u00fa ert m\u00e9r h\u00e6li, traust v\u00edgi gegn \u00f3vinum. 5L\u00e1t mig gista \u00ed tjaldi \u00fe\u00ednu um eil\u00edf\u00f0, eiga athvarf \u00ed skj\u00f3li v\u00e6ngja \u00feinna (Sela) 6\u00fev\u00ed a\u00f0 \u00fe\u00fa, Gu\u00f0, hefur heyrt heit mitt,fengi\u00f0 \u00feeim erf\u00f0ahlut sem \u00f3ttast nafn \u00feitt. 7\u00de\u00fa lengir l\u00edfdaga konungs, l\u00e1t \u00e1r hans vara fr\u00e1 kyni til kyns. 8Hann skal um eil\u00edf\u00f0 sitja \u00ed h\u00e1s\u00e6ti frammi fyrir Gu\u00f0i, l\u00e1t miskunn og tr\u00fafesti <a href=\"https:\/\/biblian.is\/biblian\/salmarnir-61-kafli\/\"> [&#8230;]<\/a><\/p>\n","protected":false},"author":1,"featured_media":0,"parent":0,"menu_order":0,"comment_status":"open","ping_status":"open","template":"bibliukaflar_salmarnir.php","meta":{"footnotes":""},"class_list":["post-2156","page","type-page","status-publish","hentry"],"_links":{"self":[{"href":"https:\/\/biblian.is\/biblian\/wp-json\/wp\/v2\/pages\/2156","targetHints":{"allow":["GET"]}}],"collection":[{"href":"https:\/\/biblian.is\/biblian\/wp-json\/wp\/v2\/pages"}],"about":[{"href":"https:\/\/biblian.is\/biblian\/wp-json\/wp\/v2\/types\/page"}],"author":[{"embeddable":true,"href":"https:\/\/biblian.is\/biblian\/wp-json\/wp\/v2\/users\/1"}],"replies":[{"embeddable":true,"href":"https:\/\/biblian.is\/biblian\/wp-json\/wp\/v2\/comments?post=2156"}],"version-history":[{"count":0,"href":"https:\/\/biblian.is\/biblian\/wp-json\/wp\/v2\/pages\/2156\/revisions"}],"wp:attachment":[{"href":"https:\/\/biblian.is\/biblian\/wp-json\/wp\/v2\/media?parent=2156"}],"curies":[{"name":"wp","href":"https:\/\/api.w.org\/{rel}","templated":true}]}}