{"id":2155,"date":"2017-12-30T21:01:55","date_gmt":"2017-12-30T21:01:55","guid":{"rendered":"http:\/\/biblian.is\/biblian\/s%c2%87lmarnir-60-kafli\/"},"modified":"2020-05-30T18:12:43","modified_gmt":"2020-05-30T18:12:43","slug":"salmarnir-60-kafli","status":"publish","type":"page","link":"https:\/\/biblian.is\/biblian\/salmarnir-60-kafli\/","title":{"rendered":"S\u00e1lmarnir 60. kafli"},"content":{"rendered":"<p><a name=\"1\"><span class=\"versanumer_2007\">1<\/span><\/a> Til s\u00f6ngstj\u00f3rans. Lag: Vitnisbur\u00f0arliljan. Miktam eftir Dav\u00ed\u00f0, til fr\u00e6\u00f0slu, <a name=\"2\"><span class=\"versanumer_2007\">2<\/span><\/a> \u00fe\u00e1 er hann bar\u00f0ist vi\u00f0 S\u00fdrlendinga fr\u00e1 Mes\u00f3p\u00f3tam\u00edu og S\u00fdrlendinga fr\u00e1 S\u00f3ba og J\u00f3ab sneri vi\u00f0 og vann sigur \u00e1 Ed\u00f3m\u00edtum \u00ed Saltdalnum, t\u00f3lf \u00fe\u00fasund manns.<br \/> <span class=\"ljodatexti\"> <a name=\"3\"><span class=\"versanumer_ljod\">3<\/span><\/a>Gu\u00f0, \u00fe\u00fa hefur \u00fatsk\u00fafa\u00f0 oss og tv\u00edstra\u00f0, <br \/>\u00fe\u00fa reiddist oss &#8211; reis oss vi\u00f0 a\u00f0 n\u00fdju.<br \/> <\/span> <span class=\"ljodatexti\"> <a name=\"4\"><span class=\"versanumer_ljod\">4<\/span><\/a>\u00de\u00fa l\u00e9st j\u00f6r\u00f0ina skj\u00e1lfa og rifna,<br \/>lagf\u00e6r\u00f0u sprungurnar \u00fev\u00ed a\u00f0 h\u00fan ri\u00f0ar.<br \/> <\/span> <span class=\"ljodatexti\"> <a name=\"5\"><span class=\"versanumer_ljod\">5<\/span><\/a>\u00de\u00fa l\u00e9st l\u00fd\u00f0 \u00feinn kenna \u00e1 h\u00f6r\u00f0u,<br \/>gafst oss v\u00edn a\u00f0 drekka svo a\u00f0 v\u00e9r reiku\u00f0um. <br \/> <\/span> <span class=\"ljodatexti\"> <a name=\"6\"><span class=\"versanumer_ljod\">6<\/span><\/a>\u00de\u00fa hefur gefi\u00f0 \u00feeim gunnf\u00e1na er \u00f3ttast \u00feig<br \/>svo a\u00f0 \u00feeir bjargist undan \u00f6rvahr\u00ed\u00f0. (Sela)<br \/> <\/span> <span class=\"ljodatexti\"> <a name=\"7\"><span class=\"versanumer_ljod\">7<\/span><\/a>Hj\u00e1lpa \u00fe\u00fa me\u00f0 m\u00e1ttarhendi \u00feinni og b\u00e6nheyr oss <br \/>til \u00feess a\u00f0 \u00feeir sem \u00fe\u00fa elskar megi frelsast. <br \/> <\/span> <span class=\"ljodatexti\"> <a name=\"8\"><span class=\"versanumer_ljod\">8<\/span><\/a>Gu\u00f0 hefur sagt \u00ed helgid\u00f3mi s\u00ednum:<br \/>\u201e\u00c9g vil fagna sigri, \u00e9g vil skipta S\u00edkem, <br \/>m\u00e6la S\u00fakk\u00f3tdalinn.<br \/> <\/span> <span class=\"ljodatexti\"> <a name=\"9\"><span class=\"versanumer_ljod\">9<\/span><\/a>\u00c9g \u00e1 G\u00edlea\u00f0 og \u00e9g \u00e1 Manasse,<br \/>Efra\u00edm er hj\u00e1lmurinn \u00e1 h\u00f6f\u00f0i m\u00e9r,<br \/>J\u00fada veldissproti minn,<br \/> <\/span> <span class=\"ljodatexti\"> <a name=\"10\"><span class=\"versanumer_ljod\">10<\/span><\/a>M\u00f3ab er handlaug m\u00edn,<br \/>\u00e9g fleygi sk\u00f3m m\u00ednum \u00e1 Ed\u00f3m, <br \/>hr\u00f3sa sigri yfir Filisteu.\u201c <br \/> <\/span> <span class=\"ljodatexti\"> <a name=\"11\"><span class=\"versanumer_ljod\">11<\/span><\/a>Hver lei\u00f0ir mig til virkisborgarinnar,<br \/>hver fylgir m\u00e9r til Ed\u00f3ms?<br \/> <\/span> <span class=\"ljodatexti\"> <a name=\"12\"><span class=\"versanumer_ljod\">12<\/span><\/a>Hefur \u00fe\u00fa \u00fatsk\u00fafa\u00f0 oss, Gu\u00f0, <br \/>og fer\u00f0 eigi \u00fat me\u00f0 hersveitum vorum?<br \/> <\/span> <span class=\"ljodatexti\"> <a name=\"13\"><span class=\"versanumer_ljod\">13<\/span><\/a>Veit oss li\u00f0 gegn fjandm\u00f6nnunum <br \/>\u00fev\u00ed a\u00f0 hj\u00e1lp manna er einskis n\u00fdt. <br \/> <\/span> <span class=\"ljodatexti\"> <a name=\"14\"><span class=\"versanumer_ljod\">14<\/span><\/a>Me\u00f0 Gu\u00f0s hj\u00e1lp vinnum v\u00e9r afrek <br \/>og hann mun tro\u00f0a \u00f3vini vora f\u00f3tum. <\/span> <\/p>\n","protected":false},"excerpt":{"rendered":"<p>1 Til s\u00f6ngstj\u00f3rans. Lag: Vitnisbur\u00f0arliljan. Miktam eftir Dav\u00ed\u00f0, til fr\u00e6\u00f0slu, 2 \u00fe\u00e1 er hann bar\u00f0ist vi\u00f0 S\u00fdrlendinga fr\u00e1 Mes\u00f3p\u00f3tam\u00edu og S\u00fdrlendinga fr\u00e1 S\u00f3ba og J\u00f3ab sneri vi\u00f0 og vann sigur \u00e1 Ed\u00f3m\u00edtum \u00ed Saltdalnum, t\u00f3lf \u00fe\u00fasund manns. 3Gu\u00f0, \u00fe\u00fa hefur \u00fatsk\u00fafa\u00f0 oss og tv\u00edstra\u00f0, \u00fe\u00fa reiddist oss &#8211; reis oss vi\u00f0 a\u00f0 n\u00fdju. 4\u00de\u00fa l\u00e9st j\u00f6r\u00f0ina skj\u00e1lfa og rifna,lagf\u00e6r\u00f0u sprungurnar \u00fev\u00ed a\u00f0 h\u00fan ri\u00f0ar. 5\u00de\u00fa l\u00e9st l\u00fd\u00f0 \u00feinn kenna \u00e1 h\u00f6r\u00f0u,gafst oss v\u00edn a\u00f0 drekka svo a\u00f0 v\u00e9r reiku\u00f0um. 6\u00de\u00fa hefur gefi\u00f0 \u00feeim gunnf\u00e1na er \u00f3ttast \u00feigsvo a\u00f0 \u00feeir bjargist undan \u00f6rvahr\u00ed\u00f0. (Sela) 7Hj\u00e1lpa \u00fe\u00fa me\u00f0 m\u00e1ttarhendi \u00feinni og b\u00e6nheyr <a href=\"https:\/\/biblian.is\/biblian\/salmarnir-60-kafli\/\"> [&#8230;]<\/a><\/p>\n","protected":false},"author":1,"featured_media":0,"parent":0,"menu_order":0,"comment_status":"open","ping_status":"open","template":"bibliukaflar_salmarnir.php","meta":{"footnotes":""},"class_list":["post-2155","page","type-page","status-publish","hentry"],"_links":{"self":[{"href":"https:\/\/biblian.is\/biblian\/wp-json\/wp\/v2\/pages\/2155","targetHints":{"allow":["GET"]}}],"collection":[{"href":"https:\/\/biblian.is\/biblian\/wp-json\/wp\/v2\/pages"}],"about":[{"href":"https:\/\/biblian.is\/biblian\/wp-json\/wp\/v2\/types\/page"}],"author":[{"embeddable":true,"href":"https:\/\/biblian.is\/biblian\/wp-json\/wp\/v2\/users\/1"}],"replies":[{"embeddable":true,"href":"https:\/\/biblian.is\/biblian\/wp-json\/wp\/v2\/comments?post=2155"}],"version-history":[{"count":0,"href":"https:\/\/biblian.is\/biblian\/wp-json\/wp\/v2\/pages\/2155\/revisions"}],"wp:attachment":[{"href":"https:\/\/biblian.is\/biblian\/wp-json\/wp\/v2\/media?parent=2155"}],"curies":[{"name":"wp","href":"https:\/\/api.w.org\/{rel}","templated":true}]}}