{"id":2154,"date":"2017-12-30T21:01:55","date_gmt":"2017-12-30T21:01:55","guid":{"rendered":"http:\/\/biblian.is\/biblian\/s%c2%87lmarnir-59-kafli\/"},"modified":"2020-05-30T18:12:43","modified_gmt":"2020-05-30T18:12:43","slug":"salmarnir-59-kafli","status":"publish","type":"page","link":"https:\/\/biblian.is\/biblian\/salmarnir-59-kafli\/","title":{"rendered":"S\u00e1lmarnir 59. kafli"},"content":{"rendered":"<p><a name=\"1\"><span class=\"versanumer_2007\">1<\/span><\/a> Til s\u00f6ngstj\u00f3rans. Lag: Spill eigi. Miktam eftir Dav\u00ed\u00f0 \u00fe\u00e1 er S\u00e1l sendi menn og \u00feeir h\u00e9ldu v\u00f6r\u00f0 um h\u00fasi\u00f0 til \u00feess a\u00f0 drepa hann.<br \/> <span class=\"ljodatexti\"> <a name=\"2\"><span class=\"versanumer_ljod\">2<\/span><\/a>Frelsa mig fr\u00e1 \u00f3vinum m\u00ednum, Gu\u00f0 minn, <br \/>bjarga m\u00e9r fr\u00e1 fjendum m\u00ednum.<br \/> <\/span> <span class=\"ljodatexti\"> <a name=\"3\"><span class=\"versanumer_ljod\">3<\/span><\/a>Frelsa mig fr\u00e1 illgj\u00f6r\u00f0am\u00f6nnunum <br \/>og hj\u00e1lpa m\u00e9r undan mor\u00f0ingjunum.<br \/> <\/span> <span class=\"ljodatexti\"> <a name=\"4\"><span class=\"versanumer_ljod\">4<\/span><\/a>Sj\u00e1, \u00feeir sitja um l\u00edf mitt, <br \/>hinir sterku r\u00e1\u00f0ast gegn m\u00e9r <br \/>\u00fe\u00f3tt \u00e9g hafi ekki broti\u00f0 e\u00f0a syndga\u00f0, Drottinn.<br \/> <\/span> <span class=\"ljodatexti\"> <a name=\"5\"><span class=\"versanumer_ljod\">5<\/span><\/a>\u00de\u00f3tt \u00e9g s\u00e9 saklaus hlaupa \u00feeir fram og b\u00faast til \u00e1hlaups.<br \/>Vakna \u00fe\u00fa m\u00e9r til li\u00f0veislu og l\u00edt \u00e1.<br \/> <\/span> <span class=\"ljodatexti\"> <a name=\"6\"><span class=\"versanumer_ljod\">6<\/span><\/a>Drottinn, Gu\u00f0 hersveitanna, \u00cdsraels Gu\u00f0,<br \/>vakna \u00fe\u00fa og vitja allra \u00fej\u00f3\u00f0a, <br \/>\u00feyrm eigi gu\u00f0lausum misgj\u00f6r\u00f0am\u00f6nnum. (Sela)<br \/> <\/span> <span class=\"ljodatexti\"> <a name=\"7\"><span class=\"versanumer_ljod\">7<\/span><\/a>\u00deeir sn\u00faa aftur \u00e1 kv\u00f6ldin, <br \/>\u00fdlfra eins og hundar<br \/>og sveima um borgina. <br \/> <\/span> <span class=\"ljodatexti\"> <a name=\"8\"><span class=\"versanumer_ljod\">8<\/span><\/a>Sj\u00e1, \u00fea\u00f0 vellur \u00far munni \u00feeirra,<br \/>sver\u00f0 eru \u00e1 v\u00f6rum \u00feeirra<br \/>en hver hlustar?<br \/> <\/span> <span class=\"ljodatexti\"> <a name=\"9\"><span class=\"versanumer_ljod\">9<\/span><\/a>En \u00fe\u00fa, Drottinn, hl\u00e6r\u00f0 a\u00f0 \u00feeim,<br \/>\u00fe\u00fa gerir gys a\u00f0 \u00f6llum \u00fej\u00f3\u00f0um.<br \/> <\/span> <span class=\"ljodatexti\"> <a name=\"10\"><span class=\"versanumer_ljod\">10<\/span><\/a>\u00de\u00fa ert kraftur minn, \u00fe\u00e9r fel \u00e9g mig <br \/>\u00fev\u00ed a\u00f0 Gu\u00f0 er v\u00edgi mitt.<br \/> <\/span> <span class=\"ljodatexti\"> <a name=\"11\"><span class=\"versanumer_ljod\">11<\/span><\/a>Gu\u00f0 kemur til m\u00f3ts vi\u00f0 mig \u00ed miskunn sinni, <br \/>Gu\u00f0 l\u00e6tur mig hlakka yfir \u00f3vinum m\u00ednum.<br \/> <\/span> <span class=\"ljodatexti\"> <a name=\"12\"><span class=\"versanumer_ljod\">12<\/span><\/a>Sviptu \u00fe\u00e1 ekki l\u00edfi svo a\u00f0 l\u00fd\u00f0ur minn gleymi eigi,<br \/>rektu \u00fe\u00e1 \u00e1 vergang me\u00f0 m\u00e6tti \u00fe\u00ednum <br \/>og felldu \u00fe\u00e1, Drottinn, skj\u00f6ldur vor.<br \/> <\/span> <span class=\"ljodatexti\"> <a name=\"13\"><span class=\"versanumer_ljod\">13<\/span><\/a>Or\u00f0 vara \u00feeirra eru synd munns \u00feeirra,<br \/>l\u00e1t \u00fe\u00e1 fl\u00e6kjast \u00ed eigin hroka <br \/>vegna \u00feeirra form\u00e6linga og lyga er \u00feeir tala. <br \/> <\/span> <span class=\"ljodatexti\"> <a name=\"14\"><span class=\"versanumer_ljod\">14<\/span><\/a>Afm\u00e1 \u00fe\u00e1 \u00ed rei\u00f0i, afm\u00e1 \u00fe\u00e1 uns \u00feeir eru horfnir,<br \/>\u00feannig a\u00f0 \u00f6llum ver\u00f0i lj\u00f3st allt til endimarka jar\u00f0ar<br \/>a\u00f0 Gu\u00f0 r\u00edkir yfir \u00e6tt Jakobs. (Sela)<br \/> <\/span> <span class=\"ljodatexti\"> <a name=\"15\"><span class=\"versanumer_ljod\">15<\/span><\/a>\u00deeir sn\u00faa aftur \u00e1 kv\u00f6ldin, <br \/>\u00fdlfra eins og hundar og sveima um borgina,<br \/> <\/span> <span class=\"ljodatexti\"> <a name=\"16\"><span class=\"versanumer_ljod\">16<\/span><\/a>\u00feeir eigra um \u00ed leit a\u00f0 \u00e6ti<br \/>og urra ef \u00feeir ver\u00f0a eigi saddir. <br \/> <\/span> <span class=\"ljodatexti\"> <a name=\"17\"><span class=\"versanumer_ljod\">17<\/span><\/a>En \u00e9g vil syngja um m\u00e1tt \u00feinn, <br \/>fagna yfir n\u00e1\u00f0 \u00feinni \u00e1 hverjum morgni<br \/>\u00fev\u00ed a\u00f0 \u00fe\u00fa hefur veri\u00f0 m\u00e9r v\u00edgi<br \/>og athvarf \u00e1 degi ney\u00f0ar minnar.<br \/> <\/span> <span class=\"ljodatexti\"> <a name=\"18\"><span class=\"versanumer_ljod\">18<\/span><\/a>\u00de\u00fa ert kraftur minn, um \u00feig vil \u00e9g syngja<br \/>\u00fev\u00ed a\u00f0 Gu\u00f0 er v\u00edgi mitt,<br \/>minn miskunnsami Gu\u00f0. <\/span> <\/p>\n","protected":false},"excerpt":{"rendered":"<p>1 Til s\u00f6ngstj\u00f3rans. Lag: Spill eigi. Miktam eftir Dav\u00ed\u00f0 \u00fe\u00e1 er S\u00e1l sendi menn og \u00feeir h\u00e9ldu v\u00f6r\u00f0 um h\u00fasi\u00f0 til \u00feess a\u00f0 drepa hann. 2Frelsa mig fr\u00e1 \u00f3vinum m\u00ednum, Gu\u00f0 minn, bjarga m\u00e9r fr\u00e1 fjendum m\u00ednum. 3Frelsa mig fr\u00e1 illgj\u00f6r\u00f0am\u00f6nnunum og hj\u00e1lpa m\u00e9r undan mor\u00f0ingjunum. 4Sj\u00e1, \u00feeir sitja um l\u00edf mitt, hinir sterku r\u00e1\u00f0ast gegn m\u00e9r \u00fe\u00f3tt \u00e9g hafi ekki broti\u00f0 e\u00f0a syndga\u00f0, Drottinn. 5\u00de\u00f3tt \u00e9g s\u00e9 saklaus hlaupa \u00feeir fram og b\u00faast til \u00e1hlaups.Vakna \u00fe\u00fa m\u00e9r til li\u00f0veislu og l\u00edt \u00e1. 6Drottinn, Gu\u00f0 hersveitanna, \u00cdsraels Gu\u00f0,vakna \u00fe\u00fa og vitja allra \u00fej\u00f3\u00f0a, \u00feyrm eigi gu\u00f0lausum misgj\u00f6r\u00f0am\u00f6nnum. (Sela) 7\u00deeir sn\u00faa <a href=\"https:\/\/biblian.is\/biblian\/salmarnir-59-kafli\/\"> [&#8230;]<\/a><\/p>\n","protected":false},"author":1,"featured_media":0,"parent":0,"menu_order":0,"comment_status":"open","ping_status":"open","template":"bibliukaflar_salmarnir.php","meta":{"footnotes":""},"class_list":["post-2154","page","type-page","status-publish","hentry"],"_links":{"self":[{"href":"https:\/\/biblian.is\/biblian\/wp-json\/wp\/v2\/pages\/2154","targetHints":{"allow":["GET"]}}],"collection":[{"href":"https:\/\/biblian.is\/biblian\/wp-json\/wp\/v2\/pages"}],"about":[{"href":"https:\/\/biblian.is\/biblian\/wp-json\/wp\/v2\/types\/page"}],"author":[{"embeddable":true,"href":"https:\/\/biblian.is\/biblian\/wp-json\/wp\/v2\/users\/1"}],"replies":[{"embeddable":true,"href":"https:\/\/biblian.is\/biblian\/wp-json\/wp\/v2\/comments?post=2154"}],"version-history":[{"count":0,"href":"https:\/\/biblian.is\/biblian\/wp-json\/wp\/v2\/pages\/2154\/revisions"}],"wp:attachment":[{"href":"https:\/\/biblian.is\/biblian\/wp-json\/wp\/v2\/media?parent=2154"}],"curies":[{"name":"wp","href":"https:\/\/api.w.org\/{rel}","templated":true}]}}