{"id":2153,"date":"2017-12-30T21:01:55","date_gmt":"2017-12-30T21:01:55","guid":{"rendered":"http:\/\/biblian.is\/biblian\/s%c2%87lmarnir-58-kafli\/"},"modified":"2020-05-30T18:12:43","modified_gmt":"2020-05-30T18:12:43","slug":"salmarnir-58-kafli","status":"publish","type":"page","link":"https:\/\/biblian.is\/biblian\/salmarnir-58-kafli\/","title":{"rendered":"S\u00e1lmarnir 58. kafli"},"content":{"rendered":"<p><a name=\"1\"><span class=\"versanumer_2007\">1<\/span><\/a> Til s\u00f6ngstj\u00f3rans. Lag: Spill eigi. Dav\u00ed\u00f0smiktam.<br \/> <span class=\"ljodatexti\"> <a name=\"2\"><span class=\"versanumer_ljod\">2<\/span><\/a>\u00de\u00e9r voldugu, tali\u00f0 \u00fe\u00e9r \u00ed sannleika \u00fea\u00f0 sem r\u00e9tt er? <br \/>D\u00e6mi\u00f0 \u00fe\u00e9r mennina af sanngirni? <br \/> <\/span> <span class=\"ljodatexti\"> <a name=\"3\"><span class=\"versanumer_ljod\">3<\/span><\/a>Nei, allir a\u00f0hafist \u00fe\u00e9r rangl\u00e6ti \u00e1 j\u00f6r\u00f0u, <br \/>hendur y\u00f0ar deila \u00fat ofbeldi.<br \/> <\/span> <span class=\"ljodatexti\"> <a name=\"4\"><span class=\"versanumer_ljod\">4<\/span><\/a>Gu\u00f0lausir menn villast allt fr\u00e1 f\u00e6\u00f0ingu,<br \/>lygarar fara villir vegar fr\u00e1 m\u00f3\u00f0urskauti. <br \/> <\/span> <span class=\"ljodatexti\"> <a name=\"5\"><span class=\"versanumer_ljod\">5<\/span><\/a>\u00deeir eru eitra\u00f0ir sem slanga,<br \/>eins og heyrnarlaus eiturna\u00f0ra <br \/>sem lokar eyrum s\u00ednum<br \/> <\/span> <span class=\"ljodatexti\"> <a name=\"6\"><span class=\"versanumer_ljod\">6<\/span><\/a>og hlustar ekki \u00e1 r\u00f6dd sl\u00f6ngutemjarans, <br \/>hins slungna t\u00f6framanns.<br \/> <\/span> <span class=\"ljodatexti\"> <a name=\"7\"><span class=\"versanumer_ljod\">7<\/span><\/a>Gu\u00f0, brj\u00f3ttu tennurnar \u00ed munni \u00feeirra, <br \/>m\u00f6lva\u00f0u v\u00edgtennur lj\u00f3nanna, Drottinn,<br \/> <\/span> <span class=\"ljodatexti\"> <a name=\"8\"><span class=\"versanumer_ljod\">8<\/span><\/a>l\u00e1ttu \u00fe\u00e1 renna \u00ed sundur eins og vatn sem seytlar burt,<br \/>skr\u00e6lna eins og gras \u00e1 vegi, <br \/> <\/span> <span class=\"ljodatexti\"> <a name=\"9\"><span class=\"versanumer_ljod\">9<\/span><\/a>eins og snigil sem leysist upp \u00ed sl\u00edm,<br \/>andvana f\u00e6tt barn sem aldrei s\u00e9r s\u00f3lina.<br \/> <\/span> <span class=\"ljodatexti\"> <a name=\"10\"><span class=\"versanumer_ljod\">10<\/span><\/a>\u00c1\u00f0ur en \u00feyrnar \u00feeirra vaxa saman \u00ed runna<br \/>feykir hann \u00feeim burt eins og \u00feistlum og illgresi. <span class=\"nedan_mal\" title=\" \u00d6nnur hugsanleg \u00fe\u00fd\u00f0ing: \u00c1\u00f0ur en pottar y\u00f0ar kenna hitans af \u00feyrnunum, \/ hvort sem \u00feyrnarnir eru gr\u00e6nir e\u00f0a gl\u00f3andi, \/ feykir hann hinum illa burt.\">[<\/span> <br \/> <\/span> <span class=\"ljodatexti\"> <a name=\"11\"><span class=\"versanumer_ljod\">11<\/span><\/a>Hinn r\u00e9ttl\u00e1ti mun fagna<br \/>\u00feegar hann s\u00e9r hefndina, <br \/>hann mun lauga f\u00e6tur s\u00edna \u00ed bl\u00f3\u00f0i hinna \u00f3gu\u00f0legu.<br \/> <\/span> <span class=\"ljodatexti\"> <a name=\"12\"><span class=\"versanumer_ljod\">12<\/span><\/a>\u00de\u00e1 munu menn segja: \u201eHinn r\u00e9ttl\u00e1ti hl\u00fdtur umbun, <br \/>til er Gu\u00f0 sem d\u00e6mir \u00e1 j\u00f6r\u00f0inni.\u201c <\/span> <\/p>\n","protected":false},"excerpt":{"rendered":"<p>1 Til s\u00f6ngstj\u00f3rans. Lag: Spill eigi. Dav\u00ed\u00f0smiktam. 2\u00de\u00e9r voldugu, tali\u00f0 \u00fe\u00e9r \u00ed sannleika \u00fea\u00f0 sem r\u00e9tt er? D\u00e6mi\u00f0 \u00fe\u00e9r mennina af sanngirni? 3Nei, allir a\u00f0hafist \u00fe\u00e9r rangl\u00e6ti \u00e1 j\u00f6r\u00f0u, hendur y\u00f0ar deila \u00fat ofbeldi. 4Gu\u00f0lausir menn villast allt fr\u00e1 f\u00e6\u00f0ingu,lygarar fara villir vegar fr\u00e1 m\u00f3\u00f0urskauti. 5\u00deeir eru eitra\u00f0ir sem slanga,eins og heyrnarlaus eiturna\u00f0ra sem lokar eyrum s\u00ednum 6og hlustar ekki \u00e1 r\u00f6dd sl\u00f6ngutemjarans, hins slungna t\u00f6framanns. 7Gu\u00f0, brj\u00f3ttu tennurnar \u00ed munni \u00feeirra, m\u00f6lva\u00f0u v\u00edgtennur lj\u00f3nanna, Drottinn, 8l\u00e1ttu \u00fe\u00e1 renna \u00ed sundur eins og vatn sem seytlar burt,skr\u00e6lna eins og gras \u00e1 vegi, 9eins og snigil sem leysist upp \u00ed sl\u00edm,andvana <a href=\"https:\/\/biblian.is\/biblian\/salmarnir-58-kafli\/\"> [&#8230;]<\/a><\/p>\n","protected":false},"author":1,"featured_media":0,"parent":0,"menu_order":0,"comment_status":"open","ping_status":"open","template":"bibliukaflar_salmarnir.php","meta":{"footnotes":""},"class_list":["post-2153","page","type-page","status-publish","hentry"],"_links":{"self":[{"href":"https:\/\/biblian.is\/biblian\/wp-json\/wp\/v2\/pages\/2153","targetHints":{"allow":["GET"]}}],"collection":[{"href":"https:\/\/biblian.is\/biblian\/wp-json\/wp\/v2\/pages"}],"about":[{"href":"https:\/\/biblian.is\/biblian\/wp-json\/wp\/v2\/types\/page"}],"author":[{"embeddable":true,"href":"https:\/\/biblian.is\/biblian\/wp-json\/wp\/v2\/users\/1"}],"replies":[{"embeddable":true,"href":"https:\/\/biblian.is\/biblian\/wp-json\/wp\/v2\/comments?post=2153"}],"version-history":[{"count":0,"href":"https:\/\/biblian.is\/biblian\/wp-json\/wp\/v2\/pages\/2153\/revisions"}],"wp:attachment":[{"href":"https:\/\/biblian.is\/biblian\/wp-json\/wp\/v2\/media?parent=2153"}],"curies":[{"name":"wp","href":"https:\/\/api.w.org\/{rel}","templated":true}]}}