{"id":2152,"date":"2017-12-30T21:01:55","date_gmt":"2017-12-30T21:01:55","guid":{"rendered":"http:\/\/biblian.is\/biblian\/s%c2%87lmarnir-57-kafli\/"},"modified":"2020-05-30T18:12:43","modified_gmt":"2020-05-30T18:12:43","slug":"salmarnir-57-kafli","status":"publish","type":"page","link":"https:\/\/biblian.is\/biblian\/salmarnir-57-kafli\/","title":{"rendered":"S\u00e1lmarnir 57. kafli"},"content":{"rendered":"<p><a name=\"1\"><span class=\"versanumer_2007\">1<\/span><\/a> Til s\u00f6ngstj\u00f3rans. Lag: Spill eigi. <br \/> Miktam eftir Dav\u00ed\u00f0 \u00fe\u00e1 er hann fl\u00fd\u00f0i inn \u00ed hellinn undan S\u00e1l.<br \/> <span class=\"ljodatexti\"> <a name=\"2\"><span class=\"versanumer_ljod\">2<\/span><\/a>Ver m\u00e9r n\u00e1\u00f0ugur, Gu\u00f0, ver m\u00e9r n\u00e1\u00f0ugur<br \/>\u00fev\u00ed a\u00f0 hj\u00e1 \u00fe\u00e9r leita \u00e9g h\u00e6lis,<br \/>\u00ed skugga v\u00e6ngja \u00feinna leita \u00e9g h\u00e6lis<br \/>\u00fear til vo\u00f0inn er li\u00f0inn hj\u00e1.<br \/> <\/span> <span class=\"ljodatexti\"> <a name=\"3\"><span class=\"versanumer_ljod\">3<\/span><\/a>\u00c9g hr\u00f3pa til Gu\u00f0s, Hins h\u00e6sta,<br \/>til Gu\u00f0s sem reynist m\u00e9r vel.<br \/> <\/span> <span class=\"ljodatexti\"> <a name=\"4\"><span class=\"versanumer_ljod\">4<\/span><\/a>Hann sendir hj\u00e1lp fr\u00e1 himnum<br \/>\u00feegar s\u00e1 er ofs\u00e6kir mig h\u00e6\u00f0ir mig. (Sela)<br \/>Gu\u00f0 mun senda n\u00e1\u00f0 s\u00edna og tr\u00fafesti.<br \/> <\/span> <span class=\"ljodatexti\"> <a name=\"5\"><span class=\"versanumer_ljod\">5<\/span><\/a>\u00c9g ligg innan um lj\u00f3n sem hungrar \u00ed menn,<br \/>tennur \u00feeirra eru spj\u00f3t og \u00f6rvar,<br \/>tungur \u00feeirra bitur sver\u00f0.<br \/> <\/span> <span class=\"ljodatexti\"> <a name=\"6\"><span class=\"versanumer_ljod\">6<\/span><\/a>S\u00fdn \u00feig himnum h\u00e6rri, Gu\u00f0.<br \/>D\u00fdr\u00f0 \u00fe\u00edn brei\u00f0ist yfir gj\u00f6rvalla j\u00f6r\u00f0ina.<br \/> <\/span> <span class=\"ljodatexti\"> <a name=\"7\"><span class=\"versanumer_ljod\">7<\/span><\/a>\u00deeir l\u00f6g\u00f0u net fyrir f\u00e6tur m\u00e9r<br \/>og beyg\u00f0u s\u00e1l m\u00edna, <br \/>\u00feeir gr\u00f3fu m\u00e9r gryfju<br \/>en f\u00e9llu sj\u00e1lfir \u00ed hana. (Sela)<br \/> <\/span> <span class=\"ljodatexti\"> <a name=\"8\"><span class=\"versanumer_ljod\">8<\/span><\/a>Hjarta mitt er st\u00f6\u00f0ugt, Gu\u00f0, hjarta mitt er st\u00f6\u00f0ugt.<br \/>\u00c9g vil syngja og leika. <br \/> <\/span> <span class=\"ljodatexti\"> <a name=\"9\"><span class=\"versanumer_ljod\">9<\/span><\/a>Vakna \u00fe\u00fa, s\u00e1l m\u00edn, <br \/>vakna \u00fe\u00fa, harpa og g\u00edgja, <br \/>\u00e9g vil vekja morgunro\u00f0ann.<br \/> <\/span> <span class=\"ljodatexti\"> <a name=\"10\"><span class=\"versanumer_ljod\">10<\/span><\/a>\u00c9g vil lofa \u00feig me\u00f0al l\u00fd\u00f0anna, Drottinn, <br \/>vegsama \u00feig me\u00f0al \u00fej\u00f3\u00f0anna<br \/> <\/span> <span class=\"ljodatexti\"> <a name=\"11\"><span class=\"versanumer_ljod\">11<\/span><\/a>\u00fev\u00ed a\u00f0 miskunn \u00fe\u00edn n\u00e6r til himna <br \/>og tr\u00fafesti \u00fe\u00edn til sk\u00fdjanna.<br \/> <\/span> <span class=\"ljodatexti\"> <a name=\"12\"><span class=\"versanumer_ljod\">12<\/span><\/a>S\u00fdn \u00feig himnum h\u00e6rri, Gu\u00f0.<br \/>D\u00fdr\u00f0 \u00fe\u00edn brei\u00f0ist yfir gj\u00f6rvalla j\u00f6r\u00f0ina. <\/span> <\/p>\n","protected":false},"excerpt":{"rendered":"<p>1 Til s\u00f6ngstj\u00f3rans. Lag: Spill eigi. Miktam eftir Dav\u00ed\u00f0 \u00fe\u00e1 er hann fl\u00fd\u00f0i inn \u00ed hellinn undan S\u00e1l. 2Ver m\u00e9r n\u00e1\u00f0ugur, Gu\u00f0, ver m\u00e9r n\u00e1\u00f0ugur\u00fev\u00ed a\u00f0 hj\u00e1 \u00fe\u00e9r leita \u00e9g h\u00e6lis,\u00ed skugga v\u00e6ngja \u00feinna leita \u00e9g h\u00e6lis\u00fear til vo\u00f0inn er li\u00f0inn hj\u00e1. 3\u00c9g hr\u00f3pa til Gu\u00f0s, Hins h\u00e6sta,til Gu\u00f0s sem reynist m\u00e9r vel. 4Hann sendir hj\u00e1lp fr\u00e1 himnum\u00feegar s\u00e1 er ofs\u00e6kir mig h\u00e6\u00f0ir mig. (Sela)Gu\u00f0 mun senda n\u00e1\u00f0 s\u00edna og tr\u00fafesti. 5\u00c9g ligg innan um lj\u00f3n sem hungrar \u00ed menn,tennur \u00feeirra eru spj\u00f3t og \u00f6rvar,tungur \u00feeirra bitur sver\u00f0. 6S\u00fdn \u00feig himnum h\u00e6rri, Gu\u00f0.D\u00fdr\u00f0 \u00fe\u00edn brei\u00f0ist yfir gj\u00f6rvalla j\u00f6r\u00f0ina. 7\u00deeir l\u00f6g\u00f0u <a href=\"https:\/\/biblian.is\/biblian\/salmarnir-57-kafli\/\"> [&#8230;]<\/a><\/p>\n","protected":false},"author":1,"featured_media":0,"parent":0,"menu_order":0,"comment_status":"open","ping_status":"open","template":"bibliukaflar_salmarnir.php","meta":{"footnotes":""},"class_list":["post-2152","page","type-page","status-publish","hentry"],"_links":{"self":[{"href":"https:\/\/biblian.is\/biblian\/wp-json\/wp\/v2\/pages\/2152","targetHints":{"allow":["GET"]}}],"collection":[{"href":"https:\/\/biblian.is\/biblian\/wp-json\/wp\/v2\/pages"}],"about":[{"href":"https:\/\/biblian.is\/biblian\/wp-json\/wp\/v2\/types\/page"}],"author":[{"embeddable":true,"href":"https:\/\/biblian.is\/biblian\/wp-json\/wp\/v2\/users\/1"}],"replies":[{"embeddable":true,"href":"https:\/\/biblian.is\/biblian\/wp-json\/wp\/v2\/comments?post=2152"}],"version-history":[{"count":0,"href":"https:\/\/biblian.is\/biblian\/wp-json\/wp\/v2\/pages\/2152\/revisions"}],"wp:attachment":[{"href":"https:\/\/biblian.is\/biblian\/wp-json\/wp\/v2\/media?parent=2152"}],"curies":[{"name":"wp","href":"https:\/\/api.w.org\/{rel}","templated":true}]}}