{"id":2150,"date":"2017-12-30T21:01:55","date_gmt":"2017-12-30T21:01:55","guid":{"rendered":"http:\/\/biblian.is\/biblian\/s%c2%87lmarnir-55-kafli\/"},"modified":"2020-05-30T18:12:42","modified_gmt":"2020-05-30T18:12:42","slug":"salmarnir-55-kafli","status":"publish","type":"page","link":"https:\/\/biblian.is\/biblian\/salmarnir-55-kafli\/","title":{"rendered":"S\u00e1lmarnir 55. kafli"},"content":{"rendered":"<p><a name=\"1\"><span class=\"versanumer_2007\">1<\/span><\/a> Til s\u00f6ngstj\u00f3rans. Me\u00f0 strengjaleik. Dav\u00ed\u00f0smask\u00edl.<br \/> <span class=\"ljodatexti\"> <a name=\"2\"><span class=\"versanumer_ljod\">2<\/span><\/a>Hl\u00fd\u00f0, Gu\u00f0, \u00e1 b\u00e6n m\u00edna, <br \/>fel \u00feig eigi \u00feegar \u00e9g s\u00e1rb\u00e6ni \u00feig.<br \/> <\/span> <span class=\"ljodatexti\"> <a name=\"3\"><span class=\"versanumer_ljod\">3<\/span><\/a>Hlusta og svara m\u00e9r,<br \/>\u00e9g er \u00f3r\u00f3r og kveina, <br \/> <\/span> <span class=\"ljodatexti\"> <a name=\"4\"><span class=\"versanumer_ljod\">4<\/span><\/a>skelfingu lostinn yfir hr\u00f3pum \u00f3vinarins,<br \/>\u00e1s\u00f3kn hins \u00f3gu\u00f0lega,<br \/>\u00fev\u00ed a\u00f0 \u00feeir steypa yfir mig \u00f3g\u00e6fu<br \/>og ofs\u00e6kja mig grimmilega.<br \/> <\/span> <span class=\"ljodatexti\"> <a name=\"5\"><span class=\"versanumer_ljod\">5<\/span><\/a>Hjarta\u00f0 berst \u00e1kaft \u00ed brj\u00f3sti m\u00e9r,<br \/>dau\u00f0ans angist kemur yfir mig.<br \/> <\/span> <span class=\"ljodatexti\"> <a name=\"6\"><span class=\"versanumer_ljod\">6<\/span><\/a>\u00d3tti og skelfing n\u00edsta mig<br \/>og hryllingur fer um mig allan<br \/> <\/span> <span class=\"ljodatexti\"> <a name=\"7\"><span class=\"versanumer_ljod\">7<\/span><\/a>svo a\u00f0 \u00e9g segi: \u201e\u00d3, a\u00f0 \u00e9g hef\u00f0i v\u00e6ngi eins og d\u00fafan,<br \/>\u00fe\u00e1 mundi \u00e9g flj\u00faga burt og finna hv\u00edldarsta\u00f0, <br \/> <\/span> <span class=\"ljodatexti\"> <a name=\"8\"><span class=\"versanumer_ljod\">8<\/span><\/a>mundi sv\u00edfa langt burt,<br \/>vera um kyrrt \u00ed ey\u00f0im\u00f6rkinni. (Sela)<br \/> <\/span> <span class=\"ljodatexti\"> <a name=\"9\"><span class=\"versanumer_ljod\">9<\/span><\/a>\u00c9g mundi fl\u00fdta m\u00e9r a\u00f0 finna h\u00e6li<br \/>fyrir \u00fej\u00f3tandi vindum og ve\u00f0ri.\u201c<br \/> <\/span> <span class=\"ljodatexti\"> <a name=\"10\"><span class=\"versanumer_ljod\">10<\/span><\/a>Sundra \u00feeim, Drottinn, rugla m\u00e1l \u00feeirra <br \/>\u00fev\u00ed a\u00f0 \u00e9g s\u00e9 k\u00fagun og deilur \u00ed borginni.<br \/> <\/span> <span class=\"ljodatexti\"> <a name=\"11\"><span class=\"versanumer_ljod\">11<\/span><\/a>N\u00f3tt sem dag ganga \u00fe\u00e6r \u00e1 m\u00farnum umhverfis hana<br \/>en rangl\u00e6ti og arm\u00e6\u00f0a eru \u00fear inni fyrir.<br \/> <\/span> <span class=\"ljodatexti\"> <a name=\"12\"><span class=\"versanumer_ljod\">12<\/span><\/a>Gl\u00f6tun er inni \u00ed henni, <br \/>ofbeldi og svik v\u00edkja eigi burt fr\u00e1 torgi hennar<br \/> <\/span> <span class=\"ljodatexti\"> <a name=\"13\"><span class=\"versanumer_ljod\">13<\/span><\/a>\u00fev\u00ed a\u00f0 \u00fea\u00f0 er eigi \u00f3vinur sem h\u00e6\u00f0ir mig, <br \/>\u00fea\u00f0 g\u00e6ti \u00e9g \u00feola\u00f0, <br \/>og eigi hatursma\u00f0ur minn er hreykir s\u00e9r yfir mig,<br \/>fyrir honum g\u00e6ti \u00e9g fari\u00f0 \u00ed felur, <br \/> <\/span> <span class=\"ljodatexti\"> <a name=\"14\"><span class=\"versanumer_ljod\">14<\/span><\/a>heldur \u00fe\u00fa, jafningi minn, <br \/>vinur minn og f\u00e9lagi. <br \/> <\/span> <span class=\"ljodatexti\"> <a name=\"15\"><span class=\"versanumer_ljod\">15<\/span><\/a>Vi\u00f0 vorum \u00e1st\u00fa\u00f0arvinir <br \/>er vi\u00f0 gengum \u00ed mann\u00fer\u00f6nginni \u00ed h\u00fas Gu\u00f0s.<br \/> <\/span> <span class=\"ljodatexti\"> <a name=\"16\"><span class=\"versanumer_ljod\">16<\/span><\/a>Dau\u00f0inn komi yfir \u00fe\u00e1, <br \/>st\u00edgi \u00feeir lifandi ni\u00f0ur til heljar<br \/>\u00fev\u00ed a\u00f0 illskan \u00e1 s\u00e9r b\u00fasta\u00f0 \u00ed barmi \u00feeirra.<br \/> <\/span> <span class=\"ljodatexti\"> <a name=\"17\"><span class=\"versanumer_ljod\">17<\/span><\/a>En \u00e9g hr\u00f3pa til Gu\u00f0s<br \/>og Drottinn mun hj\u00e1lpa m\u00e9r.<br \/> <\/span> <span class=\"ljodatexti\"> <a name=\"18\"><span class=\"versanumer_ljod\">18<\/span><\/a>Morgun, kv\u00f6ld og mi\u00f0jan dag<br \/>kveina \u00e9g og styn <br \/>og hann b\u00e6nheyrir mig, <br \/> <\/span> <span class=\"ljodatexti\"> <a name=\"19\"><span class=\"versanumer_ljod\">19<\/span><\/a>hann endurleysir s\u00e1l m\u00edna og gefur m\u00e9r fri\u00f0<br \/>fr\u00e1 \u00feeim sem r\u00e1\u00f0ast \u00e1 mig <br \/>en m\u00f3tst\u00f6\u00f0umenn m\u00ednir eru margir.<br \/> <\/span> <span class=\"ljodatexti\"> <a name=\"20\"><span class=\"versanumer_ljod\">20<\/span><\/a>Gu\u00f0 b\u00e6nheyrir mig og au\u00f0m\u00fdkir \u00fe\u00e1,<br \/>hann sem hefur r\u00edkt fr\u00e1 upphafi, (Sela)<br \/>\u00fev\u00ed a\u00f0 \u00feeir b\u00e6ta eigi r\u00e1\u00f0 sitt <br \/>og \u00f3ttast eigi Gu\u00f0.<br \/> <\/span> <span class=\"ljodatexti\"> <a name=\"21\"><span class=\"versanumer_ljod\">21<\/span><\/a>Fyrrum f\u00e9lagi minn lag\u00f0i hendur \u00e1 vini s\u00edna,<br \/>rauf s\u00e1ttm\u00e1lann sem hann haf\u00f0i gert. <br \/> <\/span> <span class=\"ljodatexti\"> <a name=\"22\"><span class=\"versanumer_ljod\">22<\/span><\/a> H\u00e1lli en smj\u00f6r er tunga hans<br \/>en \u00f3fri\u00f0ur \u00ed hjarta,<br \/>m\u00fdkri en ol\u00eda eru or\u00f0 hans<br \/>og \u00fe\u00f3 sem brug\u00f0in sver\u00f0.<br \/> <\/span> <span class=\"ljodatexti\"> <a name=\"23\"><span class=\"versanumer_ljod\">23<\/span><\/a> Varpa \u00e1hyggjum \u00fe\u00ednum \u00e1 Drottin,<br \/>hann mun bera umhyggju fyrir \u00fe\u00e9r,<br \/>aldrei a\u00f0 eil\u00edfu <br \/>l\u00e6tur hann r\u00e9ttl\u00e1tan mann hrasa. <br \/> <\/span> <span class=\"ljodatexti\"> <a name=\"24\"><span class=\"versanumer_ljod\">24<\/span><\/a> En Gu\u00f0, \u00fe\u00fa munt steypa \u00feeim ni\u00f0ur \u00ed grafardj\u00fapi\u00f0. <br \/>Mor\u00f0ingjar og svikarar n\u00e1 ekki mi\u00f0jum aldri <br \/>en \u00e9g treysti \u00fe\u00e9r. <\/span> <\/p>\n","protected":false},"excerpt":{"rendered":"<p>1 Til s\u00f6ngstj\u00f3rans. Me\u00f0 strengjaleik. Dav\u00ed\u00f0smask\u00edl. 2Hl\u00fd\u00f0, Gu\u00f0, \u00e1 b\u00e6n m\u00edna, fel \u00feig eigi \u00feegar \u00e9g s\u00e1rb\u00e6ni \u00feig. 3Hlusta og svara m\u00e9r,\u00e9g er \u00f3r\u00f3r og kveina, 4skelfingu lostinn yfir hr\u00f3pum \u00f3vinarins,\u00e1s\u00f3kn hins \u00f3gu\u00f0lega,\u00fev\u00ed a\u00f0 \u00feeir steypa yfir mig \u00f3g\u00e6fuog ofs\u00e6kja mig grimmilega. 5Hjarta\u00f0 berst \u00e1kaft \u00ed brj\u00f3sti m\u00e9r,dau\u00f0ans angist kemur yfir mig. 6\u00d3tti og skelfing n\u00edsta migog hryllingur fer um mig allan 7svo a\u00f0 \u00e9g segi: \u201e\u00d3, a\u00f0 \u00e9g hef\u00f0i v\u00e6ngi eins og d\u00fafan,\u00fe\u00e1 mundi \u00e9g flj\u00faga burt og finna hv\u00edldarsta\u00f0, 8mundi sv\u00edfa langt burt,vera um kyrrt \u00ed ey\u00f0im\u00f6rkinni. (Sela) 9\u00c9g mundi fl\u00fdta m\u00e9r a\u00f0 finna h\u00e6lifyrir \u00fej\u00f3tandi vindum og <a href=\"https:\/\/biblian.is\/biblian\/salmarnir-55-kafli\/\"> [&#8230;]<\/a><\/p>\n","protected":false},"author":1,"featured_media":0,"parent":0,"menu_order":0,"comment_status":"open","ping_status":"open","template":"bibliukaflar_salmarnir.php","meta":{"footnotes":""},"class_list":["post-2150","page","type-page","status-publish","hentry"],"_links":{"self":[{"href":"https:\/\/biblian.is\/biblian\/wp-json\/wp\/v2\/pages\/2150","targetHints":{"allow":["GET"]}}],"collection":[{"href":"https:\/\/biblian.is\/biblian\/wp-json\/wp\/v2\/pages"}],"about":[{"href":"https:\/\/biblian.is\/biblian\/wp-json\/wp\/v2\/types\/page"}],"author":[{"embeddable":true,"href":"https:\/\/biblian.is\/biblian\/wp-json\/wp\/v2\/users\/1"}],"replies":[{"embeddable":true,"href":"https:\/\/biblian.is\/biblian\/wp-json\/wp\/v2\/comments?post=2150"}],"version-history":[{"count":0,"href":"https:\/\/biblian.is\/biblian\/wp-json\/wp\/v2\/pages\/2150\/revisions"}],"wp:attachment":[{"href":"https:\/\/biblian.is\/biblian\/wp-json\/wp\/v2\/media?parent=2150"}],"curies":[{"name":"wp","href":"https:\/\/api.w.org\/{rel}","templated":true}]}}