{"id":2149,"date":"2017-12-30T21:01:55","date_gmt":"2017-12-30T21:01:55","guid":{"rendered":"http:\/\/biblian.is\/biblian\/s%c2%87lmarnir-54-kafli\/"},"modified":"2020-05-30T18:12:42","modified_gmt":"2020-05-30T18:12:42","slug":"salmarnir-54-kafli","status":"publish","type":"page","link":"https:\/\/biblian.is\/biblian\/salmarnir-54-kafli\/","title":{"rendered":"S\u00e1lmarnir 54. kafli"},"content":{"rendered":"<p><a name=\"1\"><span class=\"versanumer_2007\">1<\/span><\/a> Til s\u00f6ngstj\u00f3rans. Me\u00f0 strengjaleik. Mask\u00edl eftir Dav\u00ed\u00f0 <a name=\"2\"><span class=\"versanumer_2007\">2<\/span><\/a> \u00feegar Sif\u00edtar komu og s\u00f6g\u00f0u vi\u00f0 S\u00e1l: \u201eDav\u00ed\u00f0 felur sig hj\u00e1 oss.\u201c<br \/> <span class=\"ljodatexti\"> <a name=\"3\"><span class=\"versanumer_ljod\">3<\/span><\/a>Hj\u00e1lpa m\u00e9r, Gu\u00f0, me\u00f0 nafni \u00fe\u00ednu,<br \/>r\u00e9tt hlut minn me\u00f0 m\u00e6tti \u00fe\u00ednum.<br \/> <\/span> <span class=\"ljodatexti\"> <a name=\"4\"><span class=\"versanumer_ljod\">4<\/span><\/a>Gu\u00f0, heyr \u00fe\u00fa b\u00e6n m\u00edna,<br \/>lj\u00e1 eyra or\u00f0um munns m\u00edns.<br \/> <\/span> <span class=\"ljodatexti\"> <a name=\"5\"><span class=\"versanumer_ljod\">5<\/span><\/a>Erlendir fjandmenn hafa r\u00e1\u00f0ist gegn m\u00e9r <br \/>og ofbeldismenn s\u00e6kjast eftir l\u00edfi m\u00ednu,<br \/>eigi hafa \u00feeir Gu\u00f0 fyrir augum. (Sela)<br \/> <\/span> <span class=\"ljodatexti\"> <a name=\"6\"><span class=\"versanumer_ljod\">6<\/span><\/a>Sj\u00e1, Gu\u00f0 er hj\u00e1lp m\u00edn,<br \/>Drottinn er styrkur minn. <br \/> <\/span> <span class=\"ljodatexti\"> <a name=\"7\"><span class=\"versanumer_ljod\">7<\/span><\/a>B\u00f6li\u00f0 bitni \u00e1 fjandm\u00f6nnum m\u00ednum, <br \/>eyddu \u00feeim, Drottinn, sakir tr\u00fafesti \u00feinnar.<br \/> <\/span> <span class=\"ljodatexti\"> <a name=\"8\"><span class=\"versanumer_ljod\">8<\/span><\/a>\u00de\u00e1 vil \u00e9g f\u00e6ra \u00fe\u00e9r sj\u00e1lfviljaf\u00f3rnir, <br \/>lofa nafn \u00feitt, Drottinn, sem er gott,<br \/> <\/span> <span class=\"ljodatexti\"> <a name=\"9\"><span class=\"versanumer_ljod\">9<\/span><\/a>\u00fev\u00ed a\u00f0 \u00fea\u00f0 hefur frelsa\u00f0 mig \u00far hverri ney\u00f0 <br \/>og auga mitt hlakkar yfir fjandm\u00f6nnum m\u00ednum. <\/span> <\/p>\n","protected":false},"excerpt":{"rendered":"<p>1 Til s\u00f6ngstj\u00f3rans. Me\u00f0 strengjaleik. Mask\u00edl eftir Dav\u00ed\u00f0 2 \u00feegar Sif\u00edtar komu og s\u00f6g\u00f0u vi\u00f0 S\u00e1l: \u201eDav\u00ed\u00f0 felur sig hj\u00e1 oss.\u201c 3Hj\u00e1lpa m\u00e9r, Gu\u00f0, me\u00f0 nafni \u00fe\u00ednu,r\u00e9tt hlut minn me\u00f0 m\u00e6tti \u00fe\u00ednum. 4Gu\u00f0, heyr \u00fe\u00fa b\u00e6n m\u00edna,lj\u00e1 eyra or\u00f0um munns m\u00edns. 5Erlendir fjandmenn hafa r\u00e1\u00f0ist gegn m\u00e9r og ofbeldismenn s\u00e6kjast eftir l\u00edfi m\u00ednu,eigi hafa \u00feeir Gu\u00f0 fyrir augum. (Sela) 6Sj\u00e1, Gu\u00f0 er hj\u00e1lp m\u00edn,Drottinn er styrkur minn. 7B\u00f6li\u00f0 bitni \u00e1 fjandm\u00f6nnum m\u00ednum, eyddu \u00feeim, Drottinn, sakir tr\u00fafesti \u00feinnar. 8\u00de\u00e1 vil \u00e9g f\u00e6ra \u00fe\u00e9r sj\u00e1lfviljaf\u00f3rnir, lofa nafn \u00feitt, Drottinn, sem er gott, 9\u00fev\u00ed a\u00f0 \u00fea\u00f0 hefur frelsa\u00f0 mig \u00far hverri ney\u00f0 <a href=\"https:\/\/biblian.is\/biblian\/salmarnir-54-kafli\/\"> [&#8230;]<\/a><\/p>\n","protected":false},"author":1,"featured_media":0,"parent":0,"menu_order":0,"comment_status":"open","ping_status":"open","template":"bibliukaflar_salmarnir.php","meta":{"footnotes":""},"class_list":["post-2149","page","type-page","status-publish","hentry"],"_links":{"self":[{"href":"https:\/\/biblian.is\/biblian\/wp-json\/wp\/v2\/pages\/2149","targetHints":{"allow":["GET"]}}],"collection":[{"href":"https:\/\/biblian.is\/biblian\/wp-json\/wp\/v2\/pages"}],"about":[{"href":"https:\/\/biblian.is\/biblian\/wp-json\/wp\/v2\/types\/page"}],"author":[{"embeddable":true,"href":"https:\/\/biblian.is\/biblian\/wp-json\/wp\/v2\/users\/1"}],"replies":[{"embeddable":true,"href":"https:\/\/biblian.is\/biblian\/wp-json\/wp\/v2\/comments?post=2149"}],"version-history":[{"count":0,"href":"https:\/\/biblian.is\/biblian\/wp-json\/wp\/v2\/pages\/2149\/revisions"}],"wp:attachment":[{"href":"https:\/\/biblian.is\/biblian\/wp-json\/wp\/v2\/media?parent=2149"}],"curies":[{"name":"wp","href":"https:\/\/api.w.org\/{rel}","templated":true}]}}