{"id":2148,"date":"2017-12-30T21:01:55","date_gmt":"2017-12-30T21:01:55","guid":{"rendered":"http:\/\/biblian.is\/biblian\/s%c2%87lmarnir-53-kafli\/"},"modified":"2020-05-30T18:12:42","modified_gmt":"2020-05-30T18:12:42","slug":"salmarnir-53-kafli","status":"publish","type":"page","link":"https:\/\/biblian.is\/biblian\/salmarnir-53-kafli\/","title":{"rendered":"S\u00e1lmarnir 53. kafli"},"content":{"rendered":"<p><a name=\"1\"><span class=\"versanumer_2007\">1<\/span><\/a> Til s\u00f6ngstj\u00f3rans. Me\u00f0 makalatlagi.<span class=\"nedan_mal\" title=\" \u201eMakalat\u201c er \u00f3\u00feekkt or\u00f0. Sennilegt er a\u00f0 \u00fea\u00f0 gefi til kynna lagi\u00f0 er syngja skyldi.\">[<\/span> Dav\u00ed\u00f0smask\u00edl.<br \/> <span class=\"ljodatexti\"> <a name=\"2\"><span class=\"versanumer_ljod\">2<\/span><\/a>Heimskinginn segir \u00ed hjarta s\u00ednu:<br \/>\u201eEnginn Gu\u00f0.\u201c<br \/>Ill og andstyggileg er breytni \u00feeirra,<br \/>enginn gerir \u00fea\u00f0 sem gott er.<br \/> <\/span> <span class=\"ljodatexti\"> <a name=\"3\"><span class=\"versanumer_ljod\">3<\/span><\/a>Drottinn horfir \u00e1 mennina<br \/>af himnum ofan<br \/>til \u00feess a\u00f0 sj\u00e1 hvort nokkur s\u00e9 hygginn,<br \/>nokkur sem leiti Gu\u00f0s.<br \/> <\/span> <span class=\"ljodatexti\"> <a name=\"4\"><span class=\"versanumer_ljod\">4<\/span><\/a>Allir hafa \u00feeir viki\u00f0 af lei\u00f0,<br \/>allir eru spilltir,<br \/>enginn gerir \u00fea\u00f0 sem gott er, ekki neinn.<br \/> <\/span> <span class=\"ljodatexti\"> <a name=\"5\"><span class=\"versanumer_ljod\">5<\/span><\/a>Skilja \u00feeir \u00fe\u00e1 ekkert, \u00feessir illvirkjar?<br \/>\u00deeir se\u00f0ja sig \u00e1 l\u00fd\u00f0 m\u00ednum, eta hann sem brau\u00f0 <br \/>og \u00e1kalla ekki Gu\u00f0.<br \/> <\/span> <span class=\"ljodatexti\"> <a name=\"6\"><span class=\"versanumer_ljod\">6<\/span><\/a>S\u00ed\u00f0an skj\u00e1lfa \u00feeir af hr\u00e6\u00f0slu<br \/>\u00fear sem ekkert er a\u00f0 \u00f3ttast<br \/>\u00fev\u00ed a\u00f0 Gu\u00f0 tv\u00edstrar beinum \u00feeirra<br \/>er r\u00e9\u00f0ust gegn \u00fe\u00e9r.<br \/>\u00de\u00fa l\u00e6tur \u00fe\u00e1 ver\u00f0a til skammar<br \/>\u00fev\u00ed a\u00f0 Gu\u00f0 hefur hafna\u00f0 \u00feeim.<br \/> <\/span> <span class=\"ljodatexti\"> <a name=\"7\"><span class=\"versanumer_ljod\">7<\/span><\/a>\u00d3, a\u00f0 \u00cdsrael berist hj\u00e1lp fr\u00e1 S\u00edon.<br \/>\u00deegar Drottinn sn\u00fdr vi\u00f0 hag l\u00fd\u00f0s s\u00edns<br \/>mun Jakob fagna, \u00cdsrael gle\u00f0jast. <\/span> <\/p>\n","protected":false},"excerpt":{"rendered":"<p>1 Til s\u00f6ngstj\u00f3rans. Me\u00f0 makalatlagi.[ Dav\u00ed\u00f0smask\u00edl. 2Heimskinginn segir \u00ed hjarta s\u00ednu:\u201eEnginn Gu\u00f0.\u201cIll og andstyggileg er breytni \u00feeirra,enginn gerir \u00fea\u00f0 sem gott er. 3Drottinn horfir \u00e1 menninaaf himnum ofantil \u00feess a\u00f0 sj\u00e1 hvort nokkur s\u00e9 hygginn,nokkur sem leiti Gu\u00f0s. 4Allir hafa \u00feeir viki\u00f0 af lei\u00f0,allir eru spilltir,enginn gerir \u00fea\u00f0 sem gott er, ekki neinn. 5Skilja \u00feeir \u00fe\u00e1 ekkert, \u00feessir illvirkjar?\u00deeir se\u00f0ja sig \u00e1 l\u00fd\u00f0 m\u00ednum, eta hann sem brau\u00f0 og \u00e1kalla ekki Gu\u00f0. 6S\u00ed\u00f0an skj\u00e1lfa \u00feeir af hr\u00e6\u00f0slu\u00fear sem ekkert er a\u00f0 \u00f3ttast\u00fev\u00ed a\u00f0 Gu\u00f0 tv\u00edstrar beinum \u00feeirraer r\u00e9\u00f0ust gegn \u00fe\u00e9r.\u00de\u00fa l\u00e6tur \u00fe\u00e1 ver\u00f0a til skammar\u00fev\u00ed a\u00f0 Gu\u00f0 hefur hafna\u00f0 \u00feeim. <a href=\"https:\/\/biblian.is\/biblian\/salmarnir-53-kafli\/\"> [&#8230;]<\/a><\/p>\n","protected":false},"author":1,"featured_media":0,"parent":0,"menu_order":0,"comment_status":"open","ping_status":"open","template":"bibliukaflar_salmarnir.php","meta":{"footnotes":""},"class_list":["post-2148","page","type-page","status-publish","hentry"],"_links":{"self":[{"href":"https:\/\/biblian.is\/biblian\/wp-json\/wp\/v2\/pages\/2148","targetHints":{"allow":["GET"]}}],"collection":[{"href":"https:\/\/biblian.is\/biblian\/wp-json\/wp\/v2\/pages"}],"about":[{"href":"https:\/\/biblian.is\/biblian\/wp-json\/wp\/v2\/types\/page"}],"author":[{"embeddable":true,"href":"https:\/\/biblian.is\/biblian\/wp-json\/wp\/v2\/users\/1"}],"replies":[{"embeddable":true,"href":"https:\/\/biblian.is\/biblian\/wp-json\/wp\/v2\/comments?post=2148"}],"version-history":[{"count":0,"href":"https:\/\/biblian.is\/biblian\/wp-json\/wp\/v2\/pages\/2148\/revisions"}],"wp:attachment":[{"href":"https:\/\/biblian.is\/biblian\/wp-json\/wp\/v2\/media?parent=2148"}],"curies":[{"name":"wp","href":"https:\/\/api.w.org\/{rel}","templated":true}]}}