{"id":2147,"date":"2017-12-30T21:01:55","date_gmt":"2017-12-30T21:01:55","guid":{"rendered":"http:\/\/biblian.is\/biblian\/s%c2%87lmarnir-52-kafli\/"},"modified":"2020-05-30T18:12:42","modified_gmt":"2020-05-30T18:12:42","slug":"salmarnir-52-kafli","status":"publish","type":"page","link":"https:\/\/biblian.is\/biblian\/salmarnir-52-kafli\/","title":{"rendered":"S\u00e1lmarnir 52. kafli"},"content":{"rendered":"<p><a name=\"1\"><span class=\"versanumer_2007\">1<\/span><\/a> Til s\u00f6ngstj\u00f3rans. Mask\u00edl eftir Dav\u00ed\u00f0, <a name=\"2\"><span class=\"versanumer_2007\">2<\/span><\/a> \u00fe\u00e1 er D\u00f3eg Ed\u00f3m\u00edti kom og sag\u00f0i S\u00e1l fr\u00e1 og m\u00e6lti til hans: \u201eDav\u00ed\u00f0 er kominn \u00ed h\u00fas Ah\u00edmeleks.\u201c <br \/> <span class=\"ljodatexti\"> <a name=\"3\"><span class=\"versanumer_ljod\">3<\/span><\/a>Hv\u00ed st\u00e6rir \u00fe\u00fa \u00feig af illskunni, har\u00f0stj\u00f3ri?<br \/>Miskunn Gu\u00f0s varir allan daginn. <br \/> <\/span> <span class=\"ljodatexti\"> <a name=\"4\"><span class=\"versanumer_ljod\">4<\/span><\/a>S\u00edfellt bruggar \u00fe\u00fa launr\u00e1\u00f0,<br \/>tunga \u00fe\u00edn er eins og beittur hn\u00edfur, kl\u00e6kjarefur.<br \/> <\/span> <span class=\"ljodatexti\"> <a name=\"5\"><span class=\"versanumer_ljod\">5<\/span><\/a>\u00de\u00fa elskar illt meira en gott,<br \/>lygi fremur en sannleika, (Sela)<br \/> <\/span> <span class=\"ljodatexti\"> <a name=\"6\"><span class=\"versanumer_ljod\">6<\/span><\/a>\u00fe\u00fa hefur m\u00e6tur \u00e1 ska\u00f0r\u00e6\u00f0isor\u00f0um, <br \/>\u00fe\u00fa fl\u00e1r\u00e1\u00f0a tunga.<br \/> <\/span> <span class=\"ljodatexti\"> <a name=\"7\"><span class=\"versanumer_ljod\">7<\/span><\/a>En Gu\u00f0 mun tort\u00edma \u00fe\u00e9r me\u00f0 \u00f6llu,<br \/>hann mun gr\u00edpa \u00feig, varpa \u00fe\u00e9r \u00fat \u00far tjaldi \u00fe\u00ednu <br \/>og uppr\u00e6ta \u00feig \u00far landi lifenda. (Sela)<br \/> <\/span> <span class=\"ljodatexti\"> <a name=\"8\"><span class=\"versanumer_ljod\">8<\/span><\/a>R\u00e9ttl\u00e1tir munu sj\u00e1 \u00feetta og skelfast, <br \/>\u00feeir munu skopast a\u00f0 honum: <br \/> <\/span> <span class=\"ljodatexti\"> <a name=\"9\"><span class=\"versanumer_ljod\">9<\/span><\/a>\u201e\u00deetta er ma\u00f0ur sem leita\u00f0i ekki h\u00e6lis hj\u00e1 Gu\u00f0i <br \/>heldur treysti \u00e1 au\u00f0s\u00e6ld s\u00edna<br \/>og \u00ferj\u00f3ska\u00f0ist \u00ed illsku sinni.\u201c <br \/> <\/span> <span class=\"ljodatexti\"> <a name=\"10\"><span class=\"versanumer_ljod\">10<\/span><\/a>En \u00e9g er sem gr\u00e6nt ol\u00edutr\u00e9 \u00ed h\u00fasi Gu\u00f0s,<br \/>treysti \u00e1 n\u00e1\u00f0 Gu\u00f0s um aldur og \u00e6vi.<br \/> <\/span> <span class=\"ljodatexti\"> <a name=\"11\"><span class=\"versanumer_ljod\">11<\/span><\/a>\u00c9g vil vegsama \u00feig a\u00f0 eil\u00edfu fyrir \u00fea\u00f0 sem \u00fe\u00fa ger\u00f0ir.<br \/>Frammi fyrir \u00feeim sem treysta \u00fe\u00e9r<br \/>set \u00e9g von m\u00edna \u00e1 g\u00e6skur\u00edkt nafn \u00feitt. <\/span> <\/p>\n","protected":false},"excerpt":{"rendered":"<p>1 Til s\u00f6ngstj\u00f3rans. Mask\u00edl eftir Dav\u00ed\u00f0, 2 \u00fe\u00e1 er D\u00f3eg Ed\u00f3m\u00edti kom og sag\u00f0i S\u00e1l fr\u00e1 og m\u00e6lti til hans: \u201eDav\u00ed\u00f0 er kominn \u00ed h\u00fas Ah\u00edmeleks.\u201c 3Hv\u00ed st\u00e6rir \u00fe\u00fa \u00feig af illskunni, har\u00f0stj\u00f3ri?Miskunn Gu\u00f0s varir allan daginn. 4S\u00edfellt bruggar \u00fe\u00fa launr\u00e1\u00f0,tunga \u00fe\u00edn er eins og beittur hn\u00edfur, kl\u00e6kjarefur. 5\u00de\u00fa elskar illt meira en gott,lygi fremur en sannleika, (Sela) 6\u00fe\u00fa hefur m\u00e6tur \u00e1 ska\u00f0r\u00e6\u00f0isor\u00f0um, \u00fe\u00fa fl\u00e1r\u00e1\u00f0a tunga. 7En Gu\u00f0 mun tort\u00edma \u00fe\u00e9r me\u00f0 \u00f6llu,hann mun gr\u00edpa \u00feig, varpa \u00fe\u00e9r \u00fat \u00far tjaldi \u00fe\u00ednu og uppr\u00e6ta \u00feig \u00far landi lifenda. (Sela) 8R\u00e9ttl\u00e1tir munu sj\u00e1 \u00feetta og skelfast, \u00feeir munu skopast a\u00f0 honum: <a href=\"https:\/\/biblian.is\/biblian\/salmarnir-52-kafli\/\"> [&#8230;]<\/a><\/p>\n","protected":false},"author":1,"featured_media":0,"parent":0,"menu_order":0,"comment_status":"open","ping_status":"open","template":"bibliukaflar_salmarnir.php","meta":{"footnotes":""},"class_list":["post-2147","page","type-page","status-publish","hentry"],"_links":{"self":[{"href":"https:\/\/biblian.is\/biblian\/wp-json\/wp\/v2\/pages\/2147","targetHints":{"allow":["GET"]}}],"collection":[{"href":"https:\/\/biblian.is\/biblian\/wp-json\/wp\/v2\/pages"}],"about":[{"href":"https:\/\/biblian.is\/biblian\/wp-json\/wp\/v2\/types\/page"}],"author":[{"embeddable":true,"href":"https:\/\/biblian.is\/biblian\/wp-json\/wp\/v2\/users\/1"}],"replies":[{"embeddable":true,"href":"https:\/\/biblian.is\/biblian\/wp-json\/wp\/v2\/comments?post=2147"}],"version-history":[{"count":0,"href":"https:\/\/biblian.is\/biblian\/wp-json\/wp\/v2\/pages\/2147\/revisions"}],"wp:attachment":[{"href":"https:\/\/biblian.is\/biblian\/wp-json\/wp\/v2\/media?parent=2147"}],"curies":[{"name":"wp","href":"https:\/\/api.w.org\/{rel}","templated":true}]}}