{"id":2146,"date":"2017-12-30T21:01:55","date_gmt":"2017-12-30T21:01:55","guid":{"rendered":"http:\/\/biblian.is\/biblian\/s%c2%87lmarnir-51-kafli\/"},"modified":"2020-05-30T18:12:41","modified_gmt":"2020-05-30T18:12:41","slug":"salmarnir-51-kafli","status":"publish","type":"page","link":"https:\/\/biblian.is\/biblian\/salmarnir-51-kafli\/","title":{"rendered":"S\u00e1lmarnir 51. kafli"},"content":{"rendered":"<p><a name=\"1\"><span class=\"versanumer_2007\">1<\/span><\/a> Til s\u00f6ngstj\u00f3rans. S\u00e1lmur Dav\u00ed\u00f0s, <a name=\"2\"><span class=\"versanumer_2007\">2<\/span><\/a> \u00feegar Natan sp\u00e1ma\u00f0ur kom til hans eftir a\u00f0 Dav\u00ed\u00f0 haf\u00f0i gengi\u00f0 inn til Batsebu.<br \/> <span class=\"ljodatexti\"> <a name=\"3\"><span class=\"versanumer_ljod\">3<\/span><\/a>Gu\u00f0, vertu m\u00e9r n\u00e1\u00f0ugur sakir elsku \u00feinnar,<br \/>afm\u00e1 brot m\u00edn sakir \u00feinnar miklu miskunnsemi.<br \/> <\/span> <span class=\"ljodatexti\"> <a name=\"4\"><span class=\"versanumer_ljod\">4<\/span><\/a>\u00devo mig hreinan af misgj\u00f6r\u00f0 minni,<br \/>hreinsa mig af synd minni.<br \/> <\/span> <span class=\"ljodatexti\"> <a name=\"5\"><span class=\"versanumer_ljod\">5<\/span><\/a>\u00c9g \u00feekki sj\u00e1lfur afbrot m\u00edn<br \/>og synd m\u00edn stendur m\u00e9r st\u00f6\u00f0ugt fyrir hugskotssj\u00f3num. <br \/> <\/span> <span class=\"ljodatexti\"> <a name=\"6\"><span class=\"versanumer_ljod\">6<\/span><\/a>Gegn \u00fe\u00e9r einum hef \u00e9g syndga\u00f0<br \/>og gert \u00fea\u00f0 sem illt er \u00ed augum \u00fe\u00ednum.<br \/>\u00dev\u00ed ert \u00fe\u00fa r\u00e9ttl\u00e1tur er \u00fe\u00fa talar,<br \/>hreinn er \u00fe\u00fa d\u00e6mir. <br \/> <\/span> <span class=\"ljodatexti\"> <a name=\"7\"><span class=\"versanumer_ljod\">7<\/span><\/a>Sj\u00e1, sekur er \u00e9g f\u00e6ddur, <br \/>syndugur er m\u00f3\u00f0ir m\u00edn \u00f3l mig.<br \/> <\/span> <span class=\"ljodatexti\"> <a name=\"8\"><span class=\"versanumer_ljod\">8<\/span><\/a>\u00de\u00fa hefur \u00fe\u00f3knun \u00e1 hreinskilni hi\u00f0 innra<br \/>og \u00ed fylgsnum hjartans kennir \u00fe\u00fa m\u00e9r visku.<br \/> <\/span> <span class=\"ljodatexti\"> <a name=\"9\"><span class=\"versanumer_ljod\">9<\/span><\/a>Hreinsa mig me\u00f0 \u00eds\u00f3p af synd minni,<br \/>\u00fevo mig svo a\u00f0 \u00e9g ver\u00f0i hv\u00edtari en mj\u00f6ll.<br \/> <\/span> <span class=\"ljodatexti\"> <a name=\"10\"><span class=\"versanumer_ljod\">10<\/span><\/a>L\u00e1t mig heyra f\u00f6gnu\u00f0 og gle\u00f0i,<br \/>l\u00e1t k\u00e6tast beinin sem \u00fe\u00fa hefur sundur mari\u00f0.<br \/> <\/span> <span class=\"ljodatexti\"> <a name=\"11\"><span class=\"versanumer_ljod\">11<\/span><\/a>Sn\u00fa augliti \u00fe\u00ednu fr\u00e1 syndum m\u00ednum<br \/>og afm\u00e1 allar misgj\u00f6r\u00f0ir m\u00ednar.<br \/> <\/span> <span class=\"ljodatexti\"> <a name=\"12\"><span class=\"versanumer_ljod\">12<\/span><\/a>Skapa \u00ed m\u00e9r hreint hjarta, \u00f3 Gu\u00f0, <br \/>og veit m\u00e9r n\u00fdjan, st\u00f6\u00f0ugan anda. <br \/> <\/span> <span class=\"ljodatexti\"> <a name=\"13\"><span class=\"versanumer_ljod\">13<\/span><\/a>Varpa m\u00e9r ekki burt fr\u00e1 augliti \u00fe\u00ednu<br \/>og tak ekki \u00feinn heilaga anda fr\u00e1 m\u00e9r.<br \/> <\/span> <span class=\"ljodatexti\"> <a name=\"14\"><span class=\"versanumer_ljod\">14<\/span><\/a>Veit m\u00e9r aftur f\u00f6gnu\u00f0 \u00fe\u00edns hj\u00e1lpr\u00e6\u00f0is<br \/>og sty\u00f0 mig me\u00f0 f\u00fasleiks anda.<br \/> <\/span> <span class=\"ljodatexti\"> <a name=\"15\"><span class=\"versanumer_ljod\">15<\/span><\/a>\u00de\u00e1 mun \u00e9g v\u00edsa brotlegum vegu \u00fe\u00edna<br \/>svo a\u00f0 syndarar hverfi aftur til \u00fe\u00edn.<br \/> <\/span> <span class=\"ljodatexti\"> <a name=\"16\"><span class=\"versanumer_ljod\">16<\/span><\/a>Frelsa mig fr\u00e1 bl\u00f3\u00f0skuld, Drottinn, Gu\u00f0 hj\u00e1lpr\u00e6\u00f0is m\u00edns,<br \/>a\u00f0 tunga m\u00edn fagni yfir r\u00e9ttl\u00e6ti \u00fe\u00ednu.<br \/> <\/span> <span class=\"ljodatexti\"> <a name=\"17\"><span class=\"versanumer_ljod\">17<\/span><\/a>Drottinn, opna varir m\u00ednar<br \/>a\u00f0 munnur minn kunngj\u00f6ri lof \u00feitt.<br \/> <\/span> <span class=\"ljodatexti\"> <a name=\"18\"><span class=\"versanumer_ljod\">18<\/span><\/a>\u00de\u00fa hefur ekki \u00fe\u00f3knun \u00e1 sl\u00e1turf\u00f3rnum<br \/>og f\u00e6ri \u00e9g \u00fe\u00e9r brennif\u00f3rn tekur \u00fe\u00fa ekki vi\u00f0 henni. <br \/> <\/span> <span class=\"ljodatexti\"> <a name=\"19\"><span class=\"versanumer_ljod\">19<\/span><\/a>Gu\u00f0i \u00feekkar f\u00f3rnir eru sundurmarinn andi.<br \/>Sundurmari\u00f0 og sundurkrami\u00f0 hjarta<br \/>munt \u00fe\u00fa, \u00f3 Gu\u00f0, eigi fyrirl\u00edta.<br \/> <\/span> <span class=\"ljodatexti\"> <a name=\"20\"><span class=\"versanumer_ljod\">20<\/span><\/a>Ger vel vi\u00f0 S\u00edon sakir n\u00e1\u00f0ar \u00feinnar,<br \/>reis m\u00fara Jer\u00fasalem.<br \/> <\/span> <span class=\"ljodatexti\"> <a name=\"21\"><span class=\"versanumer_ljod\">21<\/span><\/a>\u00de\u00e1 munt \u00fe\u00fa \u00fe\u00f3knun hafa \u00e1 r\u00e9ttum f\u00f3rnum, <br \/>\u00e1 brennif\u00f3rn og alf\u00f3rn,<br \/>\u00fe\u00e1 ver\u00f0a naut l\u00f6g\u00f0 \u00e1 altari \u00feitt. <\/span> <\/p>\n","protected":false},"excerpt":{"rendered":"<p>1 Til s\u00f6ngstj\u00f3rans. S\u00e1lmur Dav\u00ed\u00f0s, 2 \u00feegar Natan sp\u00e1ma\u00f0ur kom til hans eftir a\u00f0 Dav\u00ed\u00f0 haf\u00f0i gengi\u00f0 inn til Batsebu. 3Gu\u00f0, vertu m\u00e9r n\u00e1\u00f0ugur sakir elsku \u00feinnar,afm\u00e1 brot m\u00edn sakir \u00feinnar miklu miskunnsemi. 4\u00devo mig hreinan af misgj\u00f6r\u00f0 minni,hreinsa mig af synd minni. 5\u00c9g \u00feekki sj\u00e1lfur afbrot m\u00ednog synd m\u00edn stendur m\u00e9r st\u00f6\u00f0ugt fyrir hugskotssj\u00f3num. 6Gegn \u00fe\u00e9r einum hef \u00e9g syndga\u00f0og gert \u00fea\u00f0 sem illt er \u00ed augum \u00fe\u00ednum.\u00dev\u00ed ert \u00fe\u00fa r\u00e9ttl\u00e1tur er \u00fe\u00fa talar,hreinn er \u00fe\u00fa d\u00e6mir. 7Sj\u00e1, sekur er \u00e9g f\u00e6ddur, syndugur er m\u00f3\u00f0ir m\u00edn \u00f3l mig. 8\u00de\u00fa hefur \u00fe\u00f3knun \u00e1 hreinskilni hi\u00f0 innraog \u00ed fylgsnum hjartans kennir <a href=\"https:\/\/biblian.is\/biblian\/salmarnir-51-kafli\/\"> [&#8230;]<\/a><\/p>\n","protected":false},"author":1,"featured_media":0,"parent":0,"menu_order":0,"comment_status":"open","ping_status":"open","template":"bibliukaflar_salmarnir.php","meta":{"footnotes":""},"class_list":["post-2146","page","type-page","status-publish","hentry"],"_links":{"self":[{"href":"https:\/\/biblian.is\/biblian\/wp-json\/wp\/v2\/pages\/2146","targetHints":{"allow":["GET"]}}],"collection":[{"href":"https:\/\/biblian.is\/biblian\/wp-json\/wp\/v2\/pages"}],"about":[{"href":"https:\/\/biblian.is\/biblian\/wp-json\/wp\/v2\/types\/page"}],"author":[{"embeddable":true,"href":"https:\/\/biblian.is\/biblian\/wp-json\/wp\/v2\/users\/1"}],"replies":[{"embeddable":true,"href":"https:\/\/biblian.is\/biblian\/wp-json\/wp\/v2\/comments?post=2146"}],"version-history":[{"count":0,"href":"https:\/\/biblian.is\/biblian\/wp-json\/wp\/v2\/pages\/2146\/revisions"}],"wp:attachment":[{"href":"https:\/\/biblian.is\/biblian\/wp-json\/wp\/v2\/media?parent=2146"}],"curies":[{"name":"wp","href":"https:\/\/api.w.org\/{rel}","templated":true}]}}