{"id":2145,"date":"2017-12-30T21:01:55","date_gmt":"2017-12-30T21:01:55","guid":{"rendered":"http:\/\/biblian.is\/biblian\/s%c2%87lmarnir-50-kafli\/"},"modified":"2020-05-30T18:12:41","modified_gmt":"2020-05-30T18:12:41","slug":"salmarnir-50-kafli","status":"publish","type":"page","link":"https:\/\/biblian.is\/biblian\/salmarnir-50-kafli\/","title":{"rendered":"S\u00e1lmarnir 50. kafli"},"content":{"rendered":"<p><a name=\"1\"><span class=\"versanumer_2007\">1<\/span><\/a> Asafss\u00e1lmur.<span class=\"nedan_mal\" title=\" Sj\u00e1 sk\u00fdringu vi\u00f0 s\u00e1lm 42.1. 73.\u201383. s\u00e1lmur eru einnig kenndir vi\u00f0 Asaf.\">[<\/span> <br \/> <span class=\"ljodatexti\"> Gu\u00f0, Drottinn Gu\u00f0, talar, <br \/>kallar \u00e1 j\u00f6r\u00f0ina fr\u00e1 s\u00f3laruppr\u00e1s til s\u00f3larlags. <br \/> <\/span> <span class=\"ljodatexti\"> <a name=\"2\"><span class=\"versanumer_ljod\">2<\/span><\/a>Fr\u00e1 S\u00edon, \u00edmynd fegur\u00f0arinnar, <br \/>birtist Gu\u00f0 \u00ed geislad\u00fdr\u00f0. <br \/> <\/span> <span class=\"ljodatexti\"> <a name=\"3\"><span class=\"versanumer_ljod\">3<\/span><\/a>Gu\u00f0 vor kemur og \u00feegir ekki,<br \/>fyrir honum fer ey\u00f0andi eldur<br \/>og um hann geisar stormur.<br \/> <\/span> <span class=\"ljodatexti\"> <a name=\"4\"><span class=\"versanumer_ljod\">4<\/span><\/a>Hann kallar \u00e1 himininn uppi <br \/>og \u00e1 j\u00f6r\u00f0ina til a\u00f0 d\u00e6ma l\u00fd\u00f0 sinn:<br \/> <\/span> <span class=\"ljodatexti\"> <a name=\"5\"><span class=\"versanumer_ljod\">5<\/span><\/a>\u201eStefni\u00f0 \u00feeim saman sem eru m\u00e9r tr\u00fair, <br \/>sem gera vi\u00f0 mig s\u00e1ttm\u00e1la me\u00f0 f\u00f3rn.\u201c<br \/> <\/span> <span class=\"ljodatexti\"> <a name=\"6\"><span class=\"versanumer_ljod\">6<\/span><\/a>Himinninn bo\u00f0i r\u00e9ttl\u00e6ti hans<br \/>\u00fev\u00ed a\u00f0 Gu\u00f0 er s\u00e1 sem d\u00e6mir. (Sela)<br \/> <\/span> <span class=\"ljodatexti\"> <a name=\"7\"><span class=\"versanumer_ljod\">7<\/span><\/a>\u201eHeyr, \u00fej\u00f3\u00f0 m\u00edn, \u00fev\u00ed a\u00f0 \u00e9g \u00e6tla a\u00f0 tala,<br \/>\u00cdsrael, \u00e9g \u00e6tla a\u00f0 vitna gegn \u00fe\u00e9r. <br \/>\u00c9g er Gu\u00f0, Gu\u00f0 \u00feinn.<br \/> <\/span> <span class=\"ljodatexti\"> <a name=\"8\"><span class=\"versanumer_ljod\">8<\/span><\/a>\u00c9g \u00e1lasa \u00fe\u00e9r ekki fyrir sl\u00e1turf\u00f3rnir \u00fe\u00ednar<br \/>og brennif\u00f3rnir \u00fe\u00ednar eru st\u00f6\u00f0ugt frammi fyrir m\u00e9r.<br \/> <\/span> <span class=\"ljodatexti\"> <a name=\"9\"><span class=\"versanumer_ljod\">9<\/span><\/a>\u00c9g \u00fearf ekki a\u00f0 taka naut \u00far fj\u00f3si \u00fe\u00ednu<br \/>e\u00f0a geithafra \u00far st\u00edu \u00feinni <br \/> <\/span> <span class=\"ljodatexti\"> <a name=\"10\"><span class=\"versanumer_ljod\">10<\/span><\/a>\u00fev\u00ed a\u00f0 \u00f6ll sk\u00f3gard\u00fdrin eru m\u00edn <br \/>og skepnurnar \u00e1 fj\u00f6llunum \u00fe\u00fasund. <br \/> <\/span> <span class=\"ljodatexti\"> <a name=\"11\"><span class=\"versanumer_ljod\">11<\/span><\/a>\u00c9g \u00feekki alla fugla \u00e1 fj\u00f6llunum <br \/>og \u00fea\u00f0 sem \u00e1 m\u00f6rkinni hr\u00e6rist er mitt.<br \/> <\/span> <span class=\"ljodatexti\"> <a name=\"12\"><span class=\"versanumer_ljod\">12<\/span><\/a>V\u00e6ri \u00e9g svangur seg\u00f0i \u00e9g \u00fe\u00e9r ekki fr\u00e1 \u00fev\u00ed<br \/>\u00fev\u00ed a\u00f0 j\u00f6r\u00f0in er m\u00edn og allt sem \u00e1 henni er.<br \/> <\/span> <span class=\"ljodatexti\"> <a name=\"13\"><span class=\"versanumer_ljod\">13<\/span><\/a>Et \u00e9g nautakj\u00f6t<br \/>e\u00f0a drekk \u00e9g hafrabl\u00f3\u00f0?<br \/> <\/span> <span class=\"ljodatexti\"> <a name=\"14\"><span class=\"versanumer_ljod\">14<\/span><\/a>F\u00e6r\u00f0u Gu\u00f0i \u00feakkarf\u00f3rn <br \/>og efndu heit \u00fe\u00edn vi\u00f0 Hinn h\u00e6sta.<br \/> <\/span> <span class=\"ljodatexti\"> <a name=\"15\"><span class=\"versanumer_ljod\">15<\/span><\/a>\u00c1kalla mig \u00e1 degi ney\u00f0arinnar<br \/>og \u00e9g mun frelsa \u00feig<br \/>og \u00fe\u00fa skalt vegsama mig.\u201c<br \/> <\/span> <span class=\"ljodatexti\"> <a name=\"16\"><span class=\"versanumer_ljod\">16<\/span><\/a>En vi\u00f0 hinn \u00f3gu\u00f0lega segir Gu\u00f0:<br \/>\u201eHv\u00ed \u00feylur \u00fe\u00fa bo\u00f0or\u00f0 m\u00edn<br \/>og tekur s\u00e1ttm\u00e1la minn \u00fe\u00e9r \u00ed munn<br \/> <\/span> <span class=\"ljodatexti\"> <a name=\"17\"><span class=\"versanumer_ljod\">17<\/span><\/a>\u00fear sem \u00fe\u00fa hatar aga<br \/>og sn\u00fdr\u00f0 baki vi\u00f0 or\u00f0um m\u00ednum? <br \/> <\/span> <span class=\"ljodatexti\"> <a name=\"18\"><span class=\"versanumer_ljod\">18<\/span><\/a>Sj\u00e1ir \u00fe\u00fa \u00fej\u00f3f leggur\u00f0u lag \u00feitt vi\u00f0 hann<br \/>og hefur samneyti vi\u00f0 h\u00f3rkarla.<br \/> <\/span> <span class=\"ljodatexti\"> <a name=\"19\"><span class=\"versanumer_ljod\">19<\/span><\/a>\u00de\u00fa l\u00e6tur illt umtal \u00fe\u00e9r um munn fara <br \/>og tunga \u00fe\u00edn temur s\u00e9r lygar.<br \/> <\/span> <span class=\"ljodatexti\"> <a name=\"20\"><span class=\"versanumer_ljod\">20<\/span><\/a>\u00de\u00fa situr og n\u00ed\u00f0ir br\u00f3\u00f0ur \u00feinn,<br \/>r\u00e6gir son m\u00f3\u00f0ur \u00feinnar.<br \/> <\/span> <span class=\"ljodatexti\"> <a name=\"21\"><span class=\"versanumer_ljod\">21<\/span><\/a>\u00deetta ger\u00f0ir \u00fe\u00fa og \u00e9g var hlj\u00f3\u00f0ur,<br \/>\u00fe\u00fa taldir mig vera eins og \u00fe\u00fa ert.<br \/>\u00c9g \u00e1v\u00edta \u00feig og lei\u00f0i \u00fe\u00e9r \u00feetta fyrir sj\u00f3nir.\u201c<br \/> <\/span> <span class=\"ljodatexti\"> <a name=\"22\"><span class=\"versanumer_ljod\">22<\/span><\/a> Hyggi\u00f0 a\u00f0 \u00feessu, \u00fe\u00e9r sem gleymi\u00f0 Gu\u00f0i,<br \/>ella r\u00edf \u00e9g y\u00f0ur sundur og enginn er til bjargar.<br \/> <\/span> <span class=\"ljodatexti\"> <a name=\"23\"><span class=\"versanumer_ljod\">23<\/span><\/a> S\u00e1 sem f\u00e6rir \u00feakkarf\u00f3rn hei\u00f0rar mig<br \/>og \u00feann sem breytir grandvarlega <br \/>l\u00e6t \u00e9g sj\u00e1 hj\u00e1lpr\u00e6\u00f0i Gu\u00f0s. <\/span> <\/p>\n","protected":false},"excerpt":{"rendered":"<p>1 Asafss\u00e1lmur.[ Gu\u00f0, Drottinn Gu\u00f0, talar, kallar \u00e1 j\u00f6r\u00f0ina fr\u00e1 s\u00f3laruppr\u00e1s til s\u00f3larlags. 2Fr\u00e1 S\u00edon, \u00edmynd fegur\u00f0arinnar, birtist Gu\u00f0 \u00ed geislad\u00fdr\u00f0. 3Gu\u00f0 vor kemur og \u00feegir ekki,fyrir honum fer ey\u00f0andi eldurog um hann geisar stormur. 4Hann kallar \u00e1 himininn uppi og \u00e1 j\u00f6r\u00f0ina til a\u00f0 d\u00e6ma l\u00fd\u00f0 sinn: 5\u201eStefni\u00f0 \u00feeim saman sem eru m\u00e9r tr\u00fair, sem gera vi\u00f0 mig s\u00e1ttm\u00e1la me\u00f0 f\u00f3rn.\u201c 6Himinninn bo\u00f0i r\u00e9ttl\u00e6ti hans\u00fev\u00ed a\u00f0 Gu\u00f0 er s\u00e1 sem d\u00e6mir. (Sela) 7\u201eHeyr, \u00fej\u00f3\u00f0 m\u00edn, \u00fev\u00ed a\u00f0 \u00e9g \u00e6tla a\u00f0 tala,\u00cdsrael, \u00e9g \u00e6tla a\u00f0 vitna gegn \u00fe\u00e9r. \u00c9g er Gu\u00f0, Gu\u00f0 \u00feinn. 8\u00c9g \u00e1lasa \u00fe\u00e9r ekki fyrir sl\u00e1turf\u00f3rnir \u00fe\u00ednarog <a href=\"https:\/\/biblian.is\/biblian\/salmarnir-50-kafli\/\"> [&#8230;]<\/a><\/p>\n","protected":false},"author":1,"featured_media":0,"parent":0,"menu_order":0,"comment_status":"open","ping_status":"open","template":"bibliukaflar_salmarnir.php","meta":{"footnotes":""},"class_list":["post-2145","page","type-page","status-publish","hentry"],"_links":{"self":[{"href":"https:\/\/biblian.is\/biblian\/wp-json\/wp\/v2\/pages\/2145","targetHints":{"allow":["GET"]}}],"collection":[{"href":"https:\/\/biblian.is\/biblian\/wp-json\/wp\/v2\/pages"}],"about":[{"href":"https:\/\/biblian.is\/biblian\/wp-json\/wp\/v2\/types\/page"}],"author":[{"embeddable":true,"href":"https:\/\/biblian.is\/biblian\/wp-json\/wp\/v2\/users\/1"}],"replies":[{"embeddable":true,"href":"https:\/\/biblian.is\/biblian\/wp-json\/wp\/v2\/comments?post=2145"}],"version-history":[{"count":0,"href":"https:\/\/biblian.is\/biblian\/wp-json\/wp\/v2\/pages\/2145\/revisions"}],"wp:attachment":[{"href":"https:\/\/biblian.is\/biblian\/wp-json\/wp\/v2\/media?parent=2145"}],"curies":[{"name":"wp","href":"https:\/\/api.w.org\/{rel}","templated":true}]}}