{"id":2144,"date":"2017-12-30T21:01:55","date_gmt":"2017-12-30T21:01:55","guid":{"rendered":"http:\/\/biblian.is\/biblian\/s%c2%87lmarnir-49-kafli\/"},"modified":"2020-05-30T18:12:41","modified_gmt":"2020-05-30T18:12:41","slug":"salmarnir-49-kafli","status":"publish","type":"page","link":"https:\/\/biblian.is\/biblian\/salmarnir-49-kafli\/","title":{"rendered":"S\u00e1lmarnir 49. kafli"},"content":{"rendered":"<p><a name=\"1\"><span class=\"versanumer_2007\">1<\/span><\/a> Til s\u00f6ngstj\u00f3rans. K\u00f3ra\u00edtas\u00e1lmur.<br \/> <span class=\"ljodatexti\"> <a name=\"2\"><span class=\"versanumer_ljod\">2<\/span><\/a>Heyri\u00f0 \u00feetta, allar \u00fej\u00f3\u00f0ir,<br \/>hlusti\u00f0, allir heimsb\u00faar,<br \/> <\/span> <span class=\"ljodatexti\"> <a name=\"3\"><span class=\"versanumer_ljod\">3<\/span><\/a>b\u00e6\u00f0i h\u00e1ir og l\u00e1gir,<br \/>jafnt r\u00edkir sem f\u00e1t\u00e6kir.<br \/> <\/span> <span class=\"ljodatexti\"> <a name=\"4\"><span class=\"versanumer_ljod\">4<\/span><\/a>Munnur minn m\u00e6lir speki<br \/>og \u00edgrundun hjarta m\u00edns er hyggindi.<br \/> <\/span> <span class=\"ljodatexti\"> <a name=\"5\"><span class=\"versanumer_ljod\">5<\/span><\/a>\u00c9g hneigi eyra mitt a\u00f0 spakm\u00e6li,<br \/>r\u00e6\u00f0 g\u00e1tu m\u00edna vi\u00f0 h\u00f6rpuhlj\u00f3m.<br \/> <\/span> <span class=\"ljodatexti\"> <a name=\"6\"><span class=\"versanumer_ljod\">6<\/span><\/a>Hv\u00ed skyldi \u00e9g \u00f3ttast \u00e1 ney\u00f0art\u00edmum<br \/>\u00feegar heift svikara \u00f3gnar \u00far \u00f6llum \u00e1ttum?<br \/> <\/span> <span class=\"ljodatexti\"> <a name=\"7\"><span class=\"versanumer_ljod\">7<\/span><\/a>\u00deeir rei\u00f0a sig \u00e1 au\u00f0 sinn<br \/>og st\u00e6ra sig af r\u00edkid\u00e6mi s\u00ednu.<br \/> <\/span> <span class=\"ljodatexti\"> <a name=\"8\"><span class=\"versanumer_ljod\">8<\/span><\/a>En enginn f\u00e6r keypt br\u00f3\u00f0ur sinn lausan<br \/>e\u00f0a greitt Gu\u00f0i lausnargjald fyrir hann,<br \/> <\/span> <span class=\"ljodatexti\"> <a name=\"9\"><span class=\"versanumer_ljod\">9<\/span><\/a>lausnargjaldi\u00f0 fyrir l\u00edf hans v\u00e6ri of h\u00e1tt,<br \/>ekkert mundi nokkru sinni n\u00e6gja<br \/> <\/span> <span class=\"ljodatexti\"> <a name=\"10\"><span class=\"versanumer_ljod\">10<\/span><\/a>til a\u00f0 hann fengi a\u00f0 lifa um aldur<br \/>og \u00feyrfti aldrei a\u00f0 sj\u00e1 gr\u00f6fina.<br \/> <\/span> <span class=\"ljodatexti\"> <a name=\"11\"><span class=\"versanumer_ljod\">11<\/span><\/a>Nei, hann s\u00e9r a\u00f0 vitrir menn deyja,<br \/>f\u00edfl og f\u00e1r\u00e1\u00f0lingar farast hver me\u00f0 \u00f6\u00f0rum<br \/>og l\u00e1ta \u00f6\u00f0rum eftir au\u00f0 sinn.<br \/> <\/span> <span class=\"ljodatexti\"> <a name=\"12\"><span class=\"versanumer_ljod\">12<\/span><\/a>Grafir ver\u00f0a heimkynni \u00feeirra um aldur,<br \/>b\u00fasta\u00f0ir \u00feeirra fr\u00e1 kyni til kyns<br \/>\u00fe\u00f3tt \u00feeir hafi kennt lendur vi\u00f0 nafn sitt.<br \/> <\/span> <span class=\"ljodatexti\"> <a name=\"13\"><span class=\"versanumer_ljod\">13<\/span><\/a>\u00der\u00e1tt fyrir au\u00f0 sinn er ma\u00f0urinn dau\u00f0legur,<br \/>eins og d\u00fdrin hl\u00fdtur hann a\u00f0 deyja.<br \/> <\/span> <span class=\"ljodatexti\"> <a name=\"14\"><span class=\"versanumer_ljod\">14<\/span><\/a>Svo fer \u00feeim sem treysta sj\u00e1lfum s\u00e9r<br \/>og \u00feeim sem fylgja \u00feeim og \u00fe\u00f3knast tal \u00feeirra. (Sela)<br \/> <\/span> <span class=\"ljodatexti\"> <a name=\"15\"><span class=\"versanumer_ljod\">15<\/span><\/a>\u00deeir stefna til heljar sem sau\u00f0ahj\u00f6r\u00f0,<br \/>dau\u00f0inn heldur \u00feeim \u00e1 beit.<br \/>A\u00f0 morgni r\u00edkja r\u00e9ttl\u00e1tir yfir \u00feeim<br \/>og mynd \u00feeirra ey\u00f0ist,<br \/>hel ver\u00f0ur b\u00fasta\u00f0ur \u00feeirra.<br \/> <\/span> <span class=\"ljodatexti\"> <a name=\"16\"><span class=\"versanumer_ljod\">16<\/span><\/a>En Gu\u00f0 mun leysa l\u00edf mitt \u00far greipum heljar<br \/>og hann mun taka vi\u00f0 m\u00e9r. (Sela)<br \/> <\/span> <span class=\"ljodatexti\"> <a name=\"17\"><span class=\"versanumer_ljod\">17<\/span><\/a>\u00d3ttastu ekki \u00feegar einhver au\u00f0gast,<br \/>\u00feegar velmegun eykst \u00ed h\u00fasi hans,<br \/> <\/span> <span class=\"ljodatexti\"> <a name=\"18\"><span class=\"versanumer_ljod\">18<\/span><\/a>\u00fev\u00ed a\u00f0 hann tekur ekkert af \u00fev\u00ed me\u00f0 s\u00e9r \u00feegar hann deyr,<br \/>au\u00f0ur hans fylgir honum ekki til heljar. <br \/> <\/span> <span class=\"ljodatexti\"> <a name=\"19\"><span class=\"versanumer_ljod\">19<\/span><\/a>Hann kann a\u00f0 telja sig s\u00e6lan me\u00f0an hann lifir,<br \/>&#8211; \u00fe\u00e9r er h\u00e6lt \u00fev\u00ed a\u00f0 \u00fe\u00e9r vegnar vel, &#8211;<br \/> <\/span> <span class=\"ljodatexti\"> <a name=\"20\"><span class=\"versanumer_ljod\">20<\/span><\/a>samt ver\u00f0ur hann a\u00f0 safnast til fe\u00f0ra sinna<br \/>sem aldrei framar l\u00edta lj\u00f3si\u00f0.<br \/> <\/span> <span class=\"ljodatexti\"> <a name=\"21\"><span class=\"versanumer_ljod\">21<\/span><\/a>S\u00e1 sem \u00e1 au\u00f0 en engan skilning<br \/>hl\u00fdtur a\u00f0 deyja eins og d\u00fdrin. <\/span> <\/p>\n","protected":false},"excerpt":{"rendered":"<p>1 Til s\u00f6ngstj\u00f3rans. K\u00f3ra\u00edtas\u00e1lmur. 2Heyri\u00f0 \u00feetta, allar \u00fej\u00f3\u00f0ir,hlusti\u00f0, allir heimsb\u00faar, 3b\u00e6\u00f0i h\u00e1ir og l\u00e1gir,jafnt r\u00edkir sem f\u00e1t\u00e6kir. 4Munnur minn m\u00e6lir spekiog \u00edgrundun hjarta m\u00edns er hyggindi. 5\u00c9g hneigi eyra mitt a\u00f0 spakm\u00e6li,r\u00e6\u00f0 g\u00e1tu m\u00edna vi\u00f0 h\u00f6rpuhlj\u00f3m. 6Hv\u00ed skyldi \u00e9g \u00f3ttast \u00e1 ney\u00f0art\u00edmum\u00feegar heift svikara \u00f3gnar \u00far \u00f6llum \u00e1ttum? 7\u00deeir rei\u00f0a sig \u00e1 au\u00f0 sinnog st\u00e6ra sig af r\u00edkid\u00e6mi s\u00ednu. 8En enginn f\u00e6r keypt br\u00f3\u00f0ur sinn lausane\u00f0a greitt Gu\u00f0i lausnargjald fyrir hann, 9lausnargjaldi\u00f0 fyrir l\u00edf hans v\u00e6ri of h\u00e1tt,ekkert mundi nokkru sinni n\u00e6gja 10til a\u00f0 hann fengi a\u00f0 lifa um aldurog \u00feyrfti aldrei a\u00f0 sj\u00e1 gr\u00f6fina. 11Nei, hann s\u00e9r a\u00f0 vitrir <a href=\"https:\/\/biblian.is\/biblian\/salmarnir-49-kafli\/\"> [&#8230;]<\/a><\/p>\n","protected":false},"author":1,"featured_media":0,"parent":0,"menu_order":0,"comment_status":"open","ping_status":"open","template":"bibliukaflar_salmarnir.php","meta":{"footnotes":""},"class_list":["post-2144","page","type-page","status-publish","hentry"],"_links":{"self":[{"href":"https:\/\/biblian.is\/biblian\/wp-json\/wp\/v2\/pages\/2144","targetHints":{"allow":["GET"]}}],"collection":[{"href":"https:\/\/biblian.is\/biblian\/wp-json\/wp\/v2\/pages"}],"about":[{"href":"https:\/\/biblian.is\/biblian\/wp-json\/wp\/v2\/types\/page"}],"author":[{"embeddable":true,"href":"https:\/\/biblian.is\/biblian\/wp-json\/wp\/v2\/users\/1"}],"replies":[{"embeddable":true,"href":"https:\/\/biblian.is\/biblian\/wp-json\/wp\/v2\/comments?post=2144"}],"version-history":[{"count":0,"href":"https:\/\/biblian.is\/biblian\/wp-json\/wp\/v2\/pages\/2144\/revisions"}],"wp:attachment":[{"href":"https:\/\/biblian.is\/biblian\/wp-json\/wp\/v2\/media?parent=2144"}],"curies":[{"name":"wp","href":"https:\/\/api.w.org\/{rel}","templated":true}]}}