{"id":2143,"date":"2017-12-30T21:01:55","date_gmt":"2017-12-30T21:01:55","guid":{"rendered":"http:\/\/biblian.is\/biblian\/s%c2%87lmarnir-48-kafli\/"},"modified":"2020-05-30T18:12:40","modified_gmt":"2020-05-30T18:12:40","slug":"salmarnir-48-kafli","status":"publish","type":"page","link":"https:\/\/biblian.is\/biblian\/salmarnir-48-kafli\/","title":{"rendered":"S\u00e1lmarnir 48. kafli"},"content":{"rendered":"<p><a name=\"1\"><span class=\"versanumer_2007\">1<\/span><\/a> Lj\u00f3\u00f0. K\u00f3ra\u00edtas\u00e1lmur.<br \/> <span class=\"ljodatexti\"> <a name=\"2\"><span class=\"versanumer_ljod\">2<\/span><\/a>Mikill er Drottinn og mj\u00f6g vegsamlegur<br \/>\u00ed borg Gu\u00f0s vors.<br \/> <\/span> <span class=\"ljodatexti\"> <a name=\"3\"><span class=\"versanumer_ljod\">3<\/span><\/a>Hans heilaga fjall, sem gn\u00e6fir h\u00e1tt og fagurt, <br \/>er allri j\u00f6r\u00f0u gle\u00f0i, <br \/>S\u00edonarfjall yst \u00ed nor\u00f0ri,<br \/>borg hins mikla konungs.<br \/> <\/span> <span class=\"ljodatexti\"> <a name=\"4\"><span class=\"versanumer_ljod\">4<\/span><\/a>Gu\u00f0 hefur \u00ed h\u00f6llum hennar <br \/>kunngj\u00f6rt sig sem v\u00edgi<br \/> <\/span> <span class=\"ljodatexti\"> <a name=\"5\"><span class=\"versanumer_ljod\">5<\/span><\/a>\u00fev\u00ed a\u00f0 konungar s\u00f6fnu\u00f0ust saman,<br \/>s\u00f3ttu fram allir sem einn.<br \/> <\/span> <span class=\"ljodatexti\"> <a name=\"6\"><span class=\"versanumer_ljod\">6<\/span><\/a>\u00deegar \u00feeir litu upp ur\u00f0u \u00feeir agndofa, <br \/>skelfdust og fl\u00fd\u00f0u.<br \/> <\/span> <span class=\"ljodatexti\"> <a name=\"7\"><span class=\"versanumer_ljod\">7<\/span><\/a>\u00dear greip \u00fe\u00e1 felmtur<br \/>sem angist j\u00f3\u00f0sj\u00faka konu.<br \/> <\/span> <span class=\"ljodatexti\"> <a name=\"8\"><span class=\"versanumer_ljod\">8<\/span><\/a>Me\u00f0 austanvindinum br\u00fdtur \u00fe\u00fa Tarsisskipin.<br \/> <\/span> <span class=\"ljodatexti\"> <a name=\"9\"><span class=\"versanumer_ljod\">9<\/span><\/a>\u00dea\u00f0 sem v\u00e9r \u00e1\u00f0ur heyr\u00f0um h\u00f6fum v\u00e9r n\u00fa s\u00e9\u00f0<br \/>\u00ed borg Drottins hersveitanna, borg Gu\u00f0s vors.<br \/>Gu\u00f0 l\u00e6tur hana standa a\u00f0 eil\u00edfu. (Sela)<br \/> <\/span> <span class=\"ljodatexti\"> <a name=\"10\"><span class=\"versanumer_ljod\">10<\/span><\/a>V\u00e9r \u00edgrundum, Gu\u00f0, elsku \u00fe\u00edna<br \/>\u00ed musteri \u00fe\u00ednu.<br \/> <\/span> <span class=\"ljodatexti\"> <a name=\"11\"><span class=\"versanumer_ljod\">11<\/span><\/a>Eins og nafn \u00feitt, Gu\u00f0, hlj\u00f3mar lofgj\u00f6r\u00f0 um \u00feig<br \/>allt til endimarka jar\u00f0ar.<br \/>H\u00e6gri h\u00f6nd \u00fe\u00edn er full r\u00e9ttl\u00e6tis.<br \/> <\/span> <span class=\"ljodatexti\"> <a name=\"12\"><span class=\"versanumer_ljod\">12<\/span><\/a>S\u00edonarfjall gle\u00f0st, <br \/>J\u00fadad\u00e6tur fagna<br \/>vegna d\u00f3ma \u00feinna.<br \/> <\/span> <span class=\"ljodatexti\"> <a name=\"13\"><span class=\"versanumer_ljod\">13<\/span><\/a>Gangi\u00f0 umhverfis S\u00edon, <br \/>gangi\u00f0 kringum hana,<br \/>telji\u00f0 turna hennar,<br \/> <\/span> <span class=\"ljodatexti\"> <a name=\"14\"><span class=\"versanumer_ljod\">14<\/span><\/a>sko\u00f0i\u00f0 borgarm\u00farana vandlega,<br \/>vir\u00f0i\u00f0 fyrir y\u00f0ur virkin<br \/>svo a\u00f0 \u00fe\u00e9r geti\u00f0 sagt komandi kynsl\u00f3\u00f0<br \/> <\/span> <span class=\"ljodatexti\"> <a name=\"15\"><span class=\"versanumer_ljod\">15<\/span><\/a>a\u00f0 \u00feannig s\u00e9 Drottinn, Gu\u00f0 vor,<br \/>hann mun lei\u00f0a oss um aldur og \u00e6vi. <\/span> <\/p>\n","protected":false},"excerpt":{"rendered":"<p>1 Lj\u00f3\u00f0. K\u00f3ra\u00edtas\u00e1lmur. 2Mikill er Drottinn og mj\u00f6g vegsamlegur\u00ed borg Gu\u00f0s vors. 3Hans heilaga fjall, sem gn\u00e6fir h\u00e1tt og fagurt, er allri j\u00f6r\u00f0u gle\u00f0i, S\u00edonarfjall yst \u00ed nor\u00f0ri,borg hins mikla konungs. 4Gu\u00f0 hefur \u00ed h\u00f6llum hennar kunngj\u00f6rt sig sem v\u00edgi 5\u00fev\u00ed a\u00f0 konungar s\u00f6fnu\u00f0ust saman,s\u00f3ttu fram allir sem einn. 6\u00deegar \u00feeir litu upp ur\u00f0u \u00feeir agndofa, skelfdust og fl\u00fd\u00f0u. 7\u00dear greip \u00fe\u00e1 felmtursem angist j\u00f3\u00f0sj\u00faka konu. 8Me\u00f0 austanvindinum br\u00fdtur \u00fe\u00fa Tarsisskipin. 9\u00dea\u00f0 sem v\u00e9r \u00e1\u00f0ur heyr\u00f0um h\u00f6fum v\u00e9r n\u00fa s\u00e9\u00f0\u00ed borg Drottins hersveitanna, borg Gu\u00f0s vors.Gu\u00f0 l\u00e6tur hana standa a\u00f0 eil\u00edfu. (Sela) 10V\u00e9r \u00edgrundum, Gu\u00f0, elsku \u00fe\u00edna\u00ed musteri \u00fe\u00ednu. 11Eins <a href=\"https:\/\/biblian.is\/biblian\/salmarnir-48-kafli\/\"> [&#8230;]<\/a><\/p>\n","protected":false},"author":1,"featured_media":0,"parent":0,"menu_order":0,"comment_status":"open","ping_status":"open","template":"bibliukaflar_salmarnir.php","meta":{"footnotes":""},"class_list":["post-2143","page","type-page","status-publish","hentry"],"_links":{"self":[{"href":"https:\/\/biblian.is\/biblian\/wp-json\/wp\/v2\/pages\/2143","targetHints":{"allow":["GET"]}}],"collection":[{"href":"https:\/\/biblian.is\/biblian\/wp-json\/wp\/v2\/pages"}],"about":[{"href":"https:\/\/biblian.is\/biblian\/wp-json\/wp\/v2\/types\/page"}],"author":[{"embeddable":true,"href":"https:\/\/biblian.is\/biblian\/wp-json\/wp\/v2\/users\/1"}],"replies":[{"embeddable":true,"href":"https:\/\/biblian.is\/biblian\/wp-json\/wp\/v2\/comments?post=2143"}],"version-history":[{"count":0,"href":"https:\/\/biblian.is\/biblian\/wp-json\/wp\/v2\/pages\/2143\/revisions"}],"wp:attachment":[{"href":"https:\/\/biblian.is\/biblian\/wp-json\/wp\/v2\/media?parent=2143"}],"curies":[{"name":"wp","href":"https:\/\/api.w.org\/{rel}","templated":true}]}}