{"id":2142,"date":"2017-12-30T21:01:55","date_gmt":"2017-12-30T21:01:55","guid":{"rendered":"http:\/\/biblian.is\/biblian\/s%c2%87lmarnir-47-kafli\/"},"modified":"2020-05-30T18:12:40","modified_gmt":"2020-05-30T18:12:40","slug":"salmarnir-47-kafli","status":"publish","type":"page","link":"https:\/\/biblian.is\/biblian\/salmarnir-47-kafli\/","title":{"rendered":"S\u00e1lmarnir 47. kafli"},"content":{"rendered":"<p><a name=\"1\"><span class=\"versanumer_2007\">1<\/span><\/a> Til s\u00f6ngstj\u00f3rans. K\u00f3ra\u00edtas\u00e1lmur.<br \/> <span class=\"ljodatexti\"> <a name=\"2\"><span class=\"versanumer_ljod\">2<\/span><\/a>Klappi\u00f0 saman l\u00f3fum, allar \u00fej\u00f3\u00f0ir,<br \/>fagni\u00f0 fyrir Gu\u00f0i me\u00f0 gle\u00f0i\u00f3pi<br \/> <\/span> <span class=\"ljodatexti\"> <a name=\"3\"><span class=\"versanumer_ljod\">3<\/span><\/a>\u00fev\u00ed a\u00f0 Drottinn, Hinn h\u00e6sti, er \u00f3gurlegur,<br \/>voldugur konungur yfir allri j\u00f6r\u00f0inni.<br \/> <\/span> <span class=\"ljodatexti\"> <a name=\"4\"><span class=\"versanumer_ljod\">4<\/span><\/a>Hann leggur undir oss l\u00fd\u00f0i<br \/>og \u00fej\u00f3\u00f0ir fyrir f\u00e6tur vora.<br \/> <\/span> <span class=\"ljodatexti\"> <a name=\"5\"><span class=\"versanumer_ljod\">5<\/span><\/a>Hann valdi erf\u00f0aland oss til handa,<br \/>stolt Jakobs, sem hann elskar. (Sela)<br \/> <\/span> <span class=\"ljodatexti\"> <a name=\"6\"><span class=\"versanumer_ljod\">6<\/span><\/a>Gu\u00f0 er upp stiginn me\u00f0 fagna\u00f0ar\u00f3pi,<br \/>vi\u00f0 l\u00fa\u00f0urhlj\u00f3m er Drottinn upp stiginn.<br \/> <\/span> <span class=\"ljodatexti\"> <a name=\"7\"><span class=\"versanumer_ljod\">7<\/span><\/a>Syngi\u00f0 Gu\u00f0i, syngi\u00f0,<br \/>syngi\u00f0 konungi vorum lof, syngi\u00f0,<br \/> <\/span> <span class=\"ljodatexti\"> <a name=\"8\"><span class=\"versanumer_ljod\">8<\/span><\/a>\u00fev\u00ed a\u00f0 Gu\u00f0 er konungur yfir allri j\u00f6r\u00f0inni,<br \/>syngi\u00f0 honum lofs\u00f6ng.<br \/> <\/span> <span class=\"ljodatexti\"> <a name=\"9\"><span class=\"versanumer_ljod\">9<\/span><\/a>Gu\u00f0 er konungur yfir \u00fej\u00f3\u00f0unum,<br \/>Gu\u00f0 situr \u00ed s\u00ednu heilaga h\u00e1s\u00e6ti.<br \/> <\/span> <span class=\"ljodatexti\"> <a name=\"10\"><span class=\"versanumer_ljod\">10<\/span><\/a>Lei\u00f0togar \u00fej\u00f3\u00f0anna safnast saman<br \/>\u00e1samt l\u00fd\u00f0 Abrahams Gu\u00f0s<br \/>\u00fev\u00ed a\u00f0 Gu\u00f0s eru skildirnir \u00e1 j\u00f6r\u00f0u,<br \/>hann er h\u00e1tt upp hafinn. <\/span> <\/p>\n","protected":false},"excerpt":{"rendered":"<p>1 Til s\u00f6ngstj\u00f3rans. K\u00f3ra\u00edtas\u00e1lmur. 2Klappi\u00f0 saman l\u00f3fum, allar \u00fej\u00f3\u00f0ir,fagni\u00f0 fyrir Gu\u00f0i me\u00f0 gle\u00f0i\u00f3pi 3\u00fev\u00ed a\u00f0 Drottinn, Hinn h\u00e6sti, er \u00f3gurlegur,voldugur konungur yfir allri j\u00f6r\u00f0inni. 4Hann leggur undir oss l\u00fd\u00f0iog \u00fej\u00f3\u00f0ir fyrir f\u00e6tur vora. 5Hann valdi erf\u00f0aland oss til handa,stolt Jakobs, sem hann elskar. (Sela) 6Gu\u00f0 er upp stiginn me\u00f0 fagna\u00f0ar\u00f3pi,vi\u00f0 l\u00fa\u00f0urhlj\u00f3m er Drottinn upp stiginn. 7Syngi\u00f0 Gu\u00f0i, syngi\u00f0,syngi\u00f0 konungi vorum lof, syngi\u00f0, 8\u00fev\u00ed a\u00f0 Gu\u00f0 er konungur yfir allri j\u00f6r\u00f0inni,syngi\u00f0 honum lofs\u00f6ng. 9Gu\u00f0 er konungur yfir \u00fej\u00f3\u00f0unum,Gu\u00f0 situr \u00ed s\u00ednu heilaga h\u00e1s\u00e6ti. 10Lei\u00f0togar \u00fej\u00f3\u00f0anna safnast saman\u00e1samt l\u00fd\u00f0 Abrahams Gu\u00f0s\u00fev\u00ed a\u00f0 Gu\u00f0s eru skildirnir \u00e1 j\u00f6r\u00f0u,hann er h\u00e1tt upp hafinn.<\/p>\n","protected":false},"author":1,"featured_media":0,"parent":0,"menu_order":0,"comment_status":"open","ping_status":"open","template":"bibliukaflar_salmarnir.php","meta":{"footnotes":""},"class_list":["post-2142","page","type-page","status-publish","hentry"],"_links":{"self":[{"href":"https:\/\/biblian.is\/biblian\/wp-json\/wp\/v2\/pages\/2142","targetHints":{"allow":["GET"]}}],"collection":[{"href":"https:\/\/biblian.is\/biblian\/wp-json\/wp\/v2\/pages"}],"about":[{"href":"https:\/\/biblian.is\/biblian\/wp-json\/wp\/v2\/types\/page"}],"author":[{"embeddable":true,"href":"https:\/\/biblian.is\/biblian\/wp-json\/wp\/v2\/users\/1"}],"replies":[{"embeddable":true,"href":"https:\/\/biblian.is\/biblian\/wp-json\/wp\/v2\/comments?post=2142"}],"version-history":[{"count":0,"href":"https:\/\/biblian.is\/biblian\/wp-json\/wp\/v2\/pages\/2142\/revisions"}],"wp:attachment":[{"href":"https:\/\/biblian.is\/biblian\/wp-json\/wp\/v2\/media?parent=2142"}],"curies":[{"name":"wp","href":"https:\/\/api.w.org\/{rel}","templated":true}]}}