{"id":2141,"date":"2017-12-30T21:01:55","date_gmt":"2017-12-30T21:01:55","guid":{"rendered":"http:\/\/biblian.is\/biblian\/s%c2%87lmarnir-46-kafli\/"},"modified":"2020-05-30T18:12:40","modified_gmt":"2020-05-30T18:12:40","slug":"salmarnir-46-kafli","status":"publish","type":"page","link":"https:\/\/biblian.is\/biblian\/salmarnir-46-kafli\/","title":{"rendered":"S\u00e1lmarnir 46. kafli"},"content":{"rendered":"<p><a name=\"1\"><span class=\"versanumer_2007\">1<\/span><\/a> Til s\u00f6ngstj\u00f3rans. Eftir K\u00f3ra\u00edta. Fyrir kvenraddir. Lj\u00f3\u00f0.<br \/> <span class=\"ljodatexti\"> <a name=\"2\"><span class=\"versanumer_ljod\">2<\/span><\/a>Gu\u00f0 er oss h\u00e6li og styrkur,<br \/>\u00f6rugg hj\u00e1lp \u00ed nau\u00f0um.<br \/> <\/span> <span class=\"ljodatexti\"> <a name=\"3\"><span class=\"versanumer_ljod\">3<\/span><\/a>\u00dev\u00ed \u00f3ttumst v\u00e9r eigi \u00fe\u00f3tt j\u00f6r\u00f0in haggist<br \/>og fj\u00f6llin steypist \u00ed dj\u00fap hafsins,<br \/> <\/span> <span class=\"ljodatexti\"> <a name=\"4\"><span class=\"versanumer_ljod\">4<\/span><\/a>\u00fe\u00f3tt v\u00f6tnin dynji og \u00f3lgi,<br \/>\u00fe\u00f3tt fj\u00f6llin ri\u00f0i af ofsa \u00feeirra. (Sela)<br \/> <\/span> <span class=\"ljodatexti\"> <a name=\"5\"><span class=\"versanumer_ljod\">5<\/span><\/a>Elfur kv\u00edslast og gle\u00f0ja Gu\u00f0s borg,<br \/>heilagan b\u00fasta\u00f0 Hins h\u00e6sta.<br \/> <\/span> <span class=\"ljodatexti\"> <a name=\"6\"><span class=\"versanumer_ljod\">6<\/span><\/a>Gu\u00f0 b\u00fdr \u00ed henni mi\u00f0ri, h\u00fan bifast ekki,<br \/>Gu\u00f0 hj\u00e1lpar henni \u00feegar birtir af degi.<br \/> <\/span> <span class=\"ljodatexti\"> <a name=\"7\"><span class=\"versanumer_ljod\">7<\/span><\/a>\u00dej\u00f3\u00f0ir geisu\u00f0u, r\u00edki ri\u00f0u\u00f0u,<br \/>raust hans \u00feruma\u00f0i, j\u00f6r\u00f0in n\u00f6tra\u00f0i.<br \/> <\/span> <span class=\"ljodatexti\"> <a name=\"8\"><span class=\"versanumer_ljod\">8<\/span><\/a>Drottinn hersveitanna er me\u00f0 oss,<br \/>Jakobs Gu\u00f0 vort v\u00edgi. (Sela)<br \/> <\/span> <span class=\"ljodatexti\"> <a name=\"9\"><span class=\"versanumer_ljod\">9<\/span><\/a>Komi\u00f0, sj\u00e1i\u00f0 d\u00e1\u00f0ir Drottins,<br \/>hann veldur ey\u00f0ingu \u00e1 j\u00f6r\u00f0u.<br \/> <\/span> <span class=\"ljodatexti\"> <a name=\"10\"><span class=\"versanumer_ljod\">10<\/span><\/a>Hann st\u00f6\u00f0var str\u00ed\u00f0 til endimarka jar\u00f0ar,<br \/>br\u00fdtur bogann, m\u00f6lvar spj\u00f3ti\u00f0,<br \/>brennir skildi \u00ed eldi.<br \/> <\/span> <span class=\"ljodatexti\"> <a name=\"11\"><span class=\"versanumer_ljod\">11<\/span><\/a>H\u00e6tti\u00f0 og j\u00e1ti\u00f0 a\u00f0 \u00e9g er Gu\u00f0,<br \/>hafinn yfir \u00fej\u00f3\u00f0ir, upphafinn \u00e1 j\u00f6r\u00f0u.<br \/> <\/span> <span class=\"ljodatexti\"> <a name=\"12\"><span class=\"versanumer_ljod\">12<\/span><\/a>Drottinn hersveitanna er me\u00f0 oss,<br \/>Jakobs Gu\u00f0 vort v\u00edgi. (Sela) <\/span> <\/p>\n","protected":false},"excerpt":{"rendered":"<p>1 Til s\u00f6ngstj\u00f3rans. Eftir K\u00f3ra\u00edta. Fyrir kvenraddir. Lj\u00f3\u00f0. 2Gu\u00f0 er oss h\u00e6li og styrkur,\u00f6rugg hj\u00e1lp \u00ed nau\u00f0um. 3\u00dev\u00ed \u00f3ttumst v\u00e9r eigi \u00fe\u00f3tt j\u00f6r\u00f0in haggistog fj\u00f6llin steypist \u00ed dj\u00fap hafsins, 4\u00fe\u00f3tt v\u00f6tnin dynji og \u00f3lgi,\u00fe\u00f3tt fj\u00f6llin ri\u00f0i af ofsa \u00feeirra. (Sela) 5Elfur kv\u00edslast og gle\u00f0ja Gu\u00f0s borg,heilagan b\u00fasta\u00f0 Hins h\u00e6sta. 6Gu\u00f0 b\u00fdr \u00ed henni mi\u00f0ri, h\u00fan bifast ekki,Gu\u00f0 hj\u00e1lpar henni \u00feegar birtir af degi. 7\u00dej\u00f3\u00f0ir geisu\u00f0u, r\u00edki ri\u00f0u\u00f0u,raust hans \u00feruma\u00f0i, j\u00f6r\u00f0in n\u00f6tra\u00f0i. 8Drottinn hersveitanna er me\u00f0 oss,Jakobs Gu\u00f0 vort v\u00edgi. (Sela) 9Komi\u00f0, sj\u00e1i\u00f0 d\u00e1\u00f0ir Drottins,hann veldur ey\u00f0ingu \u00e1 j\u00f6r\u00f0u. 10Hann st\u00f6\u00f0var str\u00ed\u00f0 til endimarka jar\u00f0ar,br\u00fdtur bogann, m\u00f6lvar spj\u00f3ti\u00f0,brennir skildi \u00ed eldi. <a href=\"https:\/\/biblian.is\/biblian\/salmarnir-46-kafli\/\"> [&#8230;]<\/a><\/p>\n","protected":false},"author":1,"featured_media":0,"parent":0,"menu_order":0,"comment_status":"open","ping_status":"open","template":"bibliukaflar_salmarnir.php","meta":{"footnotes":""},"class_list":["post-2141","page","type-page","status-publish","hentry"],"_links":{"self":[{"href":"https:\/\/biblian.is\/biblian\/wp-json\/wp\/v2\/pages\/2141","targetHints":{"allow":["GET"]}}],"collection":[{"href":"https:\/\/biblian.is\/biblian\/wp-json\/wp\/v2\/pages"}],"about":[{"href":"https:\/\/biblian.is\/biblian\/wp-json\/wp\/v2\/types\/page"}],"author":[{"embeddable":true,"href":"https:\/\/biblian.is\/biblian\/wp-json\/wp\/v2\/users\/1"}],"replies":[{"embeddable":true,"href":"https:\/\/biblian.is\/biblian\/wp-json\/wp\/v2\/comments?post=2141"}],"version-history":[{"count":0,"href":"https:\/\/biblian.is\/biblian\/wp-json\/wp\/v2\/pages\/2141\/revisions"}],"wp:attachment":[{"href":"https:\/\/biblian.is\/biblian\/wp-json\/wp\/v2\/media?parent=2141"}],"curies":[{"name":"wp","href":"https:\/\/api.w.org\/{rel}","templated":true}]}}