{"id":2140,"date":"2017-12-30T21:01:55","date_gmt":"2017-12-30T21:01:55","guid":{"rendered":"http:\/\/biblian.is\/biblian\/s%c2%87lmarnir-45-kafli\/"},"modified":"2020-05-30T18:12:40","modified_gmt":"2020-05-30T18:12:40","slug":"salmarnir-45-kafli","status":"publish","type":"page","link":"https:\/\/biblian.is\/biblian\/salmarnir-45-kafli\/","title":{"rendered":"S\u00e1lmarnir 45. kafli"},"content":{"rendered":"<p><a name=\"1\"><span class=\"versanumer_2007\">1<\/span><\/a> Til s\u00f6ngstj\u00f3rans. Lag: Liljur. K\u00f3ra\u00edtamask\u00edl. Br\u00fa\u00f0kaupskv\u00e6\u00f0i.<br \/> <span class=\"ljodatexti\"> <a name=\"2\"><span class=\"versanumer_ljod\">2<\/span><\/a>Hjarta mitt svellur af lj\u00fafum or\u00f0um,<br \/>konungi flyt \u00e9g kv\u00e6\u00f0i mitt,<br \/>tunga m\u00edn er sem penni hra\u00f0ritara.<br \/> <\/span> <span class=\"ljodatexti\"> <a name=\"3\"><span class=\"versanumer_ljod\">3<\/span><\/a>Fegurri ert \u00fe\u00fa \u00f6\u00f0rum m\u00f6nnum,<br \/>yndi streymir um varir \u00fe\u00ednar, <br \/>fyrir \u00fev\u00ed hefur Gu\u00f0 blessa\u00f0 \u00feig a\u00f0 eil\u00edfu.<br \/> <\/span> <span class=\"ljodatexti\"> <a name=\"4\"><span class=\"versanumer_ljod\">4<\/span><\/a>Gyr\u00f0 lendar \u00fe\u00ednar sver\u00f0i, \u00fe\u00fa hetja,<br \/>lj\u00f3ma \u00fe\u00ednum og vegsemd.<br \/> <\/span> <span class=\"ljodatexti\"> <a name=\"5\"><span class=\"versanumer_ljod\">5<\/span><\/a>S\u00e6ktu sigurs\u00e6ll fram<br \/>\u00ed \u00fe\u00e1gu sannleika, mildi og r\u00e9ttl\u00e6tis. <br \/>H\u00e6gri h\u00f6nd \u00fe\u00edn kenni \u00fe\u00e9r \u00f3gnarleg st\u00f3rvirki.<br \/> <\/span> <span class=\"ljodatexti\"> <a name=\"6\"><span class=\"versanumer_ljod\">6<\/span><\/a>\u00d6rvar \u00fe\u00ednar eru hvesstar, <br \/>\u00fe\u00e6r h\u00e6fa hjarta fjandmanna konungsins,<br \/>\u00fej\u00f3\u00f0ir falla a\u00f0 f\u00f3tum \u00fe\u00e9r.<br \/> <\/span> <span class=\"ljodatexti\"> <a name=\"7\"><span class=\"versanumer_ljod\">7<\/span><\/a>H\u00e1s\u00e6ti \u00feitt, Gu\u00f0, stendur um aldir alda,<br \/>veldissproti r\u00edkis \u00fe\u00edns er r\u00e9ttl\u00e6tissproti.<br \/> <\/span> <span class=\"ljodatexti\"> <a name=\"8\"><span class=\"versanumer_ljod\">8<\/span><\/a>\u00de\u00fa elskar r\u00e9ttl\u00e6ti og hatar rangl\u00e6ti,<br \/>\u00feess vegna hefur Gu\u00f0, \u00feinn Gu\u00f0, smurt \u00feig fagna\u00f0arol\u00edu <br \/>fremur en f\u00e9laga \u00fe\u00edna.<br \/> <\/span> <span class=\"ljodatexti\"> <a name=\"9\"><span class=\"versanumer_ljod\">9<\/span><\/a>Allur skr\u00fa\u00f0i \u00feinn angar af myrru, al\u00f3e og kass\u00edu,<br \/>\u00fe\u00fa gle\u00f0st af strengleik \u00far f\u00edlabeinsh\u00f6llum.<br \/> <\/span> <span class=\"ljodatexti\"> <a name=\"10\"><span class=\"versanumer_ljod\">10<\/span><\/a>Konungsd\u00e6tur eru me\u00f0al vildarkvenna \u00feinna,<br \/>\u00fe\u00e9r \u00e1 h\u00e6gri h\u00f6nd er drottningin b\u00fain \u00d3f\u00edrgulli.<br \/> <\/span> <span class=\"ljodatexti\"> <a name=\"11\"><span class=\"versanumer_ljod\">11<\/span><\/a>Heyr, d\u00f3ttir, g\u00e6ttu a\u00f0 og legg vi\u00f0 hlustir,<br \/>gleym \u00fej\u00f3\u00f0 \u00feinni og f\u00f6\u00f0ur\u00e6tt,<br \/> <\/span> <span class=\"ljodatexti\"> <a name=\"12\"><span class=\"versanumer_ljod\">12<\/span><\/a>\u00fe\u00e1 mun konungurinn \u00fer\u00e1 fegur\u00f0 \u00fe\u00edna,<br \/>\u00fe\u00fa skalt l\u00fata honum \u00fev\u00ed a\u00f0 hann er herra \u00feinn.<br \/> <\/span> <span class=\"ljodatexti\"> <a name=\"13\"><span class=\"versanumer_ljod\">13<\/span><\/a>D\u00f3ttirin T\u00fdrus f\u00e6rir gjafir,<br \/>au\u00f0menn \u00fej\u00f3\u00f0arinnar leita hylli \u00feinnar.<br \/> <\/span> <span class=\"ljodatexti\"> <a name=\"14\"><span class=\"versanumer_ljod\">14<\/span><\/a>Konungsd\u00f3ttirin er hla\u00f0in skarti,<br \/>kl\u00e6\u00f0i hennar ofin gulli.<br \/> <\/span> <span class=\"ljodatexti\"> <a name=\"15\"><span class=\"versanumer_ljod\">15<\/span><\/a>\u00cd glitofnum kl\u00e6\u00f0um er h\u00fan leidd fyrir konung,<br \/>meyjar fylgja henni,<br \/>vinkonur hennar eru f\u00e6r\u00f0ar fram fyrir \u00feig.<br \/> <\/span> <span class=\"ljodatexti\"> <a name=\"16\"><span class=\"versanumer_ljod\">16<\/span><\/a>\u00de\u00e6r eru leiddar inn me\u00f0 f\u00f6gnu\u00f0i og gle\u00f0i,<br \/>ganga inn \u00ed h\u00f6ll konungs.<br \/> <\/span> <span class=\"ljodatexti\"> <a name=\"17\"><span class=\"versanumer_ljod\">17<\/span><\/a>\u00cd sta\u00f0 fe\u00f0ra \u00feinna koma synir \u00fe\u00ednir,<br \/>\u00fe\u00fa munt gera \u00fe\u00e1 a\u00f0 h\u00f6f\u00f0ingjum um land allt.<br \/> <\/span> <span class=\"ljodatexti\"> <a name=\"18\"><span class=\"versanumer_ljod\">18<\/span><\/a>\u00c9g vil lofa nafn \u00feitt fr\u00e1 kynsl\u00f3\u00f0 til kynsl\u00f3\u00f0ar,<br \/>\u00feess vegna munu \u00fej\u00f3\u00f0ir vegsama \u00feig um aldur og \u00e6vi. <\/span> <\/p>\n","protected":false},"excerpt":{"rendered":"<p>1 Til s\u00f6ngstj\u00f3rans. Lag: Liljur. K\u00f3ra\u00edtamask\u00edl. Br\u00fa\u00f0kaupskv\u00e6\u00f0i. 2Hjarta mitt svellur af lj\u00fafum or\u00f0um,konungi flyt \u00e9g kv\u00e6\u00f0i mitt,tunga m\u00edn er sem penni hra\u00f0ritara. 3Fegurri ert \u00fe\u00fa \u00f6\u00f0rum m\u00f6nnum,yndi streymir um varir \u00fe\u00ednar, fyrir \u00fev\u00ed hefur Gu\u00f0 blessa\u00f0 \u00feig a\u00f0 eil\u00edfu. 4Gyr\u00f0 lendar \u00fe\u00ednar sver\u00f0i, \u00fe\u00fa hetja,lj\u00f3ma \u00fe\u00ednum og vegsemd. 5S\u00e6ktu sigurs\u00e6ll fram\u00ed \u00fe\u00e1gu sannleika, mildi og r\u00e9ttl\u00e6tis. H\u00e6gri h\u00f6nd \u00fe\u00edn kenni \u00fe\u00e9r \u00f3gnarleg st\u00f3rvirki. 6\u00d6rvar \u00fe\u00ednar eru hvesstar, \u00fe\u00e6r h\u00e6fa hjarta fjandmanna konungsins,\u00fej\u00f3\u00f0ir falla a\u00f0 f\u00f3tum \u00fe\u00e9r. 7H\u00e1s\u00e6ti \u00feitt, Gu\u00f0, stendur um aldir alda,veldissproti r\u00edkis \u00fe\u00edns er r\u00e9ttl\u00e6tissproti. 8\u00de\u00fa elskar r\u00e9ttl\u00e6ti og hatar rangl\u00e6ti,\u00feess vegna hefur Gu\u00f0, \u00feinn Gu\u00f0, smurt \u00feig <a href=\"https:\/\/biblian.is\/biblian\/salmarnir-45-kafli\/\"> [&#8230;]<\/a><\/p>\n","protected":false},"author":1,"featured_media":0,"parent":0,"menu_order":0,"comment_status":"open","ping_status":"open","template":"bibliukaflar_salmarnir.php","meta":{"footnotes":""},"class_list":["post-2140","page","type-page","status-publish","hentry"],"_links":{"self":[{"href":"https:\/\/biblian.is\/biblian\/wp-json\/wp\/v2\/pages\/2140","targetHints":{"allow":["GET"]}}],"collection":[{"href":"https:\/\/biblian.is\/biblian\/wp-json\/wp\/v2\/pages"}],"about":[{"href":"https:\/\/biblian.is\/biblian\/wp-json\/wp\/v2\/types\/page"}],"author":[{"embeddable":true,"href":"https:\/\/biblian.is\/biblian\/wp-json\/wp\/v2\/users\/1"}],"replies":[{"embeddable":true,"href":"https:\/\/biblian.is\/biblian\/wp-json\/wp\/v2\/comments?post=2140"}],"version-history":[{"count":0,"href":"https:\/\/biblian.is\/biblian\/wp-json\/wp\/v2\/pages\/2140\/revisions"}],"wp:attachment":[{"href":"https:\/\/biblian.is\/biblian\/wp-json\/wp\/v2\/media?parent=2140"}],"curies":[{"name":"wp","href":"https:\/\/api.w.org\/{rel}","templated":true}]}}