{"id":2139,"date":"2017-12-30T21:01:55","date_gmt":"2017-12-30T21:01:55","guid":{"rendered":"http:\/\/biblian.is\/biblian\/s%c2%87lmarnir-44-kafli\/"},"modified":"2020-05-30T18:12:40","modified_gmt":"2020-05-30T18:12:40","slug":"salmarnir-44-kafli","status":"publish","type":"page","link":"https:\/\/biblian.is\/biblian\/salmarnir-44-kafli\/","title":{"rendered":"S\u00e1lmarnir 44. kafli"},"content":{"rendered":"<p><a name=\"1\"><span class=\"versanumer_2007\">1<\/span><\/a> Til s\u00f6ngstj\u00f3rans. K\u00f3ra\u00edtamask\u00edl.<br \/> <span class=\"ljodatexti\"> <a name=\"2\"><span class=\"versanumer_ljod\">2<\/span><\/a>Gu\u00f0, me\u00f0 eigin eyrum h\u00f6fum v\u00e9r heyrt,<br \/>fe\u00f0ur vorir hafa sagt oss <br \/>fr\u00e1 d\u00e1\u00f0um, sem \u00fe\u00fa dr\u00fdg\u00f0ir \u00e1 d\u00f6gum \u00feeirra, <br \/>\u00e1 l\u00f6ngu li\u00f0num t\u00edmum.<br \/> <\/span> <span class=\"ljodatexti\"> <a name=\"3\"><span class=\"versanumer_ljod\">3<\/span><\/a>\u00de\u00fa st\u00f6kktir burt \u00fej\u00f3\u00f0um<br \/>en gr\u00f3\u00f0ursettir fe\u00f0urna,<br \/>\u00fe\u00fa l\u00e9kst l\u00fd\u00f0i har\u00f0lega<br \/>en l\u00e9st \u00fe\u00e1 brei\u00f0a \u00far s\u00e9r.<br \/> <\/span> <span class=\"ljodatexti\"> <a name=\"4\"><span class=\"versanumer_ljod\">4<\/span><\/a>Ekki unnu \u00feeir landi\u00f0 me\u00f0 sver\u00f0um s\u00ednum<br \/>og ekki hj\u00e1lpa\u00f0i armur \u00feeirra \u00feeim<br \/>heldur h\u00e6gri h\u00f6nd \u00fe\u00edn og armur<br \/>og lj\u00f3mi auglitis \u00fe\u00edns<br \/>\u00fev\u00ed a\u00f0 \u00fe\u00fa haf\u00f0ir \u00fe\u00f3knun \u00e1 \u00feeim.<br \/> <\/span> <span class=\"ljodatexti\"> <a name=\"5\"><span class=\"versanumer_ljod\">5<\/span><\/a>\u00de\u00fa ert konungur minn og Gu\u00f0 minn,<br \/>bj\u00f3\u00f0 \u00fe\u00fa a\u00f0 Jakob sigri.<br \/> <\/span> <span class=\"ljodatexti\"> <a name=\"6\"><span class=\"versanumer_ljod\">6<\/span><\/a>Me\u00f0 \u00feinni hj\u00e1lp leggjum v\u00e9r andst\u00e6\u00f0inga vora a\u00f0 velli,<br \/>me\u00f0 nafni \u00fe\u00ednu tro\u00f0um v\u00e9r f\u00f3tum \u00fe\u00e1 sem gegn oss r\u00edsa.<br \/> <\/span> <span class=\"ljodatexti\"> <a name=\"7\"><span class=\"versanumer_ljod\">7<\/span><\/a>\u00c9g treysti ekki boga m\u00ednum <br \/>og sver\u00f0 mitt veitir m\u00e9r ekki sigur<br \/> <\/span> <span class=\"ljodatexti\"> <a name=\"8\"><span class=\"versanumer_ljod\">8<\/span><\/a>heldur veittir \u00fe\u00fa oss sigur \u00e1 \u00f3vinum vorum<br \/>og l\u00e6tur \u00fe\u00e1 sem oss hata ver\u00f0a til skammar.<br \/> <\/span> <span class=\"ljodatexti\"> <a name=\"9\"><span class=\"versanumer_ljod\">9<\/span><\/a>Af Gu\u00f0i hr\u00f3sum v\u00e9r oss \u00e6t\u00ed\u00f0<br \/>og lofum nafn \u00feitt a\u00f0 eil\u00edfu. (Sela)<br \/> <\/span> <span class=\"ljodatexti\"> <a name=\"10\"><span class=\"versanumer_ljod\">10<\/span><\/a>En n\u00fa hefur \u00fe\u00fa hafna\u00f0 oss og ni\u00f0url\u00e6gt,<br \/>\u00fe\u00fa f\u00f3rst ekki \u00fat me\u00f0 hersveitum vorum.<br \/> <\/span> <span class=\"ljodatexti\"> <a name=\"11\"><span class=\"versanumer_ljod\">11<\/span><\/a>\u00de\u00fa l\u00e9st oss h\u00f6rfa undan \u00f3vinum <br \/>og hatursmenn vorir taka herfang.<br \/> <\/span> <span class=\"ljodatexti\"> <a name=\"12\"><span class=\"versanumer_ljod\">12<\/span><\/a>\u00de\u00fa f\u00f3rst me\u00f0 oss eins og sl\u00e1turf\u00e9<br \/>og tv\u00edstra\u00f0ir oss me\u00f0al \u00fej\u00f3\u00f0anna,<br \/> <\/span> <span class=\"ljodatexti\"> <a name=\"13\"><span class=\"versanumer_ljod\">13<\/span><\/a>\u00fe\u00fa seldir l\u00fd\u00f0 \u00feinn fyrir gjafver\u00f0<br \/>og barst ekkert \u00far b\u00fdtum. <br \/> <\/span> <span class=\"ljodatexti\"> <a name=\"14\"><span class=\"versanumer_ljod\">14<\/span><\/a>\u00de\u00fa l\u00e9st n\u00e1granna vora sm\u00e1na oss,<br \/>\u00fe\u00e1 sem umhverfis b\u00faa hafa oss a\u00f0 h\u00e1\u00f0i og spotti.<br \/> <\/span> <span class=\"ljodatexti\"> <a name=\"15\"><span class=\"versanumer_ljod\">15<\/span><\/a>\u00de\u00fa ger\u00f0ir afdrif vor a\u00f0 or\u00f0taki me\u00f0al \u00fej\u00f3\u00f0anna,<br \/>l\u00e9st \u00fej\u00f3\u00f0irnar hrista h\u00f6fu\u00f0i\u00f0 yfir oss.<br \/> <\/span> <span class=\"ljodatexti\"> <a name=\"16\"><span class=\"versanumer_ljod\">16<\/span><\/a>St\u00f6\u00f0ugt stendur sm\u00e1n m\u00edn m\u00e9r fyrir sj\u00f3num,<br \/>andlit mitt er huli\u00f0 sk\u00f6mm<br \/> <\/span> <span class=\"ljodatexti\"> <a name=\"17\"><span class=\"versanumer_ljod\">17<\/span><\/a>vegna or\u00f0a \u00feeirra sem h\u00e6\u00f0a mig og lasta<br \/>frammi fyrir hefnigj\u00f6rnum \u00f3vini.<br \/> <\/span> <span class=\"ljodatexti\"> <a name=\"18\"><span class=\"versanumer_ljod\">18<\/span><\/a>Allt \u00feetta er yfir oss komi\u00f0,<br \/>\u00fe\u00f3 h\u00f6f\u00f0um v\u00e9r ekki gleymt \u00fe\u00e9r<br \/>og ekki rofi\u00f0 s\u00e1ttm\u00e1la \u00feinn.<br \/> <\/span> <span class=\"ljodatexti\"> <a name=\"19\"><span class=\"versanumer_ljod\">19<\/span><\/a>Hjarta vort hefur hvorki viki\u00f0 fr\u00e1 \u00fe\u00e9r<br \/>n\u00e9 skref vor beygt \u00fat af vegi \u00fe\u00ednum,<br \/> <\/span> <span class=\"ljodatexti\"> <a name=\"20\"><span class=\"versanumer_ljod\">20<\/span><\/a>samt hefur \u00fe\u00fa broti\u00f0 oss ni\u00f0ur,<br \/>\u00fear sem sjakalarnir hafast vi\u00f0,<br \/>og huli\u00f0 oss ni\u00f0amyrkri.<br \/> <\/span> <span class=\"ljodatexti\"> <a name=\"21\"><span class=\"versanumer_ljod\">21<\/span><\/a>Hef\u00f0um v\u00e9r gleymt nafni Gu\u00f0s vors<br \/>og hafi\u00f0 upp hendur til framandi gu\u00f0s,<br \/> <\/span> <span class=\"ljodatexti\"> <a name=\"22\"><span class=\"versanumer_ljod\">22<\/span><\/a> hef\u00f0i Gu\u00f0 \u00fe\u00e1 ekki or\u00f0i\u00f0 \u00feess \u00e1skynja,<br \/>hann sem \u00feekkir leyndarm\u00e1l hjartans?<br \/> <\/span> <span class=\"ljodatexti\"> <a name=\"23\"><span class=\"versanumer_ljod\">23<\/span><\/a> \u00dea\u00f0 er \u00fe\u00edn vegna a\u00f0 v\u00e9r erum st\u00f6\u00f0ugt felldir,<br \/>a\u00f0 v\u00e9r erum metnir sem sl\u00e1turf\u00e9.<br \/> <\/span> <span class=\"ljodatexti\"> <a name=\"24\"><span class=\"versanumer_ljod\">24<\/span><\/a> Vakna! Hv\u00ed sefur \u00fe\u00fa, Drottinn?<br \/>R\u00eds upp, \u00fatsk\u00fafa oss eigi um aldur.<br \/> <\/span> <span class=\"ljodatexti\"> <a name=\"25\"><span class=\"versanumer_ljod\">25<\/span><\/a> Hv\u00ed hylur \u00fe\u00fa auglit \u00feitt,<br \/>gleymir ney\u00f0 vorri og \u00ferengingu?<br \/> <\/span> <span class=\"ljodatexti\"> <a name=\"26\"><span class=\"versanumer_ljod\">26<\/span><\/a> S\u00e1l vor er beyg\u00f0 \u00ed dufti\u00f0,<br \/>l\u00edkaminn lo\u00f0ir vi\u00f0 j\u00f6r\u00f0u.<br \/> <\/span> <span class=\"ljodatexti\"> <a name=\"27\"><span class=\"versanumer_ljod\">27<\/span><\/a> R\u00eds upp, veit oss li\u00f0,<br \/>frelsa oss sakir miskunnar \u00feinnar. <\/span> <\/p>\n","protected":false},"excerpt":{"rendered":"<p>1 Til s\u00f6ngstj\u00f3rans. K\u00f3ra\u00edtamask\u00edl. 2Gu\u00f0, me\u00f0 eigin eyrum h\u00f6fum v\u00e9r heyrt,fe\u00f0ur vorir hafa sagt oss fr\u00e1 d\u00e1\u00f0um, sem \u00fe\u00fa dr\u00fdg\u00f0ir \u00e1 d\u00f6gum \u00feeirra, \u00e1 l\u00f6ngu li\u00f0num t\u00edmum. 3\u00de\u00fa st\u00f6kktir burt \u00fej\u00f3\u00f0umen gr\u00f3\u00f0ursettir fe\u00f0urna,\u00fe\u00fa l\u00e9kst l\u00fd\u00f0i har\u00f0legaen l\u00e9st \u00fe\u00e1 brei\u00f0a \u00far s\u00e9r. 4Ekki unnu \u00feeir landi\u00f0 me\u00f0 sver\u00f0um s\u00ednumog ekki hj\u00e1lpa\u00f0i armur \u00feeirra \u00feeimheldur h\u00e6gri h\u00f6nd \u00fe\u00edn og armurog lj\u00f3mi auglitis \u00fe\u00edns\u00fev\u00ed a\u00f0 \u00fe\u00fa haf\u00f0ir \u00fe\u00f3knun \u00e1 \u00feeim. 5\u00de\u00fa ert konungur minn og Gu\u00f0 minn,bj\u00f3\u00f0 \u00fe\u00fa a\u00f0 Jakob sigri. 6Me\u00f0 \u00feinni hj\u00e1lp leggjum v\u00e9r andst\u00e6\u00f0inga vora a\u00f0 velli,me\u00f0 nafni \u00fe\u00ednu tro\u00f0um v\u00e9r f\u00f3tum \u00fe\u00e1 sem gegn oss r\u00edsa. 7\u00c9g treysti ekki <a href=\"https:\/\/biblian.is\/biblian\/salmarnir-44-kafli\/\"> [&#8230;]<\/a><\/p>\n","protected":false},"author":1,"featured_media":0,"parent":0,"menu_order":0,"comment_status":"open","ping_status":"open","template":"bibliukaflar_salmarnir.php","meta":{"footnotes":""},"class_list":["post-2139","page","type-page","status-publish","hentry"],"_links":{"self":[{"href":"https:\/\/biblian.is\/biblian\/wp-json\/wp\/v2\/pages\/2139","targetHints":{"allow":["GET"]}}],"collection":[{"href":"https:\/\/biblian.is\/biblian\/wp-json\/wp\/v2\/pages"}],"about":[{"href":"https:\/\/biblian.is\/biblian\/wp-json\/wp\/v2\/types\/page"}],"author":[{"embeddable":true,"href":"https:\/\/biblian.is\/biblian\/wp-json\/wp\/v2\/users\/1"}],"replies":[{"embeddable":true,"href":"https:\/\/biblian.is\/biblian\/wp-json\/wp\/v2\/comments?post=2139"}],"version-history":[{"count":0,"href":"https:\/\/biblian.is\/biblian\/wp-json\/wp\/v2\/pages\/2139\/revisions"}],"wp:attachment":[{"href":"https:\/\/biblian.is\/biblian\/wp-json\/wp\/v2\/media?parent=2139"}],"curies":[{"name":"wp","href":"https:\/\/api.w.org\/{rel}","templated":true}]}}