{"id":2138,"date":"2017-12-30T21:01:55","date_gmt":"2017-12-30T21:01:55","guid":{"rendered":"http:\/\/biblian.is\/biblian\/s%c2%87lmarnir-43-kafli\/"},"modified":"2020-05-30T18:12:39","modified_gmt":"2020-05-30T18:12:39","slug":"salmarnir-43-kafli","status":"publish","type":"page","link":"https:\/\/biblian.is\/biblian\/salmarnir-43-kafli\/","title":{"rendered":"S\u00e1lmarnir 43. kafli"},"content":{"rendered":"<p><span class=\"ljodatexti\"><a name=\"1\"><span class=\"versanumer_ljod\">1<\/span><\/a>L\u00e1t mig n\u00e1 r\u00e9tti m\u00ednum, Gu\u00f0,<br \/> s\u00e6ktu m\u00e1l mitt gegn miskunnarlausri \u00fej\u00f3\u00f0, <br \/>bjarga m\u00e9r fr\u00e1 svikulum og rangl\u00e1tum m\u00f6nnum.<br \/> <\/span> <span class=\"ljodatexti\"> <a name=\"2\"><span class=\"versanumer_ljod\">2<\/span><\/a>\u00dev\u00ed a\u00f0 \u00fe\u00fa ert s\u00e1 Gu\u00f0 sem er m\u00e9r v\u00edgi, <br \/>hv\u00ed hefur \u00fe\u00fa \u00fatsk\u00fafa\u00f0 m\u00e9r,<br \/>hv\u00ed ver\u00f0 \u00e9g a\u00f0 ganga um harmandi,<br \/>k\u00faga\u00f0ur af \u00f3vinum?<br \/> <\/span> <span class=\"ljodatexti\"> <a name=\"3\"><span class=\"versanumer_ljod\">3<\/span><\/a>Send lj\u00f3s \u00feitt og tr\u00fafesti \u00fe\u00edna, <br \/>\u00feau skulu lei\u00f0a mig,<br \/>\u00feau skulu fara me\u00f0 mig til fjallsins \u00fe\u00edns helga,<br \/>til b\u00fasta\u00f0ar \u00fe\u00edns,<br \/> <\/span> <span class=\"ljodatexti\"> <a name=\"4\"><span class=\"versanumer_ljod\">4<\/span><\/a>svo a\u00f0 \u00e9g megi inn ganga a\u00f0 altari Gu\u00f0s,<br \/>til Gu\u00f0s, minnar fagnandi gle\u00f0i,<br \/>og lofa \u00feig undir h\u00f6rpusl\u00e6tti,<br \/>Gu\u00f0, \u00fe\u00fa Gu\u00f0 minn.<br \/> <\/span> <span class=\"ljodatexti\"> <a name=\"5\"><span class=\"versanumer_ljod\">5<\/span><\/a>Hv\u00ed ert \u00fe\u00fa bugu\u00f0, s\u00e1l m\u00edn,<br \/>og \u00f3lgar \u00ed m\u00e9r?<br \/>Vona \u00e1 Gu\u00f0<br \/>\u00fev\u00ed a\u00f0 enn mun \u00e9g f\u00e1 a\u00f0 lofa hann,<br \/>hj\u00e1lpr\u00e6\u00f0i auglitis m\u00edns og Gu\u00f0 minn. <\/span> <\/p>\n","protected":false},"excerpt":{"rendered":"<p>1L\u00e1t mig n\u00e1 r\u00e9tti m\u00ednum, Gu\u00f0, s\u00e6ktu m\u00e1l mitt gegn miskunnarlausri \u00fej\u00f3\u00f0, bjarga m\u00e9r fr\u00e1 svikulum og rangl\u00e1tum m\u00f6nnum. 2\u00dev\u00ed a\u00f0 \u00fe\u00fa ert s\u00e1 Gu\u00f0 sem er m\u00e9r v\u00edgi, hv\u00ed hefur \u00fe\u00fa \u00fatsk\u00fafa\u00f0 m\u00e9r,hv\u00ed ver\u00f0 \u00e9g a\u00f0 ganga um harmandi,k\u00faga\u00f0ur af \u00f3vinum? 3Send lj\u00f3s \u00feitt og tr\u00fafesti \u00fe\u00edna, \u00feau skulu lei\u00f0a mig,\u00feau skulu fara me\u00f0 mig til fjallsins \u00fe\u00edns helga,til b\u00fasta\u00f0ar \u00fe\u00edns, 4svo a\u00f0 \u00e9g megi inn ganga a\u00f0 altari Gu\u00f0s,til Gu\u00f0s, minnar fagnandi gle\u00f0i,og lofa \u00feig undir h\u00f6rpusl\u00e6tti,Gu\u00f0, \u00fe\u00fa Gu\u00f0 minn. 5Hv\u00ed ert \u00fe\u00fa bugu\u00f0, s\u00e1l m\u00edn,og \u00f3lgar \u00ed m\u00e9r?Vona \u00e1 Gu\u00f0\u00fev\u00ed a\u00f0 enn mun \u00e9g f\u00e1 a\u00f0 lofa <a href=\"https:\/\/biblian.is\/biblian\/salmarnir-43-kafli\/\"> [&#8230;]<\/a><\/p>\n","protected":false},"author":1,"featured_media":0,"parent":0,"menu_order":0,"comment_status":"open","ping_status":"open","template":"bibliukaflar_salmarnir.php","meta":{"footnotes":""},"class_list":["post-2138","page","type-page","status-publish","hentry"],"_links":{"self":[{"href":"https:\/\/biblian.is\/biblian\/wp-json\/wp\/v2\/pages\/2138","targetHints":{"allow":["GET"]}}],"collection":[{"href":"https:\/\/biblian.is\/biblian\/wp-json\/wp\/v2\/pages"}],"about":[{"href":"https:\/\/biblian.is\/biblian\/wp-json\/wp\/v2\/types\/page"}],"author":[{"embeddable":true,"href":"https:\/\/biblian.is\/biblian\/wp-json\/wp\/v2\/users\/1"}],"replies":[{"embeddable":true,"href":"https:\/\/biblian.is\/biblian\/wp-json\/wp\/v2\/comments?post=2138"}],"version-history":[{"count":0,"href":"https:\/\/biblian.is\/biblian\/wp-json\/wp\/v2\/pages\/2138\/revisions"}],"wp:attachment":[{"href":"https:\/\/biblian.is\/biblian\/wp-json\/wp\/v2\/media?parent=2138"}],"curies":[{"name":"wp","href":"https:\/\/api.w.org\/{rel}","templated":true}]}}