{"id":2137,"date":"2017-12-30T21:01:50","date_gmt":"2017-12-30T21:01:50","guid":{"rendered":"http:\/\/biblian.is\/biblian\/s%c2%87lmarnir-42-kafli\/"},"modified":"2020-05-30T18:12:39","modified_gmt":"2020-05-30T18:12:39","slug":"salmarnir-42-kafli","status":"publish","type":"page","link":"https:\/\/biblian.is\/biblian\/salmarnir-42-kafli\/","title":{"rendered":"S\u00e1lmarnir 42. kafli"},"content":{"rendered":"<h2 class=\"millifyrirsogn_2007\"> \u00d6nnur b\u00f3k<\/h2>\n<p><a name=\"1\"><span class=\"versanumer_2007\">1<\/span><\/a> Til s\u00f6ngstj\u00f3rans. K\u00f3ra\u00edtamask\u00edl.<span class=\"nedan_mal\" title=\" Mask\u00edl merkir e.t.v. spekilj\u00f3\u00f0. K\u00f3ra\u00edtar (\u00fe.e. \u201esynir\u201c K\u00f3ra), Asaf, Heman og Etan, voru s\u00f6ngmannaflokkar, s\u00f6ngvaragildi \u00ed musterinu \u00ed Jer\u00fasalem. 42.\u201349. s\u00e1lmur eru safn s\u00e1lma sem er s\u00e9rstaklega tengt K\u00f3ra\u00edtum um flutning. K\u00f3ra\u00edtas\u00e1lmar og Asafss\u00e1lmar eru s\u00f6fn s\u00e1lma tengd s\u00f6ngmannaflokkum Lev\u00edta \u00ed musterinu. Sj\u00e1 1Kro 16.41\u201316.42; 25.1\u201325.2; 2Kro 5.12\u20135.14.\">[<\/span> <br \/> <span class=\"ljodatexti\"> <a name=\"2\"><span class=\"versanumer_ljod\">2<\/span><\/a>Eins og hindin \u00fer\u00e1ir vatnslindir<br \/>\u00fer\u00e1ir s\u00e1l m\u00edn \u00feig, \u00f3 Gu\u00f0.<br \/> <\/span> <span class=\"ljodatexti\"> <a name=\"3\"><span class=\"versanumer_ljod\">3<\/span><\/a>S\u00e1l m\u00edna \u00feyrstir eftir Gu\u00f0i, hinum lifanda Gu\u00f0i,<br \/>hven\u00e6r mun \u00e9g f\u00e1 a\u00f0 koma og sj\u00e1 auglit Gu\u00f0s? <span class=\"nedan_mal\" title=\" \u00d6nnur hugsanleg \u00fe\u00fd\u00f0ing: Hven\u00e6r mun \u00e9g f\u00e1 a\u00f0 birtast fyrir augliti Gu\u00f0s?\">[<\/span> <br \/> <\/span> <span class=\"ljodatexti\"> <a name=\"4\"><span class=\"versanumer_ljod\">4<\/span><\/a>T\u00e1r m\u00edn ur\u00f0u f\u00e6\u00f0a m\u00edn dag og n\u00f3tt<br \/>\u00fev\u00ed a\u00f0 daglangt var \u00e9g spur\u00f0ur:<br \/>\u201eHvar er Gu\u00f0 \u00feinn?\u201c<br \/> <\/span> <span class=\"ljodatexti\"> <a name=\"5\"><span class=\"versanumer_ljod\">5<\/span><\/a>\u00c9g bugast af sorg er \u00e9g minnist \u00feess sem var<br \/>\u00feegar \u00e9g f\u00f3r fyrir fylkingunni,<br \/>f\u00f3r fyrir \u00feeim sem h\u00e9ldu a\u00f0 h\u00fasi Gu\u00f0s,<br \/>me\u00f0 gle\u00f0ihr\u00f3pum og lofs\u00f6ng <br \/>\u00ed fagnandi h\u00e1t\u00ed\u00f0arskara.<br \/> <\/span> <span class=\"ljodatexti\"> <a name=\"6\"><span class=\"versanumer_ljod\">6<\/span><\/a>Hv\u00ed ert \u00fe\u00fa bugu\u00f0, s\u00e1l m\u00edn, og \u00f3lgar \u00ed m\u00e9r?<br \/>Vona \u00e1 Gu\u00f0<br \/>\u00fev\u00ed a\u00f0 enn mun \u00e9g f\u00e1 a\u00f0 lofa hann,<br \/>hj\u00e1lpr\u00e6\u00f0i auglitis m\u00edns og Gu\u00f0 minn.<br \/> <\/span> <span class=\"ljodatexti\"> <a name=\"7\"><span class=\"versanumer_ljod\">7<\/span><\/a>S\u00e1l m\u00edn er beyg\u00f0 \u00ed m\u00e9r,<br \/>\u00fev\u00ed vil \u00e9g minnast \u00fe\u00edn<br \/>fr\u00e1 J\u00f3rdanar- og Hermonlandi,<br \/>fr\u00e1 litla fjallinu. <span class=\"nedan_mal\" title=\" H\u00f6fundur 42.\u201343. s\u00e1lms er staddur vi\u00f0 uppt\u00f6k J\u00f3rdanar og fossa \u00feeirra n\u00e1l\u00e6gt Hermonfjalli og minnist me\u00f0 s\u00f6knu\u00f0i helgid\u00f3msins \u00ed Jer\u00fasalem. \u00dear vir\u00f0ist hann hafa gegnt emb\u00e6tti en er sennilega \u00ed \u00fatleg\u00f0. \u201eLitla fjalli\u00f0\u201c er \u00f3\u00feekkt.\">[<\/span> <br \/> <\/span> <span class=\"ljodatexti\"> <a name=\"8\"><span class=\"versanumer_ljod\">8<\/span><\/a>Eitt dj\u00fapi\u00f0 kallar \u00e1 anna\u00f0<br \/>\u00feegar fossar \u00fe\u00ednir duna,<br \/>allir bo\u00f0ar \u00fe\u00ednir og bylgjur<br \/>ganga yfir mig.<br \/> <\/span> <span class=\"ljodatexti\"> <a name=\"9\"><span class=\"versanumer_ljod\">9<\/span><\/a>Um daga b\u00fd\u00f0ur Drottinn \u00fat n\u00e1\u00f0 sinni<br \/>og um n\u00e6tur syng \u00e9g honum lj\u00f3\u00f0,<br \/>b\u00e6n til Gu\u00f0s l\u00edfs m\u00edns.<br \/> <\/span> <span class=\"ljodatexti\"> <a name=\"10\"><span class=\"versanumer_ljod\">10<\/span><\/a>\u00c9g segi vi\u00f0 Gu\u00f0, bjarg mitt:<br \/>\u201eHv\u00ed hefur \u00fe\u00fa gleymt m\u00e9r?<br \/>Hv\u00ed ver\u00f0 \u00e9g a\u00f0 ganga um harmandi,<br \/>k\u00faga\u00f0ur af \u00f3vinum?\u201c<br \/> <\/span> <span class=\"ljodatexti\"> <a name=\"11\"><span class=\"versanumer_ljod\">11<\/span><\/a>H\u00e1\u00f0 fjandmanna minna<br \/>n\u00edstir mig \u00ed merg og bein<br \/>\u00feegar \u00feeir segja allan daginn:<br \/>\u201eHvar er Gu\u00f0 \u00feinn?\u201c<br \/> <\/span> <span class=\"ljodatexti\"> <a name=\"12\"><span class=\"versanumer_ljod\">12<\/span><\/a>Hv\u00ed ert \u00fe\u00fa bugu\u00f0, s\u00e1l m\u00edn, og \u00f3lgar \u00ed m\u00e9r?<br \/>Vona \u00e1 Gu\u00f0<br \/>\u00fev\u00ed a\u00f0 enn mun \u00e9g f\u00e1 a\u00f0 lofa hann,<br \/>hj\u00e1lpr\u00e6\u00f0i auglitis m\u00edns og Gu\u00f0 minn. <\/span> <\/p>\n","protected":false},"excerpt":{"rendered":"<p>\u00d6nnur b\u00f3k 1 Til s\u00f6ngstj\u00f3rans. K\u00f3ra\u00edtamask\u00edl.[ 2Eins og hindin \u00fer\u00e1ir vatnslindir\u00fer\u00e1ir s\u00e1l m\u00edn \u00feig, \u00f3 Gu\u00f0. 3S\u00e1l m\u00edna \u00feyrstir eftir Gu\u00f0i, hinum lifanda Gu\u00f0i,hven\u00e6r mun \u00e9g f\u00e1 a\u00f0 koma og sj\u00e1 auglit Gu\u00f0s? [ 4T\u00e1r m\u00edn ur\u00f0u f\u00e6\u00f0a m\u00edn dag og n\u00f3tt\u00fev\u00ed a\u00f0 daglangt var \u00e9g spur\u00f0ur:\u201eHvar er Gu\u00f0 \u00feinn?\u201c 5\u00c9g bugast af sorg er \u00e9g minnist \u00feess sem var\u00feegar \u00e9g f\u00f3r fyrir fylkingunni,f\u00f3r fyrir \u00feeim sem h\u00e9ldu a\u00f0 h\u00fasi Gu\u00f0s,me\u00f0 gle\u00f0ihr\u00f3pum og lofs\u00f6ng \u00ed fagnandi h\u00e1t\u00ed\u00f0arskara. 6Hv\u00ed ert \u00fe\u00fa bugu\u00f0, s\u00e1l m\u00edn, og \u00f3lgar \u00ed m\u00e9r?Vona \u00e1 Gu\u00f0\u00fev\u00ed a\u00f0 enn mun \u00e9g f\u00e1 a\u00f0 lofa hann,hj\u00e1lpr\u00e6\u00f0i auglitis m\u00edns og <a href=\"https:\/\/biblian.is\/biblian\/salmarnir-42-kafli\/\"> [&#8230;]<\/a><\/p>\n","protected":false},"author":1,"featured_media":0,"parent":0,"menu_order":0,"comment_status":"open","ping_status":"open","template":"bibliukaflar_salmarnir.php","meta":{"footnotes":""},"class_list":["post-2137","page","type-page","status-publish","hentry"],"_links":{"self":[{"href":"https:\/\/biblian.is\/biblian\/wp-json\/wp\/v2\/pages\/2137","targetHints":{"allow":["GET"]}}],"collection":[{"href":"https:\/\/biblian.is\/biblian\/wp-json\/wp\/v2\/pages"}],"about":[{"href":"https:\/\/biblian.is\/biblian\/wp-json\/wp\/v2\/types\/page"}],"author":[{"embeddable":true,"href":"https:\/\/biblian.is\/biblian\/wp-json\/wp\/v2\/users\/1"}],"replies":[{"embeddable":true,"href":"https:\/\/biblian.is\/biblian\/wp-json\/wp\/v2\/comments?post=2137"}],"version-history":[{"count":0,"href":"https:\/\/biblian.is\/biblian\/wp-json\/wp\/v2\/pages\/2137\/revisions"}],"wp:attachment":[{"href":"https:\/\/biblian.is\/biblian\/wp-json\/wp\/v2\/media?parent=2137"}],"curies":[{"name":"wp","href":"https:\/\/api.w.org\/{rel}","templated":true}]}}