{"id":2135,"date":"2017-12-30T21:01:50","date_gmt":"2017-12-30T21:01:50","guid":{"rendered":"http:\/\/biblian.is\/biblian\/s%c2%87lmarnir-40-kafli\/"},"modified":"2020-05-30T18:12:39","modified_gmt":"2020-05-30T18:12:39","slug":"salmarnir-40-kafli","status":"publish","type":"page","link":"https:\/\/biblian.is\/biblian\/salmarnir-40-kafli\/","title":{"rendered":"S\u00e1lmarnir 40. kafli"},"content":{"rendered":"<p><a name=\"1\"><span class=\"versanumer_2007\">1<\/span><\/a> Til s\u00f6ngstj\u00f3rans. Dav\u00ed\u00f0ss\u00e1lmur.<br \/> <span class=\"ljodatexti\"> <a name=\"2\"><span class=\"versanumer_ljod\">2<\/span><\/a>St\u00f6\u00f0ugt vona\u00f0i \u00e9g \u00e1 Drottin<br \/>og hann laut ni\u00f0ur a\u00f0 m\u00e9r og heyr\u00f0i \u00e1kall mitt.<br \/> <\/span> <span class=\"ljodatexti\"> <a name=\"3\"><span class=\"versanumer_ljod\">3<\/span><\/a>Hann dr\u00f3 mig upp \u00far gl\u00f6tunargr\u00f6finni,<br \/>upp \u00far f\u00faafeni,<br \/>veitti m\u00e9r f\u00f3tfestu \u00e1 kletti<br \/>og ger\u00f0i mig styrkan \u00ed gangi.<br \/> <\/span> <span class=\"ljodatexti\"> <a name=\"4\"><span class=\"versanumer_ljod\">4<\/span><\/a>Hann lag\u00f0i m\u00e9r n\u00fd lj\u00f3\u00f0 \u00ed munn,<br \/>lofs\u00f6ng til Gu\u00f0s vors. <br \/>Margir sj\u00e1 \u00fea\u00f0 og \u00f3ttast<br \/>og treysta Drottni.<br \/> <\/span> <span class=\"ljodatexti\"> <a name=\"5\"><span class=\"versanumer_ljod\">5<\/span><\/a>S\u00e6ll er s\u00e1 ma\u00f0ur sem gerir Drottin a\u00f0 athvarfi s\u00ednu<br \/>og sn\u00fdr s\u00e9r ekki til drambl\u00e1tra<br \/>e\u00f0a \u00feeirra sem fylgja falsgu\u00f0um.<br \/> <\/span> <span class=\"ljodatexti\"> <a name=\"6\"><span class=\"versanumer_ljod\">6<\/span><\/a>Drottinn, Gu\u00f0 minn, m\u00f6rg eru m\u00e1ttarverk \u00fe\u00edn<br \/>og \u00e1form \u00fe\u00edn oss til handa,<br \/>ekkert jafnast \u00e1 vi\u00f0 \u00feig.<br \/>\u00c9g vil segja fr\u00e1 \u00feeim, kunngj\u00f6ra \u00feau,<br \/>en \u00feau eru fleiri en t\u00f6lu ver\u00f0i \u00e1 komi\u00f0.<br \/> <\/span> <span class=\"ljodatexti\"> <a name=\"7\"><span class=\"versanumer_ljod\">7<\/span><\/a>\u00c1 sl\u00e1turf\u00f3rn og kornf\u00f3rn hefur \u00fe\u00fa enga \u00fe\u00f3knun,<br \/>\u00fe\u00fa hefur gefi\u00f0 m\u00e9r opin eyru, <br \/>brennif\u00f3rnar og syndaf\u00f3rnar krefst \u00fe\u00fa ekki.<br \/> <\/span> <span class=\"ljodatexti\"> <a name=\"8\"><span class=\"versanumer_ljod\">8<\/span><\/a>\u00de\u00e1 sag\u00f0i \u00e9g: \u201eH\u00e9r er \u00e9g.<br \/>\u00cd b\u00f3kinni er skrifa\u00f0 hva\u00f0 \u00e9g \u00e1 a\u00f0 gera. <br \/> <\/span> <span class=\"ljodatexti\"> <a name=\"9\"><span class=\"versanumer_ljod\">9<\/span><\/a>A\u00f0 gera vilja \u00feinn, Gu\u00f0 minn, er m\u00e9r yndi<br \/>og l\u00f6gm\u00e1l \u00feitt er innra me\u00f0 m\u00e9r.\u201c<br \/> <\/span> <span class=\"ljodatexti\"> <a name=\"10\"><span class=\"versanumer_ljod\">10<\/span><\/a>\u00c9g hef flutt fagna\u00f0arbo\u00f0in um r\u00e9ttl\u00e6ti \u00ed st\u00f3rum s\u00f6fnu\u00f0i,<br \/>\u00e9g lauk ekki v\u00f6runum aftur,<br \/>\u00fea\u00f0 veist \u00fe\u00fa, Drottinn.<br \/> <\/span> <span class=\"ljodatexti\"> <a name=\"11\"><span class=\"versanumer_ljod\">11<\/span><\/a>\u00c9g leyndi eigi r\u00e9ttl\u00e6ti \u00fe\u00ednu \u00ed hjarta m\u00e9r,<br \/>\u00e9g vitna\u00f0i um tr\u00fafesti \u00fe\u00edna og hj\u00e1lp<br \/>og dr\u00f3 eigi dul \u00e1 n\u00e1\u00f0 \u00fe\u00edna og trygg\u00f0<br \/>\u00ed hinum mikla s\u00f6fnu\u00f0i.<br \/> <\/span> <span class=\"ljodatexti\"> <a name=\"12\"><span class=\"versanumer_ljod\">12<\/span><\/a>Tak \u00fe\u00fa eigi miskunn \u00fe\u00edna fr\u00e1 m\u00e9r, Drottinn,<br \/>l\u00e1t n\u00e1\u00f0 \u00fe\u00edna og tr\u00fafesti \u00e6t\u00ed\u00f0 vernda mig<br \/> <\/span> <span class=\"ljodatexti\"> <a name=\"13\"><span class=\"versanumer_ljod\">13<\/span><\/a>\u00fev\u00ed a\u00f0 \u00f3tal h\u00e6ttur umkringja mig,<br \/>misgj\u00f6r\u00f0ir m\u00ednar hafa n\u00e1\u00f0 m\u00e9r<br \/>svo a\u00f0 \u00e9g m\u00e1 eigi sj\u00e1,<br \/>\u00fe\u00e6r eru fleiri en h\u00e1rin \u00e1 h\u00f6f\u00f0i m\u00e9r,<br \/>m\u00e9r fellst hugur.<br \/> <\/span> <span class=\"ljodatexti\"> <a name=\"14\"><span class=\"versanumer_ljod\">14<\/span><\/a>Drottinn, l\u00e1t \u00fe\u00e9r \u00fe\u00f3knast a\u00f0 frelsa mig,<br \/>Drottinn, skunda m\u00e9r til hj\u00e1lpar.<br \/> <\/span> <span class=\"ljodatexti\"> <a name=\"15\"><span class=\"versanumer_ljod\">15<\/span><\/a>L\u00e1t \u00fe\u00e1 ver\u00f0a til skammar og hlj\u00f3ta kinnro\u00f0a<br \/>er sitja um l\u00edf mitt,<br \/>l\u00e1t \u00fe\u00e1 hverfa aftur me\u00f0 sk\u00f6mm<br \/>er \u00f3ska m\u00e9r \u00f3g\u00e6fu.<br \/> <\/span> <span class=\"ljodatexti\"> <a name=\"16\"><span class=\"versanumer_ljod\">16<\/span><\/a>L\u00e1t \u00fe\u00e1 sem hr\u00f3pa a\u00f0 m\u00e9r h\u00e1\u00f0syr\u00f0i<br \/>hrylla vi\u00f0 eigin sm\u00e1n.<br \/> <\/span> <span class=\"ljodatexti\"> <a name=\"17\"><span class=\"versanumer_ljod\">17<\/span><\/a>En \u00feeir sem leita \u00fe\u00edn<br \/>skulu gle\u00f0jast og fagna yfir \u00fe\u00e9r.<br \/>\u00deeir sem unna hj\u00e1lpr\u00e6\u00f0i \u00fe\u00ednu<br \/>skulu s\u00edfellt segja: \u201eMikill er Drottinn.\u201c<br \/> <\/span> <span class=\"ljodatexti\"> <a name=\"18\"><span class=\"versanumer_ljod\">18<\/span><\/a>\u00c9g er hrj\u00e1\u00f0ur og snau\u00f0ur<br \/>en Drottinn ber umhyggju fyrir m\u00e9r.<br \/>\u00de\u00fa ert fulltingi mitt og frelsari,<br \/>tef eigi, Gu\u00f0 minn. <\/span> <\/p>\n","protected":false},"excerpt":{"rendered":"<p>1 Til s\u00f6ngstj\u00f3rans. Dav\u00ed\u00f0ss\u00e1lmur. 2St\u00f6\u00f0ugt vona\u00f0i \u00e9g \u00e1 Drottinog hann laut ni\u00f0ur a\u00f0 m\u00e9r og heyr\u00f0i \u00e1kall mitt. 3Hann dr\u00f3 mig upp \u00far gl\u00f6tunargr\u00f6finni,upp \u00far f\u00faafeni,veitti m\u00e9r f\u00f3tfestu \u00e1 klettiog ger\u00f0i mig styrkan \u00ed gangi. 4Hann lag\u00f0i m\u00e9r n\u00fd lj\u00f3\u00f0 \u00ed munn,lofs\u00f6ng til Gu\u00f0s vors. Margir sj\u00e1 \u00fea\u00f0 og \u00f3ttastog treysta Drottni. 5S\u00e6ll er s\u00e1 ma\u00f0ur sem gerir Drottin a\u00f0 athvarfi s\u00ednuog sn\u00fdr s\u00e9r ekki til drambl\u00e1trae\u00f0a \u00feeirra sem fylgja falsgu\u00f0um. 6Drottinn, Gu\u00f0 minn, m\u00f6rg eru m\u00e1ttarverk \u00fe\u00ednog \u00e1form \u00fe\u00edn oss til handa,ekkert jafnast \u00e1 vi\u00f0 \u00feig.\u00c9g vil segja fr\u00e1 \u00feeim, kunngj\u00f6ra \u00feau,en \u00feau eru fleiri en t\u00f6lu ver\u00f0i \u00e1 <a href=\"https:\/\/biblian.is\/biblian\/salmarnir-40-kafli\/\"> [&#8230;]<\/a><\/p>\n","protected":false},"author":1,"featured_media":0,"parent":0,"menu_order":0,"comment_status":"open","ping_status":"open","template":"bibliukaflar_salmarnir.php","meta":{"footnotes":""},"class_list":["post-2135","page","type-page","status-publish","hentry"],"_links":{"self":[{"href":"https:\/\/biblian.is\/biblian\/wp-json\/wp\/v2\/pages\/2135","targetHints":{"allow":["GET"]}}],"collection":[{"href":"https:\/\/biblian.is\/biblian\/wp-json\/wp\/v2\/pages"}],"about":[{"href":"https:\/\/biblian.is\/biblian\/wp-json\/wp\/v2\/types\/page"}],"author":[{"embeddable":true,"href":"https:\/\/biblian.is\/biblian\/wp-json\/wp\/v2\/users\/1"}],"replies":[{"embeddable":true,"href":"https:\/\/biblian.is\/biblian\/wp-json\/wp\/v2\/comments?post=2135"}],"version-history":[{"count":0,"href":"https:\/\/biblian.is\/biblian\/wp-json\/wp\/v2\/pages\/2135\/revisions"}],"wp:attachment":[{"href":"https:\/\/biblian.is\/biblian\/wp-json\/wp\/v2\/media?parent=2135"}],"curies":[{"name":"wp","href":"https:\/\/api.w.org\/{rel}","templated":true}]}}