{"id":2134,"date":"2017-12-30T21:01:50","date_gmt":"2017-12-30T21:01:50","guid":{"rendered":"http:\/\/biblian.is\/biblian\/s%c2%87lmarnir-39-kafli\/"},"modified":"2020-05-30T18:12:38","modified_gmt":"2020-05-30T18:12:38","slug":"salmarnir-39-kafli","status":"publish","type":"page","link":"https:\/\/biblian.is\/biblian\/salmarnir-39-kafli\/","title":{"rendered":"S\u00e1lmarnir 39. kafli"},"content":{"rendered":"<p><a name=\"1\"><span class=\"versanumer_2007\">1<\/span><\/a> Til s\u00f6ngstj\u00f3rans, eftir Jed\u00fat\u00fan.<span class=\"nedan_mal\" title=\" E\u00f0a: vi\u00f0 skriftam\u00e1l.\">[<\/span> Dav\u00ed\u00f0ss\u00e1lmur.<br \/> <span class=\"ljodatexti\"> <a name=\"2\"><span class=\"versanumer_ljod\">2<\/span><\/a>\u00c9g vil hafa g\u00e1t \u00e1 breytni minni <br \/>svo a\u00f0 \u00e9g syndgi ekki me\u00f0 or\u00f0um m\u00ednum.<br \/>\u00c9g vil hafa taumhald \u00e1 tungu minni<br \/>\u00feegar gu\u00f0leysingjar eru \u00ed n\u00e1nd vi\u00f0 mig.<br \/> <\/span> <span class=\"ljodatexti\"> <a name=\"3\"><span class=\"versanumer_ljod\">3<\/span><\/a>\u00c9g var hlj\u00f3\u00f0ur og \u00feag\u00f0i,<br \/>\u00fe\u00f6gull, en kv\u00f6l m\u00edn \u00fdf\u00f0ist. <br \/> <\/span> <span class=\"ljodatexti\"> <a name=\"4\"><span class=\"versanumer_ljod\">4<\/span><\/a>Hjarta\u00f0 brann \u00ed brj\u00f3sti m\u00e9r,<br \/>\u00e9g stundi og eldurinn loga\u00f0i upp. <br \/>\u00de\u00e1 t\u00f3k \u00e9g til or\u00f0a og m\u00e6lti:<br \/> <\/span> <span class=\"ljodatexti\"> <a name=\"5\"><span class=\"versanumer_ljod\">5<\/span><\/a>\u201eL\u00e1t mig, Drottinn, sj\u00e1 afdrif m\u00edn<br \/>og hva\u00f0 m\u00e9r er \u00fatm\u00e6lt af d\u00f6gum.<br \/> <\/span> <span class=\"ljodatexti\"> <a name=\"6\"><span class=\"versanumer_ljod\">6<\/span><\/a>Sj\u00e1, \u00f6rf\u00e1ar \u00feverhendur hefur \u00fe\u00fa gert daga m\u00edna<br \/>og \u00e6vi m\u00edn er sem ekkert fyrir \u00fe\u00e9r.<br \/>Andgustur einn eru allir menn. (Sela)<br \/> <\/span> <span class=\"ljodatexti\"> <a name=\"7\"><span class=\"versanumer_ljod\">7<\/span><\/a>Sem t\u00f3mur skuggi gengur ma\u00f0urinn um,<br \/>gerir h\u00e1reysti um h\u00e9g\u00f3mann einan, <br \/>hann safnar \u00ed hr\u00fagur en veit eigi hver \u00fe\u00e6r hl\u00fdtur.\u201c<br \/> <\/span> <span class=\"ljodatexti\"> <a name=\"8\"><span class=\"versanumer_ljod\">8<\/span><\/a>Hvers vona \u00e9g \u00fe\u00e1, Drottinn?<br \/>Von m\u00edn er \u00f6ll \u00e1 \u00fe\u00e9r.<br \/> <\/span> <span class=\"ljodatexti\"> <a name=\"9\"><span class=\"versanumer_ljod\">9<\/span><\/a>Frelsa mig fr\u00e1 \u00f6llum syndum m\u00ednum,<br \/>l\u00e1t mig eigi ver\u00f0a heimskingjum a\u00f0 spotti.<br \/> <\/span> <span class=\"ljodatexti\"> <a name=\"10\"><span class=\"versanumer_ljod\">10<\/span><\/a>\u00c9g \u00feegi, l\u00fdk ekki upp munni m\u00ednum<br \/>\u00fev\u00ed a\u00f0 \u00feetta er verk \u00feitt.<br \/> <\/span> <span class=\"ljodatexti\"> <a name=\"11\"><span class=\"versanumer_ljod\">11<\/span><\/a>L\u00e9ttu af m\u00e9r b\u00f6linu sem \u00fe\u00fa lag\u00f0ir \u00e1 mig,<br \/>\u00e9g ferst af h\u00f6ggum handar \u00feinnar.<br \/> <\/span> <span class=\"ljodatexti\"> <a name=\"12\"><span class=\"versanumer_ljod\">12<\/span><\/a>\u00deegar \u00fe\u00fa hirtir mann fyrir misgj\u00f6r\u00f0 hans<br \/>l\u00e6tur \u00fe\u00fa yndisleik hans ey\u00f0ast sem m\u00f6lur v\u00e6ri.<br \/>Andgustur einn eru allir menn. (Sela)<br \/> <\/span> <span class=\"ljodatexti\"> <a name=\"13\"><span class=\"versanumer_ljod\">13<\/span><\/a>Heyr b\u00e6n m\u00edna, Drottinn,<br \/>legg eyru vi\u00f0 \u00e1kalli m\u00ednu, <br \/>ver eigi hlj\u00f3\u00f0ur \u00feegar \u00e9g gr\u00e6t<br \/>\u00fev\u00ed a\u00f0 \u00e9g er a\u00f0komuma\u00f0ur hj\u00e1 \u00fe\u00e9r,<br \/>\u00fatlendingur eins og allir fe\u00f0ur m\u00ednir.<br \/> <\/span> <span class=\"ljodatexti\"> <a name=\"14\"><span class=\"versanumer_ljod\">14<\/span><\/a>L\u00edttu af m\u00e9r svo a\u00f0 h\u00fdrni yfir m\u00e9r<br \/>\u00e1\u00f0ur en \u00e9g fer burt og er eigi framar til. <\/span> <\/p>\n","protected":false},"excerpt":{"rendered":"<p>1 Til s\u00f6ngstj\u00f3rans, eftir Jed\u00fat\u00fan.[ Dav\u00ed\u00f0ss\u00e1lmur. 2\u00c9g vil hafa g\u00e1t \u00e1 breytni minni svo a\u00f0 \u00e9g syndgi ekki me\u00f0 or\u00f0um m\u00ednum.\u00c9g vil hafa taumhald \u00e1 tungu minni\u00feegar gu\u00f0leysingjar eru \u00ed n\u00e1nd vi\u00f0 mig. 3\u00c9g var hlj\u00f3\u00f0ur og \u00feag\u00f0i,\u00fe\u00f6gull, en kv\u00f6l m\u00edn \u00fdf\u00f0ist. 4Hjarta\u00f0 brann \u00ed brj\u00f3sti m\u00e9r,\u00e9g stundi og eldurinn loga\u00f0i upp. \u00de\u00e1 t\u00f3k \u00e9g til or\u00f0a og m\u00e6lti: 5\u201eL\u00e1t mig, Drottinn, sj\u00e1 afdrif m\u00ednog hva\u00f0 m\u00e9r er \u00fatm\u00e6lt af d\u00f6gum. 6Sj\u00e1, \u00f6rf\u00e1ar \u00feverhendur hefur \u00fe\u00fa gert daga m\u00ednaog \u00e6vi m\u00edn er sem ekkert fyrir \u00fe\u00e9r.Andgustur einn eru allir menn. (Sela) 7Sem t\u00f3mur skuggi gengur ma\u00f0urinn um,gerir h\u00e1reysti um h\u00e9g\u00f3mann <a href=\"https:\/\/biblian.is\/biblian\/salmarnir-39-kafli\/\"> [&#8230;]<\/a><\/p>\n","protected":false},"author":1,"featured_media":0,"parent":0,"menu_order":0,"comment_status":"open","ping_status":"open","template":"bibliukaflar_salmarnir.php","meta":{"footnotes":""},"class_list":["post-2134","page","type-page","status-publish","hentry"],"_links":{"self":[{"href":"https:\/\/biblian.is\/biblian\/wp-json\/wp\/v2\/pages\/2134","targetHints":{"allow":["GET"]}}],"collection":[{"href":"https:\/\/biblian.is\/biblian\/wp-json\/wp\/v2\/pages"}],"about":[{"href":"https:\/\/biblian.is\/biblian\/wp-json\/wp\/v2\/types\/page"}],"author":[{"embeddable":true,"href":"https:\/\/biblian.is\/biblian\/wp-json\/wp\/v2\/users\/1"}],"replies":[{"embeddable":true,"href":"https:\/\/biblian.is\/biblian\/wp-json\/wp\/v2\/comments?post=2134"}],"version-history":[{"count":0,"href":"https:\/\/biblian.is\/biblian\/wp-json\/wp\/v2\/pages\/2134\/revisions"}],"wp:attachment":[{"href":"https:\/\/biblian.is\/biblian\/wp-json\/wp\/v2\/media?parent=2134"}],"curies":[{"name":"wp","href":"https:\/\/api.w.org\/{rel}","templated":true}]}}