{"id":2133,"date":"2017-12-30T21:01:50","date_gmt":"2017-12-30T21:01:50","guid":{"rendered":"http:\/\/biblian.is\/biblian\/s%c2%87lmarnir-38-kafli\/"},"modified":"2020-05-30T18:12:38","modified_gmt":"2020-05-30T18:12:38","slug":"salmarnir-38-kafli","status":"publish","type":"page","link":"https:\/\/biblian.is\/biblian\/salmarnir-38-kafli\/","title":{"rendered":"S\u00e1lmarnir 38. kafli"},"content":{"rendered":"<p><a name=\"1\"><span class=\"versanumer_2007\">1<\/span><\/a> Dav\u00ed\u00f0ss\u00e1lmur. Minningarlj\u00f3\u00f0.<br \/> <span class=\"ljodatexti\"> <a name=\"2\"><span class=\"versanumer_ljod\">2<\/span><\/a>Drottinn, refsa m\u00e9r ekki \u00ed rei\u00f0i \u00feinni<br \/>og tyfta mig ekki \u00ed br\u00e6\u00f0i \u00feinni.<br \/> <\/span> <span class=\"ljodatexti\"> <a name=\"3\"><span class=\"versanumer_ljod\">3<\/span><\/a>\u00d6rvar \u00fe\u00ednar hafa h\u00e6ft mig<br \/>og h\u00f6nd \u00fe\u00edn liggur \u00feungt \u00e1 m\u00e9r.<br \/> <\/span> <span class=\"ljodatexti\"> <a name=\"4\"><span class=\"versanumer_ljod\">4<\/span><\/a>Ekkert er heilbrigt \u00ed l\u00edkama m\u00ednum<br \/>vegna rei\u00f0i \u00feinnar,<br \/>ekkert heilt \u00ed beinum m\u00ednum<br \/>sakir syndar minnar.<br \/> <\/span> <span class=\"ljodatexti\"> <a name=\"5\"><span class=\"versanumer_ljod\">5<\/span><\/a>Misgj\u00f6r\u00f0ir m\u00ednar hafa vaxi\u00f0 m\u00e9r yfir h\u00f6fu\u00f0,<br \/>\u00fe\u00e6r eru byr\u00f0i sem \u00e9g f\u00e6 ekki bori\u00f0.<br \/> <\/span> <span class=\"ljodatexti\"> <a name=\"6\"><span class=\"versanumer_ljod\">6<\/span><\/a>\u00d3daun leggur af s\u00e1rum m\u00ednum,<br \/>\u00fea\u00f0 grefur \u00ed \u00feeim sakir heimsku minnar.<br \/> <\/span> <span class=\"ljodatexti\"> <a name=\"7\"><span class=\"versanumer_ljod\">7<\/span><\/a>\u00c9g er beyg\u00f0ur og mj\u00f6g buga\u00f0ur,<br \/>eigra um harmandi daginn langan.<br \/> <\/span> <span class=\"ljodatexti\"> <a name=\"8\"><span class=\"versanumer_ljod\">8<\/span><\/a>Brunasvi\u00f0i er \u00ed lendum m\u00e9r <br \/>og ekkert er heilbrigt \u00ed l\u00edkama m\u00ednum.<br \/> <\/span> <span class=\"ljodatexti\"> <a name=\"9\"><span class=\"versanumer_ljod\">9<\/span><\/a>\u00c9g er l\u00e9magna og sundurkraminn,<br \/>styn \u00ed hjartans angist.<br \/> <\/span> <span class=\"ljodatexti\"> <a name=\"10\"><span class=\"versanumer_ljod\">10<\/span><\/a>Drottinn, \u00f6ll m\u00edn \u00fer\u00e1 er \u00fe\u00e9r kunn<br \/>og andv\u00f6rp m\u00edn eru eigi hulin \u00fe\u00e9r.<br \/> <\/span> <span class=\"ljodatexti\"> <a name=\"11\"><span class=\"versanumer_ljod\">11<\/span><\/a>Hjarta\u00f0 berst \u00ed brj\u00f3sti m\u00e9r, kraftur minn er \u00ferotinn,<br \/>jafnvel lj\u00f3s augna minna er horfi\u00f0 m\u00e9r.<br \/> <\/span> <span class=\"ljodatexti\"> <a name=\"12\"><span class=\"versanumer_ljod\">12<\/span><\/a>Vinir m\u00ednir og kunningjar for\u00f0ast mig \u00ed kr\u00f6m minni<br \/>og m\u00ednir n\u00e1nustu halda sig fjarri.<br \/> <\/span> <span class=\"ljodatexti\"> <a name=\"13\"><span class=\"versanumer_ljod\">13<\/span><\/a>\u00deeir sem sitja um l\u00edf mitt leggja sn\u00f6rur fyrir mig,<br \/>\u00feeir sem vilja m\u00e9r illt r\u00e6gja mig<br \/>og sitja \u00e1 svikr\u00e1\u00f0um allan li\u00f0langan daginn.<br \/> <\/span> <span class=\"ljodatexti\"> <a name=\"14\"><span class=\"versanumer_ljod\">14<\/span><\/a>En \u00e9g er sem daufur, \u00e9g heyri \u00fea\u00f0 ekki,<br \/>sem dumbur er opnar ekki munninn,<br \/> <\/span> <span class=\"ljodatexti\"> <a name=\"15\"><span class=\"versanumer_ljod\">15<\/span><\/a>\u00e9g er sem ma\u00f0ur sem heyrir ekki<br \/>og engin andm\u00e6li hefur \u00ed munni. <br \/> <\/span> <span class=\"ljodatexti\"> <a name=\"16\"><span class=\"versanumer_ljod\">16<\/span><\/a>En \u00e1 \u00feig, Drottinn, vona \u00e9g, <br \/>\u00fe\u00fa munt svara m\u00e9r, Drottinn, Gu\u00f0 minn.<br \/> <\/span> <span class=\"ljodatexti\"> <a name=\"17\"><span class=\"versanumer_ljod\">17<\/span><\/a>\u00c9g segi: \u201eL\u00e1t \u00fe\u00e1 eigi hlakka yfir m\u00e9r,<br \/>eigi h\u00e6last um \u00feegar m\u00e9r skri\u00f0nar f\u00f3tur.\u201c<br \/> <\/span> <span class=\"ljodatexti\"> <a name=\"18\"><span class=\"versanumer_ljod\">18<\/span><\/a>En \u00e9g er a\u00f0 falli kominn <br \/>og \u00fej\u00e1ning m\u00edn er m\u00e9r s\u00edfellt fyrir augum. <br \/> <\/span> <span class=\"ljodatexti\"> <a name=\"19\"><span class=\"versanumer_ljod\">19<\/span><\/a>\u00c9g j\u00e1ta misgj\u00f6r\u00f0 m\u00edna,<br \/>er sorgm\u00e6ddur yfir synd minni.<br \/> <\/span> <span class=\"ljodatexti\"> <a name=\"20\"><span class=\"versanumer_ljod\">20<\/span><\/a>\u00deeir sem \u00e1n saka eru \u00f3vinir m\u00ednir eru margir,<br \/>fj\u00f6lmargir \u00feeir sem hata mig a\u00f0 \u00e1st\u00e6\u00f0ulausu.<br \/> <\/span> <span class=\"ljodatexti\"> <a name=\"21\"><span class=\"versanumer_ljod\">21<\/span><\/a>\u00deeir gjalda m\u00e9r gott me\u00f0 illu,<br \/>fjandskapast vi\u00f0 mig af \u00fev\u00ed \u00e9g leita hins g\u00f3\u00f0a.<br \/> <\/span> <span class=\"ljodatexti\"> <a name=\"22\"><span class=\"versanumer_ljod\">22<\/span><\/a> Yfirgef mig ekki, Drottinn,<br \/>Gu\u00f0 minn, ver ekki fjarri m\u00e9r.<br \/> <\/span> <span class=\"ljodatexti\"> <a name=\"23\"><span class=\"versanumer_ljod\">23<\/span><\/a> Skunda til li\u00f0s vi\u00f0 mig,<br \/>Drottinn, \u00fe\u00fa hj\u00e1lp m\u00edn. <\/span> <\/p>\n","protected":false},"excerpt":{"rendered":"<p>1 Dav\u00ed\u00f0ss\u00e1lmur. Minningarlj\u00f3\u00f0. 2Drottinn, refsa m\u00e9r ekki \u00ed rei\u00f0i \u00feinniog tyfta mig ekki \u00ed br\u00e6\u00f0i \u00feinni. 3\u00d6rvar \u00fe\u00ednar hafa h\u00e6ft migog h\u00f6nd \u00fe\u00edn liggur \u00feungt \u00e1 m\u00e9r. 4Ekkert er heilbrigt \u00ed l\u00edkama m\u00ednumvegna rei\u00f0i \u00feinnar,ekkert heilt \u00ed beinum m\u00ednumsakir syndar minnar. 5Misgj\u00f6r\u00f0ir m\u00ednar hafa vaxi\u00f0 m\u00e9r yfir h\u00f6fu\u00f0,\u00fe\u00e6r eru byr\u00f0i sem \u00e9g f\u00e6 ekki bori\u00f0. 6\u00d3daun leggur af s\u00e1rum m\u00ednum,\u00fea\u00f0 grefur \u00ed \u00feeim sakir heimsku minnar. 7\u00c9g er beyg\u00f0ur og mj\u00f6g buga\u00f0ur,eigra um harmandi daginn langan. 8Brunasvi\u00f0i er \u00ed lendum m\u00e9r og ekkert er heilbrigt \u00ed l\u00edkama m\u00ednum. 9\u00c9g er l\u00e9magna og sundurkraminn,styn \u00ed hjartans angist. 10Drottinn, \u00f6ll m\u00edn \u00fer\u00e1 <a href=\"https:\/\/biblian.is\/biblian\/salmarnir-38-kafli\/\"> [&#8230;]<\/a><\/p>\n","protected":false},"author":1,"featured_media":0,"parent":0,"menu_order":0,"comment_status":"open","ping_status":"open","template":"bibliukaflar_salmarnir.php","meta":{"footnotes":""},"class_list":["post-2133","page","type-page","status-publish","hentry"],"_links":{"self":[{"href":"https:\/\/biblian.is\/biblian\/wp-json\/wp\/v2\/pages\/2133","targetHints":{"allow":["GET"]}}],"collection":[{"href":"https:\/\/biblian.is\/biblian\/wp-json\/wp\/v2\/pages"}],"about":[{"href":"https:\/\/biblian.is\/biblian\/wp-json\/wp\/v2\/types\/page"}],"author":[{"embeddable":true,"href":"https:\/\/biblian.is\/biblian\/wp-json\/wp\/v2\/users\/1"}],"replies":[{"embeddable":true,"href":"https:\/\/biblian.is\/biblian\/wp-json\/wp\/v2\/comments?post=2133"}],"version-history":[{"count":0,"href":"https:\/\/biblian.is\/biblian\/wp-json\/wp\/v2\/pages\/2133\/revisions"}],"wp:attachment":[{"href":"https:\/\/biblian.is\/biblian\/wp-json\/wp\/v2\/media?parent=2133"}],"curies":[{"name":"wp","href":"https:\/\/api.w.org\/{rel}","templated":true}]}}