{"id":2132,"date":"2017-12-30T21:01:50","date_gmt":"2017-12-30T21:01:50","guid":{"rendered":"http:\/\/biblian.is\/biblian\/s%c2%87lmarnir-37-kafli\/"},"modified":"2020-05-30T18:12:38","modified_gmt":"2020-05-30T18:12:38","slug":"salmarnir-37-kafli","status":"publish","type":"page","link":"https:\/\/biblian.is\/biblian\/salmarnir-37-kafli\/","title":{"rendered":"S\u00e1lmarnir 37. kafli"},"content":{"rendered":"<p><a name=\"1\"><span class=\"versanumer_2007\">1<\/span><\/a> Dav\u00ed\u00f0ss\u00e1lmur.<br \/> <span class=\"ljodatexti\"> Ver eigi br\u00e1\u00f0ur \u00feeim sem illt vinna,<br \/>\u00f6funda eigi \u00fe\u00e1 sem rangl\u00e6ti fremja<br \/> <\/span> <span class=\"ljodatexti\"> <a name=\"2\"><span class=\"versanumer_ljod\">2<\/span><\/a>\u00fev\u00ed a\u00f0 \u00feeir f\u00f6lna skj\u00f3tt sem grasi\u00f0,<br \/>visna sem gr\u00e6nar jurtir.<br \/> <\/span> <span class=\"ljodatexti\"> <a name=\"3\"><span class=\"versanumer_ljod\">3<\/span><\/a>Treyst Drottni og ger gott,<br \/>\u00fe\u00e1 muntu \u00f3hultur b\u00faa \u00ed landinu. <br \/> <\/span> <span class=\"ljodatexti\"> <a name=\"4\"><span class=\"versanumer_ljod\">4<\/span><\/a>Nj\u00f3t gle\u00f0i \u00ed Drottni,<br \/>\u00fe\u00e1 veitir hann \u00fe\u00e9r \u00fea\u00f0 sem hjarta \u00feitt \u00fer\u00e1ir.<br \/> <\/span> <span class=\"ljodatexti\"> <a name=\"5\"><span class=\"versanumer_ljod\">5<\/span><\/a>Fel Drottni vegu \u00fe\u00edna og treyst honum,<br \/>hann mun vel fyrir sj\u00e1.<br \/> <\/span> <span class=\"ljodatexti\"> <a name=\"6\"><span class=\"versanumer_ljod\">6<\/span><\/a>Hann mun l\u00e1ta r\u00e9ttl\u00e6ti \u00feitt renna upp sem lj\u00f3s<br \/>og r\u00e9tt \u00feinn sem h\u00e1bjartan dag.<br \/> <\/span> <span class=\"ljodatexti\"> <a name=\"7\"><span class=\"versanumer_ljod\">7<\/span><\/a>Ver hlj\u00f3\u00f0ur fyrir Drottni og vona \u00e1 hann,<br \/>ver eigi of br\u00e1\u00f0ur vegna \u00feess manns sem vel gengur <br \/>e\u00f0a \u00feess sem illu veldur.<br \/> <\/span> <span class=\"ljodatexti\"> <a name=\"8\"><span class=\"versanumer_ljod\">8<\/span><\/a>L\u00e1t af rei\u00f0i, slepp heiftinni,<br \/>ver eigi of br\u00e1\u00f0ur, \u00fea\u00f0 lei\u00f0ir til ills eins.<br \/> <\/span> <span class=\"ljodatexti\"> <a name=\"9\"><span class=\"versanumer_ljod\">9<\/span><\/a>\u00dev\u00ed a\u00f0 illvirkjum ver\u00f0ur tort\u00edmt<br \/>en \u00feeir sem vona \u00e1 Drottin f\u00e1 landi\u00f0 til eignar.<br \/> <\/span> <span class=\"ljodatexti\"> <a name=\"10\"><span class=\"versanumer_ljod\">10<\/span><\/a>Innan stundar er hinn \u00f3gu\u00f0legi horfinn,<br \/>ef \u00fe\u00fa leitar hans er hann ekki a\u00f0 finna.<br \/> <\/span> <span class=\"ljodatexti\"> <a name=\"11\"><span class=\"versanumer_ljod\">11<\/span><\/a>En hinir h\u00f3gv\u00e6ru f\u00e1 landi\u00f0 til eignar<br \/>og gle\u00f0jast yfir miklu gengi.<br \/> <\/span> <span class=\"ljodatexti\"> <a name=\"12\"><span class=\"versanumer_ljod\">12<\/span><\/a>Hinn \u00f3gu\u00f0legi bruggar r\u00e9ttl\u00e1tum v\u00e9lr\u00e1\u00f0<br \/>og gn\u00edstir t\u00f6nnum gegn honum.<br \/> <\/span> <span class=\"ljodatexti\"> <a name=\"13\"><span class=\"versanumer_ljod\">13<\/span><\/a>Drottinn hl\u00e6r a\u00f0 honum<br \/>\u00fev\u00ed a\u00f0 hann s\u00e9r a\u00f0 dagur hans kemur.<br \/> <\/span> <span class=\"ljodatexti\"> <a name=\"14\"><span class=\"versanumer_ljod\">14<\/span><\/a>\u00d3gu\u00f0legir breg\u00f0a sver\u00f0i og spenna boga s\u00edna<br \/>til \u00feess a\u00f0 fella hinn umkomulausa og snau\u00f0a, <br \/>til \u00feess a\u00f0 dey\u00f0a hina r\u00e1\u00f0v\u00f6ndu.<br \/> <\/span> <span class=\"ljodatexti\"> <a name=\"15\"><span class=\"versanumer_ljod\">15<\/span><\/a>En sver\u00f0 \u00feeirra munu rista \u00feeirra eigin hj\u00f6rtu<br \/>og bogar \u00feeirra munu brotnir ver\u00f0a.<br \/> <\/span> <span class=\"ljodatexti\"> <a name=\"16\"><span class=\"versanumer_ljod\">16<\/span><\/a>Betri er l\u00edtil eign r\u00e9ttl\u00e1ts manns<br \/>en au\u00f0leg\u00f0 margra \u00f3gu\u00f0legra<br \/> <\/span> <span class=\"ljodatexti\"> <a name=\"17\"><span class=\"versanumer_ljod\">17<\/span><\/a>\u00fev\u00ed a\u00f0 armur \u00f3gu\u00f0legra mun brotinn<br \/>en r\u00e9ttl\u00e1ta sty\u00f0ur Drottinn.<br \/> <\/span> <span class=\"ljodatexti\"> <a name=\"18\"><span class=\"versanumer_ljod\">18<\/span><\/a>Drottinn hefur g\u00e6tur \u00e1 d\u00f6gum flekklausra<br \/>og arfleif\u00f0 \u00feeirra varir a\u00f0 eil\u00edfu.<br \/> <\/span> <span class=\"ljodatexti\"> <a name=\"19\"><span class=\"versanumer_ljod\">19<\/span><\/a>\u00c1 vondum t\u00edmum ver\u00f0a \u00feeir ekki til skammar,<br \/>\u00ed hall\u00e6ri hlj\u00f3ta \u00feeir sa\u00f0ning.<br \/> <\/span> <span class=\"ljodatexti\"> <a name=\"20\"><span class=\"versanumer_ljod\">20<\/span><\/a>En hinir \u00f3gu\u00f0legu munu farast.<br \/>\u00d3vinir Drottins eru sem bl\u00f3m \u00e1 engi,<br \/>\u00feeir hverfa, eins og reykur hverfa \u00feeir.<br \/> <\/span> <span class=\"ljodatexti\"> <a name=\"21\"><span class=\"versanumer_ljod\">21<\/span><\/a>Gu\u00f0laus ma\u00f0ur tekur l\u00e1n og borgar ekki<br \/>en r\u00e9ttl\u00e1tur ma\u00f0ur er mildur og \u00f6rl\u00e1tur.<br \/> <\/span> <span class=\"ljodatexti\"> <a name=\"22\"><span class=\"versanumer_ljod\">22<\/span><\/a> \u00deeir sem Drottinn blessar f\u00e1 landi\u00f0 til eignar<br \/>en hinum bannf\u00e6r\u00f0u ver\u00f0ur tort\u00edmt.<br \/> <\/span> <span class=\"ljodatexti\"> <a name=\"23\"><span class=\"versanumer_ljod\">23<\/span><\/a> Drottinn st\u00fdrir skrefum mannsins<br \/>\u00feegar hann hefur \u00fe\u00f3knun \u00e1 vegfer\u00f0 hans.<br \/> <\/span> <span class=\"ljodatexti\"> <a name=\"24\"><span class=\"versanumer_ljod\">24<\/span><\/a> \u00de\u00f3 a\u00f0 hann hrasi fellur hann ekki flatur<br \/>\u00fev\u00ed a\u00f0 Drottinn heldur \u00ed h\u00f6nd hans.<br \/> <\/span> <span class=\"ljodatexti\"> <a name=\"25\"><span class=\"versanumer_ljod\">25<\/span><\/a> Ungur var \u00e9g og gamall er \u00e9g or\u00f0inn<br \/>en aldrei s\u00e1 \u00e9g r\u00e9ttl\u00e1tan mann yfirgefinn<br \/>e\u00f0a ni\u00f0ja hans bi\u00f0ja s\u00e9r matar.<br \/> <\/span> <span class=\"ljodatexti\"> <a name=\"26\"><span class=\"versanumer_ljod\">26<\/span><\/a> \u00c6t\u00ed\u00f0 er hann mildur og f\u00fas til a\u00f0 l\u00e1na<br \/>og ni\u00f0jar hans ver\u00f0a \u00f6\u00f0rum til blessunar.<br \/> <\/span> <span class=\"ljodatexti\"> <a name=\"27\"><span class=\"versanumer_ljod\">27<\/span><\/a> For\u00f0astu illt en ger gott,<br \/>\u00fe\u00e1 muntu eiga b\u00fasta\u00f0 um aldur<br \/> <\/span> <span class=\"ljodatexti\"> <a name=\"28\"><span class=\"versanumer_ljod\">28<\/span><\/a> \u00fev\u00ed a\u00f0 Drottinn hefur m\u00e6tur \u00e1 r\u00e9ttl\u00e6ti<br \/>og yfirgefur eigi s\u00edna tr\u00fau\u00f0u.<br \/>\u00deeir ver\u00f0a a\u00f0 eil\u00edfu var\u00f0veittir<br \/>en ni\u00f0jar \u00f3gu\u00f0legra uppr\u00e6ttir.<br \/> <\/span> <span class=\"ljodatexti\"> <a name=\"29\"><span class=\"versanumer_ljod\">29<\/span><\/a> R\u00e9ttl\u00e1tir f\u00e1 landi\u00f0 til eignar<br \/>og b\u00faa \u00fear \u00e6vinlega.<br \/> <\/span> <span class=\"ljodatexti\"> <a name=\"30\"><span class=\"versanumer_ljod\">30<\/span><\/a> Munnur hins r\u00e9ttl\u00e1ta m\u00e6lir speki<br \/>og tunga hans bo\u00f0ar r\u00e9ttl\u00e6ti.<br \/> <\/span> <span class=\"ljodatexti\"> <a name=\"31\"><span class=\"versanumer_ljod\">31<\/span><\/a> L\u00f6gm\u00e1l Gu\u00f0s hans er \u00ed hjarta hans,<br \/>eigi skri\u00f0nar honum f\u00f3tur.<br \/> <\/span> <span class=\"ljodatexti\"> <a name=\"32\"><span class=\"versanumer_ljod\">32<\/span><\/a> Gu\u00f0laus ma\u00f0ur situr um r\u00e9ttl\u00e1tan<br \/>og s\u00e6kist eftir l\u00edfi hans.<br \/> <\/span> <span class=\"ljodatexti\"> <a name=\"33\"><span class=\"versanumer_ljod\">33<\/span><\/a> En Drottinn ofurselur hann ekki<br \/>og l\u00e6tur hann ekki ganga sekan fr\u00e1 d\u00f3mi.<br \/> <\/span> <span class=\"ljodatexti\"> <a name=\"34\"><span class=\"versanumer_ljod\">34<\/span><\/a> Vona \u00e1 Drottin og gef g\u00e6tur a\u00f0 vegi hans,<br \/>hann mun hefja \u00feig upp, a\u00f0 \u00fe\u00fa erfir landi\u00f0,<br \/>og \u00fe\u00fa munt sj\u00e1 gu\u00f0leysingjum tort\u00edmt.<br \/> <\/span> <span class=\"ljodatexti\"> <a name=\"35\"><span class=\"versanumer_ljod\">35<\/span><\/a> \u00c9g hef s\u00e9\u00f0 \u00f3gu\u00f0legan ofstopamann<br \/>brei\u00f0a \u00far s\u00e9r sem laufmiki\u00f0 tr\u00e9 \u00ed gr\u00f3\u00f0urreit s\u00ednum. <br \/> <\/span> <span class=\"ljodatexti\"> <a name=\"36\"><span class=\"versanumer_ljod\">36<\/span><\/a> \u00c9g gekk \u00fear hj\u00e1, og sj\u00e1, hann var \u00fear ekki framar,<br \/>\u00e9g leita\u00f0i hans en hann var hvergi a\u00f0 finna.<br \/> <\/span> <span class=\"ljodatexti\"> <a name=\"37\"><span class=\"versanumer_ljod\">37<\/span><\/a> Gef g\u00e6tur a\u00f0 hinum r\u00e1\u00f0vanda og horf\u00f0u til hins grandvara<br \/>\u00fev\u00ed a\u00f0 fri\u00f0samir menn eiga framt\u00ed\u00f0ina fyrir s\u00e9r<br \/> <\/span> <span class=\"ljodatexti\"> <a name=\"38\"><span class=\"versanumer_ljod\">38<\/span><\/a> en allir syndarar farast,<br \/>\u00f3gu\u00f0legir eiga s\u00e9r enga framt\u00ed\u00f0.<br \/> <\/span> <span class=\"ljodatexti\"> <a name=\"39\"><span class=\"versanumer_ljod\">39<\/span><\/a> Hj\u00e1lp r\u00e9ttl\u00e1tra kemur fr\u00e1 Drottni,<br \/>hann er h\u00e6li \u00feeirra \u00e1 ney\u00f0art\u00edmum.<br \/> <\/span> <span class=\"ljodatexti\"> <a name=\"40\"><span class=\"versanumer_ljod\">40<\/span><\/a> Drottinn li\u00f0sinnir \u00feeim og bjargar,<br \/>frelsar \u00fe\u00e1 fr\u00e1 \u00f3gu\u00f0legum og bjargar \u00feeim<br \/>\u00fev\u00ed a\u00f0 \u00feeir leitu\u00f0u athvarfs hj\u00e1 honum. <\/span> <\/p>\n","protected":false},"excerpt":{"rendered":"<p>1 Dav\u00ed\u00f0ss\u00e1lmur. Ver eigi br\u00e1\u00f0ur \u00feeim sem illt vinna,\u00f6funda eigi \u00fe\u00e1 sem rangl\u00e6ti fremja 2\u00fev\u00ed a\u00f0 \u00feeir f\u00f6lna skj\u00f3tt sem grasi\u00f0,visna sem gr\u00e6nar jurtir. 3Treyst Drottni og ger gott,\u00fe\u00e1 muntu \u00f3hultur b\u00faa \u00ed landinu. 4Nj\u00f3t gle\u00f0i \u00ed Drottni,\u00fe\u00e1 veitir hann \u00fe\u00e9r \u00fea\u00f0 sem hjarta \u00feitt \u00fer\u00e1ir. 5Fel Drottni vegu \u00fe\u00edna og treyst honum,hann mun vel fyrir sj\u00e1. 6Hann mun l\u00e1ta r\u00e9ttl\u00e6ti \u00feitt renna upp sem lj\u00f3sog r\u00e9tt \u00feinn sem h\u00e1bjartan dag. 7Ver hlj\u00f3\u00f0ur fyrir Drottni og vona \u00e1 hann,ver eigi of br\u00e1\u00f0ur vegna \u00feess manns sem vel gengur e\u00f0a \u00feess sem illu veldur. 8L\u00e1t af rei\u00f0i, slepp heiftinni,ver eigi of <a href=\"https:\/\/biblian.is\/biblian\/salmarnir-37-kafli\/\"> [&#8230;]<\/a><\/p>\n","protected":false},"author":1,"featured_media":0,"parent":0,"menu_order":0,"comment_status":"open","ping_status":"open","template":"bibliukaflar_salmarnir.php","meta":{"footnotes":""},"class_list":["post-2132","page","type-page","status-publish","hentry"],"_links":{"self":[{"href":"https:\/\/biblian.is\/biblian\/wp-json\/wp\/v2\/pages\/2132","targetHints":{"allow":["GET"]}}],"collection":[{"href":"https:\/\/biblian.is\/biblian\/wp-json\/wp\/v2\/pages"}],"about":[{"href":"https:\/\/biblian.is\/biblian\/wp-json\/wp\/v2\/types\/page"}],"author":[{"embeddable":true,"href":"https:\/\/biblian.is\/biblian\/wp-json\/wp\/v2\/users\/1"}],"replies":[{"embeddable":true,"href":"https:\/\/biblian.is\/biblian\/wp-json\/wp\/v2\/comments?post=2132"}],"version-history":[{"count":0,"href":"https:\/\/biblian.is\/biblian\/wp-json\/wp\/v2\/pages\/2132\/revisions"}],"wp:attachment":[{"href":"https:\/\/biblian.is\/biblian\/wp-json\/wp\/v2\/media?parent=2132"}],"curies":[{"name":"wp","href":"https:\/\/api.w.org\/{rel}","templated":true}]}}