{"id":2131,"date":"2017-12-30T21:01:50","date_gmt":"2017-12-30T21:01:50","guid":{"rendered":"http:\/\/biblian.is\/biblian\/s%c2%87lmarnir-36-kafli\/"},"modified":"2020-05-30T18:12:38","modified_gmt":"2020-05-30T18:12:38","slug":"salmarnir-36-kafli","status":"publish","type":"page","link":"https:\/\/biblian.is\/biblian\/salmarnir-36-kafli\/","title":{"rendered":"S\u00e1lmarnir 36. kafli"},"content":{"rendered":"<p><a name=\"1\"><span class=\"versanumer_2007\">1<\/span><\/a> Til s\u00f6ngstj\u00f3rans. Eftir Dav\u00ed\u00f0, \u00fej\u00f3n Drottins.<br \/> <span class=\"ljodatexti\"> <a name=\"2\"><span class=\"versanumer_ljod\">2<\/span><\/a>Syndin talar til hins gu\u00f0lausa<br \/>\u00ed fylgsnum hjarta hans,<br \/>enginn gu\u00f0s\u00f3tti b\u00fdr \u00ed huga hans.<br \/> <\/span> <span class=\"ljodatexti\"> <a name=\"3\"><span class=\"versanumer_ljod\">3<\/span><\/a>Honum finnst miki\u00f0 til um sj\u00e1lfan sig,<br \/>meira en svo a\u00f0 hann sj\u00e1i og hati synd s\u00edna.<br \/> <\/span> <span class=\"ljodatexti\"> <a name=\"4\"><span class=\"versanumer_ljod\">4<\/span><\/a>Or\u00f0in af munni hans eru t\u00e1l og svik,<br \/>hann er h\u00e6ttur a\u00f0 vera hygginn og breyta r\u00e9tt.<br \/> <\/span> <span class=\"ljodatexti\"> <a name=\"5\"><span class=\"versanumer_ljod\">5<\/span><\/a>\u00cd hv\u00edlu sinni hyggur hann \u00e1 illt,<br \/>fetar vonda vegu<br \/>og for\u00f0ast eigi hi\u00f0 illa.<br \/> <\/span> <span class=\"ljodatexti\"> <a name=\"6\"><span class=\"versanumer_ljod\">6<\/span><\/a>Drottinn, til himna n\u00e6r miskunn \u00fe\u00edn,<br \/>til sk\u00fdjanna tr\u00fafesti \u00fe\u00edn.<br \/> <\/span> <span class=\"ljodatexti\"> <a name=\"7\"><span class=\"versanumer_ljod\">7<\/span><\/a>R\u00e9ttl\u00e6ti \u00feitt er sem h\u00e6stu fj\u00f6ll, <span class=\"nedan_mal\" title=\" \u00d6nnur hugsanleg \u00fe\u00fd\u00f0ing: sem fj\u00f6ll Gu\u00f0s.\">[<\/span> <br \/>d\u00f3mar \u00fe\u00ednir sem reginhaf.<br \/>M\u00f6nnum og skepnum hj\u00e1lpar \u00fe\u00fa, Drottinn.<br \/> <\/span> <span class=\"ljodatexti\"> <a name=\"8\"><span class=\"versanumer_ljod\">8<\/span><\/a>Hversu d\u00fdrm\u00e6t er miskunn \u00fe\u00edn, \u00f3 Gu\u00f0,<br \/>mannanna b\u00f6rn leita h\u00e6lis \u00ed skugga v\u00e6ngja \u00feinna.<br \/> <\/span> <span class=\"ljodatexti\"> <a name=\"9\"><span class=\"versanumer_ljod\">9<\/span><\/a>\u00deau se\u00f0jast af n\u00e6gtum h\u00fass \u00fe\u00edns<br \/>og \u00fe\u00fa l\u00e6tur \u00feau drekka \u00far l\u00e6kjum una\u00f0ssemda \u00feinna<br \/> <\/span> <span class=\"ljodatexti\"> <a name=\"10\"><span class=\"versanumer_ljod\">10<\/span><\/a>\u00fev\u00ed a\u00f0 hj\u00e1 \u00fe\u00e9r er uppspretta l\u00edfsins,<br \/>\u00ed \u00fe\u00ednu lj\u00f3si sj\u00e1um v\u00e9r lj\u00f3s.<br \/> <\/span> <span class=\"ljodatexti\"> <a name=\"11\"><span class=\"versanumer_ljod\">11<\/span><\/a>L\u00e1t miskunn \u00fe\u00edna haldast vi\u00f0 \u00fe\u00e1<br \/>sem \u00feekkja \u00feig<br \/>og r\u00e9ttl\u00e6ti \u00feitt vi\u00f0 \u00fe\u00e1<br \/>sem hjartahreinir eru.<br \/> <\/span> <span class=\"ljodatexti\"> <a name=\"12\"><span class=\"versanumer_ljod\">12<\/span><\/a>L\u00e1t eigi hrokafulla tra\u00f0ka \u00e1 m\u00e9r<br \/>e\u00f0a hrekja mig burt.<br \/> <\/span> <span class=\"ljodatexti\"> <a name=\"13\"><span class=\"versanumer_ljod\">13<\/span><\/a>\u00dear eru illvirkjarnir fallnir,<br \/>\u00feeim er steypt um koll<br \/>og f\u00e1 ekki risi\u00f0 upp aftur. <\/span> <\/p>\n","protected":false},"excerpt":{"rendered":"<p>1 Til s\u00f6ngstj\u00f3rans. Eftir Dav\u00ed\u00f0, \u00fej\u00f3n Drottins. 2Syndin talar til hins gu\u00f0lausa\u00ed fylgsnum hjarta hans,enginn gu\u00f0s\u00f3tti b\u00fdr \u00ed huga hans. 3Honum finnst miki\u00f0 til um sj\u00e1lfan sig,meira en svo a\u00f0 hann sj\u00e1i og hati synd s\u00edna. 4Or\u00f0in af munni hans eru t\u00e1l og svik,hann er h\u00e6ttur a\u00f0 vera hygginn og breyta r\u00e9tt. 5\u00cd hv\u00edlu sinni hyggur hann \u00e1 illt,fetar vonda veguog for\u00f0ast eigi hi\u00f0 illa. 6Drottinn, til himna n\u00e6r miskunn \u00fe\u00edn,til sk\u00fdjanna tr\u00fafesti \u00fe\u00edn. 7R\u00e9ttl\u00e6ti \u00feitt er sem h\u00e6stu fj\u00f6ll, [ d\u00f3mar \u00fe\u00ednir sem reginhaf.M\u00f6nnum og skepnum hj\u00e1lpar \u00fe\u00fa, Drottinn. 8Hversu d\u00fdrm\u00e6t er miskunn \u00fe\u00edn, \u00f3 Gu\u00f0,mannanna b\u00f6rn leita h\u00e6lis <a href=\"https:\/\/biblian.is\/biblian\/salmarnir-36-kafli\/\"> [&#8230;]<\/a><\/p>\n","protected":false},"author":1,"featured_media":0,"parent":0,"menu_order":0,"comment_status":"open","ping_status":"open","template":"bibliukaflar_salmarnir.php","meta":{"footnotes":""},"class_list":["post-2131","page","type-page","status-publish","hentry"],"_links":{"self":[{"href":"https:\/\/biblian.is\/biblian\/wp-json\/wp\/v2\/pages\/2131","targetHints":{"allow":["GET"]}}],"collection":[{"href":"https:\/\/biblian.is\/biblian\/wp-json\/wp\/v2\/pages"}],"about":[{"href":"https:\/\/biblian.is\/biblian\/wp-json\/wp\/v2\/types\/page"}],"author":[{"embeddable":true,"href":"https:\/\/biblian.is\/biblian\/wp-json\/wp\/v2\/users\/1"}],"replies":[{"embeddable":true,"href":"https:\/\/biblian.is\/biblian\/wp-json\/wp\/v2\/comments?post=2131"}],"version-history":[{"count":0,"href":"https:\/\/biblian.is\/biblian\/wp-json\/wp\/v2\/pages\/2131\/revisions"}],"wp:attachment":[{"href":"https:\/\/biblian.is\/biblian\/wp-json\/wp\/v2\/media?parent=2131"}],"curies":[{"name":"wp","href":"https:\/\/api.w.org\/{rel}","templated":true}]}}