{"id":2129,"date":"2017-12-30T21:01:50","date_gmt":"2017-12-30T21:01:50","guid":{"rendered":"http:\/\/biblian.is\/biblian\/s%c2%87lmarnir-34-kafli\/"},"modified":"2020-05-30T18:12:37","modified_gmt":"2020-05-30T18:12:37","slug":"salmarnir-34-kafli","status":"publish","type":"page","link":"https:\/\/biblian.is\/biblian\/salmarnir-34-kafli\/","title":{"rendered":"S\u00e1lmarnir 34. kafli"},"content":{"rendered":"<p><a name=\"1\"><span class=\"versanumer_2007\">1<\/span><\/a> S\u00e1lmur Dav\u00ed\u00f0s \u00fe\u00e1 er hann ger\u00f0i s\u00e9r upp vitfirringu frammi fyrir Ab\u00edmelek svo a\u00f0 Ab\u00edmelek rak hann \u00ed burt og hann f\u00f3r.<br \/> <span class=\"ljodatexti\"> <a name=\"2\"><span class=\"versanumer_ljod\">2<\/span><\/a>\u00c9g vil vegsama Drottin alla t\u00edma,<br \/>\u00e6t\u00ed\u00f0 s\u00e9 lof hans m\u00e9r \u00ed munni.<br \/> <\/span> <span class=\"ljodatexti\"> <a name=\"3\"><span class=\"versanumer_ljod\">3<\/span><\/a>\u00c9g hr\u00f3sa m\u00e9r af Drottni,<br \/>hinir snau\u00f0u skulu heyra \u00fea\u00f0 og fagna. <br \/> <\/span> <span class=\"ljodatexti\"> <a name=\"4\"><span class=\"versanumer_ljod\">4<\/span><\/a>Vegsami\u00f0 Drottin \u00e1samt m\u00e9r,<br \/>tignum nafn hans einum hug.<br \/> <\/span> <span class=\"ljodatexti\"> <a name=\"5\"><span class=\"versanumer_ljod\">5<\/span><\/a>\u00c9g leita\u00f0i Drottins og hann svara\u00f0i m\u00e9r,<br \/>frelsa\u00f0i mig fr\u00e1 \u00f6llu sem \u00e9g hr\u00e6ddist.<br \/> <\/span> <span class=\"ljodatexti\"> <a name=\"6\"><span class=\"versanumer_ljod\">6<\/span><\/a>L\u00edti\u00f0 upp til hans og lj\u00f3mi\u00f0 af gle\u00f0i,<br \/>\u00fe\u00e1 munu\u00f0 \u00fe\u00e9r aldrei ro\u00f0na af sk\u00f6mm.<br \/> <\/span> <span class=\"ljodatexti\"> <a name=\"7\"><span class=\"versanumer_ljod\">7<\/span><\/a>H\u00e9r er ves\u00e6ll ma\u00f0ur sem hr\u00f3pa\u00f0i<br \/>og Drottinn b\u00e6nheyr\u00f0i hann<br \/>og hj\u00e1lpa\u00f0i honum \u00far \u00f6llum nau\u00f0um hans.<br \/> <\/span> <span class=\"ljodatexti\"> <a name=\"8\"><span class=\"versanumer_ljod\">8<\/span><\/a>Engill Drottins <br \/>setur v\u00f6r\u00f0 kringum \u00fe\u00e1 sem \u00f3ttast hann<br \/>og frelsar \u00fe\u00e1.<br \/> <\/span> <span class=\"ljodatexti\"> <a name=\"9\"><span class=\"versanumer_ljod\">9<\/span><\/a>Finni\u00f0 og sj\u00e1i\u00f0 a\u00f0 Drottinn er g\u00f3\u00f0ur,<br \/>s\u00e6ll er s\u00e1 ma\u00f0ur sem leitar h\u00e6lis hj\u00e1 honum.<br \/> <\/span> <span class=\"ljodatexti\"> <a name=\"10\"><span class=\"versanumer_ljod\">10<\/span><\/a>\u00d3ttist Drottin, \u00fe\u00e9r hans heil\u00f6gu,<br \/>\u00fev\u00ed a\u00f0 \u00feeir sem \u00f3ttast hann l\u00ed\u00f0a engan skort.<br \/> <\/span> <span class=\"ljodatexti\"> <a name=\"11\"><span class=\"versanumer_ljod\">11<\/span><\/a>Lj\u00f3n b\u00faa vi\u00f0 skort og svelta<br \/>en \u00feeir er leita Drottins fara einskis g\u00f3\u00f0s \u00e1 mis.<br \/> <\/span> <span class=\"ljodatexti\"> <a name=\"12\"><span class=\"versanumer_ljod\">12<\/span><\/a>Komi\u00f0 b\u00f6rn, hl\u00fd\u00f0i\u00f0 \u00e1 mig,<br \/>\u00e9g vil kenna y\u00f0ur a\u00f0 \u00f3ttast Drottin.<br \/> <\/span> <span class=\"ljodatexti\"> <a name=\"13\"><span class=\"versanumer_ljod\">13<\/span><\/a>Ef einhver \u00f3skar l\u00edfs,<br \/>\u00fer\u00e1ir l\u00edfdaga til \u00feess a\u00f0 nj\u00f3ta hamingjunnar,<br \/> <\/span> <span class=\"ljodatexti\"> <a name=\"14\"><span class=\"versanumer_ljod\">14<\/span><\/a>\u00fe\u00e1 var\u00f0veit tungu \u00fe\u00edna fr\u00e1 illu<br \/>og varir \u00fe\u00ednar fr\u00e1 svikatali.<br \/> <\/span> <span class=\"ljodatexti\"> <a name=\"15\"><span class=\"versanumer_ljod\">15<\/span><\/a>For\u00f0astu illt og ger\u00f0u gott,<br \/>leita\u00f0u fri\u00f0ar og legg\u00f0u stund \u00e1 hann.<br \/> <\/span> <span class=\"ljodatexti\"> <a name=\"16\"><span class=\"versanumer_ljod\">16<\/span><\/a>Augu Drottins hv\u00edla \u00e1 r\u00e9ttl\u00e1tum<br \/>og eyru hans gefa gaum a\u00f0 hr\u00f3pi \u00feeirra.<br \/> <\/span> <span class=\"ljodatexti\"> <a name=\"17\"><span class=\"versanumer_ljod\">17<\/span><\/a>Auglit Drottins beinist gegn illvirkjum<br \/>til \u00feess a\u00f0 afm\u00e1 minningu \u00feeirra af j\u00f6r\u00f0inni.<br \/> <\/span> <span class=\"ljodatexti\"> <a name=\"18\"><span class=\"versanumer_ljod\">18<\/span><\/a>\u00deegar r\u00e9ttl\u00e1tir hr\u00f3pa heyrir Drottinn,<br \/>hann bjargar \u00feeim \u00far \u00f6llum nau\u00f0um \u00feeirra. <br \/> <\/span> <span class=\"ljodatexti\"> <a name=\"19\"><span class=\"versanumer_ljod\">19<\/span><\/a>Drottinn er n\u00e1l\u00e6gur \u00feeim sem hafa sundurmari\u00f0 hjarta,<br \/>hann hj\u00e1lpar \u00feeim sem hafa sundurkraminn anda.<br \/> <\/span> <span class=\"ljodatexti\"> <a name=\"20\"><span class=\"versanumer_ljod\">20<\/span><\/a>Margar eru raunir r\u00e9ttl\u00e1ts manns<br \/>en Drottinn frelsar hann \u00far \u00feeim \u00f6llum.<br \/> <\/span> <span class=\"ljodatexti\"> <a name=\"21\"><span class=\"versanumer_ljod\">21<\/span><\/a>Hann g\u00e6tir allra beina hans,<br \/>ekki eitt \u00feeirra skal broti\u00f0.<br \/> <\/span> <span class=\"ljodatexti\"> <a name=\"22\"><span class=\"versanumer_ljod\">22<\/span><\/a> \u00d3g\u00e6fa drepur \u00f3gu\u00f0legan mann,<br \/>\u00feeir er hata hinn r\u00e9ttl\u00e1ta ver\u00f0a sekir fundnir.<br \/> <\/span> <span class=\"ljodatexti\"> <a name=\"23\"><span class=\"versanumer_ljod\">23<\/span><\/a> Drottinn frelsar l\u00edf \u00fej\u00f3na sinna,<br \/>enginn sem leitar h\u00e6lis hj\u00e1 honum mun sekur fundinn. <\/span> <\/p>\n","protected":false},"excerpt":{"rendered":"<p>1 S\u00e1lmur Dav\u00ed\u00f0s \u00fe\u00e1 er hann ger\u00f0i s\u00e9r upp vitfirringu frammi fyrir Ab\u00edmelek svo a\u00f0 Ab\u00edmelek rak hann \u00ed burt og hann f\u00f3r. 2\u00c9g vil vegsama Drottin alla t\u00edma,\u00e6t\u00ed\u00f0 s\u00e9 lof hans m\u00e9r \u00ed munni. 3\u00c9g hr\u00f3sa m\u00e9r af Drottni,hinir snau\u00f0u skulu heyra \u00fea\u00f0 og fagna. 4Vegsami\u00f0 Drottin \u00e1samt m\u00e9r,tignum nafn hans einum hug. 5\u00c9g leita\u00f0i Drottins og hann svara\u00f0i m\u00e9r,frelsa\u00f0i mig fr\u00e1 \u00f6llu sem \u00e9g hr\u00e6ddist. 6L\u00edti\u00f0 upp til hans og lj\u00f3mi\u00f0 af gle\u00f0i,\u00fe\u00e1 munu\u00f0 \u00fe\u00e9r aldrei ro\u00f0na af sk\u00f6mm. 7H\u00e9r er ves\u00e6ll ma\u00f0ur sem hr\u00f3pa\u00f0iog Drottinn b\u00e6nheyr\u00f0i hannog hj\u00e1lpa\u00f0i honum \u00far \u00f6llum nau\u00f0um hans. 8Engill Drottins setur v\u00f6r\u00f0 <a href=\"https:\/\/biblian.is\/biblian\/salmarnir-34-kafli\/\"> [&#8230;]<\/a><\/p>\n","protected":false},"author":1,"featured_media":0,"parent":0,"menu_order":0,"comment_status":"open","ping_status":"open","template":"bibliukaflar_salmarnir.php","meta":{"footnotes":""},"class_list":["post-2129","page","type-page","status-publish","hentry"],"_links":{"self":[{"href":"https:\/\/biblian.is\/biblian\/wp-json\/wp\/v2\/pages\/2129","targetHints":{"allow":["GET"]}}],"collection":[{"href":"https:\/\/biblian.is\/biblian\/wp-json\/wp\/v2\/pages"}],"about":[{"href":"https:\/\/biblian.is\/biblian\/wp-json\/wp\/v2\/types\/page"}],"author":[{"embeddable":true,"href":"https:\/\/biblian.is\/biblian\/wp-json\/wp\/v2\/users\/1"}],"replies":[{"embeddable":true,"href":"https:\/\/biblian.is\/biblian\/wp-json\/wp\/v2\/comments?post=2129"}],"version-history":[{"count":0,"href":"https:\/\/biblian.is\/biblian\/wp-json\/wp\/v2\/pages\/2129\/revisions"}],"wp:attachment":[{"href":"https:\/\/biblian.is\/biblian\/wp-json\/wp\/v2\/media?parent=2129"}],"curies":[{"name":"wp","href":"https:\/\/api.w.org\/{rel}","templated":true}]}}