{"id":2128,"date":"2017-12-30T21:01:50","date_gmt":"2017-12-30T21:01:50","guid":{"rendered":"http:\/\/biblian.is\/biblian\/s%c2%87lmarnir-33-kafli\/"},"modified":"2020-05-30T18:12:37","modified_gmt":"2020-05-30T18:12:37","slug":"salmarnir-33-kafli","status":"publish","type":"page","link":"https:\/\/biblian.is\/biblian\/salmarnir-33-kafli\/","title":{"rendered":"S\u00e1lmarnir 33. kafli"},"content":{"rendered":"<p><a name=\"1\"><span class=\"versanumer_2007\">1<\/span><\/a> Fagni\u00f0, \u00fe\u00e9r r\u00e9ttl\u00e1tir, yfir Drottni,<br \/> <span class=\"ljodatexti\"> hreinlyndum h\u00e6fir a\u00f0 syngja lof.<br \/> <\/span> <span class=\"ljodatexti\"> <a name=\"2\"><span class=\"versanumer_ljod\">2<\/span><\/a>Lofi\u00f0 Drottin me\u00f0 g\u00edgjum,<br \/>leiki\u00f0 fyrir hann \u00e1 t\u00edstrengja\u00f0a h\u00f6rpu.<br \/> <\/span> <span class=\"ljodatexti\"> <a name=\"3\"><span class=\"versanumer_ljod\">3<\/span><\/a>Syngi\u00f0 honum n\u00fdjan s\u00f6ng,<br \/>sl\u00e1i\u00f0 strengina fagurlega og hr\u00f3pi\u00f0 af f\u00f6gnu\u00f0i<br \/> <\/span> <span class=\"ljodatexti\"> <a name=\"4\"><span class=\"versanumer_ljod\">4<\/span><\/a>\u00fev\u00ed a\u00f0 or\u00f0 Drottins er \u00e1rei\u00f0anlegt<br \/>og \u00f6ll hans verk eru \u00ed tr\u00fafesti ger\u00f0.<br \/> <\/span> <span class=\"ljodatexti\"> <a name=\"5\"><span class=\"versanumer_ljod\">5<\/span><\/a>Hann hefur m\u00e6tur \u00e1 r\u00e9ttl\u00e6ti og r\u00e9tti,<br \/>j\u00f6r\u00f0in er full af g\u00e6sku Drottins.<br \/> <\/span> <span class=\"ljodatexti\"> <a name=\"6\"><span class=\"versanumer_ljod\">6<\/span><\/a>Fyrir or\u00f0 Drottins voru himnarnir ger\u00f0ir<br \/>og \u00f6ll \u00feeirra pr\u00fd\u00f0i fyrir anda munns hans.<br \/> <\/span> <span class=\"ljodatexti\"> <a name=\"7\"><span class=\"versanumer_ljod\">7<\/span><\/a>Hann safna\u00f0i vatni hafsins sem \u00ed belg,<br \/>kom dj\u00fapunum fyrir \u00ed for\u00f0ab\u00fari.<br \/> <\/span> <span class=\"ljodatexti\"> <a name=\"8\"><span class=\"versanumer_ljod\">8<\/span><\/a>\u00d6ll j\u00f6r\u00f0in \u00f3ttist Drottin,<br \/>allir jar\u00f0arb\u00faar skelfist hann.<br \/> <\/span> <span class=\"ljodatexti\"> <a name=\"9\"><span class=\"versanumer_ljod\">9<\/span><\/a>\u00dev\u00ed a\u00f0 hann tala\u00f0i &#8211; og \u00fea\u00f0 var\u00f0,<br \/>hann bau\u00f0 &#8211; \u00fe\u00e1 st\u00f3\u00f0 \u00fea\u00f0 \u00fear.<br \/> <\/span> <span class=\"ljodatexti\"> <a name=\"10\"><span class=\"versanumer_ljod\">10<\/span><\/a>Drottinn \u00f3n\u00fdtir r\u00e1\u00f0 \u00fej\u00f3\u00f0anna,<br \/>gerir \u00e1form \u00feeirra a\u00f0 engu<br \/> <\/span> <span class=\"ljodatexti\"> <a name=\"11\"><span class=\"versanumer_ljod\">11<\/span><\/a>en r\u00e1\u00f0 Drottins stendur st\u00f6\u00f0ugt um aldur,<br \/>\u00e1form hjarta hans fr\u00e1 kyni til kyns.<br \/> <\/span> <span class=\"ljodatexti\"> <a name=\"12\"><span class=\"versanumer_ljod\">12<\/span><\/a>S\u00e6l er s\u00fa \u00fej\u00f3\u00f0 sem \u00e1 Drottin a\u00f0 Gu\u00f0i,<br \/>\u00fej\u00f3\u00f0in sem hann valdi s\u00e9r til eignar.<br \/> <\/span> <span class=\"ljodatexti\"> <a name=\"13\"><span class=\"versanumer_ljod\">13<\/span><\/a>Drottinn l\u00edtur ni\u00f0ur af himni,<br \/>s\u00e9r \u00f6ll mannanna b\u00f6rn.<br \/> <\/span> <span class=\"ljodatexti\"> <a name=\"14\"><span class=\"versanumer_ljod\">14<\/span><\/a>Fr\u00e1 h\u00e1s\u00e6ti s\u00ednu vir\u00f0ir hann fyrir s\u00e9r<br \/>alla jar\u00f0arb\u00faa,<br \/> <\/span> <span class=\"ljodatexti\"> <a name=\"15\"><span class=\"versanumer_ljod\">15<\/span><\/a>hann sem skapa\u00f0i hj\u00f6rtu \u00feeirra allra<br \/>og gefur g\u00e6tur a\u00f0 \u00f6llum ath\u00f6fnum \u00feeirra.<br \/> <\/span> <span class=\"ljodatexti\"> <a name=\"16\"><span class=\"versanumer_ljod\">16<\/span><\/a>Eigi sigrar konungurinn fyrir gn\u00f3tt herafla s\u00edns,<br \/>eigi bjargast kappinn fyrir ofurafl sitt.<br \/> <\/span> <span class=\"ljodatexti\"> <a name=\"17\"><span class=\"versanumer_ljod\">17<\/span><\/a>Svikull er v\u00edghestur til sigurs,<br \/>me\u00f0 ofurafli s\u00ednu bjargar hann ekki.<br \/> <\/span> <span class=\"ljodatexti\"> <a name=\"18\"><span class=\"versanumer_ljod\">18<\/span><\/a>En augu Drottins vaka yfir \u00feeim sem \u00f3ttast hann,<br \/>\u00feeim er vona \u00e1 miskunn hans.<br \/> <\/span> <span class=\"ljodatexti\"> <a name=\"19\"><span class=\"versanumer_ljod\">19<\/span><\/a>Hann frelsar \u00fe\u00e1 fr\u00e1 dau\u00f0a,<br \/>heldur l\u00edfinu \u00ed \u00feeim \u00ed hungursney\u00f0.<br \/> <\/span> <span class=\"ljodatexti\"> <a name=\"20\"><span class=\"versanumer_ljod\">20<\/span><\/a>V\u00e9r vonum \u00e1 Drottin,<br \/>hann er hj\u00e1lp vor og skj\u00f6ldur.<br \/> <\/span> <span class=\"ljodatexti\"> <a name=\"21\"><span class=\"versanumer_ljod\">21<\/span><\/a>Yfir honum fagnar hjarta vort,<br \/>hans heilaga nafni treystum v\u00e9r.<br \/> <\/span> <span class=\"ljodatexti\"> <a name=\"22\"><span class=\"versanumer_ljod\">22<\/span><\/a> Miskunn \u00fe\u00edn, Drottinn, s\u00e9 yfir oss<br \/>\u00fev\u00ed a\u00f0 v\u00e9r vonum \u00e1 \u00feig. <\/span> <\/p>\n","protected":false},"excerpt":{"rendered":"<p>1 Fagni\u00f0, \u00fe\u00e9r r\u00e9ttl\u00e1tir, yfir Drottni, hreinlyndum h\u00e6fir a\u00f0 syngja lof. 2Lofi\u00f0 Drottin me\u00f0 g\u00edgjum,leiki\u00f0 fyrir hann \u00e1 t\u00edstrengja\u00f0a h\u00f6rpu. 3Syngi\u00f0 honum n\u00fdjan s\u00f6ng,sl\u00e1i\u00f0 strengina fagurlega og hr\u00f3pi\u00f0 af f\u00f6gnu\u00f0i 4\u00fev\u00ed a\u00f0 or\u00f0 Drottins er \u00e1rei\u00f0anlegtog \u00f6ll hans verk eru \u00ed tr\u00fafesti ger\u00f0. 5Hann hefur m\u00e6tur \u00e1 r\u00e9ttl\u00e6ti og r\u00e9tti,j\u00f6r\u00f0in er full af g\u00e6sku Drottins. 6Fyrir or\u00f0 Drottins voru himnarnir ger\u00f0irog \u00f6ll \u00feeirra pr\u00fd\u00f0i fyrir anda munns hans. 7Hann safna\u00f0i vatni hafsins sem \u00ed belg,kom dj\u00fapunum fyrir \u00ed for\u00f0ab\u00fari. 8\u00d6ll j\u00f6r\u00f0in \u00f3ttist Drottin,allir jar\u00f0arb\u00faar skelfist hann. 9\u00dev\u00ed a\u00f0 hann tala\u00f0i &#8211; og \u00fea\u00f0 var\u00f0,hann bau\u00f0 &#8211; \u00fe\u00e1 st\u00f3\u00f0 \u00fea\u00f0 \u00fear. <a href=\"https:\/\/biblian.is\/biblian\/salmarnir-33-kafli\/\"> [&#8230;]<\/a><\/p>\n","protected":false},"author":1,"featured_media":0,"parent":0,"menu_order":0,"comment_status":"open","ping_status":"open","template":"bibliukaflar_salmarnir.php","meta":{"footnotes":""},"class_list":["post-2128","page","type-page","status-publish","hentry"],"_links":{"self":[{"href":"https:\/\/biblian.is\/biblian\/wp-json\/wp\/v2\/pages\/2128","targetHints":{"allow":["GET"]}}],"collection":[{"href":"https:\/\/biblian.is\/biblian\/wp-json\/wp\/v2\/pages"}],"about":[{"href":"https:\/\/biblian.is\/biblian\/wp-json\/wp\/v2\/types\/page"}],"author":[{"embeddable":true,"href":"https:\/\/biblian.is\/biblian\/wp-json\/wp\/v2\/users\/1"}],"replies":[{"embeddable":true,"href":"https:\/\/biblian.is\/biblian\/wp-json\/wp\/v2\/comments?post=2128"}],"version-history":[{"count":0,"href":"https:\/\/biblian.is\/biblian\/wp-json\/wp\/v2\/pages\/2128\/revisions"}],"wp:attachment":[{"href":"https:\/\/biblian.is\/biblian\/wp-json\/wp\/v2\/media?parent=2128"}],"curies":[{"name":"wp","href":"https:\/\/api.w.org\/{rel}","templated":true}]}}