{"id":2127,"date":"2017-12-30T21:01:50","date_gmt":"2017-12-30T21:01:50","guid":{"rendered":"http:\/\/biblian.is\/biblian\/s%c2%87lmarnir-32-kafli\/"},"modified":"2020-05-30T18:12:37","modified_gmt":"2020-05-30T18:12:37","slug":"salmarnir-32-kafli","status":"publish","type":"page","link":"https:\/\/biblian.is\/biblian\/salmarnir-32-kafli\/","title":{"rendered":"S\u00e1lmarnir 32. kafli"},"content":{"rendered":"<p><a name=\"1\"><span class=\"versanumer_2007\">1<\/span><\/a> Dav\u00ed\u00f0smask\u00edl.<span class=\"nedan_mal\" title=\" Mask\u00edl merkir a\u00f0 l\u00edkindum spekilj\u00f3\u00f0.\">[<\/span> <br \/> <span class=\"ljodatexti\"> S\u00e6ll er s\u00e1 er afbrotin eru fyrirgefin,<br \/>synd hans hulin.<br \/> <\/span> <span class=\"ljodatexti\"> <a name=\"2\"><span class=\"versanumer_ljod\">2<\/span><\/a>S\u00e6ll er s\u00e1 ma\u00f0ur sem Drottinn tilreiknar ekki misgj\u00f6r\u00f0<br \/>og ekki geymir svik \u00ed anda.<br \/> <\/span> <span class=\"ljodatexti\"> <a name=\"3\"><span class=\"versanumer_ljod\">3<\/span><\/a>Me\u00f0an \u00e9g \u00feag\u00f0i t\u00e6r\u00f0ust bein m\u00edn,<br \/>allan daginn stundi \u00e9g<br \/> <\/span> <span class=\"ljodatexti\"> <a name=\"4\"><span class=\"versanumer_ljod\">4<\/span><\/a>\u00fev\u00ed a\u00f0 dag og n\u00f3tt l\u00e1 h\u00f6nd \u00fe\u00edn \u00feungt \u00e1 m\u00e9r,<br \/>l\u00edfs\u00fer\u00f3ttur minn \u00fevarr sem \u00ed sumarbreyskju. (Sela)<br \/> <\/span> <span class=\"ljodatexti\"> <a name=\"5\"><span class=\"versanumer_ljod\">5<\/span><\/a>\u00de\u00e1 j\u00e1ta\u00f0i \u00e9g synd m\u00edna fyrir \u00fe\u00e9r<br \/>og duldi ekki sekt m\u00edna <br \/>en sag\u00f0i: \u201e\u00c9g vil j\u00e1ta afbrot m\u00edn fyrir Drottni.\u201c <br \/>Og \u00fe\u00fa afm\u00e1\u00f0ir syndasekt m\u00edna. (Sela)<br \/> <\/span> <span class=\"ljodatexti\"> <a name=\"6\"><span class=\"versanumer_ljod\">6<\/span><\/a>Bi\u00f0ji \u00feig \u00feess vegna s\u00e9rhver tr\u00faa\u00f0ur<br \/>me\u00f0an \u00feig er a\u00f0 finna.<br \/>\u00de\u00f3tt vatnsfl\u00f3\u00f0i\u00f0 komi<br \/>n\u00e6r \u00fea\u00f0 honum eigi.<br \/> <\/span> <span class=\"ljodatexti\"> <a name=\"7\"><span class=\"versanumer_ljod\">7<\/span><\/a>\u00de\u00fa ert skj\u00f3l mitt,<br \/>verndar mig \u00ed \u00ferengingum,<br \/>bjargar m\u00e9r, umlykur mig f\u00f6gnu\u00f0i.<br \/> <\/span> <span class=\"ljodatexti\"> <a name=\"8\"><span class=\"versanumer_ljod\">8<\/span><\/a>\u00c9g vil fr\u00e6\u00f0a \u00feig, v\u00edsa \u00fe\u00e9r veginn<br \/>sem \u00fe\u00fa \u00e1tt a\u00f0 ganga,<br \/>\u00e9g vil gefa \u00fe\u00e9r r\u00e1\u00f0, vaka yfir \u00fe\u00e9r.<br \/> <\/span> <span class=\"ljodatexti\"> <a name=\"9\"><span class=\"versanumer_ljod\">9<\/span><\/a>Veri\u00f0 eigi sem skynlausar skepnur,<br \/>hestar og m\u00fald\u00fdr;<br \/>me\u00f0 beisli og taumi \u00fearf a\u00f0 temja \u00fe\u00e6r,<br \/>annars koma \u00fe\u00e6r ekki til \u00fe\u00edn.<br \/> <\/span> <span class=\"ljodatexti\"> <a name=\"10\"><span class=\"versanumer_ljod\">10<\/span><\/a>Miklar eru \u00fej\u00e1ningar \u00f3gu\u00f0legs manns<br \/>en \u00feann sem treystir Drottni umlykur hann elsku.<br \/> <\/span> <span class=\"ljodatexti\"> <a name=\"11\"><span class=\"versanumer_ljod\">11<\/span><\/a>Gle\u00f0jist yfir Drottni og fagni\u00f0, \u00fe\u00e9r r\u00e9ttl\u00e1tir,<br \/>allir hjartahreinir menn hr\u00f3pi af gle\u00f0i. <\/span> <\/p>\n","protected":false},"excerpt":{"rendered":"<p>1 Dav\u00ed\u00f0smask\u00edl.[ S\u00e6ll er s\u00e1 er afbrotin eru fyrirgefin,synd hans hulin. 2S\u00e6ll er s\u00e1 ma\u00f0ur sem Drottinn tilreiknar ekki misgj\u00f6r\u00f0og ekki geymir svik \u00ed anda. 3Me\u00f0an \u00e9g \u00feag\u00f0i t\u00e6r\u00f0ust bein m\u00edn,allan daginn stundi \u00e9g 4\u00fev\u00ed a\u00f0 dag og n\u00f3tt l\u00e1 h\u00f6nd \u00fe\u00edn \u00feungt \u00e1 m\u00e9r,l\u00edfs\u00fer\u00f3ttur minn \u00fevarr sem \u00ed sumarbreyskju. (Sela) 5\u00de\u00e1 j\u00e1ta\u00f0i \u00e9g synd m\u00edna fyrir \u00fe\u00e9rog duldi ekki sekt m\u00edna en sag\u00f0i: \u201e\u00c9g vil j\u00e1ta afbrot m\u00edn fyrir Drottni.\u201c Og \u00fe\u00fa afm\u00e1\u00f0ir syndasekt m\u00edna. (Sela) 6Bi\u00f0ji \u00feig \u00feess vegna s\u00e9rhver tr\u00faa\u00f0urme\u00f0an \u00feig er a\u00f0 finna.\u00de\u00f3tt vatnsfl\u00f3\u00f0i\u00f0 komin\u00e6r \u00fea\u00f0 honum eigi. 7\u00de\u00fa ert skj\u00f3l mitt,verndar mig \u00ed \u00ferengingum,bjargar m\u00e9r, <a href=\"https:\/\/biblian.is\/biblian\/salmarnir-32-kafli\/\"> [&#8230;]<\/a><\/p>\n","protected":false},"author":1,"featured_media":0,"parent":0,"menu_order":0,"comment_status":"open","ping_status":"open","template":"bibliukaflar_salmarnir.php","meta":{"footnotes":""},"class_list":["post-2127","page","type-page","status-publish","hentry"],"_links":{"self":[{"href":"https:\/\/biblian.is\/biblian\/wp-json\/wp\/v2\/pages\/2127","targetHints":{"allow":["GET"]}}],"collection":[{"href":"https:\/\/biblian.is\/biblian\/wp-json\/wp\/v2\/pages"}],"about":[{"href":"https:\/\/biblian.is\/biblian\/wp-json\/wp\/v2\/types\/page"}],"author":[{"embeddable":true,"href":"https:\/\/biblian.is\/biblian\/wp-json\/wp\/v2\/users\/1"}],"replies":[{"embeddable":true,"href":"https:\/\/biblian.is\/biblian\/wp-json\/wp\/v2\/comments?post=2127"}],"version-history":[{"count":0,"href":"https:\/\/biblian.is\/biblian\/wp-json\/wp\/v2\/pages\/2127\/revisions"}],"wp:attachment":[{"href":"https:\/\/biblian.is\/biblian\/wp-json\/wp\/v2\/media?parent=2127"}],"curies":[{"name":"wp","href":"https:\/\/api.w.org\/{rel}","templated":true}]}}