{"id":2126,"date":"2017-12-30T21:01:50","date_gmt":"2017-12-30T21:01:50","guid":{"rendered":"http:\/\/biblian.is\/biblian\/s%c2%87lmarnir-31-kafli\/"},"modified":"2020-05-30T18:12:36","modified_gmt":"2020-05-30T18:12:36","slug":"salmarnir-31-kafli","status":"publish","type":"page","link":"https:\/\/biblian.is\/biblian\/salmarnir-31-kafli\/","title":{"rendered":"S\u00e1lmarnir 31. kafli"},"content":{"rendered":"<p><a name=\"1\"><span class=\"versanumer_2007\">1<\/span><\/a> Til s\u00f6ngstj\u00f3rans. Dav\u00ed\u00f0ss\u00e1lmur.<br \/> <span class=\"ljodatexti\"> <a name=\"2\"><span class=\"versanumer_ljod\">2<\/span><\/a>Hj\u00e1 \u00fe\u00e9r, Drottinn, leita \u00e9g h\u00e6lis,<br \/>l\u00e1t mig aldrei ver\u00f0a til skammar.<br \/>Bjarga m\u00e9r \u00ed r\u00e9ttl\u00e6ti \u00fe\u00ednu.<br \/> <\/span> <span class=\"ljodatexti\"> <a name=\"3\"><span class=\"versanumer_ljod\">3<\/span><\/a>Hneig eyra \u00feitt a\u00f0 m\u00e9r,<br \/>kom skj\u00f3tt m\u00e9r til hj\u00e1lpar.<br \/>Ver m\u00e9r verndarbjarg,<br \/>v\u00edgi m\u00e9r til hj\u00e1lpar,<br \/> <\/span> <span class=\"ljodatexti\"> <a name=\"4\"><span class=\"versanumer_ljod\">4<\/span><\/a>\u00fev\u00ed a\u00f0 \u00fe\u00fa ert bjarg mitt og v\u00edgi<br \/>og sakir nafns \u00fe\u00edns munt \u00fe\u00fa lei\u00f0a mig og stj\u00f3rna m\u00e9r.<br \/> <\/span> <span class=\"ljodatexti\"> <a name=\"5\"><span class=\"versanumer_ljod\">5<\/span><\/a>Leystu mig \u00far netinu sem lagt var fyrir mig<br \/>\u00fev\u00ed a\u00f0 \u00fe\u00fa ert v\u00f6rn m\u00edn.<br \/> <\/span> <span class=\"ljodatexti\"> <a name=\"6\"><span class=\"versanumer_ljod\">6<\/span><\/a>\u00cd \u00fe\u00ednar hendur fel \u00e9g anda minn,<br \/>\u00fe\u00fa frelsar mig, Drottinn, \u00fe\u00fa tr\u00fafasti Gu\u00f0.<br \/> <\/span> <span class=\"ljodatexti\"> <a name=\"7\"><span class=\"versanumer_ljod\">7<\/span><\/a>\u00c9g hata <span class=\"nedan_mal\" title=\" Sum handrit hafa: \u00de\u00fa hatar \u2026\">[<\/span> \u00fe\u00e1 sem d\u00fdrka f\u00e1n\u00fdt skur\u00f0go\u00f0 <br \/>en treysti Drottni.<br \/> <\/span> <span class=\"ljodatexti\"> <a name=\"8\"><span class=\"versanumer_ljod\">8<\/span><\/a>\u00c9g gle\u00f0st og fagna yfir tr\u00fafesti \u00feinni<br \/>\u00fev\u00ed a\u00f0 \u00fe\u00fa s\u00e1st ney\u00f0 m\u00edna<br \/>og gafst g\u00e6tur a\u00f0 m\u00e9r \u00ed \u00ferengingum,<br \/> <\/span> <span class=\"ljodatexti\"> <a name=\"9\"><span class=\"versanumer_ljod\">9<\/span><\/a>l\u00e9st mig ekki ganga \u00ed greipar \u00f3vinarins<br \/>heldur beindir f\u00f3tum m\u00ednum \u00e1 v\u00ed\u00f0a velli.<br \/> <\/span> <span class=\"ljodatexti\"> <a name=\"10\"><span class=\"versanumer_ljod\">10<\/span><\/a>Miskunna m\u00e9r, Drottinn, \u00fev\u00ed a\u00f0 \u00e9g er \u00ed nau\u00f0um staddur,<br \/>d\u00f6pru\u00f0 af harmi eru augu m\u00edn, <br \/>s\u00e1l m\u00edn og l\u00edkami.<br \/> <\/span> <span class=\"ljodatexti\"> <a name=\"11\"><span class=\"versanumer_ljod\">11<\/span><\/a>\u00c1r m\u00edn l\u00ed\u00f0a \u00ed harmi<br \/>og l\u00edf mitt \u00ed andv\u00f6rpum,<br \/>m\u00e9r f\u00f6rlast kraftur sakir sektar minnar<br \/>og bein m\u00edn t\u00e6rast.<br \/> <\/span> <span class=\"ljodatexti\"> <a name=\"12\"><span class=\"versanumer_ljod\">12<\/span><\/a>\u00c9g ver\u00f0 \u00f6llum \u00f3vinum m\u00ednum a\u00f0 spotti,<br \/>h\u00e1\u00f0sefni gr\u00f6nnum m\u00ednum<br \/>og kunningjar hr\u00e6\u00f0ast mig<br \/>og \u00feeir sem m\u00e6ta m\u00e9r \u00e1 g\u00f6tu snei\u00f0a hj\u00e1 m\u00e9r.<br \/> <\/span> <span class=\"ljodatexti\"> <a name=\"13\"><span class=\"versanumer_ljod\">13<\/span><\/a>\u00c9g er gleymdur sem l\u00e1tinn v\u00e6ri,<br \/>or\u00f0inn eins og broti\u00f0 ker.<br \/> <\/span> <span class=\"ljodatexti\"> <a name=\"14\"><span class=\"versanumer_ljod\">14<\/span><\/a>\u00c9g heyri hv\u00edskur margra,<br \/>\u00f3gn \u00ed \u00f6llum \u00e1ttum.<br \/>\u00deeir sitja \u00e1 svikr\u00e1\u00f0um vi\u00f0 mig<br \/>og \u00e6tla a\u00f0 svipta mig l\u00edfi.<br \/> <\/span> <span class=\"ljodatexti\"> <a name=\"15\"><span class=\"versanumer_ljod\">15<\/span><\/a>En \u00e9g treysti \u00fe\u00e9r, Drottinn,<br \/>og segi: \u201e\u00de\u00fa ert Gu\u00f0 minn.\u201c<br \/> <\/span> <span class=\"ljodatexti\"> <a name=\"16\"><span class=\"versanumer_ljod\">16<\/span><\/a>\u00cd \u00feinni hendi eru dagar m\u00ednir,<br \/>frelsa mig \u00far greipum \u00f3vina minna og ofs\u00e6kjenda.<br \/> <\/span> <span class=\"ljodatexti\"> <a name=\"17\"><span class=\"versanumer_ljod\">17<\/span><\/a>L\u00e1t \u00e1sj\u00f3nu \u00fe\u00edna l\u00fdsa yfir \u00fej\u00f3n \u00feinn,<br \/>hj\u00e1lpa m\u00e9r sakir elsku \u00feinnar.<br \/> <\/span> <span class=\"ljodatexti\"> <a name=\"18\"><span class=\"versanumer_ljod\">18<\/span><\/a>L\u00e1t mig ekki ver\u00f0a til h\u00e1\u00f0ungar, Drottinn,<br \/>\u00feegar \u00e9g hr\u00f3pa til \u00fe\u00edn.<br \/>L\u00e1t hina gu\u00f0lausu ver\u00f0a til skammar,<br \/>hverfa hlj\u00f3\u00f0a til heljar.<br \/> <\/span> <span class=\"ljodatexti\"> <a name=\"19\"><span class=\"versanumer_ljod\">19<\/span><\/a>L\u00e1t \u00feagna lygavarir<br \/>sem m\u00e6la drambsyr\u00f0i gegn r\u00e9ttl\u00e1tum<br \/>me\u00f0 hroka og fyrirlitningu.<br \/> <\/span> <span class=\"ljodatexti\"> <a name=\"20\"><span class=\"versanumer_ljod\">20<\/span><\/a>Hversu mikil er g\u00e6ska \u00fe\u00edn<br \/>sem \u00fe\u00fa hefur geymt \u00feeim sem \u00f3ttast \u00feig<br \/>og au\u00f0s\u00fdnir \u00feeim sem leita h\u00e6lis hj\u00e1 \u00fe\u00e9r<br \/>\u00ed augs\u00fdn allra.<br \/> <\/span> <span class=\"ljodatexti\"> <a name=\"21\"><span class=\"versanumer_ljod\">21<\/span><\/a>\u00de\u00fa hylur \u00fe\u00e1 \u00ed skj\u00f3li auglitis \u00fe\u00edns<br \/>fyrir svikr\u00e1\u00f0um manna,<br \/>var\u00f0veitir \u00fe\u00e1 \u00ed h\u00fasi \u00fe\u00ednu<br \/>fyrir illum tungum.<br \/> <\/span> <span class=\"ljodatexti\"> <a name=\"22\"><span class=\"versanumer_ljod\">22<\/span><\/a> Lofa\u00f0ur s\u00e9 Drottinn <br \/>\u00fev\u00ed a\u00f0 hann hefur s\u00fdnt m\u00e9r d\u00e1samlega n\u00e1\u00f0<br \/>\u00ed \u00f6ruggri borg.<br \/> <\/span> <span class=\"ljodatexti\"> <a name=\"23\"><span class=\"versanumer_ljod\">23<\/span><\/a> \u00c9g hugsa\u00f0i \u00ed angist minni:<br \/>\u201e\u00c9g er burtrekinn fr\u00e1 augum \u00fe\u00ednum.\u201c<br \/>Samt heyr\u00f0ir \u00fe\u00fa \u00e1kall mitt<br \/>er \u00e9g hr\u00f3pa\u00f0i til \u00fe\u00edn.<br \/> <\/span> <span class=\"ljodatexti\"> <a name=\"24\"><span class=\"versanumer_ljod\">24<\/span><\/a> Elski\u00f0 Drottin, allir \u00fe\u00e9r hans tr\u00fau\u00f0u.<br \/>Drottinn var\u00f0veitir hina tr\u00faf\u00f6stu en geldur hrokafullum margfalt.<br \/> <\/span> <span class=\"ljodatexti\"> <a name=\"25\"><span class=\"versanumer_ljod\">25<\/span><\/a> Veri\u00f0 sterkir og hughraustir,<br \/>allir sem b\u00ed\u00f0i\u00f0 Drottins. <\/span> <\/p>\n","protected":false},"excerpt":{"rendered":"<p>1 Til s\u00f6ngstj\u00f3rans. Dav\u00ed\u00f0ss\u00e1lmur. 2Hj\u00e1 \u00fe\u00e9r, Drottinn, leita \u00e9g h\u00e6lis,l\u00e1t mig aldrei ver\u00f0a til skammar.Bjarga m\u00e9r \u00ed r\u00e9ttl\u00e6ti \u00fe\u00ednu. 3Hneig eyra \u00feitt a\u00f0 m\u00e9r,kom skj\u00f3tt m\u00e9r til hj\u00e1lpar.Ver m\u00e9r verndarbjarg,v\u00edgi m\u00e9r til hj\u00e1lpar, 4\u00fev\u00ed a\u00f0 \u00fe\u00fa ert bjarg mitt og v\u00edgiog sakir nafns \u00fe\u00edns munt \u00fe\u00fa lei\u00f0a mig og stj\u00f3rna m\u00e9r. 5Leystu mig \u00far netinu sem lagt var fyrir mig\u00fev\u00ed a\u00f0 \u00fe\u00fa ert v\u00f6rn m\u00edn. 6\u00cd \u00fe\u00ednar hendur fel \u00e9g anda minn,\u00fe\u00fa frelsar mig, Drottinn, \u00fe\u00fa tr\u00fafasti Gu\u00f0. 7\u00c9g hata [ \u00fe\u00e1 sem d\u00fdrka f\u00e1n\u00fdt skur\u00f0go\u00f0 en treysti Drottni. 8\u00c9g gle\u00f0st og fagna yfir tr\u00fafesti \u00feinni\u00fev\u00ed a\u00f0 \u00fe\u00fa s\u00e1st ney\u00f0 <a href=\"https:\/\/biblian.is\/biblian\/salmarnir-31-kafli\/\"> [&#8230;]<\/a><\/p>\n","protected":false},"author":1,"featured_media":0,"parent":0,"menu_order":0,"comment_status":"open","ping_status":"open","template":"bibliukaflar_salmarnir.php","meta":{"footnotes":""},"class_list":["post-2126","page","type-page","status-publish","hentry"],"_links":{"self":[{"href":"https:\/\/biblian.is\/biblian\/wp-json\/wp\/v2\/pages\/2126","targetHints":{"allow":["GET"]}}],"collection":[{"href":"https:\/\/biblian.is\/biblian\/wp-json\/wp\/v2\/pages"}],"about":[{"href":"https:\/\/biblian.is\/biblian\/wp-json\/wp\/v2\/types\/page"}],"author":[{"embeddable":true,"href":"https:\/\/biblian.is\/biblian\/wp-json\/wp\/v2\/users\/1"}],"replies":[{"embeddable":true,"href":"https:\/\/biblian.is\/biblian\/wp-json\/wp\/v2\/comments?post=2126"}],"version-history":[{"count":0,"href":"https:\/\/biblian.is\/biblian\/wp-json\/wp\/v2\/pages\/2126\/revisions"}],"wp:attachment":[{"href":"https:\/\/biblian.is\/biblian\/wp-json\/wp\/v2\/media?parent=2126"}],"curies":[{"name":"wp","href":"https:\/\/api.w.org\/{rel}","templated":true}]}}