{"id":2125,"date":"2017-12-30T21:01:50","date_gmt":"2017-12-30T21:01:50","guid":{"rendered":"http:\/\/biblian.is\/biblian\/s%c2%87lmarnir-30-kafli\/"},"modified":"2020-05-30T18:12:36","modified_gmt":"2020-05-30T18:12:36","slug":"salmarnir-30-kafli","status":"publish","type":"page","link":"https:\/\/biblian.is\/biblian\/salmarnir-30-kafli\/","title":{"rendered":"S\u00e1lmarnir 30. kafli"},"content":{"rendered":"<p><a name=\"1\"><span class=\"versanumer_2007\">1<\/span><\/a> Musterisv\u00edgslulj\u00f3\u00f0. Dav\u00ed\u00f0ss\u00e1lmur.<br \/> <span class=\"ljodatexti\"> <a name=\"2\"><span class=\"versanumer_ljod\">2<\/span><\/a>\u00c9g lofa \u00feig, Drottinn, \u00fev\u00ed a\u00f0 \u00fe\u00fa dr\u00f3st mig upp \u00far dj\u00fapinu<br \/>og l\u00e9st \u00f3vini m\u00edna ekki hlakka yfir m\u00e9r.<br \/> <\/span> <span class=\"ljodatexti\"> <a name=\"3\"><span class=\"versanumer_ljod\">3<\/span><\/a>Drottinn, Gu\u00f0 minn, \u00e9g hr\u00f3pa\u00f0i til \u00fe\u00edn <br \/>og \u00fe\u00fa l\u00e6kna\u00f0ir mig.<br \/> <\/span> <span class=\"ljodatexti\"> <a name=\"4\"><span class=\"versanumer_ljod\">4<\/span><\/a>Drottinn, \u00fe\u00fa heimtir s\u00e1l m\u00edna \u00far helju,<br \/>l\u00e9st mig halda l\u00edfi \u00feegar a\u00f0rir gengu til grafar.<br \/> <\/span> <span class=\"ljodatexti\"> <a name=\"5\"><span class=\"versanumer_ljod\">5<\/span><\/a>Syngi\u00f0 Drottni lof, \u00fe\u00e9r hans tr\u00fau\u00f0u,<br \/>vegsami\u00f0 hans heilaga nafn.<br \/> <\/span> <span class=\"ljodatexti\"> <a name=\"6\"><span class=\"versanumer_ljod\">6<\/span><\/a>Andartak stendur rei\u00f0i hans<br \/>en alla \u00e6vi n\u00e1\u00f0 hans.<br \/>A\u00f0 kveldi gistir oss gr\u00e1tur<br \/>en gle\u00f0is\u00f6ngur a\u00f0 morgni.<br \/> <\/span> <span class=\"ljodatexti\"> <a name=\"7\"><span class=\"versanumer_ljod\">7<\/span><\/a>\u00c9g ugg\u00f0i ekki a\u00f0 m\u00e9r og sag\u00f0i:<br \/>\u201eAldrei skri\u00f0nar m\u00e9r f\u00f3tur.\u201c<br \/> <\/span> <span class=\"ljodatexti\"> <a name=\"8\"><span class=\"versanumer_ljod\">8<\/span><\/a>Drottinn, af n\u00e1\u00f0 \u00feinni ger\u00f0ir \u00fe\u00fa fjall mitt a\u00f0 v\u00edgi<br \/>en \u00feegar \u00fe\u00fa huldir auglit \u00feitt skelfdist \u00e9g.<br \/> <\/span> <span class=\"ljodatexti\"> <a name=\"9\"><span class=\"versanumer_ljod\">9<\/span><\/a>Til \u00fe\u00edn, Drottinn, hr\u00f3pa\u00f0i \u00e9g<br \/>og \u00e1kalla\u00f0i Gu\u00f0 minn um miskunn:<br \/> <\/span> <span class=\"ljodatexti\"> <a name=\"10\"><span class=\"versanumer_ljod\">10<\/span><\/a>\u201eHva\u00f0a \u00e1vinningur er af dau\u00f0a m\u00ednum,<br \/>af \u00fev\u00ed a\u00f0 \u00e9g gangi til grafar?<br \/>Getur dufti\u00f0 lofa\u00f0 \u00feig,<br \/>kunngj\u00f6rt tr\u00fafesti \u00fe\u00edna?<br \/> <\/span> <span class=\"ljodatexti\"> <a name=\"11\"><span class=\"versanumer_ljod\">11<\/span><\/a>Heyr, Drottinn, ver m\u00e9r n\u00e1\u00f0ugur,<br \/>Drottinn, kom m\u00e9r til hj\u00e1lpar.\u201c<br \/> <\/span> <span class=\"ljodatexti\"> <a name=\"12\"><span class=\"versanumer_ljod\">12<\/span><\/a>\u00de\u00fa breyttir gr\u00e1ti m\u00ednum \u00ed gle\u00f0idans,<br \/>leystir af m\u00e9r h\u00e6rusekkinn<br \/>og gyrtir mig f\u00f6gnu\u00f0i,<br \/> <\/span> <span class=\"ljodatexti\"> <a name=\"13\"><span class=\"versanumer_ljod\">13<\/span><\/a>\u00fev\u00ed vil \u00e9g syngja \u00fe\u00e9r lof<br \/>og eigi \u00feagna.<br \/>Drottinn, Gu\u00f0 minn, \u00e9g vil \u00feakka \u00fe\u00e9r a\u00f0 eil\u00edfu. <\/span> <\/p>\n","protected":false},"excerpt":{"rendered":"<p>1 Musterisv\u00edgslulj\u00f3\u00f0. Dav\u00ed\u00f0ss\u00e1lmur. 2\u00c9g lofa \u00feig, Drottinn, \u00fev\u00ed a\u00f0 \u00fe\u00fa dr\u00f3st mig upp \u00far dj\u00fapinuog l\u00e9st \u00f3vini m\u00edna ekki hlakka yfir m\u00e9r. 3Drottinn, Gu\u00f0 minn, \u00e9g hr\u00f3pa\u00f0i til \u00fe\u00edn og \u00fe\u00fa l\u00e6kna\u00f0ir mig. 4Drottinn, \u00fe\u00fa heimtir s\u00e1l m\u00edna \u00far helju,l\u00e9st mig halda l\u00edfi \u00feegar a\u00f0rir gengu til grafar. 5Syngi\u00f0 Drottni lof, \u00fe\u00e9r hans tr\u00fau\u00f0u,vegsami\u00f0 hans heilaga nafn. 6Andartak stendur rei\u00f0i hansen alla \u00e6vi n\u00e1\u00f0 hans.A\u00f0 kveldi gistir oss gr\u00e1turen gle\u00f0is\u00f6ngur a\u00f0 morgni. 7\u00c9g ugg\u00f0i ekki a\u00f0 m\u00e9r og sag\u00f0i:\u201eAldrei skri\u00f0nar m\u00e9r f\u00f3tur.\u201c 8Drottinn, af n\u00e1\u00f0 \u00feinni ger\u00f0ir \u00fe\u00fa fjall mitt a\u00f0 v\u00edgien \u00feegar \u00fe\u00fa huldir auglit \u00feitt skelfdist \u00e9g. 9Til <a href=\"https:\/\/biblian.is\/biblian\/salmarnir-30-kafli\/\"> [&#8230;]<\/a><\/p>\n","protected":false},"author":1,"featured_media":0,"parent":0,"menu_order":0,"comment_status":"open","ping_status":"open","template":"bibliukaflar_salmarnir.php","meta":{"footnotes":""},"class_list":["post-2125","page","type-page","status-publish","hentry"],"_links":{"self":[{"href":"https:\/\/biblian.is\/biblian\/wp-json\/wp\/v2\/pages\/2125","targetHints":{"allow":["GET"]}}],"collection":[{"href":"https:\/\/biblian.is\/biblian\/wp-json\/wp\/v2\/pages"}],"about":[{"href":"https:\/\/biblian.is\/biblian\/wp-json\/wp\/v2\/types\/page"}],"author":[{"embeddable":true,"href":"https:\/\/biblian.is\/biblian\/wp-json\/wp\/v2\/users\/1"}],"replies":[{"embeddable":true,"href":"https:\/\/biblian.is\/biblian\/wp-json\/wp\/v2\/comments?post=2125"}],"version-history":[{"count":0,"href":"https:\/\/biblian.is\/biblian\/wp-json\/wp\/v2\/pages\/2125\/revisions"}],"wp:attachment":[{"href":"https:\/\/biblian.is\/biblian\/wp-json\/wp\/v2\/media?parent=2125"}],"curies":[{"name":"wp","href":"https:\/\/api.w.org\/{rel}","templated":true}]}}