{"id":2124,"date":"2017-12-30T21:01:50","date_gmt":"2017-12-30T21:01:50","guid":{"rendered":"http:\/\/biblian.is\/biblian\/s%c2%87lmarnir-29-kafli\/"},"modified":"2020-05-30T18:12:36","modified_gmt":"2020-05-30T18:12:36","slug":"salmarnir-29-kafli","status":"publish","type":"page","link":"https:\/\/biblian.is\/biblian\/salmarnir-29-kafli\/","title":{"rendered":"S\u00e1lmarnir 29. kafli"},"content":{"rendered":"<p><a name=\"1\"><span class=\"versanumer_2007\">1<\/span><\/a> Dav\u00ed\u00f0ss\u00e1lmur.<br \/> <span class=\"ljodatexti\"> Tj\u00e1i\u00f0 Drottni vegsemd, \u00fe\u00e9r gu\u00f0asynir,<br \/>tj\u00e1i\u00f0 Drottni vegsemd og vald.<br \/> <\/span> <span class=\"ljodatexti\"> <a name=\"2\"><span class=\"versanumer_ljod\">2<\/span><\/a>Tj\u00e1i\u00f0 Drottni d\u00fdr\u00f0 \u00fe\u00e1 er nafni hans h\u00e6fir,<br \/>falli\u00f0 fram fyrir Drottin \u00ed helgum skr\u00fa\u00f0a.<br \/> <\/span> <span class=\"ljodatexti\"> <a name=\"3\"><span class=\"versanumer_ljod\">3<\/span><\/a>Raust Drottins hlj\u00f3mar yfir v\u00f6tnunum, <span class=\"nedan_mal\" title=\" \u00de.e. rei\u00f0ar\u00feruman er birtir vald skaparans og d\u00fdr\u00f0.\">[<\/span> <br \/>Gu\u00f0 d\u00fdr\u00f0arinnar l\u00e6tur \u00ferumur drynja,<br \/>Drottinn r\u00edkir yfir hinum miklu v\u00f6tnum.<br \/> <\/span> <span class=\"ljodatexti\"> <a name=\"4\"><span class=\"versanumer_ljod\">4<\/span><\/a>Raust Drottins hlj\u00f3mar me\u00f0 krafti,<br \/>raust Drottins hlj\u00f3mar me\u00f0 tign.<br \/> <\/span> <span class=\"ljodatexti\"> <a name=\"5\"><span class=\"versanumer_ljod\">5<\/span><\/a>Raust Drottins br\u00fdtur sedrustr\u00e9,<br \/>Drottinn br\u00fdtur sundur sedrustr\u00e9n \u00e1 L\u00edbanon.<br \/> <\/span> <span class=\"ljodatexti\"> <a name=\"6\"><span class=\"versanumer_ljod\">6<\/span><\/a>Hann l\u00e6tur L\u00edbanon hoppa eins og k\u00e1lf,<br \/>Sirjonfjall eins og villinaut.<br \/> <\/span> <span class=\"ljodatexti\"> <a name=\"7\"><span class=\"versanumer_ljod\">7<\/span><\/a>Raust Drottins kl\u00fdfur eldinn \u00ed loga,<br \/> <\/span> <span class=\"ljodatexti\"> <a name=\"8\"><span class=\"versanumer_ljod\">8<\/span><\/a>raust Drottins l\u00e6tur ey\u00f0im\u00f6rkina skj\u00e1lfa,<br \/>Drottinn l\u00e6tur Kadesau\u00f0nina n\u00f6tra.<br \/> <\/span> <span class=\"ljodatexti\"> <a name=\"9\"><span class=\"versanumer_ljod\">9<\/span><\/a>Raust Drottins l\u00e6tur hindirnar bera,<br \/>flettir berki af trj\u00e1num<br \/>og allt \u00ed helgid\u00f3mi hans segir: D\u00fdr\u00f0!<br \/> <\/span> <span class=\"ljodatexti\"> <a name=\"10\"><span class=\"versanumer_ljod\">10<\/span><\/a>Drottinn situr \u00ed h\u00e1s\u00e6ti yfir fl\u00f3\u00f0inu,<br \/>Drottinn r\u00edkir sem konungur um eil\u00edf\u00f0.<br \/> <\/span> <span class=\"ljodatexti\"> <a name=\"11\"><span class=\"versanumer_ljod\">11<\/span><\/a>Drottinn veitir l\u00fd\u00f0 s\u00ednum styrk,<br \/>Drottinn blessar l\u00fd\u00f0 sinn me\u00f0 fri\u00f0i. <\/span> <\/p>\n","protected":false},"excerpt":{"rendered":"<p>1 Dav\u00ed\u00f0ss\u00e1lmur. Tj\u00e1i\u00f0 Drottni vegsemd, \u00fe\u00e9r gu\u00f0asynir,tj\u00e1i\u00f0 Drottni vegsemd og vald. 2Tj\u00e1i\u00f0 Drottni d\u00fdr\u00f0 \u00fe\u00e1 er nafni hans h\u00e6fir,falli\u00f0 fram fyrir Drottin \u00ed helgum skr\u00fa\u00f0a. 3Raust Drottins hlj\u00f3mar yfir v\u00f6tnunum, [ Gu\u00f0 d\u00fdr\u00f0arinnar l\u00e6tur \u00ferumur drynja,Drottinn r\u00edkir yfir hinum miklu v\u00f6tnum. 4Raust Drottins hlj\u00f3mar me\u00f0 krafti,raust Drottins hlj\u00f3mar me\u00f0 tign. 5Raust Drottins br\u00fdtur sedrustr\u00e9,Drottinn br\u00fdtur sundur sedrustr\u00e9n \u00e1 L\u00edbanon. 6Hann l\u00e6tur L\u00edbanon hoppa eins og k\u00e1lf,Sirjonfjall eins og villinaut. 7Raust Drottins kl\u00fdfur eldinn \u00ed loga, 8raust Drottins l\u00e6tur ey\u00f0im\u00f6rkina skj\u00e1lfa,Drottinn l\u00e6tur Kadesau\u00f0nina n\u00f6tra. 9Raust Drottins l\u00e6tur hindirnar bera,flettir berki af trj\u00e1numog allt \u00ed helgid\u00f3mi hans segir: D\u00fdr\u00f0! 10Drottinn situr \u00ed <a href=\"https:\/\/biblian.is\/biblian\/salmarnir-29-kafli\/\"> [&#8230;]<\/a><\/p>\n","protected":false},"author":1,"featured_media":0,"parent":0,"menu_order":0,"comment_status":"open","ping_status":"open","template":"bibliukaflar_salmarnir.php","meta":{"footnotes":""},"class_list":["post-2124","page","type-page","status-publish","hentry"],"_links":{"self":[{"href":"https:\/\/biblian.is\/biblian\/wp-json\/wp\/v2\/pages\/2124","targetHints":{"allow":["GET"]}}],"collection":[{"href":"https:\/\/biblian.is\/biblian\/wp-json\/wp\/v2\/pages"}],"about":[{"href":"https:\/\/biblian.is\/biblian\/wp-json\/wp\/v2\/types\/page"}],"author":[{"embeddable":true,"href":"https:\/\/biblian.is\/biblian\/wp-json\/wp\/v2\/users\/1"}],"replies":[{"embeddable":true,"href":"https:\/\/biblian.is\/biblian\/wp-json\/wp\/v2\/comments?post=2124"}],"version-history":[{"count":0,"href":"https:\/\/biblian.is\/biblian\/wp-json\/wp\/v2\/pages\/2124\/revisions"}],"wp:attachment":[{"href":"https:\/\/biblian.is\/biblian\/wp-json\/wp\/v2\/media?parent=2124"}],"curies":[{"name":"wp","href":"https:\/\/api.w.org\/{rel}","templated":true}]}}