{"id":2123,"date":"2017-12-30T21:01:50","date_gmt":"2017-12-30T21:01:50","guid":{"rendered":"http:\/\/biblian.is\/biblian\/s%c2%87lmarnir-28-kafli\/"},"modified":"2020-05-30T18:12:35","modified_gmt":"2020-05-30T18:12:35","slug":"salmarnir-28-kafli","status":"publish","type":"page","link":"https:\/\/biblian.is\/biblian\/salmarnir-28-kafli\/","title":{"rendered":"S\u00e1lmarnir 28. kafli"},"content":{"rendered":"<p><a name=\"1\"><span class=\"versanumer_2007\">1<\/span><\/a> Dav\u00ed\u00f0ss\u00e1lmur.<br \/> <span class=\"ljodatexti\"> Til \u00fe\u00edn, Drottinn, hr\u00f3pa \u00e9g, <br \/>\u00fe\u00fa bjarg mitt, ver eigi hlj\u00f3\u00f0ur gagnvart m\u00e9r.<br \/>Ef \u00fe\u00fa \u00feegir vi\u00f0 m\u00e9r<br \/>ver\u00f0 \u00e9g sem \u00feeir er til grafar eru gengnir.<br \/> <\/span> <span class=\"ljodatexti\"> <a name=\"2\"><span class=\"versanumer_ljod\">2<\/span><\/a>Heyr \u00fe\u00fa gr\u00e1tbei\u00f0ni m\u00edna<br \/>\u00feegar \u00e9g hr\u00f3pa til \u00fe\u00edn \u00e1 hj\u00e1lp,<br \/>\u00feegar \u00e9g lyfti h\u00f6ndum<br \/>til hins allra helgasta \u00ed musteri \u00fe\u00ednu.<br \/> <\/span> <span class=\"ljodatexti\"> <a name=\"3\"><span class=\"versanumer_ljod\">3<\/span><\/a>Sviptu m\u00e9r ekki burt<br \/>me\u00f0 \u00f3gu\u00f0legum og n\u00ed\u00f0ingum<br \/>sem tala vinsamlega vi\u00f0 n\u00e1unga sinn<br \/>en hafa illt \u00ed hyggju.<br \/> <\/span> <span class=\"ljodatexti\"> <a name=\"4\"><span class=\"versanumer_ljod\">4<\/span><\/a>Launa \u00feeim eftir verkum \u00feeirra,<br \/>eftir \u00feeirra illu breytni,<br \/>launa \u00feeim eftir verkum handa \u00feeirra,<br \/>l\u00e1t \u00fe\u00e1 kenna \u00e1 eigin verkum.<br \/> <\/span> <span class=\"ljodatexti\"> <a name=\"5\"><span class=\"versanumer_ljod\">5<\/span><\/a>\u00dear sem \u00feeir vir\u00f0a verk Drottins einskis<br \/>e\u00f0a handaverk hans<br \/>mun hann r\u00edfa \u00fe\u00e1 ni\u00f0ur<br \/>og aldrei reisa \u00fe\u00e1 upp.<br \/> <\/span> <span class=\"ljodatexti\"> <a name=\"6\"><span class=\"versanumer_ljod\">6<\/span><\/a>Lofa\u00f0ur s\u00e9 Drottinn<br \/>\u00fev\u00ed a\u00f0 hann hefur heyrt gr\u00e1tbei\u00f0ni m\u00edna.<br \/> <\/span> <span class=\"ljodatexti\"> <a name=\"7\"><span class=\"versanumer_ljod\">7<\/span><\/a>Drottinn er styrkur minn og skj\u00f6ldur,<br \/>honum treystir hjarta mitt.<br \/>\u00c9g hlaut hj\u00e1lp, \u00fev\u00ed fagnar hjarta mitt,<br \/>og me\u00f0 lj\u00f3\u00f0um m\u00ednum lofa \u00e9g hann.<br \/> <\/span> <span class=\"ljodatexti\"> <a name=\"8\"><span class=\"versanumer_ljod\">8<\/span><\/a>Drottinn er styrkur l\u00fd\u00f0 s\u00ednum,<br \/>v\u00edgi til varnar s\u00ednum smur\u00f0a.<br \/> <\/span> <span class=\"ljodatexti\"> <a name=\"9\"><span class=\"versanumer_ljod\">9<\/span><\/a>Hj\u00e1lpa l\u00fd\u00f0 \u00fe\u00ednum<br \/>og blessa eign \u00fe\u00edna.<br \/>Ver hir\u00f0ir \u00feeirra<br \/>og ber \u00fe\u00e1 a\u00f0 eil\u00edfu. <\/span> <\/p>\n","protected":false},"excerpt":{"rendered":"<p>1 Dav\u00ed\u00f0ss\u00e1lmur. Til \u00fe\u00edn, Drottinn, hr\u00f3pa \u00e9g, \u00fe\u00fa bjarg mitt, ver eigi hlj\u00f3\u00f0ur gagnvart m\u00e9r.Ef \u00fe\u00fa \u00feegir vi\u00f0 m\u00e9rver\u00f0 \u00e9g sem \u00feeir er til grafar eru gengnir. 2Heyr \u00fe\u00fa gr\u00e1tbei\u00f0ni m\u00edna\u00feegar \u00e9g hr\u00f3pa til \u00fe\u00edn \u00e1 hj\u00e1lp,\u00feegar \u00e9g lyfti h\u00f6ndumtil hins allra helgasta \u00ed musteri \u00fe\u00ednu. 3Sviptu m\u00e9r ekki burtme\u00f0 \u00f3gu\u00f0legum og n\u00ed\u00f0ingumsem tala vinsamlega vi\u00f0 n\u00e1unga sinnen hafa illt \u00ed hyggju. 4Launa \u00feeim eftir verkum \u00feeirra,eftir \u00feeirra illu breytni,launa \u00feeim eftir verkum handa \u00feeirra,l\u00e1t \u00fe\u00e1 kenna \u00e1 eigin verkum. 5\u00dear sem \u00feeir vir\u00f0a verk Drottins einskise\u00f0a handaverk hansmun hann r\u00edfa \u00fe\u00e1 ni\u00f0urog aldrei reisa \u00fe\u00e1 upp. 6Lofa\u00f0ur s\u00e9 Drottinn\u00fev\u00ed <a href=\"https:\/\/biblian.is\/biblian\/salmarnir-28-kafli\/\"> [&#8230;]<\/a><\/p>\n","protected":false},"author":1,"featured_media":0,"parent":0,"menu_order":0,"comment_status":"open","ping_status":"open","template":"bibliukaflar_salmarnir.php","meta":{"footnotes":""},"class_list":["post-2123","page","type-page","status-publish","hentry"],"_links":{"self":[{"href":"https:\/\/biblian.is\/biblian\/wp-json\/wp\/v2\/pages\/2123","targetHints":{"allow":["GET"]}}],"collection":[{"href":"https:\/\/biblian.is\/biblian\/wp-json\/wp\/v2\/pages"}],"about":[{"href":"https:\/\/biblian.is\/biblian\/wp-json\/wp\/v2\/types\/page"}],"author":[{"embeddable":true,"href":"https:\/\/biblian.is\/biblian\/wp-json\/wp\/v2\/users\/1"}],"replies":[{"embeddable":true,"href":"https:\/\/biblian.is\/biblian\/wp-json\/wp\/v2\/comments?post=2123"}],"version-history":[{"count":0,"href":"https:\/\/biblian.is\/biblian\/wp-json\/wp\/v2\/pages\/2123\/revisions"}],"wp:attachment":[{"href":"https:\/\/biblian.is\/biblian\/wp-json\/wp\/v2\/media?parent=2123"}],"curies":[{"name":"wp","href":"https:\/\/api.w.org\/{rel}","templated":true}]}}