{"id":2122,"date":"2017-12-30T21:01:50","date_gmt":"2017-12-30T21:01:50","guid":{"rendered":"http:\/\/biblian.is\/biblian\/s%c2%87lmarnir-27-kafli\/"},"modified":"2020-05-30T18:12:35","modified_gmt":"2020-05-30T18:12:35","slug":"salmarnir-27-kafli","status":"publish","type":"page","link":"https:\/\/biblian.is\/biblian\/salmarnir-27-kafli\/","title":{"rendered":"S\u00e1lmarnir 27. kafli"},"content":{"rendered":"<p><a name=\"1\"><span class=\"versanumer_2007\">1<\/span><\/a> Dav\u00ed\u00f0ss\u00e1lmur.<br \/> <span class=\"ljodatexti\"> Drottinn er lj\u00f3s mitt og fulltingi,<br \/>hvern \u00e6tti \u00e9g a\u00f0 \u00f3ttast?<br \/>Drottinn er v\u00edgi l\u00edfs m\u00edns,<br \/>hvern \u00e6tti \u00e9g a\u00f0 hr\u00e6\u00f0ast?<br \/> <\/span> <span class=\"ljodatexti\"> <a name=\"2\"><span class=\"versanumer_ljod\">2<\/span><\/a>\u00deegar illvirkjar \u00ferengja a\u00f0 m\u00e9r<br \/>til \u00feess a\u00f0 gleypa mig<br \/>ver\u00f0a \u00fea\u00f0 andst\u00e6\u00f0ingar m\u00ednir og \u00f3vinir<br \/>sem hrasa og falla.<br \/> <\/span> <span class=\"ljodatexti\"> <a name=\"3\"><span class=\"versanumer_ljod\">3<\/span><\/a>\u00de\u00f3 a\u00f0 her setjist um mig<br \/>\u00f3ttast hjarta mitt ekki,<br \/>\u00fe\u00f3 a\u00f0 str\u00ed\u00f0 brj\u00f3tist \u00fat gegn m\u00e9r<br \/>er \u00e9g samt \u00f6ruggur.<br \/> <\/span> <span class=\"ljodatexti\"> <a name=\"4\"><span class=\"versanumer_ljod\">4<\/span><\/a>Eins hef \u00e9g be\u00f0i\u00f0 Drottin,<br \/>\u00fea\u00f0 eitt \u00fer\u00e1i \u00e9g,<br \/>a\u00f0 \u00e9g f\u00e1i a\u00f0 dveljast \u00ed h\u00fasi Drottins<br \/>alla \u00e6vidaga m\u00edna<br \/>til \u00feess a\u00f0 horfa \u00e1 yndisleik Drottins<br \/>og leita svara \u00ed musteri hans.<br \/> <\/span> <span class=\"ljodatexti\"> <a name=\"5\"><span class=\"versanumer_ljod\">5<\/span><\/a>\u00dev\u00ed a\u00f0 hann geymir mig \u00ed skj\u00f3li s\u00ednu<br \/>\u00e1 \u00f3heilladeginum,<br \/>hylur mig \u00ed fylgsnum tjalds s\u00edns<br \/>og lyftir m\u00e9r upp \u00e1 klett.<br \/> <\/span> <span class=\"ljodatexti\"> <a name=\"6\"><span class=\"versanumer_ljod\">6<\/span><\/a>N\u00fa ber \u00e9g h\u00f6fu\u00f0i\u00f0 h\u00e1tt<br \/>gagnvart \u00f3vinum m\u00ednum umhverfis mig, <br \/>me\u00f0 f\u00f6gnu\u00f0i f\u00e6ri \u00e9g f\u00f3rnir \u00ed tjaldi hans, <br \/>syng og leik Drottni.<br \/> <\/span> <span class=\"ljodatexti\"> <a name=\"7\"><span class=\"versanumer_ljod\">7<\/span><\/a>Heyr, Drottinn, \u00e9g hr\u00f3pa h\u00e1tt,<br \/>ver m\u00e9r n\u00e1\u00f0ugur og b\u00e6nheyr mig.<br \/> <\/span> <span class=\"ljodatexti\"> <a name=\"8\"><span class=\"versanumer_ljod\">8<\/span><\/a>\u00c9g minnist \u00feess a\u00f0 \u00fe\u00fa sag\u00f0ir:<br \/>\u201eLeiti\u00f0 auglitis m\u00edns.\u201c<br \/>\u00c9g vil leita auglitis \u00fe\u00edns, Drottinn.<br \/> <\/span> <span class=\"ljodatexti\"> <a name=\"9\"><span class=\"versanumer_ljod\">9<\/span><\/a>Hyl eigi auglit \u00feitt fyrir m\u00e9r,<br \/>v\u00edsa \u00fej\u00f3ni \u00fe\u00ednum ekki fr\u00e1 \u00fe\u00e9r \u00ed rei\u00f0i,<br \/>\u00fe\u00fa, sem hefur hj\u00e1lpa\u00f0 m\u00e9r.<br \/>Hrind m\u00e9r eigi burt<br \/>og yfirgef mig eigi, <br \/>\u00fe\u00fa Gu\u00f0 hj\u00e1lpr\u00e6\u00f0is m\u00edns.<br \/> <\/span> <span class=\"ljodatexti\"> <a name=\"10\"><span class=\"versanumer_ljod\">10<\/span><\/a>\u00de\u00f3tt fa\u00f0ir minn og m\u00f3\u00f0ir yfirgefi mig<br \/>tekur Drottinn mig a\u00f0 s\u00e9r.<br \/> <\/span> <span class=\"ljodatexti\"> <a name=\"11\"><span class=\"versanumer_ljod\">11<\/span><\/a>V\u00edsa m\u00e9r veg \u00feinn, Drottinn,<br \/>leiddu mig \u00e1 beina braut<br \/>vegna \u00f3vina minna.<br \/> <\/span> <span class=\"ljodatexti\"> <a name=\"12\"><span class=\"versanumer_ljod\">12<\/span><\/a>Ofursel mig ekki gr\u00e6\u00f0gi hatursmanna minna,<br \/>falsvitni r\u00edsa gegn m\u00e9r<br \/>og bl\u00e1sa af heift.<br \/> <\/span> <span class=\"ljodatexti\"> <a name=\"13\"><span class=\"versanumer_ljod\">13<\/span><\/a>En \u00e9g treysti \u00fev\u00ed a\u00f0 f\u00e1 a\u00f0 sj\u00e1 g\u00e6sku Drottins<br \/>\u00e1 landi lifenda.<br \/> <\/span> <span class=\"ljodatexti\"> <a name=\"14\"><span class=\"versanumer_ljod\">14<\/span><\/a>J\u00e1, vona \u00e1 Drottin,<br \/>ver \u00f6ruggur og hugrakkur,<br \/>vona \u00e1 Drottin. <\/span> <\/p>\n","protected":false},"excerpt":{"rendered":"<p>1 Dav\u00ed\u00f0ss\u00e1lmur. Drottinn er lj\u00f3s mitt og fulltingi,hvern \u00e6tti \u00e9g a\u00f0 \u00f3ttast?Drottinn er v\u00edgi l\u00edfs m\u00edns,hvern \u00e6tti \u00e9g a\u00f0 hr\u00e6\u00f0ast? 2\u00deegar illvirkjar \u00ferengja a\u00f0 m\u00e9rtil \u00feess a\u00f0 gleypa migver\u00f0a \u00fea\u00f0 andst\u00e6\u00f0ingar m\u00ednir og \u00f3vinirsem hrasa og falla. 3\u00de\u00f3 a\u00f0 her setjist um mig\u00f3ttast hjarta mitt ekki,\u00fe\u00f3 a\u00f0 str\u00ed\u00f0 brj\u00f3tist \u00fat gegn m\u00e9rer \u00e9g samt \u00f6ruggur. 4Eins hef \u00e9g be\u00f0i\u00f0 Drottin,\u00fea\u00f0 eitt \u00fer\u00e1i \u00e9g,a\u00f0 \u00e9g f\u00e1i a\u00f0 dveljast \u00ed h\u00fasi Drottinsalla \u00e6vidaga m\u00ednatil \u00feess a\u00f0 horfa \u00e1 yndisleik Drottinsog leita svara \u00ed musteri hans. 5\u00dev\u00ed a\u00f0 hann geymir mig \u00ed skj\u00f3li s\u00ednu\u00e1 \u00f3heilladeginum,hylur mig \u00ed fylgsnum tjalds s\u00ednsog lyftir m\u00e9r upp <a href=\"https:\/\/biblian.is\/biblian\/salmarnir-27-kafli\/\"> [&#8230;]<\/a><\/p>\n","protected":false},"author":1,"featured_media":0,"parent":0,"menu_order":0,"comment_status":"open","ping_status":"open","template":"bibliukaflar_salmarnir.php","meta":{"footnotes":""},"class_list":["post-2122","page","type-page","status-publish","hentry"],"_links":{"self":[{"href":"https:\/\/biblian.is\/biblian\/wp-json\/wp\/v2\/pages\/2122","targetHints":{"allow":["GET"]}}],"collection":[{"href":"https:\/\/biblian.is\/biblian\/wp-json\/wp\/v2\/pages"}],"about":[{"href":"https:\/\/biblian.is\/biblian\/wp-json\/wp\/v2\/types\/page"}],"author":[{"embeddable":true,"href":"https:\/\/biblian.is\/biblian\/wp-json\/wp\/v2\/users\/1"}],"replies":[{"embeddable":true,"href":"https:\/\/biblian.is\/biblian\/wp-json\/wp\/v2\/comments?post=2122"}],"version-history":[{"count":0,"href":"https:\/\/biblian.is\/biblian\/wp-json\/wp\/v2\/pages\/2122\/revisions"}],"wp:attachment":[{"href":"https:\/\/biblian.is\/biblian\/wp-json\/wp\/v2\/media?parent=2122"}],"curies":[{"name":"wp","href":"https:\/\/api.w.org\/{rel}","templated":true}]}}