{"id":2121,"date":"2017-12-30T21:01:50","date_gmt":"2017-12-30T21:01:50","guid":{"rendered":"http:\/\/biblian.is\/biblian\/s%c2%87lmarnir-26-kafli\/"},"modified":"2020-05-30T18:12:35","modified_gmt":"2020-05-30T18:12:35","slug":"salmarnir-26-kafli","status":"publish","type":"page","link":"https:\/\/biblian.is\/biblian\/salmarnir-26-kafli\/","title":{"rendered":"S\u00e1lmarnir 26. kafli"},"content":{"rendered":"<p><a name=\"1\"><span class=\"versanumer_2007\">1<\/span><\/a> Dav\u00ed\u00f0ss\u00e1lmur.<br \/> <span class=\"ljodatexti\"> L\u00e1t mig n\u00e1 r\u00e9tti m\u00ednum, Drottinn,<br \/>\u00fev\u00ed a\u00f0 \u00e9g geng fram \u00ed r\u00e1\u00f0vendni,<br \/>\u00e9g treysti Drottni og bifast ekki.<br \/> <\/span> <span class=\"ljodatexti\"> <a name=\"2\"><span class=\"versanumer_ljod\">2<\/span><\/a>Rannsaka mig, Drottinn, og reyn mig,<br \/>pr\u00f3fa n\u00fdru m\u00edn og hjarta.<br \/> <\/span> <span class=\"ljodatexti\"> <a name=\"3\"><span class=\"versanumer_ljod\">3<\/span><\/a>\u00dev\u00ed a\u00f0 \u00e9g hef g\u00e6sku \u00fe\u00edna fyrir augum<br \/>og geng \u00ed trausti til \u00fe\u00edn.<br \/> <\/span> <span class=\"ljodatexti\"> <a name=\"4\"><span class=\"versanumer_ljod\">4<\/span><\/a>\u00c9g tek m\u00e9r ekki s\u00e6ti hj\u00e1 lygurum<br \/>og umgengst ekki fl\u00e1r\u00e1\u00f0a,<br \/> <\/span> <span class=\"ljodatexti\"> <a name=\"5\"><span class=\"versanumer_ljod\">5<\/span><\/a>\u00e9g hata s\u00f6fnu\u00f0 illvirkja<br \/>og sit ekki hj\u00e1 \u00f3gu\u00f0legum.<br \/> <\/span> <span class=\"ljodatexti\"> <a name=\"6\"><span class=\"versanumer_ljod\">6<\/span><\/a>\u00c9g \u00fev\u00e6 hendur m\u00ednar \u00ed sakleysi<br \/>og geng \u00ed kringum altari \u00feitt, Drottinn,<br \/> <\/span> <span class=\"ljodatexti\"> <a name=\"7\"><span class=\"versanumer_ljod\">7<\/span><\/a>til a\u00f0 l\u00e1ta lofs\u00f6ng hlj\u00f3ma<br \/>og segja fr\u00e1 \u00f6llum m\u00e1ttarverkum \u00fe\u00ednum.<br \/> <\/span> <span class=\"ljodatexti\"> <a name=\"8\"><span class=\"versanumer_ljod\">8<\/span><\/a>Drottinn, \u00e9g elska h\u00fasi\u00f0 sem er b\u00fasta\u00f0ur \u00feinn<br \/>og sta\u00f0inn \u00fear sem d\u00fdr\u00f0 \u00fe\u00edn b\u00fdr.<br \/> <\/span> <span class=\"ljodatexti\"> <a name=\"9\"><span class=\"versanumer_ljod\">9<\/span><\/a>Sviptu m\u00e9r ekki burt me\u00f0 syndurum,<br \/>deyddu mig ekki me\u00f0 mor\u00f0ingjum<br \/> <\/span> <span class=\"ljodatexti\"> <a name=\"10\"><span class=\"versanumer_ljod\">10<\/span><\/a>sem hafa flekka\u00f0ar hendur<br \/>og h\u00e6gri h\u00f6ndina fyllta m\u00fatuf\u00e9.<br \/> <\/span> <span class=\"ljodatexti\"> <a name=\"11\"><span class=\"versanumer_ljod\">11<\/span><\/a>En \u00e9g geng fram \u00ed r\u00e1\u00f0vendni,<br \/>frelsa mig og l\u00edkna m\u00e9r.<br \/> <\/span> <span class=\"ljodatexti\"> <a name=\"12\"><span class=\"versanumer_ljod\">12<\/span><\/a>F\u00f3tur minn stendur \u00e1 sl\u00e9ttri grund,<br \/>\u00e9g vil lofa Drottin \u00ed s\u00f6fnu\u00f0inum. <\/span> <\/p>\n","protected":false},"excerpt":{"rendered":"<p>1 Dav\u00ed\u00f0ss\u00e1lmur. L\u00e1t mig n\u00e1 r\u00e9tti m\u00ednum, Drottinn,\u00fev\u00ed a\u00f0 \u00e9g geng fram \u00ed r\u00e1\u00f0vendni,\u00e9g treysti Drottni og bifast ekki. 2Rannsaka mig, Drottinn, og reyn mig,pr\u00f3fa n\u00fdru m\u00edn og hjarta. 3\u00dev\u00ed a\u00f0 \u00e9g hef g\u00e6sku \u00fe\u00edna fyrir augumog geng \u00ed trausti til \u00fe\u00edn. 4\u00c9g tek m\u00e9r ekki s\u00e6ti hj\u00e1 lygurumog umgengst ekki fl\u00e1r\u00e1\u00f0a, 5\u00e9g hata s\u00f6fnu\u00f0 illvirkjaog sit ekki hj\u00e1 \u00f3gu\u00f0legum. 6\u00c9g \u00fev\u00e6 hendur m\u00ednar \u00ed sakleysiog geng \u00ed kringum altari \u00feitt, Drottinn, 7til a\u00f0 l\u00e1ta lofs\u00f6ng hlj\u00f3maog segja fr\u00e1 \u00f6llum m\u00e1ttarverkum \u00fe\u00ednum. 8Drottinn, \u00e9g elska h\u00fasi\u00f0 sem er b\u00fasta\u00f0ur \u00feinnog sta\u00f0inn \u00fear sem d\u00fdr\u00f0 \u00fe\u00edn b\u00fdr. 9Sviptu m\u00e9r ekki burt <a href=\"https:\/\/biblian.is\/biblian\/salmarnir-26-kafli\/\"> [&#8230;]<\/a><\/p>\n","protected":false},"author":1,"featured_media":0,"parent":0,"menu_order":0,"comment_status":"open","ping_status":"open","template":"bibliukaflar_salmarnir.php","meta":{"footnotes":""},"class_list":["post-2121","page","type-page","status-publish","hentry"],"_links":{"self":[{"href":"https:\/\/biblian.is\/biblian\/wp-json\/wp\/v2\/pages\/2121","targetHints":{"allow":["GET"]}}],"collection":[{"href":"https:\/\/biblian.is\/biblian\/wp-json\/wp\/v2\/pages"}],"about":[{"href":"https:\/\/biblian.is\/biblian\/wp-json\/wp\/v2\/types\/page"}],"author":[{"embeddable":true,"href":"https:\/\/biblian.is\/biblian\/wp-json\/wp\/v2\/users\/1"}],"replies":[{"embeddable":true,"href":"https:\/\/biblian.is\/biblian\/wp-json\/wp\/v2\/comments?post=2121"}],"version-history":[{"count":0,"href":"https:\/\/biblian.is\/biblian\/wp-json\/wp\/v2\/pages\/2121\/revisions"}],"wp:attachment":[{"href":"https:\/\/biblian.is\/biblian\/wp-json\/wp\/v2\/media?parent=2121"}],"curies":[{"name":"wp","href":"https:\/\/api.w.org\/{rel}","templated":true}]}}