{"id":2120,"date":"2017-12-30T21:01:50","date_gmt":"2017-12-30T21:01:50","guid":{"rendered":"http:\/\/biblian.is\/biblian\/s%c2%87lmarnir-25-kafli\/"},"modified":"2020-05-30T18:12:35","modified_gmt":"2020-05-30T18:12:35","slug":"salmarnir-25-kafli","status":"publish","type":"page","link":"https:\/\/biblian.is\/biblian\/salmarnir-25-kafli\/","title":{"rendered":"S\u00e1lmarnir 25. kafli"},"content":{"rendered":"<p><a name=\"1\"><span class=\"versanumer_2007\">1<\/span><\/a> Dav\u00ed\u00f0ss\u00e1lmur.<br \/> <span class=\"ljodatexti\"> Til \u00fe\u00edn, Drottinn, hef \u00e9g s\u00e1l m\u00edna,<br \/> <\/span> <span class=\"ljodatexti\"> <a name=\"2\"><span class=\"versanumer_ljod\">2<\/span><\/a>Gu\u00f0 minn, \u00fe\u00e9r treysti \u00e9g, <br \/>l\u00e1t mig eigi ver\u00f0a til skammar, <br \/>l\u00e1t eigi \u00f3vini m\u00edna hlakka yfir m\u00e9r.<br \/> <\/span> <span class=\"ljodatexti\"> <a name=\"3\"><span class=\"versanumer_ljod\">3<\/span><\/a>Enginn sem \u00e1 \u00feig vonar<br \/>mun til skammar ver\u00f0a,<br \/>\u00feeir einir ver\u00f0a til skammar<br \/>sem \u00f3tr\u00fair eru a\u00f0 tilefnislausu.<br \/> <\/span> <span class=\"ljodatexti\"> <a name=\"4\"><span class=\"versanumer_ljod\">4<\/span><\/a>V\u00edsa m\u00e9r vegu \u00fe\u00edna, Drottinn,<br \/>kenn m\u00e9r stigu \u00fe\u00edna.<br \/> <\/span> <span class=\"ljodatexti\"> <a name=\"5\"><span class=\"versanumer_ljod\">5<\/span><\/a>L\u00e1t mig ganga \u00ed sannleika \u00fe\u00ednum og kenn m\u00e9r<br \/>\u00fev\u00ed a\u00f0 \u00fe\u00fa ert Gu\u00f0 hj\u00e1lpr\u00e6\u00f0is m\u00edns,<br \/>allan daginn vona \u00e9g \u00e1 \u00feig.<br \/> <\/span> <span class=\"ljodatexti\"> <a name=\"6\"><span class=\"versanumer_ljod\">6<\/span><\/a>Minnst \u00fe\u00fa, Drottinn, miskunnar \u00feinnar og g\u00e6sku<br \/>sem er fr\u00e1 eil\u00edf\u00f0.<br \/> <\/span> <span class=\"ljodatexti\"> <a name=\"7\"><span class=\"versanumer_ljod\">7<\/span><\/a>Minnst \u00fe\u00fa ekki \u00e6skusynda minna og afbrota,<br \/>minnstu m\u00edn \u00ed elsku \u00feinni sakir g\u00e6sku \u00feinnar, Drottinn.<br \/> <\/span> <span class=\"ljodatexti\"> <a name=\"8\"><span class=\"versanumer_ljod\">8<\/span><\/a>G\u00f3\u00f0ur og r\u00e9ttl\u00e1tur er Drottinn,<br \/>\u00feess vegna v\u00edsar hann syndurum veginn.<br \/> <\/span> <span class=\"ljodatexti\"> <a name=\"9\"><span class=\"versanumer_ljod\">9<\/span><\/a>Hann lei\u00f0ir h\u00f3gv\u00e6ra \u00e1 vegi r\u00e9ttl\u00e6tisins<br \/>og v\u00edsar au\u00f0mj\u00fakum veg sinn.<br \/> <\/span> <span class=\"ljodatexti\"> <a name=\"10\"><span class=\"versanumer_ljod\">10<\/span><\/a>Allir vegir Drottins eru elska og tr\u00fafesti <br \/>fyrir \u00fe\u00e1 sem halda s\u00e1ttm\u00e1la hans og bo\u00f0.<br \/> <\/span> <span class=\"ljodatexti\"> <a name=\"11\"><span class=\"versanumer_ljod\">11<\/span><\/a>Vegna nafns \u00fe\u00edns, Drottinn,<br \/>fyrirgef m\u00e9r sekt m\u00edna \u00fe\u00f3 a\u00f0 h\u00fan s\u00e9 mikil.<br \/> <\/span> <span class=\"ljodatexti\"> <a name=\"12\"><span class=\"versanumer_ljod\">12<\/span><\/a>Hverjum \u00feeim sem \u00f3ttast Drottin<br \/>v\u00edsar hann veginn sem hann skal velja.<br \/> <\/span> <span class=\"ljodatexti\"> <a name=\"13\"><span class=\"versanumer_ljod\">13<\/span><\/a>Sj\u00e1lfur mun hann b\u00faa vi\u00f0 hamingju<br \/>og ni\u00f0jar hans munu erfa landi\u00f0.<br \/> <\/span> <span class=\"ljodatexti\"> <a name=\"14\"><span class=\"versanumer_ljod\">14<\/span><\/a>Drottinn s\u00fdnir \u00feeim tr\u00fana\u00f0 sem \u00f3ttast hann<br \/>og gerir \u00feeim s\u00e1ttm\u00e1la sinn kunnan.<br \/> <\/span> <span class=\"ljodatexti\"> <a name=\"15\"><span class=\"versanumer_ljod\">15<\/span><\/a>\u00c9g beini augum s\u00edfellt til Drottins<br \/>\u00fev\u00ed a\u00f0 hann leysir f\u00e6tur m\u00edna \u00far sn\u00f6runni.<br \/> <\/span> <span class=\"ljodatexti\"> <a name=\"16\"><span class=\"versanumer_ljod\">16<\/span><\/a>Sn\u00fa \u00fe\u00e9r til m\u00edn og ver m\u00e9r n\u00e1\u00f0ugur<br \/>\u00fev\u00ed a\u00f0 \u00e9g er einmana og beyg\u00f0ur.<br \/> <\/span> <span class=\"ljodatexti\"> <a name=\"17\"><span class=\"versanumer_ljod\">17<\/span><\/a>Frelsa mig fr\u00e1 kv\u00ed\u00f0a hjarta m\u00edns,<br \/>lei\u00f0 mig \u00far nau\u00f0um.<br \/> <\/span> <span class=\"ljodatexti\"> <a name=\"18\"><span class=\"versanumer_ljod\">18<\/span><\/a>L\u00edt \u00e1 ney\u00f0 m\u00edna og eymd<br \/>og fyrirgef allar syndir m\u00ednar.<br \/> <\/span> <span class=\"ljodatexti\"> <a name=\"19\"><span class=\"versanumer_ljod\">19<\/span><\/a>Sj\u00e1, hve fjandmenn m\u00ednir eru margir,<br \/>\u00feeir hata mig \u00e1kaft.<br \/> <\/span> <span class=\"ljodatexti\"> <a name=\"20\"><span class=\"versanumer_ljod\">20<\/span><\/a>Var\u00f0veit l\u00edf mitt og frelsa mig,<br \/>l\u00e1t mig ekki ver\u00f0a til skammar<br \/>\u00fev\u00ed a\u00f0 hj\u00e1 \u00fe\u00e9r leita \u00e9g h\u00e6lis.<br \/> <\/span> <span class=\"ljodatexti\"> <a name=\"21\"><span class=\"versanumer_ljod\">21<\/span><\/a>Heilindi og r\u00e1\u00f0vendni verndi mig<br \/>\u00fev\u00ed a\u00f0 \u00e1 \u00feig vona \u00e9g.<br \/> <\/span> <span class=\"ljodatexti\"> <a name=\"22\"><span class=\"versanumer_ljod\">22<\/span><\/a> Gu\u00f0, frelsa \u00cdsrael<br \/>\u00far \u00f6llum nau\u00f0um hans. <\/span> <\/p>\n","protected":false},"excerpt":{"rendered":"<p>1 Dav\u00ed\u00f0ss\u00e1lmur. Til \u00fe\u00edn, Drottinn, hef \u00e9g s\u00e1l m\u00edna, 2Gu\u00f0 minn, \u00fe\u00e9r treysti \u00e9g, l\u00e1t mig eigi ver\u00f0a til skammar, l\u00e1t eigi \u00f3vini m\u00edna hlakka yfir m\u00e9r. 3Enginn sem \u00e1 \u00feig vonarmun til skammar ver\u00f0a,\u00feeir einir ver\u00f0a til skammarsem \u00f3tr\u00fair eru a\u00f0 tilefnislausu. 4V\u00edsa m\u00e9r vegu \u00fe\u00edna, Drottinn,kenn m\u00e9r stigu \u00fe\u00edna. 5L\u00e1t mig ganga \u00ed sannleika \u00fe\u00ednum og kenn m\u00e9r\u00fev\u00ed a\u00f0 \u00fe\u00fa ert Gu\u00f0 hj\u00e1lpr\u00e6\u00f0is m\u00edns,allan daginn vona \u00e9g \u00e1 \u00feig. 6Minnst \u00fe\u00fa, Drottinn, miskunnar \u00feinnar og g\u00e6skusem er fr\u00e1 eil\u00edf\u00f0. 7Minnst \u00fe\u00fa ekki \u00e6skusynda minna og afbrota,minnstu m\u00edn \u00ed elsku \u00feinni sakir g\u00e6sku \u00feinnar, Drottinn. 8G\u00f3\u00f0ur og r\u00e9ttl\u00e1tur er <a href=\"https:\/\/biblian.is\/biblian\/salmarnir-25-kafli\/\"> [&#8230;]<\/a><\/p>\n","protected":false},"author":1,"featured_media":0,"parent":0,"menu_order":0,"comment_status":"open","ping_status":"open","template":"bibliukaflar_salmarnir.php","meta":{"footnotes":""},"class_list":["post-2120","page","type-page","status-publish","hentry"],"_links":{"self":[{"href":"https:\/\/biblian.is\/biblian\/wp-json\/wp\/v2\/pages\/2120","targetHints":{"allow":["GET"]}}],"collection":[{"href":"https:\/\/biblian.is\/biblian\/wp-json\/wp\/v2\/pages"}],"about":[{"href":"https:\/\/biblian.is\/biblian\/wp-json\/wp\/v2\/types\/page"}],"author":[{"embeddable":true,"href":"https:\/\/biblian.is\/biblian\/wp-json\/wp\/v2\/users\/1"}],"replies":[{"embeddable":true,"href":"https:\/\/biblian.is\/biblian\/wp-json\/wp\/v2\/comments?post=2120"}],"version-history":[{"count":0,"href":"https:\/\/biblian.is\/biblian\/wp-json\/wp\/v2\/pages\/2120\/revisions"}],"wp:attachment":[{"href":"https:\/\/biblian.is\/biblian\/wp-json\/wp\/v2\/media?parent=2120"}],"curies":[{"name":"wp","href":"https:\/\/api.w.org\/{rel}","templated":true}]}}