{"id":2119,"date":"2017-12-30T21:01:50","date_gmt":"2017-12-30T21:01:50","guid":{"rendered":"http:\/\/biblian.is\/biblian\/s%c2%87lmarnir-24-kafli\/"},"modified":"2020-05-30T18:12:35","modified_gmt":"2020-05-30T18:12:35","slug":"salmarnir-24-kafli","status":"publish","type":"page","link":"https:\/\/biblian.is\/biblian\/salmarnir-24-kafli\/","title":{"rendered":"S\u00e1lmarnir 24. kafli"},"content":{"rendered":"<p><a name=\"1\"><span class=\"versanumer_2007\">1<\/span><\/a> Dav\u00ed\u00f0ss\u00e1lmur.<br \/> <span class=\"ljodatexti\"> Drottni heyrir j\u00f6r\u00f0in og allt sem \u00e1 henni er,<br \/>heimurinn og \u00feeir sem \u00ed honum b\u00faa,<br \/> <\/span> <span class=\"ljodatexti\"> <a name=\"2\"><span class=\"versanumer_ljod\">2<\/span><\/a>\u00fev\u00ed a\u00f0 hann grundvalla\u00f0i hana \u00e1 hafinu,<br \/>festi hana \u00e1 v\u00f6tnunum.<br \/> <\/span> <span class=\"ljodatexti\"> <a name=\"3\"><span class=\"versanumer_ljod\">3<\/span><\/a>Hver f\u00e6r a\u00f0 st\u00edga upp \u00e1 fjall Drottins<br \/>og hver f\u00e6r a\u00f0 dveljast \u00e1 hans helga sta\u00f0?<br \/> <\/span> <span class=\"ljodatexti\"> <a name=\"4\"><span class=\"versanumer_ljod\">4<\/span><\/a>S\u00e1 sem hefur flekklausar hendur og hreint hjarta,<br \/>s\u00e6kist ekki eftir h\u00e9g\u00f3ma<br \/>og vinnur ekki rangan ei\u00f0.<br \/> <\/span> <span class=\"ljodatexti\"> <a name=\"5\"><span class=\"versanumer_ljod\">5<\/span><\/a>Hann hl\u00fdtur blessun fr\u00e1 Drottni<br \/>og r\u00e9ttl\u00e6ti fr\u00e1 Gu\u00f0i, frelsara s\u00ednum.<br \/> <\/span> <span class=\"ljodatexti\"> <a name=\"6\"><span class=\"versanumer_ljod\">6<\/span><\/a>\u00deetta er s\u00fa kynsl\u00f3\u00f0 sem leitar hans,<br \/>\u00fer\u00e1ir auglit \u00feitt, Jakobs Gu\u00f0. (Sela)<br \/> <\/span> <span class=\"ljodatexti\"> <a name=\"7\"><span class=\"versanumer_ljod\">7<\/span><\/a>\u00de\u00e9r hli\u00f0, lyfti\u00f0 h\u00f6f\u00f0um y\u00f0ar,<br \/>hefji\u00f0 y\u00f0ur, \u00fe\u00e9r \u00f6ldnu dyr, <br \/>svo a\u00f0 konungur d\u00fdr\u00f0arinnar megi inn ganga.<br \/> <\/span> <span class=\"ljodatexti\"> <a name=\"8\"><span class=\"versanumer_ljod\">8<\/span><\/a>Hver er \u00feessi konungur d\u00fdr\u00f0arinnar?<br \/>\u00dea\u00f0 er Drottinn, hin volduga hetja,<br \/>Drottinn, bardagahetjan.<br \/> <\/span> <span class=\"ljodatexti\"> <a name=\"9\"><span class=\"versanumer_ljod\">9<\/span><\/a>\u00de\u00e9r hli\u00f0, lyfti\u00f0 h\u00f6f\u00f0um y\u00f0ar,<br \/>hefji\u00f0 y\u00f0ur, \u00fe\u00e9r \u00f6ldnu dyr, <br \/>svo a\u00f0 konungur d\u00fdr\u00f0arinnar megi inn ganga.<br \/> <\/span> <span class=\"ljodatexti\"> <a name=\"10\"><span class=\"versanumer_ljod\">10<\/span><\/a>Hver er \u00feessi konungur d\u00fdr\u00f0arinnar?<br \/>\u00dea\u00f0 er Drottinn hersveitanna,<br \/>hann er konungur d\u00fdr\u00f0arinnar. (Sela) <\/span> <\/p>\n","protected":false},"excerpt":{"rendered":"<p>1 Dav\u00ed\u00f0ss\u00e1lmur. Drottni heyrir j\u00f6r\u00f0in og allt sem \u00e1 henni er,heimurinn og \u00feeir sem \u00ed honum b\u00faa, 2\u00fev\u00ed a\u00f0 hann grundvalla\u00f0i hana \u00e1 hafinu,festi hana \u00e1 v\u00f6tnunum. 3Hver f\u00e6r a\u00f0 st\u00edga upp \u00e1 fjall Drottinsog hver f\u00e6r a\u00f0 dveljast \u00e1 hans helga sta\u00f0? 4S\u00e1 sem hefur flekklausar hendur og hreint hjarta,s\u00e6kist ekki eftir h\u00e9g\u00f3maog vinnur ekki rangan ei\u00f0. 5Hann hl\u00fdtur blessun fr\u00e1 Drottniog r\u00e9ttl\u00e6ti fr\u00e1 Gu\u00f0i, frelsara s\u00ednum. 6\u00deetta er s\u00fa kynsl\u00f3\u00f0 sem leitar hans,\u00fer\u00e1ir auglit \u00feitt, Jakobs Gu\u00f0. (Sela) 7\u00de\u00e9r hli\u00f0, lyfti\u00f0 h\u00f6f\u00f0um y\u00f0ar,hefji\u00f0 y\u00f0ur, \u00fe\u00e9r \u00f6ldnu dyr, svo a\u00f0 konungur d\u00fdr\u00f0arinnar megi inn ganga. 8Hver er \u00feessi konungur <a href=\"https:\/\/biblian.is\/biblian\/salmarnir-24-kafli\/\"> [&#8230;]<\/a><\/p>\n","protected":false},"author":1,"featured_media":0,"parent":0,"menu_order":0,"comment_status":"open","ping_status":"open","template":"bibliukaflar_salmarnir.php","meta":{"footnotes":""},"class_list":["post-2119","page","type-page","status-publish","hentry"],"_links":{"self":[{"href":"https:\/\/biblian.is\/biblian\/wp-json\/wp\/v2\/pages\/2119","targetHints":{"allow":["GET"]}}],"collection":[{"href":"https:\/\/biblian.is\/biblian\/wp-json\/wp\/v2\/pages"}],"about":[{"href":"https:\/\/biblian.is\/biblian\/wp-json\/wp\/v2\/types\/page"}],"author":[{"embeddable":true,"href":"https:\/\/biblian.is\/biblian\/wp-json\/wp\/v2\/users\/1"}],"replies":[{"embeddable":true,"href":"https:\/\/biblian.is\/biblian\/wp-json\/wp\/v2\/comments?post=2119"}],"version-history":[{"count":0,"href":"https:\/\/biblian.is\/biblian\/wp-json\/wp\/v2\/pages\/2119\/revisions"}],"wp:attachment":[{"href":"https:\/\/biblian.is\/biblian\/wp-json\/wp\/v2\/media?parent=2119"}],"curies":[{"name":"wp","href":"https:\/\/api.w.org\/{rel}","templated":true}]}}