{"id":2118,"date":"2017-12-30T21:01:50","date_gmt":"2017-12-30T21:01:50","guid":{"rendered":"http:\/\/biblian.is\/biblian\/s%c2%87lmarnir-23-kafli\/"},"modified":"2020-05-30T18:12:34","modified_gmt":"2020-05-30T18:12:34","slug":"salmarnir-23-kafli","status":"publish","type":"page","link":"https:\/\/biblian.is\/biblian\/salmarnir-23-kafli\/","title":{"rendered":"S\u00e1lmarnir 23. kafli"},"content":{"rendered":"<p><a name=\"1\"><span class=\"versanumer_2007\">1<\/span><\/a> Dav\u00ed\u00f0ss\u00e1lmur.<br \/> <span class=\"ljodatexti\"> Drottinn er minn hir\u00f0ir,<br \/>mig mun ekkert bresta.<br \/> <\/span> <span class=\"ljodatexti\"> <a name=\"2\"><span class=\"versanumer_ljod\">2<\/span><\/a>\u00c1 gr\u00e6num grundum l\u00e6tur hann mig hv\u00edlast,<br \/>lei\u00f0ir mig a\u00f0 v\u00f6tnum \u00fear sem \u00e9g m\u00e1 n\u00e6\u00f0is nj\u00f3ta. <span class=\"nedan_mal\" title=\" Or\u00f0r\u00e9tt: a\u00f0 v\u00f6tnum hv\u00edldar.\">[<\/span> <br \/> <\/span> <span class=\"ljodatexti\"> <a name=\"3\"><span class=\"versanumer_ljod\">3<\/span><\/a>Hann hressir s\u00e1l m\u00edna,<br \/>lei\u00f0ir mig um r\u00e9tta vegu <br \/>fyrir sakir nafns s\u00edns.<br \/> <\/span> <span class=\"ljodatexti\"> <a name=\"4\"><span class=\"versanumer_ljod\">4<\/span><\/a>\u00de\u00f3tt \u00e9g fari um dimman dal<br \/>\u00f3ttast \u00e9g ekkert illt<br \/>\u00fev\u00ed a\u00f0 \u00fe\u00fa ert hj\u00e1 m\u00e9r,<br \/>sproti \u00feinn og stafur hugga mig.<br \/> <\/span> <span class=\"ljodatexti\"> <a name=\"5\"><span class=\"versanumer_ljod\">5<\/span><\/a>\u00de\u00fa b\u00fdr\u00f0 m\u00e9r bor\u00f0<br \/>frammi fyrir fjendum m\u00ednum,<br \/>\u00fe\u00fa smyr\u00f0 h\u00f6fu\u00f0 mitt me\u00f0 ol\u00edu,<br \/>bikar minn er barmafullur.<br \/> <\/span> <span class=\"ljodatexti\"> <a name=\"6\"><span class=\"versanumer_ljod\">6<\/span><\/a>G\u00e6fa og n\u00e1\u00f0 fylgja m\u00e9r<br \/>alla \u00e6vidaga m\u00edna<br \/>og \u00ed h\u00fasi Drottins<br \/>b\u00fd \u00e9g langa \u00e6vi. <\/span> <\/p>\n","protected":false},"excerpt":{"rendered":"<p>1 Dav\u00ed\u00f0ss\u00e1lmur. Drottinn er minn hir\u00f0ir,mig mun ekkert bresta. 2\u00c1 gr\u00e6num grundum l\u00e6tur hann mig hv\u00edlast,lei\u00f0ir mig a\u00f0 v\u00f6tnum \u00fear sem \u00e9g m\u00e1 n\u00e6\u00f0is nj\u00f3ta. [ 3Hann hressir s\u00e1l m\u00edna,lei\u00f0ir mig um r\u00e9tta vegu fyrir sakir nafns s\u00edns. 4\u00de\u00f3tt \u00e9g fari um dimman dal\u00f3ttast \u00e9g ekkert illt\u00fev\u00ed a\u00f0 \u00fe\u00fa ert hj\u00e1 m\u00e9r,sproti \u00feinn og stafur hugga mig. 5\u00de\u00fa b\u00fdr\u00f0 m\u00e9r bor\u00f0frammi fyrir fjendum m\u00ednum,\u00fe\u00fa smyr\u00f0 h\u00f6fu\u00f0 mitt me\u00f0 ol\u00edu,bikar minn er barmafullur. 6G\u00e6fa og n\u00e1\u00f0 fylgja m\u00e9ralla \u00e6vidaga m\u00ednaog \u00ed h\u00fasi Drottinsb\u00fd \u00e9g langa \u00e6vi.<\/p>\n","protected":false},"author":1,"featured_media":0,"parent":0,"menu_order":0,"comment_status":"open","ping_status":"open","template":"bibliukaflar_salmarnir.php","meta":{"footnotes":""},"class_list":["post-2118","page","type-page","status-publish","hentry"],"_links":{"self":[{"href":"https:\/\/biblian.is\/biblian\/wp-json\/wp\/v2\/pages\/2118","targetHints":{"allow":["GET"]}}],"collection":[{"href":"https:\/\/biblian.is\/biblian\/wp-json\/wp\/v2\/pages"}],"about":[{"href":"https:\/\/biblian.is\/biblian\/wp-json\/wp\/v2\/types\/page"}],"author":[{"embeddable":true,"href":"https:\/\/biblian.is\/biblian\/wp-json\/wp\/v2\/users\/1"}],"replies":[{"embeddable":true,"href":"https:\/\/biblian.is\/biblian\/wp-json\/wp\/v2\/comments?post=2118"}],"version-history":[{"count":0,"href":"https:\/\/biblian.is\/biblian\/wp-json\/wp\/v2\/pages\/2118\/revisions"}],"wp:attachment":[{"href":"https:\/\/biblian.is\/biblian\/wp-json\/wp\/v2\/media?parent=2118"}],"curies":[{"name":"wp","href":"https:\/\/api.w.org\/{rel}","templated":true}]}}