{"id":2117,"date":"2017-12-30T21:01:45","date_gmt":"2017-12-30T21:01:45","guid":{"rendered":"http:\/\/biblian.is\/biblian\/s%c2%87lmarnir-22-kafli\/"},"modified":"2020-05-30T18:12:34","modified_gmt":"2020-05-30T18:12:34","slug":"salmarnir-22-kafli","status":"publish","type":"page","link":"https:\/\/biblian.is\/biblian\/salmarnir-22-kafli\/","title":{"rendered":"S\u00e1lmarnir 22. kafli"},"content":{"rendered":"<p><a name=\"1\"><span class=\"versanumer_2007\">1<\/span><\/a> Til s\u00f6ngstj\u00f3rans. Lag: Hind morgunro\u00f0ans. Dav\u00ed\u00f0ss\u00e1lmur.<br \/> <span class=\"ljodatexti\"> <a name=\"2\"><span class=\"versanumer_ljod\">2<\/span><\/a>Gu\u00f0 minn, Gu\u00f0 minn! Hv\u00ed hefur \u00fe\u00fa yfirgefi\u00f0 mig?<br \/>\u00c9g hr\u00f3pa en hj\u00e1lp m\u00edn er fjarl\u00e6g.<br \/> <\/span> <span class=\"ljodatexti\"> <a name=\"3\"><span class=\"versanumer_ljod\">3<\/span><\/a>\u201eGu\u00f0 minn!\u201c hr\u00f3pa \u00e9g um daga en \u00fe\u00fa svarar ekki,<br \/>og um n\u00e6tur en \u00e9g finn enga fr\u00f3.<br \/> <\/span> <span class=\"ljodatexti\"> <a name=\"4\"><span class=\"versanumer_ljod\">4<\/span><\/a>Samt ert \u00fe\u00fa Hinn heilagi<br \/>sem r\u00edkir yfir lofs\u00f6ngvum \u00cdsraels.<br \/> <\/span> <span class=\"ljodatexti\"> <a name=\"5\"><span class=\"versanumer_ljod\">5<\/span><\/a>\u00de\u00e9r treystu fe\u00f0ur vorir,<br \/>\u00feeir treystu \u00fe\u00e9r og \u00fe\u00fa hj\u00e1lpa\u00f0ir \u00feeim,<br \/> <\/span> <span class=\"ljodatexti\"> <a name=\"6\"><span class=\"versanumer_ljod\">6<\/span><\/a>hr\u00f3pu\u00f0u til \u00fe\u00edn og \u00feeim var bjarga\u00f0,<br \/>treystu \u00fe\u00e9r og vonin br\u00e1st \u00feeim ekki.<br \/> <\/span> <span class=\"ljodatexti\"> <a name=\"7\"><span class=\"versanumer_ljod\">7<\/span><\/a>En \u00e9g er ma\u00f0kur og ekki ma\u00f0ur,<br \/>sm\u00e1na\u00f0ur af m\u00f6nnum, fyrirlitinn af \u00f6llum.<br \/> <\/span> <span class=\"ljodatexti\"> <a name=\"8\"><span class=\"versanumer_ljod\">8<\/span><\/a>Allir, sem sj\u00e1 mig, gera gys a\u00f0 m\u00e9r,<br \/>geifla sig og hrista h\u00f6fu\u00f0i\u00f0.<br \/> <\/span> <span class=\"ljodatexti\"> <a name=\"9\"><span class=\"versanumer_ljod\">9<\/span><\/a>Hann f\u00f3l m\u00e1lefni sitt Drottni,<br \/>hann hj\u00e1lpi honum,<br \/>og frelsi hann, hafi hann \u00fe\u00f3knun \u00e1 honum.<br \/> <\/span> <span class=\"ljodatexti\"> <a name=\"10\"><span class=\"versanumer_ljod\">10<\/span><\/a>\u00de\u00fa leiddir mig fram af m\u00f3\u00f0url\u00edfi,<br \/>l\u00e9st mig liggja \u00f6ruggan vi\u00f0 brj\u00f3st m\u00f3\u00f0ur minnar.<br \/> <\/span> <span class=\"ljodatexti\"> <a name=\"11\"><span class=\"versanumer_ljod\">11<\/span><\/a>Til \u00fe\u00edn var m\u00e9r varpa\u00f0 \u00far m\u00f3\u00f0urskauti,<br \/>fr\u00e1 m\u00f3\u00f0url\u00edfi ert \u00fe\u00fa Gu\u00f0 minn.<br \/> <\/span> <span class=\"ljodatexti\"> <a name=\"12\"><span class=\"versanumer_ljod\">12<\/span><\/a>Ver eigi fjarri m\u00e9r<br \/>\u00fev\u00ed a\u00f0 ney\u00f0in er n\u00e6rri<br \/>og enginn hj\u00e1lpar.<br \/> <\/span> <span class=\"ljodatexti\"> <a name=\"13\"><span class=\"versanumer_ljod\">13<\/span><\/a>Sterk naut umkringja mig,<br \/>Basans uxar sl\u00e1 hring um mig, <span class=\"nedan_mal\" title=\" Basan nefndist h\u00e9ra\u00f0 austan J\u00f3rdanar. Nautpeningurinn \u00fear \u00fe\u00f3tti s\u00e9rstaklega st\u00f3rvaxinn. Basans uxar merkja illvirkja.\">[<\/span> <br \/> <\/span> <span class=\"ljodatexti\"> <a name=\"14\"><span class=\"versanumer_ljod\">14<\/span><\/a>glenna upp gini\u00f0 \u00ed m\u00f3ti m\u00e9r,<br \/>sem br\u00e1\u00f0s\u00f3lgi\u00f0, \u00f6skrandi lj\u00f3n.<br \/> <\/span> <span class=\"ljodatexti\"> <a name=\"15\"><span class=\"versanumer_ljod\">15<\/span><\/a>\u00c9g er eins og vatn sem hellt er \u00fat,<br \/>\u00f6ll bein m\u00edn gli\u00f0nu\u00f0 \u00ed sundur,<br \/>hjarta mitt er sem vax,<br \/>br\u00e1\u00f0na\u00f0 \u00ed brj\u00f3sti m\u00e9r.<br \/> <\/span> <span class=\"ljodatexti\"> <a name=\"16\"><span class=\"versanumer_ljod\">16<\/span><\/a>Kverkar m\u00ednar eru \u00feurrar sem brenndur leir,<br \/>tungan lo\u00f0ir vi\u00f0 g\u00f3minn,<br \/>\u00fe\u00fa leggur mig \u00ed duft dau\u00f0ans.<br \/> <\/span> <span class=\"ljodatexti\"> <a name=\"17\"><span class=\"versanumer_ljod\">17<\/span><\/a>Hundar umkringja mig,<br \/>h\u00f3pur illvirkja sl\u00e6r hring um mig, <br \/>\u00feeir hafa gegnumstungi\u00f0 hendur m\u00ednar og f\u00e6tur. <br \/> <\/span> <span class=\"ljodatexti\"> <a name=\"18\"><span class=\"versanumer_ljod\">18<\/span><\/a>\u00c9g get tali\u00f0 \u00f6ll m\u00edn bein,<br \/>\u00feeir horfa \u00e1 og hafa mig a\u00f0 augnagamni.<br \/> <\/span> <span class=\"ljodatexti\"> <a name=\"19\"><span class=\"versanumer_ljod\">19<\/span><\/a>\u00deeir skipta me\u00f0 s\u00e9r kl\u00e6\u00f0um m\u00ednum,<br \/>kasta hlut um kyrtil minn.<br \/> <\/span> <span class=\"ljodatexti\"> <a name=\"20\"><span class=\"versanumer_ljod\">20<\/span><\/a>En \u00fe\u00fa, Drottinn, ver ekki fjarri,<br \/>styrkur minn, skunda m\u00e9r til hj\u00e1lpar.<br \/> <\/span> <span class=\"ljodatexti\"> <a name=\"21\"><span class=\"versanumer_ljod\">21<\/span><\/a>Frelsa mig undan sver\u00f0inu<br \/>og l\u00edf mitt fr\u00e1 hundunum.<br \/> <\/span> <span class=\"ljodatexti\"> <a name=\"22\"><span class=\"versanumer_ljod\">22<\/span><\/a> Bjarga m\u00e9r \u00far gini lj\u00f3nsins<br \/>og fr\u00e1 hornum villinautanna. <br \/>\u00de\u00fa hefur b\u00e6nheyrt mig.<br \/> <\/span> <span class=\"ljodatexti\"> <a name=\"23\"><span class=\"versanumer_ljod\">23<\/span><\/a> \u00c9g vil vitna um nafn \u00feitt<br \/>fyrir br\u00e6\u00f0rum m\u00ednum,<br \/>\u00ed s\u00f6fnu\u00f0inum vil \u00e9g lofa \u00feig.<br \/> <\/span> <span class=\"ljodatexti\"> <a name=\"24\"><span class=\"versanumer_ljod\">24<\/span><\/a> \u00de\u00e9r, sem \u00f3ttist Drottin, lofi\u00f0 hann,<br \/>tigni\u00f0 hann, allir ni\u00f0jar Jakobs, \u00f3ttist hann, allir ni\u00f0jar \u00cdsraels.<br \/> <\/span> <span class=\"ljodatexti\"> <a name=\"25\"><span class=\"versanumer_ljod\">25<\/span><\/a> \u00dev\u00ed a\u00f0 hvorki fyrirleit hann hinn hrj\u00e1\u00f0a<br \/>n\u00e9 virti a\u00f0 vettugi ney\u00f0 hans.<br \/>Hann huldi ekki auglit sitt fyrir honum<br \/>heldur heyr\u00f0i hr\u00f3p hans \u00e1 hj\u00e1lp.<br \/> <\/span> <span class=\"ljodatexti\"> <a name=\"26\"><span class=\"versanumer_ljod\">26<\/span><\/a> Fr\u00e1 \u00fe\u00e9r kemur lofs\u00f6ngur minn \u00ed st\u00f3rum s\u00f6fnu\u00f0i,<br \/>heit m\u00edn vil \u00e9g efna frammi fyrir \u00feeim sem \u00f3ttast Drottin.<br \/> <\/span> <span class=\"ljodatexti\"> <a name=\"27\"><span class=\"versanumer_ljod\">27<\/span><\/a> Snau\u00f0ir munu eta og ver\u00f0a mettir,<br \/>\u00feeir sem leita Drottins skulu lofa hann.<br \/>Hj\u00f6rtu y\u00f0ar lifi a\u00f0 eil\u00edfu.<br \/> <\/span> <span class=\"ljodatexti\"> <a name=\"28\"><span class=\"versanumer_ljod\">28<\/span><\/a> Endim\u00f6rk jar\u00f0ar skulu minnast \u00feess og hverfa aftur til Drottins<br \/>og allar \u00e6ttir \u00fej\u00f3\u00f0anna falla fram fyrir augliti hans.<br \/> <\/span> <span class=\"ljodatexti\"> <a name=\"29\"><span class=\"versanumer_ljod\">29<\/span><\/a> \u00dev\u00ed a\u00f0 r\u00edki\u00f0 er Drottins,<br \/>hann drottnar yfir \u00fej\u00f3\u00f0unum.<br \/> <\/span> <span class=\"ljodatexti\"> <a name=\"30\"><span class=\"versanumer_ljod\">30<\/span><\/a> \u00d6ll st\u00f3rmenni jar\u00f0ar munu falla fram fyrir honum<br \/>og allir sem hn\u00edga \u00ed dufti\u00f0 beygja kn\u00e9 s\u00edn fyrir honum.<br \/> <\/span> <span class=\"ljodatexti\"> <a name=\"31\"><span class=\"versanumer_ljod\">31<\/span><\/a> En \u00e9g vil lifa honum,<br \/>ni\u00f0jar m\u00ednir munu \u00fej\u00f3na honum.<br \/> <\/span> <span class=\"ljodatexti\"> <a name=\"32\"><span class=\"versanumer_ljod\">32<\/span><\/a> Komandi kynsl\u00f3\u00f0um mun sagt ver\u00f0a fr\u00e1 Drottni<br \/>og \u00f3bornum mun bo\u00f0a\u00f0 r\u00e9ttl\u00e6ti hans<br \/>\u00fev\u00ed a\u00f0 hann hefur framkv\u00e6mt \u00fea\u00f0. <\/span> <\/p>\n","protected":false},"excerpt":{"rendered":"<p>1 Til s\u00f6ngstj\u00f3rans. Lag: Hind morgunro\u00f0ans. Dav\u00ed\u00f0ss\u00e1lmur. 2Gu\u00f0 minn, Gu\u00f0 minn! Hv\u00ed hefur \u00fe\u00fa yfirgefi\u00f0 mig?\u00c9g hr\u00f3pa en hj\u00e1lp m\u00edn er fjarl\u00e6g. 3\u201eGu\u00f0 minn!\u201c hr\u00f3pa \u00e9g um daga en \u00fe\u00fa svarar ekki,og um n\u00e6tur en \u00e9g finn enga fr\u00f3. 4Samt ert \u00fe\u00fa Hinn heilagisem r\u00edkir yfir lofs\u00f6ngvum \u00cdsraels. 5\u00de\u00e9r treystu fe\u00f0ur vorir,\u00feeir treystu \u00fe\u00e9r og \u00fe\u00fa hj\u00e1lpa\u00f0ir \u00feeim, 6hr\u00f3pu\u00f0u til \u00fe\u00edn og \u00feeim var bjarga\u00f0,treystu \u00fe\u00e9r og vonin br\u00e1st \u00feeim ekki. 7En \u00e9g er ma\u00f0kur og ekki ma\u00f0ur,sm\u00e1na\u00f0ur af m\u00f6nnum, fyrirlitinn af \u00f6llum. 8Allir, sem sj\u00e1 mig, gera gys a\u00f0 m\u00e9r,geifla sig og hrista h\u00f6fu\u00f0i\u00f0. 9Hann f\u00f3l m\u00e1lefni sitt Drottni,hann <a href=\"https:\/\/biblian.is\/biblian\/salmarnir-22-kafli\/\"> [&#8230;]<\/a><\/p>\n","protected":false},"author":1,"featured_media":0,"parent":0,"menu_order":0,"comment_status":"open","ping_status":"open","template":"bibliukaflar_salmarnir.php","meta":{"footnotes":""},"class_list":["post-2117","page","type-page","status-publish","hentry"],"_links":{"self":[{"href":"https:\/\/biblian.is\/biblian\/wp-json\/wp\/v2\/pages\/2117","targetHints":{"allow":["GET"]}}],"collection":[{"href":"https:\/\/biblian.is\/biblian\/wp-json\/wp\/v2\/pages"}],"about":[{"href":"https:\/\/biblian.is\/biblian\/wp-json\/wp\/v2\/types\/page"}],"author":[{"embeddable":true,"href":"https:\/\/biblian.is\/biblian\/wp-json\/wp\/v2\/users\/1"}],"replies":[{"embeddable":true,"href":"https:\/\/biblian.is\/biblian\/wp-json\/wp\/v2\/comments?post=2117"}],"version-history":[{"count":0,"href":"https:\/\/biblian.is\/biblian\/wp-json\/wp\/v2\/pages\/2117\/revisions"}],"wp:attachment":[{"href":"https:\/\/biblian.is\/biblian\/wp-json\/wp\/v2\/media?parent=2117"}],"curies":[{"name":"wp","href":"https:\/\/api.w.org\/{rel}","templated":true}]}}