{"id":2115,"date":"2017-12-30T21:01:45","date_gmt":"2017-12-30T21:01:45","guid":{"rendered":"http:\/\/biblian.is\/biblian\/s%c2%87lmarnir-20-kafli\/"},"modified":"2020-05-30T18:12:34","modified_gmt":"2020-05-30T18:12:34","slug":"salmarnir-20-kafli","status":"publish","type":"page","link":"https:\/\/biblian.is\/biblian\/salmarnir-20-kafli\/","title":{"rendered":"S\u00e1lmarnir 20. kafli"},"content":{"rendered":"<p><a name=\"1\"><span class=\"versanumer_2007\">1<\/span><\/a> Til s\u00f6ngstj\u00f3rans. Dav\u00ed\u00f0ss\u00e1lmur.<br \/> <span class=\"ljodatexti\"> <a name=\"2\"><span class=\"versanumer_ljod\">2<\/span><\/a>Drottinn b\u00e6nheyri \u00feig \u00e1 degi ney\u00f0arinnar,<br \/>nafn Jakobs Gu\u00f0s verndi \u00feig. <span class=\"nedan_mal\" title=\" Jakob merkir \u00cdsrael. Nafn merkir pers\u00f3nuna sj\u00e1lfa og \u00fea\u00f0 sem \u00ed henni b\u00fdr. Nafn Gu\u00f0s er Gu\u00f0 sj\u00e1lfur \u00ed m\u00e6tti s\u00ednum (sj\u00e1 einnig 8. vers).\">[<\/span> <br \/> <\/span> <span class=\"ljodatexti\"> <a name=\"3\"><span class=\"versanumer_ljod\">3<\/span><\/a>Hann sendi \u00fe\u00e9r hj\u00e1lp fr\u00e1 helgid\u00f3minum,<br \/>sty\u00f0ji \u00feig fr\u00e1 S\u00edon.<br \/> <\/span> <span class=\"ljodatexti\"> <a name=\"4\"><span class=\"versanumer_ljod\">4<\/span><\/a>Hann minnist allra kornf\u00f3rna \u00feinna<br \/>og taki brennif\u00f3rn \u00fe\u00edna gilda. (Sela)<br \/> <\/span> <span class=\"ljodatexti\"> <a name=\"5\"><span class=\"versanumer_ljod\">5<\/span><\/a>Hann veiti \u00fe\u00e9r \u00fea\u00f0 sem hjarta \u00feitt \u00fer\u00e1ir,<br \/>l\u00e1ti \u00f6ll \u00e1form \u00fe\u00edn l\u00e1nast.<br \/> <\/span> <span class=\"ljodatexti\"> <a name=\"6\"><span class=\"versanumer_ljod\">6<\/span><\/a>\u00de\u00e1 munum v\u00e9r fagna yfir sigri \u00fe\u00ednum,<br \/>hefja upp f\u00e1nann \u00ed nafni Gu\u00f0s vors.<br \/>Drottinn uppfylli allar \u00f3skir \u00fe\u00ednar.<br \/> <\/span> <span class=\"ljodatexti\"> <a name=\"7\"><span class=\"versanumer_ljod\">7<\/span><\/a>N\u00fa veit \u00e9g a\u00f0 Drottinn veitir hj\u00e1lp s\u00ednum smur\u00f0a,<br \/>b\u00e6nheyrir hann fr\u00e1 s\u00ednum helga himni<br \/>og hj\u00e1lpar me\u00f0 m\u00e1ttugri h\u00e6gri hendi sinni.<br \/> <\/span> <span class=\"ljodatexti\"> <a name=\"8\"><span class=\"versanumer_ljod\">8<\/span><\/a>A\u00f0rir treysta \u00e1 hervagna og hesta<br \/>en v\u00e9r \u00e1k\u00f6llum nafn Drottins, Gu\u00f0s vors.<br \/> <\/span> <span class=\"ljodatexti\"> <a name=\"9\"><span class=\"versanumer_ljod\">9<\/span><\/a>\u00deeir kiknu\u00f0u \u00ed hnj\u00e1num og f\u00e9llu<br \/>en v\u00e9r r\u00edsum og st\u00f6ndum uppr\u00e9ttir.<br \/> <\/span> <span class=\"ljodatexti\"> <a name=\"10\"><span class=\"versanumer_ljod\">10<\/span><\/a>Drottinn, veit konunginum sigur.<br \/>B\u00e6nheyr oss er v\u00e9r hr\u00f3pum. <\/span> <\/p>\n","protected":false},"excerpt":{"rendered":"<p>1 Til s\u00f6ngstj\u00f3rans. Dav\u00ed\u00f0ss\u00e1lmur. 2Drottinn b\u00e6nheyri \u00feig \u00e1 degi ney\u00f0arinnar,nafn Jakobs Gu\u00f0s verndi \u00feig. [ 3Hann sendi \u00fe\u00e9r hj\u00e1lp fr\u00e1 helgid\u00f3minum,sty\u00f0ji \u00feig fr\u00e1 S\u00edon. 4Hann minnist allra kornf\u00f3rna \u00feinnaog taki brennif\u00f3rn \u00fe\u00edna gilda. (Sela) 5Hann veiti \u00fe\u00e9r \u00fea\u00f0 sem hjarta \u00feitt \u00fer\u00e1ir,l\u00e1ti \u00f6ll \u00e1form \u00fe\u00edn l\u00e1nast. 6\u00de\u00e1 munum v\u00e9r fagna yfir sigri \u00fe\u00ednum,hefja upp f\u00e1nann \u00ed nafni Gu\u00f0s vors.Drottinn uppfylli allar \u00f3skir \u00fe\u00ednar. 7N\u00fa veit \u00e9g a\u00f0 Drottinn veitir hj\u00e1lp s\u00ednum smur\u00f0a,b\u00e6nheyrir hann fr\u00e1 s\u00ednum helga himniog hj\u00e1lpar me\u00f0 m\u00e1ttugri h\u00e6gri hendi sinni. 8A\u00f0rir treysta \u00e1 hervagna og hestaen v\u00e9r \u00e1k\u00f6llum nafn Drottins, Gu\u00f0s vors. 9\u00deeir kiknu\u00f0u \u00ed hnj\u00e1num og <a href=\"https:\/\/biblian.is\/biblian\/salmarnir-20-kafli\/\"> [&#8230;]<\/a><\/p>\n","protected":false},"author":1,"featured_media":0,"parent":0,"menu_order":0,"comment_status":"open","ping_status":"open","template":"bibliukaflar_salmarnir.php","meta":{"footnotes":""},"class_list":["post-2115","page","type-page","status-publish","hentry"],"_links":{"self":[{"href":"https:\/\/biblian.is\/biblian\/wp-json\/wp\/v2\/pages\/2115","targetHints":{"allow":["GET"]}}],"collection":[{"href":"https:\/\/biblian.is\/biblian\/wp-json\/wp\/v2\/pages"}],"about":[{"href":"https:\/\/biblian.is\/biblian\/wp-json\/wp\/v2\/types\/page"}],"author":[{"embeddable":true,"href":"https:\/\/biblian.is\/biblian\/wp-json\/wp\/v2\/users\/1"}],"replies":[{"embeddable":true,"href":"https:\/\/biblian.is\/biblian\/wp-json\/wp\/v2\/comments?post=2115"}],"version-history":[{"count":0,"href":"https:\/\/biblian.is\/biblian\/wp-json\/wp\/v2\/pages\/2115\/revisions"}],"wp:attachment":[{"href":"https:\/\/biblian.is\/biblian\/wp-json\/wp\/v2\/media?parent=2115"}],"curies":[{"name":"wp","href":"https:\/\/api.w.org\/{rel}","templated":true}]}}