{"id":2114,"date":"2017-12-30T21:01:45","date_gmt":"2017-12-30T21:01:45","guid":{"rendered":"http:\/\/biblian.is\/biblian\/s%c2%87lmarnir-19-kafli\/"},"modified":"2020-05-30T18:12:33","modified_gmt":"2020-05-30T18:12:33","slug":"salmarnir-19-kafli","status":"publish","type":"page","link":"https:\/\/biblian.is\/biblian\/salmarnir-19-kafli\/","title":{"rendered":"S\u00e1lmarnir 19. kafli"},"content":{"rendered":"<p><a name=\"1\"><span class=\"versanumer_2007\">1<\/span><\/a> Til s\u00f6ngstj\u00f3rans. Dav\u00ed\u00f0ss\u00e1lmur.<br \/> <span class=\"ljodatexti\"> <a name=\"2\"><span class=\"versanumer_ljod\">2<\/span><\/a>Himnarnir segja fr\u00e1 Gu\u00f0s d\u00fdr\u00f0,<br \/>festingin kunngj\u00f6rir verkin hans handa.<br \/> <\/span> <span class=\"ljodatexti\"> <a name=\"3\"><span class=\"versanumer_ljod\">3<\/span><\/a>Hver dagur kennir \u00f6\u00f0rum<br \/>og hver n\u00f3tt bo\u00f0ar annarri speki.<br \/> <\/span> <span class=\"ljodatexti\"> <a name=\"4\"><span class=\"versanumer_ljod\">4<\/span><\/a>Engin r\u00e6\u00f0a, engin or\u00f0,<br \/>ekki heyrist raust \u00feeirra.<br \/> <\/span> <span class=\"ljodatexti\"> <a name=\"5\"><span class=\"versanumer_ljod\">5<\/span><\/a>\u00de\u00f3 berst bo\u00f0skapur \u00feeirra um alla j\u00f6r\u00f0<br \/>og or\u00f0 \u00feeirra n\u00e1 til endimarka heims.<br \/>\u00dear reisti hann r\u00f6\u00f0linum tjald.<br \/> <\/span> <span class=\"ljodatexti\"> <a name=\"6\"><span class=\"versanumer_ljod\">6<\/span><\/a>Hann gengur eins og br\u00fa\u00f0gumi \u00fat \u00far herbergi s\u00ednu,<br \/>hlakkar sem hetja til a\u00f0 renna skei\u00f0 sitt.<br \/> <\/span> <span class=\"ljodatexti\"> <a name=\"7\"><span class=\"versanumer_ljod\">7<\/span><\/a>Vi\u00f0 m\u00f6rk himins rennur hann upp<br \/>og hringfer\u00f0 hans n\u00e6r til enda himins,<br \/>ekkert dylst fyrir geislagl\u00f3\u00f0 hans. <br \/> <\/span> <span class=\"ljodatexti\"> <a name=\"8\"><span class=\"versanumer_ljod\">8<\/span><\/a>L\u00f6gm\u00e1l Drottins er l\u00fdtalaust,<br \/>hressir s\u00e1lina,<br \/>vitnisbur\u00f0ur Drottins er \u00e1rei\u00f0anlegur,<br \/>gerir hinn f\u00e1v\u00edsa vitran.<br \/> <\/span> <span class=\"ljodatexti\"> <a name=\"9\"><span class=\"versanumer_ljod\">9<\/span><\/a>Fyrirm\u00e6li Drottins eru r\u00e9tt,<br \/>gle\u00f0ja hjarta\u00f0.<br \/>Bo\u00f0or\u00f0 Drottins eru sk\u00edr,<br \/>h\u00fdrga augun.<br \/> <\/span> <span class=\"ljodatexti\"> <a name=\"10\"><span class=\"versanumer_ljod\">10<\/span><\/a>\u00d3tti Drottins er hreinn,<br \/>varir a\u00f0 eil\u00edfu.<br \/>\u00c1kv\u00e6\u00f0i Drottins eru sannleikur,<br \/>eru \u00f6ll r\u00e9ttl\u00e1t.<br \/> <\/span> <span class=\"ljodatexti\"> <a name=\"11\"><span class=\"versanumer_ljod\">11<\/span><\/a>\u00deau eru d\u00fdrm\u00e6tari en gull, <br \/>gn\u00f3ttir af sk\u00edragulli<br \/>og s\u00e6tari en hunang,<br \/>hunangseimur.<br \/> <\/span> <span class=\"ljodatexti\"> <a name=\"12\"><span class=\"versanumer_ljod\">12<\/span><\/a>\u00dej\u00f3nn \u00feinn var\u00f0veitir \u00feau af kostg\u00e6fni,<br \/>a\u00f0 halda \u00feau veitir r\u00edkuleg laun.<br \/> <\/span> <span class=\"ljodatexti\"> <a name=\"13\"><span class=\"versanumer_ljod\">13<\/span><\/a>En hver ver\u00f0ur var vi\u00f0 yfirsj\u00f3nir?<br \/>S\u00fdkna mig af leyndum brotum.<br \/> <\/span> <span class=\"ljodatexti\"> <a name=\"14\"><span class=\"versanumer_ljod\">14<\/span><\/a>Var\u00f0veit \u00fej\u00f3n \u00feinn fyrir ofstopam\u00f6nnum,<br \/>l\u00e1t \u00fe\u00e1 eigi drottna yfir m\u00e9r.<br \/>\u00de\u00e1 ver\u00f0 \u00e9g l\u00fdtalaus<br \/>og s\u00fdkna\u00f0ur af mikilli sekt.<br \/> <\/span> <span class=\"ljodatexti\"> <a name=\"15\"><span class=\"versanumer_ljod\">15<\/span><\/a>M\u00e6ttu or\u00f0 m\u00edn vera \u00fe\u00e9r \u00fe\u00f3knanleg<br \/>og hugsanir hjarta m\u00edns koma fram fyrir \u00feig, <br \/>Drottinn, bjarg mitt og frelsari. <\/span> <\/p>\n","protected":false},"excerpt":{"rendered":"<p>1 Til s\u00f6ngstj\u00f3rans. Dav\u00ed\u00f0ss\u00e1lmur. 2Himnarnir segja fr\u00e1 Gu\u00f0s d\u00fdr\u00f0,festingin kunngj\u00f6rir verkin hans handa. 3Hver dagur kennir \u00f6\u00f0rumog hver n\u00f3tt bo\u00f0ar annarri speki. 4Engin r\u00e6\u00f0a, engin or\u00f0,ekki heyrist raust \u00feeirra. 5\u00de\u00f3 berst bo\u00f0skapur \u00feeirra um alla j\u00f6r\u00f0og or\u00f0 \u00feeirra n\u00e1 til endimarka heims.\u00dear reisti hann r\u00f6\u00f0linum tjald. 6Hann gengur eins og br\u00fa\u00f0gumi \u00fat \u00far herbergi s\u00ednu,hlakkar sem hetja til a\u00f0 renna skei\u00f0 sitt. 7Vi\u00f0 m\u00f6rk himins rennur hann uppog hringfer\u00f0 hans n\u00e6r til enda himins,ekkert dylst fyrir geislagl\u00f3\u00f0 hans. 8L\u00f6gm\u00e1l Drottins er l\u00fdtalaust,hressir s\u00e1lina,vitnisbur\u00f0ur Drottins er \u00e1rei\u00f0anlegur,gerir hinn f\u00e1v\u00edsa vitran. 9Fyrirm\u00e6li Drottins eru r\u00e9tt,gle\u00f0ja hjarta\u00f0.Bo\u00f0or\u00f0 Drottins eru sk\u00edr,h\u00fdrga augun. 10\u00d3tti Drottins <a href=\"https:\/\/biblian.is\/biblian\/salmarnir-19-kafli\/\"> [&#8230;]<\/a><\/p>\n","protected":false},"author":1,"featured_media":0,"parent":0,"menu_order":0,"comment_status":"open","ping_status":"open","template":"bibliukaflar_salmarnir.php","meta":{"footnotes":""},"class_list":["post-2114","page","type-page","status-publish","hentry"],"_links":{"self":[{"href":"https:\/\/biblian.is\/biblian\/wp-json\/wp\/v2\/pages\/2114","targetHints":{"allow":["GET"]}}],"collection":[{"href":"https:\/\/biblian.is\/biblian\/wp-json\/wp\/v2\/pages"}],"about":[{"href":"https:\/\/biblian.is\/biblian\/wp-json\/wp\/v2\/types\/page"}],"author":[{"embeddable":true,"href":"https:\/\/biblian.is\/biblian\/wp-json\/wp\/v2\/users\/1"}],"replies":[{"embeddable":true,"href":"https:\/\/biblian.is\/biblian\/wp-json\/wp\/v2\/comments?post=2114"}],"version-history":[{"count":0,"href":"https:\/\/biblian.is\/biblian\/wp-json\/wp\/v2\/pages\/2114\/revisions"}],"wp:attachment":[{"href":"https:\/\/biblian.is\/biblian\/wp-json\/wp\/v2\/media?parent=2114"}],"curies":[{"name":"wp","href":"https:\/\/api.w.org\/{rel}","templated":true}]}}