{"id":2112,"date":"2017-12-30T21:01:45","date_gmt":"2017-12-30T21:01:45","guid":{"rendered":"http:\/\/biblian.is\/biblian\/s%c2%87lmarnir-17-kafli\/"},"modified":"2020-05-30T18:12:33","modified_gmt":"2020-05-30T18:12:33","slug":"salmarnir-17-kafli","status":"publish","type":"page","link":"https:\/\/biblian.is\/biblian\/salmarnir-17-kafli\/","title":{"rendered":"S\u00e1lmarnir 17. kafli"},"content":{"rendered":"<p><a name=\"1\"><span class=\"versanumer_2007\">1<\/span><\/a> B\u00e6n Dav\u00ed\u00f0s.<br \/> <span class=\"ljodatexti\"> Hlusta, Drottinn, \u00e1 \u00fea\u00f0 sem r\u00e9tt er,<br \/>hl\u00fd\u00f0 \u00e1 hr\u00f3p mitt,<br \/>lj\u00e1 eyra b\u00e6n minni <br \/>sem \u00e9g flyt falslausum v\u00f6rum.<br \/> <\/span> <span class=\"ljodatexti\"> <a name=\"2\"><span class=\"versanumer_ljod\">2<\/span><\/a>L\u00e1t r\u00e9tt minn koma fr\u00e1 augliti \u00fe\u00ednu,<br \/>augu \u00fe\u00edn sj\u00e1 hva\u00f0 r\u00e9tt er.<br \/> <\/span> <span class=\"ljodatexti\"> <a name=\"3\"><span class=\"versanumer_ljod\">3<\/span><\/a>\u00de\u00fa pr\u00f3far hjarta mitt, <br \/>rannsakar mig en finnur ekkert illt,<br \/>munnur minn hefur ekki syndga\u00f0.<br \/> <\/span> <span class=\"ljodatexti\"> <a name=\"4\"><span class=\"versanumer_ljod\">4<\/span><\/a>Hva\u00f0 sem mennirnir gera<br \/>held \u00e9g m\u00e9r vi\u00f0 or\u00f0in af v\u00f6rum \u00fe\u00ednum,<br \/>for\u00f0ast vegu l\u00f6gbrj\u00f3ta.<br \/> <\/span> <span class=\"ljodatexti\"> <a name=\"5\"><span class=\"versanumer_ljod\">5<\/span><\/a>Skref m\u00edn eru \u00f6rugg \u00e1 vegum \u00fe\u00ednum,<br \/>m\u00e9r skrikar ekki f\u00f3tur.<br \/> <\/span> <span class=\"ljodatexti\"> <a name=\"6\"><span class=\"versanumer_ljod\">6<\/span><\/a>\u00c9g hr\u00f3pa til \u00fe\u00edn \u00fev\u00ed a\u00f0 \u00fe\u00fa svarar m\u00e9r, Gu\u00f0,<br \/>hneig eyru \u00fe\u00edn til m\u00edn, hl\u00fd\u00f0 \u00e1 or\u00f0 m\u00edn.<br \/> <\/span> <span class=\"ljodatexti\"> <a name=\"7\"><span class=\"versanumer_ljod\">7<\/span><\/a>S\u00fdn undursamlega tr\u00fafesti \u00fe\u00edna,<br \/>\u00fe\u00fa bjargar \u00feeim me\u00f0 h\u00e6gri hendi \u00feinni <br \/>sem leita h\u00e6lis undan ofs\u00e6kjendum s\u00ednum. <br \/> <\/span> <span class=\"ljodatexti\"> <a name=\"8\"><span class=\"versanumer_ljod\">8<\/span><\/a>Var\u00f0veit mig sem sj\u00e1aldur augans,<br \/>fel mig \u00ed skugga v\u00e6ngja \u00feinna<br \/> <\/span> <span class=\"ljodatexti\"> <a name=\"9\"><span class=\"versanumer_ljod\">9<\/span><\/a>fyrir hinum gu\u00f0lausu sem \u00fejaka mig,<br \/>fyrir gr\u00e1\u00f0ugum fjandm\u00f6nnum sem umkringja mig.<br \/> <\/span> <span class=\"ljodatexti\"> <a name=\"10\"><span class=\"versanumer_ljod\">10<\/span><\/a>Hjarta \u00feeirra er forhert, <span class=\"nedan_mal\" title=\" Or\u00f0r\u00e9tt: Hjarta \u00feeirra er loka\u00f0 af fitu.\">[<\/span> <br \/>munnur \u00feeirra m\u00e6lir hrokafull or\u00f0.<br \/> <\/span> <span class=\"ljodatexti\"> <a name=\"11\"><span class=\"versanumer_ljod\">11<\/span><\/a>\u00deeir elta mig uppi, n\u00fa umkringja \u00feeir mig,<br \/>\u00feeir leita f\u00e6ris \u00e1 a\u00f0 varpa m\u00e9r til jar\u00f0ar.<br \/> <\/span> <span class=\"ljodatexti\"> <a name=\"12\"><span class=\"versanumer_ljod\">12<\/span><\/a>\u00deeir l\u00edkjast lj\u00f3ni sem hungrar \u00ed br\u00e1\u00f0,<br \/>ungu lj\u00f3ni sem liggur \u00ed leyni.<br \/> <\/span> <span class=\"ljodatexti\"> <a name=\"13\"><span class=\"versanumer_ljod\">13<\/span><\/a>R\u00eds upp, Drottinn, far gegn \u00f3gu\u00f0legum,<br \/>fell hann, bjarga l\u00edfi m\u00ednu me\u00f0 sver\u00f0i \u00fe\u00ednu.<br \/> <\/span> <span class=\"ljodatexti\"> <a name=\"14\"><span class=\"versanumer_ljod\">14<\/span><\/a>Bjarga m\u00e9r undan m\u00f6nnum me\u00f0 hendi \u00feinni, Drottinn,<br \/>undan m\u00f6nnum sem hafa hloti\u00f0 sinn skerf af heimsins g\u00e6\u00f0um.<br \/>\u00de\u00fa mettar \u00fe\u00e1 sem \u00fe\u00fa verndar,<br \/>se\u00f0ur syni \u00feeirra <br \/>og \u00feeir safna au\u00f0i handa b\u00f6rnum s\u00ednum.<br \/> <\/span> <span class=\"ljodatexti\"> <a name=\"15\"><span class=\"versanumer_ljod\">15<\/span><\/a>\u00c9g mun \u00ed r\u00e9ttl\u00e6ti sko\u00f0a auglit \u00feitt,<br \/>mettast af mynd \u00feinni \u00feegar \u00e9g vakna. <\/span> <\/p>\n","protected":false},"excerpt":{"rendered":"<p>1 B\u00e6n Dav\u00ed\u00f0s. Hlusta, Drottinn, \u00e1 \u00fea\u00f0 sem r\u00e9tt er,hl\u00fd\u00f0 \u00e1 hr\u00f3p mitt,lj\u00e1 eyra b\u00e6n minni sem \u00e9g flyt falslausum v\u00f6rum. 2L\u00e1t r\u00e9tt minn koma fr\u00e1 augliti \u00fe\u00ednu,augu \u00fe\u00edn sj\u00e1 hva\u00f0 r\u00e9tt er. 3\u00de\u00fa pr\u00f3far hjarta mitt, rannsakar mig en finnur ekkert illt,munnur minn hefur ekki syndga\u00f0. 4Hva\u00f0 sem mennirnir geraheld \u00e9g m\u00e9r vi\u00f0 or\u00f0in af v\u00f6rum \u00fe\u00ednum,for\u00f0ast vegu l\u00f6gbrj\u00f3ta. 5Skref m\u00edn eru \u00f6rugg \u00e1 vegum \u00fe\u00ednum,m\u00e9r skrikar ekki f\u00f3tur. 6\u00c9g hr\u00f3pa til \u00fe\u00edn \u00fev\u00ed a\u00f0 \u00fe\u00fa svarar m\u00e9r, Gu\u00f0,hneig eyru \u00fe\u00edn til m\u00edn, hl\u00fd\u00f0 \u00e1 or\u00f0 m\u00edn. 7S\u00fdn undursamlega tr\u00fafesti \u00fe\u00edna,\u00fe\u00fa bjargar \u00feeim me\u00f0 h\u00e6gri hendi \u00feinni sem leita <a href=\"https:\/\/biblian.is\/biblian\/salmarnir-17-kafli\/\"> [&#8230;]<\/a><\/p>\n","protected":false},"author":1,"featured_media":0,"parent":0,"menu_order":0,"comment_status":"open","ping_status":"open","template":"bibliukaflar_salmarnir.php","meta":{"footnotes":""},"class_list":["post-2112","page","type-page","status-publish","hentry"],"_links":{"self":[{"href":"https:\/\/biblian.is\/biblian\/wp-json\/wp\/v2\/pages\/2112","targetHints":{"allow":["GET"]}}],"collection":[{"href":"https:\/\/biblian.is\/biblian\/wp-json\/wp\/v2\/pages"}],"about":[{"href":"https:\/\/biblian.is\/biblian\/wp-json\/wp\/v2\/types\/page"}],"author":[{"embeddable":true,"href":"https:\/\/biblian.is\/biblian\/wp-json\/wp\/v2\/users\/1"}],"replies":[{"embeddable":true,"href":"https:\/\/biblian.is\/biblian\/wp-json\/wp\/v2\/comments?post=2112"}],"version-history":[{"count":0,"href":"https:\/\/biblian.is\/biblian\/wp-json\/wp\/v2\/pages\/2112\/revisions"}],"wp:attachment":[{"href":"https:\/\/biblian.is\/biblian\/wp-json\/wp\/v2\/media?parent=2112"}],"curies":[{"name":"wp","href":"https:\/\/api.w.org\/{rel}","templated":true}]}}