{"id":2111,"date":"2017-12-30T21:01:45","date_gmt":"2017-12-30T21:01:45","guid":{"rendered":"http:\/\/biblian.is\/biblian\/s%c2%87lmarnir-16-kafli\/"},"modified":"2020-05-30T18:12:32","modified_gmt":"2020-05-30T18:12:32","slug":"salmarnir-16-kafli","status":"publish","type":"page","link":"https:\/\/biblian.is\/biblian\/salmarnir-16-kafli\/","title":{"rendered":"S\u00e1lmarnir 16. kafli"},"content":{"rendered":"<p><a name=\"1\"><span class=\"versanumer_2007\">1<\/span><\/a> Dav\u00ed\u00f0smiktam.<span class=\"nedan_mal\" title=\" Merking or\u00f0sins er \u00f3kunn.\">[<\/span> <br \/> <span class=\"ljodatexti\"> Var\u00f0veit mig, Gu\u00f0, \u00fev\u00ed a\u00f0 hj\u00e1 \u00fe\u00e9r leita \u00e9g h\u00e6lis. <br \/> <\/span> <span class=\"ljodatexti\"> <a name=\"2\"><span class=\"versanumer_ljod\">2<\/span><\/a>\u00c9g segi vi\u00f0 Drottin: \u201e\u00de\u00fa ert Drottinn minn,<br \/>\u00e9g \u00e1 engin g\u00e6\u00f0i nema \u00feig.\u201c<br \/> <\/span> <span class=\"ljodatexti\"> <a name=\"3\"><span class=\"versanumer_ljod\">3<\/span><\/a>\u00c1 hinum heil\u00f6gu \u00ed landinu og hinum d\u00fdrlegu<br \/>hef \u00e9g alla vel\u00fe\u00f3knun m\u00edna. <br \/> <\/span> <span class=\"ljodatexti\"> <a name=\"4\"><span class=\"versanumer_ljod\">4<\/span><\/a>Miklar eru \u00fej\u00e1ningar \u00feeirra sem elta a\u00f0ra gu\u00f0i.<br \/>\u00c9g vil ekki dreypa \u00feeirra bl\u00f3\u00f0ugu dreypif\u00f3rnum <br \/>og ekki taka n\u00f6fn \u00feeirra m\u00e9r \u00ed munn.<br \/> <\/span> <span class=\"ljodatexti\"> <a name=\"5\"><span class=\"versanumer_ljod\">5<\/span><\/a>Drottinn, \u00fe\u00fa ert hlutskipti mitt og minn afm\u00e6ldi bikar,<br \/>\u00fe\u00fa heldur uppi hlut m\u00ednum.<br \/> <\/span> <span class=\"ljodatexti\"> <a name=\"6\"><span class=\"versanumer_ljod\">6<\/span><\/a>M\u00e9r f\u00e9llu a\u00f0 erf\u00f0ahlut ind\u00e6lir sta\u00f0ir<br \/>og arfleif\u00f0 m\u00edn l\u00edkar m\u00e9r vel.<br \/> <\/span> <span class=\"ljodatexti\"> <a name=\"7\"><span class=\"versanumer_ljod\">7<\/span><\/a>\u00c9g lofa Drottin sem gefur m\u00e9r r\u00e1\u00f0,<br \/>jafnvel um n\u00e6tur er \u00e9g \u00e1minntur hi\u00f0 innra. <span class=\"nedan_mal\" title=\" Or\u00f0r\u00e9tt: \u00e1minna n\u00fdrun mig.\">[<\/span> <br \/> <\/span> <span class=\"ljodatexti\"> <a name=\"8\"><span class=\"versanumer_ljod\">8<\/span><\/a>\u00c9g hef Drottin \u00e6t\u00ed\u00f0 fyrir augum,<br \/>\u00feegar hann er m\u00e9r til h\u00e6gri handar hn\u00fdt \u00e9g ekki.<br \/> <\/span> <span class=\"ljodatexti\"> <a name=\"9\"><span class=\"versanumer_ljod\">9<\/span><\/a>Fyrir \u00fev\u00ed fagnar hjarta mitt, hugur minn gle\u00f0st<br \/>og l\u00edkami minn hv\u00edlist \u00ed fri\u00f0i<br \/> <\/span> <span class=\"ljodatexti\"> <a name=\"10\"><span class=\"versanumer_ljod\">10<\/span><\/a>\u00fev\u00ed a\u00f0 \u00fe\u00fa ofurselur helju ekki l\u00edf mitt,<br \/>s\u00fdnir ekki gr\u00f6fina \u00feeim sem treystir \u00fe\u00e9r.<br \/> <\/span> <span class=\"ljodatexti\"> <a name=\"11\"><span class=\"versanumer_ljod\">11<\/span><\/a>Kunnan ger\u00f0ir \u00fe\u00fa m\u00e9r veg l\u00edfsins,<br \/>gle\u00f0ign\u00f3tt er fyrir augliti \u00fe\u00ednu,<br \/>yndi \u00ed h\u00e6gri hendi \u00feinni a\u00f0 eil\u00edfu. <\/span> <\/p>\n","protected":false},"excerpt":{"rendered":"<p>1 Dav\u00ed\u00f0smiktam.[ Var\u00f0veit mig, Gu\u00f0, \u00fev\u00ed a\u00f0 hj\u00e1 \u00fe\u00e9r leita \u00e9g h\u00e6lis. 2\u00c9g segi vi\u00f0 Drottin: \u201e\u00de\u00fa ert Drottinn minn,\u00e9g \u00e1 engin g\u00e6\u00f0i nema \u00feig.\u201c 3\u00c1 hinum heil\u00f6gu \u00ed landinu og hinum d\u00fdrleguhef \u00e9g alla vel\u00fe\u00f3knun m\u00edna. 4Miklar eru \u00fej\u00e1ningar \u00feeirra sem elta a\u00f0ra gu\u00f0i.\u00c9g vil ekki dreypa \u00feeirra bl\u00f3\u00f0ugu dreypif\u00f3rnum og ekki taka n\u00f6fn \u00feeirra m\u00e9r \u00ed munn. 5Drottinn, \u00fe\u00fa ert hlutskipti mitt og minn afm\u00e6ldi bikar,\u00fe\u00fa heldur uppi hlut m\u00ednum. 6M\u00e9r f\u00e9llu a\u00f0 erf\u00f0ahlut ind\u00e6lir sta\u00f0irog arfleif\u00f0 m\u00edn l\u00edkar m\u00e9r vel. 7\u00c9g lofa Drottin sem gefur m\u00e9r r\u00e1\u00f0,jafnvel um n\u00e6tur er \u00e9g \u00e1minntur hi\u00f0 innra. [ 8\u00c9g hef <a href=\"https:\/\/biblian.is\/biblian\/salmarnir-16-kafli\/\"> [&#8230;]<\/a><\/p>\n","protected":false},"author":1,"featured_media":0,"parent":0,"menu_order":0,"comment_status":"open","ping_status":"open","template":"bibliukaflar_salmarnir.php","meta":{"footnotes":""},"class_list":["post-2111","page","type-page","status-publish","hentry"],"_links":{"self":[{"href":"https:\/\/biblian.is\/biblian\/wp-json\/wp\/v2\/pages\/2111","targetHints":{"allow":["GET"]}}],"collection":[{"href":"https:\/\/biblian.is\/biblian\/wp-json\/wp\/v2\/pages"}],"about":[{"href":"https:\/\/biblian.is\/biblian\/wp-json\/wp\/v2\/types\/page"}],"author":[{"embeddable":true,"href":"https:\/\/biblian.is\/biblian\/wp-json\/wp\/v2\/users\/1"}],"replies":[{"embeddable":true,"href":"https:\/\/biblian.is\/biblian\/wp-json\/wp\/v2\/comments?post=2111"}],"version-history":[{"count":0,"href":"https:\/\/biblian.is\/biblian\/wp-json\/wp\/v2\/pages\/2111\/revisions"}],"wp:attachment":[{"href":"https:\/\/biblian.is\/biblian\/wp-json\/wp\/v2\/media?parent=2111"}],"curies":[{"name":"wp","href":"https:\/\/api.w.org\/{rel}","templated":true}]}}