{"id":2110,"date":"2017-12-30T21:01:45","date_gmt":"2017-12-30T21:01:45","guid":{"rendered":"http:\/\/biblian.is\/biblian\/s%c2%87lmarnir-15-kafli\/"},"modified":"2020-05-30T18:12:32","modified_gmt":"2020-05-30T18:12:32","slug":"salmarnir-15-kafli","status":"publish","type":"page","link":"https:\/\/biblian.is\/biblian\/salmarnir-15-kafli\/","title":{"rendered":"S\u00e1lmarnir 15. kafli"},"content":{"rendered":"<p><a name=\"1\"><span class=\"versanumer_2007\">1<\/span><\/a> Dav\u00ed\u00f0ss\u00e1lmur.<br \/> <span class=\"ljodatexti\"> Drottinn, hver f\u00e6r a\u00f0 leita h\u00e6lis \u00ed tjaldi \u00fe\u00ednu, <br \/>hver m\u00e1 dveljast \u00e1 \u00fe\u00ednu heilaga fjalli?<br \/> <\/span> <span class=\"ljodatexti\"> <a name=\"2\"><span class=\"versanumer_ljod\">2<\/span><\/a>S\u00e1 sem gengur \u00ed flekkleysi<br \/>og \u00e1stundar r\u00e9ttl\u00e6ti<br \/>og talar sannleik af hjarta,<br \/> <\/span> <span class=\"ljodatexti\"> <a name=\"3\"><span class=\"versanumer_ljod\">3<\/span><\/a>s\u00e1 sem ekki ber \u00fat r\u00f3g me\u00f0 tungu sinni,<br \/>gerir n\u00e1unga s\u00ednum ekki illt<br \/>og lei\u00f0ir ekki sk\u00f6mm yfir n\u00e1granna sinn,<br \/> <\/span> <span class=\"ljodatexti\"> <a name=\"4\"><span class=\"versanumer_ljod\">4<\/span><\/a>s\u00e1 sem fyrirl\u00edtur \u00feann sem illa breytir<br \/>en hei\u00f0rar \u00fe\u00e1 sem \u00f3ttast Drottin,<br \/>s\u00e1 sem heldur ei\u00f0a s\u00edna<br \/>\u00fe\u00f3tt \u00fea\u00f0 s\u00e9 honum til tj\u00f3ns,<br \/> <\/span> <span class=\"ljodatexti\"> <a name=\"5\"><span class=\"versanumer_ljod\">5<\/span><\/a>s\u00e1 sem ekki l\u00e1nar f\u00e9 sitt gegn v\u00f6xtum<br \/>og \u00feiggur ekki m\u00fatur \u00ed m\u00e1li gegn saklausum.<br \/>S\u00e1 sem \u00feetta gerir<br \/>er \u00f3hultur a\u00f0 eil\u00edfu. <\/span> <\/p>\n","protected":false},"excerpt":{"rendered":"<p>1 Dav\u00ed\u00f0ss\u00e1lmur. Drottinn, hver f\u00e6r a\u00f0 leita h\u00e6lis \u00ed tjaldi \u00fe\u00ednu, hver m\u00e1 dveljast \u00e1 \u00fe\u00ednu heilaga fjalli? 2S\u00e1 sem gengur \u00ed flekkleysiog \u00e1stundar r\u00e9ttl\u00e6tiog talar sannleik af hjarta, 3s\u00e1 sem ekki ber \u00fat r\u00f3g me\u00f0 tungu sinni,gerir n\u00e1unga s\u00ednum ekki illtog lei\u00f0ir ekki sk\u00f6mm yfir n\u00e1granna sinn, 4s\u00e1 sem fyrirl\u00edtur \u00feann sem illa breytiren hei\u00f0rar \u00fe\u00e1 sem \u00f3ttast Drottin,s\u00e1 sem heldur ei\u00f0a s\u00edna\u00fe\u00f3tt \u00fea\u00f0 s\u00e9 honum til tj\u00f3ns, 5s\u00e1 sem ekki l\u00e1nar f\u00e9 sitt gegn v\u00f6xtumog \u00feiggur ekki m\u00fatur \u00ed m\u00e1li gegn saklausum.S\u00e1 sem \u00feetta gerirer \u00f3hultur a\u00f0 eil\u00edfu.<\/p>\n","protected":false},"author":1,"featured_media":0,"parent":0,"menu_order":0,"comment_status":"open","ping_status":"open","template":"bibliukaflar_salmarnir.php","meta":{"footnotes":""},"class_list":["post-2110","page","type-page","status-publish","hentry"],"_links":{"self":[{"href":"https:\/\/biblian.is\/biblian\/wp-json\/wp\/v2\/pages\/2110","targetHints":{"allow":["GET"]}}],"collection":[{"href":"https:\/\/biblian.is\/biblian\/wp-json\/wp\/v2\/pages"}],"about":[{"href":"https:\/\/biblian.is\/biblian\/wp-json\/wp\/v2\/types\/page"}],"author":[{"embeddable":true,"href":"https:\/\/biblian.is\/biblian\/wp-json\/wp\/v2\/users\/1"}],"replies":[{"embeddable":true,"href":"https:\/\/biblian.is\/biblian\/wp-json\/wp\/v2\/comments?post=2110"}],"version-history":[{"count":0,"href":"https:\/\/biblian.is\/biblian\/wp-json\/wp\/v2\/pages\/2110\/revisions"}],"wp:attachment":[{"href":"https:\/\/biblian.is\/biblian\/wp-json\/wp\/v2\/media?parent=2110"}],"curies":[{"name":"wp","href":"https:\/\/api.w.org\/{rel}","templated":true}]}}