{"id":2109,"date":"2017-12-30T21:01:45","date_gmt":"2017-12-30T21:01:45","guid":{"rendered":"http:\/\/biblian.is\/biblian\/s%c2%87lmarnir-14-kafli\/"},"modified":"2020-05-30T18:12:30","modified_gmt":"2020-05-30T18:12:30","slug":"salmarnir-14-kafli","status":"publish","type":"page","link":"https:\/\/biblian.is\/biblian\/salmarnir-14-kafli\/","title":{"rendered":"S\u00e1lmarnir 14. kafli"},"content":{"rendered":"<p><a name=\"1\"><span class=\"versanumer_2007\">1<\/span><\/a> Til s\u00f6ngstj\u00f3rans. Dav\u00ed\u00f0ss\u00e1lmur.<br \/> <span class=\"ljodatexti\"> Heimskinginn segir \u00ed hjarta s\u00ednu:<br \/>\u201eEnginn Gu\u00f0.\u201c<br \/>Ill og andstyggileg er breytni \u00feeirra,<br \/>enginn gerir \u00fea\u00f0 sem gott er.<br \/> <\/span> <span class=\"ljodatexti\"> <a name=\"2\"><span class=\"versanumer_ljod\">2<\/span><\/a>Drottinn horfir \u00e1 mennina<br \/>af himnum ofan<br \/>til \u00feess a\u00f0 sj\u00e1 hvort nokkur s\u00e9 hygginn,<br \/>nokkur sem leiti Gu\u00f0s.<br \/> <\/span> <span class=\"ljodatexti\"> <a name=\"3\"><span class=\"versanumer_ljod\">3<\/span><\/a>Allir hafa \u00feeir viki\u00f0 af lei\u00f0,<br \/>allir eru spilltir,<br \/>enginn gerir \u00fea\u00f0 sem gott er, ekki neinn.<br \/> <\/span> <span class=\"ljodatexti\"> <a name=\"4\"><span class=\"versanumer_ljod\">4<\/span><\/a>Skilja \u00feeir \u00fe\u00e1 ekkert, \u00feessir illvirkjar?<br \/>\u00deeir se\u00f0ja sig \u00e1 l\u00fd\u00f0 m\u00ednum, eta hann sem brau\u00f0 <br \/>og \u00e1kalla ekki Drottin.<br \/> <\/span> <span class=\"ljodatexti\"> <a name=\"5\"><span class=\"versanumer_ljod\">5<\/span><\/a>S\u00ed\u00f0an skj\u00e1lfa \u00feeir af hr\u00e6\u00f0slu<br \/>\u00fev\u00ed a\u00f0 Gu\u00f0 er me\u00f0 r\u00e9ttl\u00e1tum.<br \/> <\/span> <span class=\"ljodatexti\"> <a name=\"6\"><span class=\"versanumer_ljod\">6<\/span><\/a>\u00de\u00e9r geri\u00f0 \u00e1form hins snau\u00f0a a\u00f0 engu<br \/>en Drottinn er honum athvarf.<br \/> <\/span> <span class=\"ljodatexti\"> <a name=\"7\"><span class=\"versanumer_ljod\">7<\/span><\/a>\u00d3, a\u00f0 \u00cdsrael berist hj\u00e1lp fr\u00e1 S\u00edon.<br \/>\u00deegar Drottinn sn\u00fdr vi\u00f0 hag l\u00fd\u00f0s s\u00edns<br \/>mun Jakob fagna, \u00cdsrael gle\u00f0jast. <\/span> <\/p>\n","protected":false},"excerpt":{"rendered":"<p>1 Til s\u00f6ngstj\u00f3rans. Dav\u00ed\u00f0ss\u00e1lmur. Heimskinginn segir \u00ed hjarta s\u00ednu:\u201eEnginn Gu\u00f0.\u201cIll og andstyggileg er breytni \u00feeirra,enginn gerir \u00fea\u00f0 sem gott er. 2Drottinn horfir \u00e1 menninaaf himnum ofantil \u00feess a\u00f0 sj\u00e1 hvort nokkur s\u00e9 hygginn,nokkur sem leiti Gu\u00f0s. 3Allir hafa \u00feeir viki\u00f0 af lei\u00f0,allir eru spilltir,enginn gerir \u00fea\u00f0 sem gott er, ekki neinn. 4Skilja \u00feeir \u00fe\u00e1 ekkert, \u00feessir illvirkjar?\u00deeir se\u00f0ja sig \u00e1 l\u00fd\u00f0 m\u00ednum, eta hann sem brau\u00f0 og \u00e1kalla ekki Drottin. 5S\u00ed\u00f0an skj\u00e1lfa \u00feeir af hr\u00e6\u00f0slu\u00fev\u00ed a\u00f0 Gu\u00f0 er me\u00f0 r\u00e9ttl\u00e1tum. 6\u00de\u00e9r geri\u00f0 \u00e1form hins snau\u00f0a a\u00f0 enguen Drottinn er honum athvarf. 7\u00d3, a\u00f0 \u00cdsrael berist hj\u00e1lp fr\u00e1 S\u00edon.\u00deegar Drottinn sn\u00fdr <a href=\"https:\/\/biblian.is\/biblian\/salmarnir-14-kafli\/\"> [&#8230;]<\/a><\/p>\n","protected":false},"author":1,"featured_media":0,"parent":0,"menu_order":0,"comment_status":"open","ping_status":"open","template":"bibliukaflar_salmarnir.php","meta":{"footnotes":""},"class_list":["post-2109","page","type-page","status-publish","hentry"],"_links":{"self":[{"href":"https:\/\/biblian.is\/biblian\/wp-json\/wp\/v2\/pages\/2109","targetHints":{"allow":["GET"]}}],"collection":[{"href":"https:\/\/biblian.is\/biblian\/wp-json\/wp\/v2\/pages"}],"about":[{"href":"https:\/\/biblian.is\/biblian\/wp-json\/wp\/v2\/types\/page"}],"author":[{"embeddable":true,"href":"https:\/\/biblian.is\/biblian\/wp-json\/wp\/v2\/users\/1"}],"replies":[{"embeddable":true,"href":"https:\/\/biblian.is\/biblian\/wp-json\/wp\/v2\/comments?post=2109"}],"version-history":[{"count":0,"href":"https:\/\/biblian.is\/biblian\/wp-json\/wp\/v2\/pages\/2109\/revisions"}],"wp:attachment":[{"href":"https:\/\/biblian.is\/biblian\/wp-json\/wp\/v2\/media?parent=2109"}],"curies":[{"name":"wp","href":"https:\/\/api.w.org\/{rel}","templated":true}]}}